{"id":68255880,"date":"2021-09-25T15:48:10","date_gmt":"2021-09-25T13:48:10","guid":{"rendered":"https:\/\/kraftwerk-gruppe.de\/?post_type=product&#038;p=68255880"},"modified":"2026-02-15T00:50:27","modified_gmt":"2026-02-14T23:50:27","slug":"tarcze-hamulcowe-ebc-premium-gd7519","status":"publish","type":"product","link":"https:\/\/kraftwerk-shop.cc\/pl\/produkt\/ebc-premium-bremsscheiben-gd7519\/","title":{"rendered":"Sportowe tarcze hamulcowe EBC Turbo Groove GD7519"},"content":{"rendered":"<h1>Tarcze hamulcowe EBC Turbo Groove do Chevrolet Camaro SS LS3 i L99 od 2010 do 2015 (tylna o\u015b)<\/h1>\n<p>&nbsp;<\/p>\n<p>Powierzchnia cierna sportowej tarczy hamulcowej Turbo Groove jest rowkowana i nacinana.<\/p>\n<p>Szczeliny w tych tarczach hamulcowych s\u0105 frezowane a\u017c do zewn\u0119trznej kraw\u0119dzi.<br \/>\nGwarantuje to, \u017ce gazy hamulcowe, \u015bcieranie, brud i woda mog\u0105 by\u0107 prawie ca\u0142kowicie usuni\u0119te z powierzchni ciernej tarcz hamulcowych.<\/p>\n<p>Co wi\u0119cej, \"ch\u0142odniejsze\" powietrze jest dostarczane przez szczeliny, aby optymalnie przeciwdzia\u0142a\u0107 przegrzaniu klock\u00f3w hamulcowych i tarcz hamulcowych.<\/p>\n<p>Dodatkowe \u017c\u0142obienia na bie\u017cnikach znacznie poprawiaj\u0105 t\u0119 w\u0142a\u015bciwo\u015b\u0107.<br \/>\nZapewnia to wszystkie zalety nawiercanej sportowej tarczy hamulcowej, ale bez ryzyka dobrze znanych p\u0119kni\u0119\u0107 termicznych zwi\u0105zanych z w pe\u0142ni nawierconymi tarczami hamulcowymi.<\/p>\n<p>Dzi\u0119ki naci\u0119ciom klocki hamulcowe zu\u017cywaj\u0105 si\u0119 r\u00f3wnomiernie i r\u00f3wnolegle przez ca\u0142y okres eksploatacji.<\/p>\n<p>Czarna pow\u0142oka proszkowa tarcz Black Dash zapewnia najlepsz\u0105 mo\u017cliw\u0105 ochron\u0119 przed korozj\u0105 i jest szczeg\u00f3lnie odpowiednia dla pojazd\u00f3w z otwart\u0105 konstrukcj\u0105 obr\u0119czy.<\/p>\n<p>&nbsp;<\/p>\n<p><strong>Zalety i wady w skr\u00f3cie:<\/strong><\/p>\n<p>+ Najlepsze mo\u017cliwe ch\u0142odzenie dzi\u0119ki rowkom i szczelinom<br \/>\n+ Najlepsze mo\u017cliwe usuwanie gaz\u00f3w, brudu, wody itp.<br \/>\n+ Ochrona przed korozj\u0105 dzi\u0119ki z\u0142otej pow\u0142oce<br \/>\n+ Brak ryzyka p\u0119kni\u0119\u0107 termicznych, poniewa\u017c nie jest przewiercony na wylot<br \/>\n+ R\u00f3wnomierne zu\u017cycie klock\u00f3w hamulcowych przez ca\u0142y okres eksploatacji<\/p>\n<p>- Wy\u017cszy poziom ha\u0142asu ni\u017c w przypadku tarcz hamulcowych Black Dash<\/p>\n<p>&nbsp;<\/p>\n<p><strong>Cechy produktu:<\/strong><\/p>\n<p>365x28mm \/ wysoko\u015b\u0107: 48mm \/ liczba otwor\u00f3w: 5 \/ okr\u0105g \u015bruby: 120mm \/ wentylowany \/ zamontowany: ty\u0142<br \/>\nAutoryzacja: w przygotowaniu<\/p>\n<p>Numer OE (tylko do cel\u00f3w por\u00f3wnawczych): 25851166, 92223366, 92245929<\/p>\n<p>&nbsp;<\/p>\n<p><strong>Odpowiedni dla:<br \/>\n<\/strong><\/p>\n<table width=\"0\">\n<tbody>\n<tr>\n<td width=\"66\">Chevrolet<\/td>\n<td width=\"100\">Camaro<\/td>\n<td width=\"163\">6.2 L99 (405 KM)<\/td>\n<\/tr>\n<tr>\n<td width=\"66\">Chevrolet<\/td>\n<td width=\"100\">Camaro<\/td>\n<td width=\"163\">6.2 LS3 (432 KM)<\/td>\n<\/tr>\n<\/tbody>\n<\/table>\n<p><strong><br \/>\nZakres dostawy: <\/strong><\/p>\n<p>- 2 tarcze hamulcowe EBC Turbo Groove (GD7519) na tyln\u0105 o\u015b<\/p>","protected":false},"excerpt":{"rendered":"<p>Tarcze hamulcowe EBC Turbo Groove do Chevrolet Camaro SS LS3 i L99 od 2010 do 2015 (tylna o\u015b) Powierzchnia cierna tarcz hamulcowych to<\/p>","protected":false},"featured_media":68274104,"comment_status":"open","ping_status":"closed","template":"","meta":{"_acf_changed":false},"product_brand":[16875],"product_cat":[2680],"product_tag":[2086,2087,2088,795,796,191,189,190,964,2442,16877,16876,16878,692,2118,942,2111,941,798,799,36,192,193,797,2110,216,673],"class_list":{"0":"post-68255880","1":"product","2":"type-product","3":"status-publish","4":"has-post-thumbnail","6":"product_brand-ebc-brakes","7":"product_cat-camaro-62-2010-2015-bremsen-hinten","8":"product_tag-2086","9":"product_tag-2087","10":"product_tag-2088","11":"product_tag-bremse","12":"product_tag-bremsscheibe","13":"product_tag-camaro","14":"product_tag-chevrolet","15":"product_tag-chevy","16":"product_tag-ebc","17":"product_tag-ebc-brakes","18":"product_tag-ebc-bremsbelaege","19":"product_tag-ebc-bremsen","20":"product_tag-ebc-bremsscheiben","21":"product_tag-ersatzteil","22":"product_tag-gd7519","23":"product_tag-gelocht","24":"product_tag-genutet","25":"product_tag-geschlitzt","26":"product_tag-hinten","27":"product_tag-hinterachse","28":"product_tag-kraftwerk","29":"product_tag-l99","30":"product_tag-ls3","31":"product_tag-sportbremsscheibe","32":"product_tag-turbo-groove","33":"product_tag-upgrade","34":"product_tag-zubehoer","36":"first","37":"onbackorder","38":"taxable","39":"shipping-taxable","40":"purchasable","41":"product-type-simple"},"bundled_by":[],"bundle_stock_status":"onbackorder","bundle_stock_quantity":0,"bundle_virtual":false,"bundle_layout":"","bundle_add_to_cart_form_location":"","bundle_editable_in_cart":false,"bundle_sold_individually_context":"","bundle_item_grouping":"","bundle_min_size":"","bundle_max_size":"","bundle_price":[],"bundled_items":[],"bundle_sell_ids":[],"exclude_global_add_ons":[],"addons":[],"acf":[],"_links":{"self":[{"href":"https:\/\/kraftwerk-shop.cc\/pl\/wp-json\/wp\/v2\/product\/68255880","targetHints":{"allow":["GET"]}}],"collection":[{"href":"https:\/\/kraftwerk-shop.cc\/pl\/wp-json\/wp\/v2\/product"}],"about":[{"href":"https:\/\/kraftwerk-shop.cc\/pl\/wp-json\/wp\/v2\/types\/product"}],"replies":[{"embeddable":true,"href":"https:\/\/kraftwerk-shop.cc\/pl\/wp-json\/wp\/v2\/comments?post=68255880"}],"version-history":[{"count":0,"href":"https:\/\/kraftwerk-shop.cc\/pl\/wp-json\/wp\/v2\/product\/68255880\/revisions"}],"wp:featuredmedia":[{"embeddable":true,"href":"https:\/\/kraftwerk-shop.cc\/pl\/wp-json\/wp\/v2\/media\/68274104"}],"wp:attachment":[{"href":"https:\/\/kraftwerk-shop.cc\/pl\/wp-json\/wp\/v2\/media?parent=68255880"}],"wp:term":[{"taxonomy":"product_brand","embeddable":true,"href":"https:\/\/kraftwerk-shop.cc\/pl\/wp-json\/wp\/v2\/product_brand?post=68255880"},{"taxonomy":"product_cat","embeddable":true,"href":"https:\/\/kraftwerk-shop.cc\/pl\/wp-json\/wp\/v2\/product_cat?post=68255880"},{"taxonomy":"product_tag","embeddable":true,"href":"https:\/\/kraftwerk-shop.cc\/pl\/wp-json\/wp\/v2\/product_tag?post=68255880"}],"curies":[{"name":"wp","href":"https:\/\/api.w.org\/{rel}","templated":true}]}}