{"id":68255882,"date":"2021-09-25T15:48:16","date_gmt":"2021-09-25T13:48:16","guid":{"rendered":"https:\/\/kraftwerk-gruppe.de\/?post_type=product&#038;p=68255882"},"modified":"2026-02-15T00:53:32","modified_gmt":"2026-02-14T23:53:32","slug":"tarcze-hamulcowe-ebc-premium-gd7556","status":"publish","type":"product","link":"https:\/\/kraftwerk-shop.cc\/pl\/produkt\/ebc-premium-bremsscheiben-gd7556\/","title":{"rendered":"Sportowe tarcze hamulcowe EBC Turbo Groove GD7556"},"content":{"rendered":"<h1>Tarcze hamulcowe EBC Turbo Groove do Dodge Durango 3.6, 5.7 i Jeep Grand Cherokee 3.0 MultiJet, 3.6 i 5.7 od 2011 (o\u015b przednia)<\/h1>\n<p>&nbsp;<\/p>\n<p>Powierzchnia cierna sportowej tarczy hamulcowej Turbo Groove jest rowkowana i nacinana.<\/p>\n<p>Szczeliny w tych tarczach hamulcowych s\u0105 frezowane a\u017c do zewn\u0119trznej kraw\u0119dzi.<br \/>\nGwarantuje to, \u017ce gazy hamulcowe, \u015bcieranie, brud i woda mog\u0105 by\u0107 prawie ca\u0142kowicie usuni\u0119te z powierzchni ciernej tarcz hamulcowych.<\/p>\n<p>Co wi\u0119cej, \"ch\u0142odniejsze\" powietrze jest dostarczane przez szczeliny, aby optymalnie przeciwdzia\u0142a\u0107 przegrzaniu klock\u00f3w hamulcowych i tarcz hamulcowych.<\/p>\n<p>Dodatkowe \u017c\u0142obienia na bie\u017cnikach znacznie poprawiaj\u0105 t\u0119 w\u0142a\u015bciwo\u015b\u0107.<br \/>\nZapewnia to wszystkie zalety nawiercanej sportowej tarczy hamulcowej, ale bez ryzyka dobrze znanych p\u0119kni\u0119\u0107 termicznych zwi\u0105zanych z w pe\u0142ni nawierconymi tarczami hamulcowymi.<\/p>\n<p>Dzi\u0119ki naci\u0119ciom klocki hamulcowe zu\u017cywaj\u0105 si\u0119 r\u00f3wnomiernie i r\u00f3wnolegle przez ca\u0142y okres eksploatacji.<\/p>\n<p>Czarna pow\u0142oka proszkowa tarcz Black Dash zapewnia najlepsz\u0105 mo\u017cliw\u0105 ochron\u0119 przed korozj\u0105 i jest szczeg\u00f3lnie odpowiednia dla pojazd\u00f3w z otwart\u0105 konstrukcj\u0105 obr\u0119czy.<\/p>\n<p>&nbsp;<\/p>\n<p><strong>Zalety i wady w skr\u00f3cie:<\/strong><\/p>\n<p>+ Najlepsze mo\u017cliwe ch\u0142odzenie dzi\u0119ki rowkom i szczelinom<br \/>\n+ Najlepsze mo\u017cliwe usuwanie gaz\u00f3w, brudu, wody itp.<br \/>\n+ Ochrona przed korozj\u0105 dzi\u0119ki z\u0142otej pow\u0142oce<br \/>\n+ Brak ryzyka p\u0119kni\u0119\u0107 termicznych, poniewa\u017c nie jest przewiercony na wylot<br \/>\n+ R\u00f3wnomierne zu\u017cycie klock\u00f3w hamulcowych przez ca\u0142y okres eksploatacji<\/p>\n<p>- Wy\u017cszy poziom ha\u0142asu ni\u017c w przypadku tarcz hamulcowych Black Dash<\/p>\n<p>&nbsp;<\/p>\n<p><strong>Cechy produktu:<\/strong><\/p>\n<p>350x32mm \/ wysoko\u015b\u0107: 54.5mm \/ liczba otwor\u00f3w: 5 \/ okr\u0105g \u015bruby: 127mm \/ wentylowany \/ zamontowany: prz\u00f3d<strong><br \/>\n<\/strong>Autoryzacja: tak<\/p>\n<p>Numer OE (tylko do cel\u00f3w por\u00f3wnawczych):  68035012AA, 68035012AB, 68035012AC, 68035012AD, 68035012AE, 4755569AA<\/p>\n<p>&nbsp;<\/p>\n<p><strong>Odpowiedni dla:<br \/>\n<\/strong><\/p>\n<table width=\"0\">\n<tbody>\n<tr>\n<td width=\"64\">Dodge<\/td>\n<td width=\"117\">Durango<\/td>\n<td width=\"147\">3.6, 5.7<\/td>\n<td width=\"208\">2011\u20132025<\/td>\n<\/tr>\n<tr>\n<td width=\"64\">Jeep<\/td>\n<td width=\"117\">Grand Cherokee<\/td>\n<td width=\"147\">3.0 MultiJet, 3.6, 5.7<\/td>\n<td width=\"208\">2011\u20132021<\/td>\n<\/tr>\n<\/tbody>\n<\/table>\n<p><strong><br \/>\nZakres dostawy: <\/strong><\/p>\n<p>- 2 tarcze hamulcowe EBC Turbo Groove (GD7556) na przedni\u0105 o\u015b<\/p>","protected":false},"excerpt":{"rendered":"<p>2011\u20132023<\/p>","protected":false},"featured_media":68274102,"comment_status":"open","ping_status":"closed","template":"","meta":{"_acf_changed":false},"product_brand":[16875],"product_cat":[17918,17922,17938,17943,17953],"product_tag":[18184,572,169,2096,91,2091,2092,2093,2094,2095,795,796,49,95,964,2442,16877,16876,16878,692,2120,942,2111,941,56,126,50,4425,36,877,797,2110,216,842,841,673],"class_list":{"0":"post-68255882","1":"product","2":"type-product","3":"status-publish","4":"has-post-thumbnail","6":"product_brand-ebc-brakes","7":"product_cat-durango-36-bremsscheiben-vorne","8":"product_cat-durango-57-bremsscheiben-vorne","9":"product_cat-grand-cherokee-30-diesel-bremsscheiben-vorne","10":"product_cat-grand-cherokee-36-bremsscheiben-vorne","11":"product_cat-grand-cherokee-57-2011-2021-bremsscheiben-vorne","12":"product_tag-04755569aa","13":"product_tag-3-0-crd","14":"product_tag-3-6","15":"product_tag-4755569aa","16":"product_tag-5-7","17":"product_tag-68035012aa","18":"product_tag-68035012ab","19":"product_tag-68035012ac","20":"product_tag-68035012ad","21":"product_tag-68035012ae","22":"product_tag-bremse","23":"product_tag-bremsscheibe","24":"product_tag-dodge","25":"product_tag-durango","26":"product_tag-ebc","27":"product_tag-ebc-brakes","28":"product_tag-ebc-bremsbelaege","29":"product_tag-ebc-bremsen","30":"product_tag-ebc-bremsscheiben","31":"product_tag-ersatzteil","32":"product_tag-gd7556","33":"product_tag-gelocht","34":"product_tag-genutet","35":"product_tag-geschlitzt","36":"product_tag-grand-cherokee","37":"product_tag-hemi","38":"product_tag-jeep","39":"product_tag-jeep-grand-cherokee","40":"product_tag-kraftwerk","41":"product_tag-multijet","42":"product_tag-sportbremsscheibe","43":"product_tag-turbo-groove","44":"product_tag-upgrade","45":"product_tag-vorderachse","46":"product_tag-vorne","47":"product_tag-zubehoer","48":"product_shipping_class-deutschlandohne","50":"first","51":"onbackorder","52":"taxable","53":"shipping-taxable","54":"purchasable","55":"product-type-simple"},"bundled_by":[],"bundle_stock_status":"onbackorder","bundle_stock_quantity":0,"bundle_virtual":false,"bundle_layout":"","bundle_add_to_cart_form_location":"","bundle_editable_in_cart":false,"bundle_sold_individually_context":"","bundle_item_grouping":"","bundle_min_size":"","bundle_max_size":"","bundle_price":[],"bundled_items":[],"bundle_sell_ids":[],"exclude_global_add_ons":[],"addons":[],"acf":[],"_links":{"self":[{"href":"https:\/\/kraftwerk-shop.cc\/pl\/wp-json\/wp\/v2\/product\/68255882","targetHints":{"allow":["GET"]}}],"collection":[{"href":"https:\/\/kraftwerk-shop.cc\/pl\/wp-json\/wp\/v2\/product"}],"about":[{"href":"https:\/\/kraftwerk-shop.cc\/pl\/wp-json\/wp\/v2\/types\/product"}],"replies":[{"embeddable":true,"href":"https:\/\/kraftwerk-shop.cc\/pl\/wp-json\/wp\/v2\/comments?post=68255882"}],"version-history":[{"count":0,"href":"https:\/\/kraftwerk-shop.cc\/pl\/wp-json\/wp\/v2\/product\/68255882\/revisions"}],"wp:featuredmedia":[{"embeddable":true,"href":"https:\/\/kraftwerk-shop.cc\/pl\/wp-json\/wp\/v2\/media\/68274102"}],"wp:attachment":[{"href":"https:\/\/kraftwerk-shop.cc\/pl\/wp-json\/wp\/v2\/media?parent=68255882"}],"wp:term":[{"taxonomy":"product_brand","embeddable":true,"href":"https:\/\/kraftwerk-shop.cc\/pl\/wp-json\/wp\/v2\/product_brand?post=68255882"},{"taxonomy":"product_cat","embeddable":true,"href":"https:\/\/kraftwerk-shop.cc\/pl\/wp-json\/wp\/v2\/product_cat?post=68255882"},{"taxonomy":"product_tag","embeddable":true,"href":"https:\/\/kraftwerk-shop.cc\/pl\/wp-json\/wp\/v2\/product_tag?post=68255882"}],"curies":[{"name":"wp","href":"https:\/\/api.w.org\/{rel}","templated":true}]}}