{"id":68255918,"date":"2021-09-25T17:43:48","date_gmt":"2021-09-25T15:43:48","guid":{"rendered":"https:\/\/kraftwerk-gruppe.de\/?post_type=product&#038;p=68255918"},"modified":"2026-04-17T00:44:24","modified_gmt":"2026-04-16T22:44:24","slug":"sportowe-tarcze-hamulcowe-ebc-usr7365","status":"publish","type":"product","link":"https:\/\/kraftwerk-shop.cc\/pl\/produkt\/ebc-slotted-disc-sportbremsscheiben-usr7365\/","title":{"rendered":"Szczelinowe sportowe tarcze hamulcowe EBC USR7365"},"content":{"rendered":"<h1>Tarcze hamulcowe EBC Slotted Disc do Chrysler, 300C, Dodge, Challenger, Charger, Magnum 6.1 SRT8 i 6.4 SRT (o\u015b przednia)<\/h1>\n<p>&nbsp;<\/p>\n<p>Powierzchnia cierna tarczy hamulcowej ze szczelinami jest rowkowana.<\/p>\n<p>Dodatkowy rowek zosta\u0142 pomini\u0119ty, aby m\u00f3c zaoferowa\u0107 sportow\u0105 tarcz\u0119 hamulcow\u0105 o cichej charakterystyce pracy.<\/p>\n<p>Frezowane szczeliny zapewniaj\u0105, \u017ce gazy hamulcowe, \u015bcieranie, brud i woda mog\u0105 by\u0107 prawie ca\u0142kowicie usuni\u0119te z powierzchni ciernej tarcz hamulcowych.<\/p>\n<p>Szczeliny zapewniaj\u0105 r\u00f3wnie\u017c r\u00f3wnomierne i r\u00f3wnoleg\u0142e zu\u017cycie klock\u00f3w hamulcowych przez ca\u0142y okres ich eksploatacji.<\/p>\n<p>&nbsp;<\/p>\n<p><strong>Zalety i wady w skr\u00f3cie:<br \/>\n<\/strong><br \/>\n+ Bardzo dobre ch\u0142odzenie dzi\u0119ki frezowanym szczelinom<br \/>\n+ Bardzo dobre usuwanie gaz\u00f3w, brudu, wody itp.<br \/>\n+ Najlepsza mo\u017cliwa ochrona przed korozj\u0105 dzi\u0119ki pow\u0142oce proszkowej<br \/>\n+ Brak ryzyka p\u0119kni\u0119\u0107 termicznych, poniewa\u017c nie s\u0105 nawiercane<br \/>\n+ R\u00f3wnomierne zu\u017cycie klock\u00f3w hamulcowych przez ca\u0142y okres eksploatacji<br \/>\n+ Ni\u017cszy poziom ha\u0142asu<\/p>\n<p>- Mniejsze ch\u0142odzenie ni\u017c w przypadku tarczy Turbo Groove Disc, poniewa\u017c nie jest ona rowkowana<\/p>\n<p>&nbsp;<\/p>\n<p><strong>Cechy produktu:<\/strong><\/p>\n<p>360x32mm \/ wysoko\u015b\u0107: 58mm \/ liczba otwor\u00f3w: 5 \/ okr\u0105g \u015bruby: 114.3mm \/ wentylowany \/ zamontowany: prz\u00f3d<br \/>\nAutoryzacja: w przygotowaniu<\/p>\n<p>Numer OE (tylko do cel\u00f3w por\u00f3wnawczych): 5290537AA,5290537AB, 5290537AC, 5290537AD, 04755538AA<\/p>\n<p>&nbsp;<\/p>\n<p><strong>Odpowiedni dla:<br \/>\n<\/strong><\/p>\n<table width=\"0\">\n<tbody>\n<tr>\n<td width=\"64\">Chrysler<\/td>\n<td width=\"100\">300C<\/td>\n<td width=\"163\">6.1, 6.4<\/td>\n<td width=\"305\">Wszystkie lata modelowe z tarczami hamulcowymi 360 mm<\/td>\n<\/tr>\n<tr>\n<td width=\"64\">Dodge<\/td>\n<td width=\"100\">Challenger<\/td>\n<td width=\"163\">6.1, 6.4<\/td>\n<td width=\"305\">Wszystkie lata modelowe z tarczami hamulcowymi 360 mm<\/td>\n<\/tr>\n<tr>\n<td width=\"64\">Dodge<\/td>\n<td width=\"100\">Charger<\/td>\n<td width=\"163\">6.1, 6.4<\/td>\n<td width=\"305\">Wszystkie lata modelowe z tarczami hamulcowymi 360 mm<\/td>\n<\/tr>\n<tr>\n<td width=\"64\">Dodge<\/td>\n<td width=\"100\">Magnum<\/td>\n<td width=\"163\">6.1<\/td>\n<td width=\"305\">Wszystkie lata modelowe z tarczami hamulcowymi 360 mm<\/td>\n<\/tr>\n<\/tbody>\n<\/table>\n<p><strong><br \/>\nZakres dostawy: <\/strong><\/p>\n<p>- 2 tarcze hamulcowe EBC Slotted Disc (USR7365) na przedni\u0105 o\u015b<\/p>","protected":false},"excerpt":{"rendered":"<p>Tarcze hamulcowe 360 mm<\/p>","protected":false},"featured_media":68359351,"comment_status":"open","ping_status":"closed","template":"","meta":{"_acf_changed":false},"product_brand":[16875],"product_cat":[17733,17737,17697,17689,17757,17765,17777],"product_tag":[6857,18189,18190,18191,18192,52,17683,2338,2337,850,2069,2125,795,840,796,3946,10802,54,53,48,536,49,3853,3854,964,2442,16877,16876,16878,692,942,2111,941,126,36,55,21217,797,216,2127,842,841,673],"class_list":{"0":"post-68255918","1":"product","2":"type-product","3":"status-publish","4":"has-post-thumbnail","6":"product_brand-ebc-brakes","7":"product_cat-300c-61-bremsscheiben-vorne","8":"product_cat-300c-64-bremsscheiben-vorne","9":"product_cat-challenger-61-bremsscheiben-vorne","10":"product_cat-challenger-64-bremsscheiben-vorne","11":"product_cat-charger-61-bremsscheiben-vorne","12":"product_cat-charger-64-bremsscheiben-vorne","13":"product_cat-magnum-61-bremsscheiben-vorne","14":"product_tag-04755538aa","15":"product_tag-05290537aa","16":"product_tag-05290537ab","17":"product_tag-05290537ac","18":"product_tag-05290537ad","19":"product_tag-300c","20":"product_tag-4755538aa","21":"product_tag-5290537aa","22":"product_tag-5290537ab","23":"product_tag-5290537ac","24":"product_tag-5290537ad","25":"product_tag-black-dash","26":"product_tag-bremse","27":"product_tag-bremskloetze","28":"product_tag-bremsscheibe","29":"product_tag-bremsscheiben-fuer-dodge-challenger","30":"product_tag-bremsscheiben-fuer-dodge-challenger-6-4","31":"product_tag-challenger","32":"product_tag-charger","33":"product_tag-chrysler","34":"product_tag-chrysler-300c","35":"product_tag-dodge","36":"product_tag-dodge-challenger","37":"product_tag-dodge-charger","38":"product_tag-ebc","39":"product_tag-ebc-brakes","40":"product_tag-ebc-bremsbelaege","41":"product_tag-ebc-bremsen","42":"product_tag-ebc-bremsscheiben","43":"product_tag-ersatzteil","44":"product_tag-gelocht","45":"product_tag-genutet","46":"product_tag-geschlitzt","47":"product_tag-hemi","48":"product_tag-kraftwerk","49":"product_tag-magnum","50":"product_tag-slotted-disc","51":"product_tag-sportbremsscheibe","52":"product_tag-upgrade","53":"product_tag-usr7365","54":"product_tag-vorderachse","55":"product_tag-vorne","56":"product_tag-zubehoer","57":"product_shipping_class-deutschlandohne","59":"first","60":"instock","61":"taxable","62":"shipping-taxable","63":"purchasable","64":"product-type-simple"},"bundled_by":[],"bundle_stock_status":"instock","bundle_stock_quantity":1,"bundle_virtual":false,"bundle_layout":"","bundle_add_to_cart_form_location":"","bundle_editable_in_cart":false,"bundle_sold_individually_context":"","bundle_item_grouping":"","bundle_min_size":"","bundle_max_size":"","bundle_price":[],"bundled_items":[],"bundle_sell_ids":[],"exclude_global_add_ons":[],"addons":[],"acf":[],"_links":{"self":[{"href":"https:\/\/kraftwerk-shop.cc\/pl\/wp-json\/wp\/v2\/product\/68255918","targetHints":{"allow":["GET"]}}],"collection":[{"href":"https:\/\/kraftwerk-shop.cc\/pl\/wp-json\/wp\/v2\/product"}],"about":[{"href":"https:\/\/kraftwerk-shop.cc\/pl\/wp-json\/wp\/v2\/types\/product"}],"replies":[{"embeddable":true,"href":"https:\/\/kraftwerk-shop.cc\/pl\/wp-json\/wp\/v2\/comments?post=68255918"}],"version-history":[{"count":0,"href":"https:\/\/kraftwerk-shop.cc\/pl\/wp-json\/wp\/v2\/product\/68255918\/revisions"}],"wp:featuredmedia":[{"embeddable":true,"href":"https:\/\/kraftwerk-shop.cc\/pl\/wp-json\/wp\/v2\/media\/68359351"}],"wp:attachment":[{"href":"https:\/\/kraftwerk-shop.cc\/pl\/wp-json\/wp\/v2\/media?parent=68255918"}],"wp:term":[{"taxonomy":"product_brand","embeddable":true,"href":"https:\/\/kraftwerk-shop.cc\/pl\/wp-json\/wp\/v2\/product_brand?post=68255918"},{"taxonomy":"product_cat","embeddable":true,"href":"https:\/\/kraftwerk-shop.cc\/pl\/wp-json\/wp\/v2\/product_cat?post=68255918"},{"taxonomy":"product_tag","embeddable":true,"href":"https:\/\/kraftwerk-shop.cc\/pl\/wp-json\/wp\/v2\/product_tag?post=68255918"}],"curies":[{"name":"wp","href":"https:\/\/api.w.org\/{rel}","templated":true}]}}