{"id":68255919,"date":"2021-09-25T17:43:50","date_gmt":"2021-09-25T15:43:50","guid":{"rendered":"https:\/\/kraftwerk-gruppe.de\/?post_type=product&#038;p=68255919"},"modified":"2026-03-13T14:21:06","modified_gmt":"2026-03-13T13:21:06","slug":"ebc-czarne-sportowe-tarcze-hamulcowe-usr7366","status":"publish","type":"product","link":"https:\/\/kraftwerk-shop.cc\/pl\/produkt\/ebc-black-dash-sportbremsscheiben-usr7366\/","title":{"rendered":"Sportowe tarcze hamulcowe EBC Black Dash USR7366"},"content":{"rendered":"<h1>Tarcze hamulcowe EBC Black Dash do Chrysler 300C, Dodge Challenger, Charger, Magnum 6.1 SRT8, 6.2 Hellcat i 6.4 SRT (tylna o\u015b)<\/h1>\n<p>&nbsp;<\/p>\n<p>Powierzchnia cierna tarczy hamulcowej Black Dash jest rowkowana.<\/p>\n<p>Dodatkowy rowek zosta\u0142 pomini\u0119ty, aby m\u00f3c zaoferowa\u0107 sportow\u0105 tarcz\u0119 hamulcow\u0105 o cichej charakterystyce pracy.<\/p>\n<p>Frezowane szczeliny zapewniaj\u0105, \u017ce gazy hamulcowe, \u015bcieranie, brud i woda mog\u0105 by\u0107 prawie ca\u0142kowicie usuni\u0119te z powierzchni ciernej tarcz hamulcowych.<\/p>\n<p>Szczeliny zapewniaj\u0105 r\u00f3wnie\u017c r\u00f3wnomierne i r\u00f3wnoleg\u0142e zu\u017cycie klock\u00f3w hamulcowych przez ca\u0142y okres ich eksploatacji.<\/p>\n<p>Czarna pow\u0142oka proszkowa tarcz Black Dash zapewnia najlepsz\u0105 mo\u017cliw\u0105 ochron\u0119 przed korozj\u0105 i jest szczeg\u00f3lnie odpowiednia dla pojazd\u00f3w z otwart\u0105 konstrukcj\u0105 obr\u0119czy.<\/p>\n<p>&nbsp;<\/p>\n<p><strong>Zalety i wady w skr\u00f3cie:<br \/>\n<\/strong><br \/>\n+ Bardzo dobre ch\u0142odzenie dzi\u0119ki frezowanym szczelinom<br \/>\n+ Bardzo dobre usuwanie gaz\u00f3w, brudu, wody itp.<br \/>\n+ Najlepsza mo\u017cliwa ochrona przed korozj\u0105 dzi\u0119ki pow\u0142oce proszkowej<br \/>\n+ Brak ryzyka p\u0119kni\u0119\u0107 termicznych, poniewa\u017c nie s\u0105 nawiercane<br \/>\n+ R\u00f3wnomierne zu\u017cycie klock\u00f3w hamulcowych przez ca\u0142y okres eksploatacji<br \/>\n+ Ni\u017cszy poziom ha\u0142asu<\/p>\n<p>- Mniejsze ch\u0142odzenie ni\u017c w przypadku tarczy Turbo Groove Disc, poniewa\u017c nie jest ona rowkowana<\/p>\n<p>&nbsp;<\/p>\n<p><strong>Cechy produktu:<\/strong><\/p>\n<p>350x28mm \/ wysoko\u015b\u0107: 68mm \/ liczba otwor\u00f3w: 5 \/ okr\u0105g \u015bruby: 115mm \/ wentylowany \/ zamontowany: ty\u0142<br \/>\nAutoryzacja: w przygotowaniu<\/p>\n<p>Numer OE (tylko do cel\u00f3w por\u00f3wnawczych): 5290538AA, 5290538AB, 5290538AC, 5290538AD, 5290538AE, 4755539AA<\/p>\n<p>&nbsp;<\/p>\n<p><strong>Odpowiedni dla:<br \/>\n<\/strong><\/p>\n<table width=\"0\">\n<tbody>\n<tr>\n<td width=\"64\">Chrysler<\/td>\n<td width=\"100\">300C<\/td>\n<td width=\"163\">6.1, 6.4<\/td>\n<td width=\"305\">wszystkie lata budowy<\/td>\n<\/tr>\n<tr>\n<td width=\"64\">Dodge<\/td>\n<td width=\"100\">Challenger<\/td>\n<td width=\"163\">6.1, 6.2 Hellcat, 6.4<\/td>\n<td width=\"305\">wszystkie lata budowy<\/td>\n<\/tr>\n<tr>\n<td width=\"64\">Dodge<\/td>\n<td width=\"100\">Charger<\/td>\n<td width=\"163\">6.1, 6.2 Hellcat, 6.4<\/td>\n<td width=\"305\">wszystkie lata budowy<\/td>\n<\/tr>\n<tr>\n<td width=\"64\">Dodge<\/td>\n<td width=\"100\">Magnum<\/td>\n<td width=\"163\">6.1<\/td>\n<td width=\"305\">wszystkie lata budowy<\/td>\n<\/tr>\n<\/tbody>\n<\/table>\n<p><strong><br \/>\nZakres dostawy: <\/strong><\/p>\n<p>- 2 tarcze hamulcowe EBC Black Dash (USR7366) na tyln\u0105 o\u015b<\/p>","protected":false},"excerpt":{"rendered":"<p>Tarcze hamulcowe EBC Black Dash do Chrysler 300C, Dodge Challenger, Charger, Magnum 6.1 SRT8, 6.2 Hellcat i 6.4 SRT (tylna o\u015b) &nbsp;<\/p>","protected":false},"featured_media":68274151,"comment_status":"open","ping_status":"closed","template":"","meta":{"_acf_changed":false},"product_brand":[16875],"product_cat":[17734,17738,17698,17694,17690,17758,17762,17766,17778],"product_tag":[17167,6816,6817,6818,6819,6820,52,217,17166,791,792,790,793,3744,2125,795,796,3946,10802,54,53,48,536,49,3853,3854,964,2442,16877,16876,16878,692,942,2111,941,100,126,36,55,797,96,216,2128,842,841,673],"class_list":{"0":"post-68255919","1":"product","2":"type-product","3":"status-publish","4":"has-post-thumbnail","6":"product_brand-ebc-brakes","7":"product_cat-300c-61-bremsscheiben-hinten","8":"product_cat-300c-64-bremsscheiben-hinten","9":"product_cat-challenger-61-bremsscheiben-hinten","10":"product_cat-challenger-hellcat-bremsscheiben-hinten","11":"product_cat-challenger-64-bremsscheiben-hinten","12":"product_cat-charger-61-bremsscheiben-hinten","13":"product_cat-charger-hellcat-bremsscheiben-hinten","14":"product_cat-charger-64-bremsscheiben-hinten","15":"product_cat-magnum-61-bremsscheiben-hinten","16":"product_tag-04755539aa","17":"product_tag-05290538aa","18":"product_tag-05290538ab","19":"product_tag-05290538ac","20":"product_tag-05290538ad","21":"product_tag-05290538ae","22":"product_tag-300c","23":"product_tag-217","24":"product_tag-4755539aa","25":"product_tag-5290538aa","26":"product_tag-5290538ab","27":"product_tag-5290538ac","28":"product_tag-5290538ad","29":"product_tag-5290538ae","30":"product_tag-black-dash","31":"product_tag-bremse","32":"product_tag-bremsscheibe","33":"product_tag-bremsscheiben-fuer-dodge-challenger","34":"product_tag-bremsscheiben-fuer-dodge-challenger-6-4","35":"product_tag-challenger","36":"product_tag-charger","37":"product_tag-chrysler","38":"product_tag-chrysler-300c","39":"product_tag-dodge","40":"product_tag-dodge-challenger","41":"product_tag-dodge-charger","42":"product_tag-ebc","43":"product_tag-ebc-brakes","44":"product_tag-ebc-bremsbelaege","45":"product_tag-ebc-bremsen","46":"product_tag-ebc-bremsscheiben","47":"product_tag-ersatzteil","48":"product_tag-gelocht","49":"product_tag-genutet","50":"product_tag-geschlitzt","51":"product_tag-hellcat","52":"product_tag-hemi","53":"product_tag-kraftwerk","54":"product_tag-magnum","55":"product_tag-sportbremsscheibe","56":"product_tag-srt","57":"product_tag-upgrade","58":"product_tag-usr7366","59":"product_tag-vorderachse","60":"product_tag-vorne","61":"product_tag-zubehoer","63":"first","64":"instock","65":"taxable","66":"shipping-taxable","67":"purchasable","68":"product-type-simple"},"bundled_by":[],"bundle_stock_status":"instock","bundle_stock_quantity":1,"bundle_virtual":false,"bundle_layout":"","bundle_add_to_cart_form_location":"","bundle_editable_in_cart":false,"bundle_sold_individually_context":"","bundle_item_grouping":"","bundle_min_size":"","bundle_max_size":"","bundle_price":[],"bundled_items":[],"bundle_sell_ids":[],"exclude_global_add_ons":[],"addons":[],"acf":[],"_links":{"self":[{"href":"https:\/\/kraftwerk-shop.cc\/pl\/wp-json\/wp\/v2\/product\/68255919","targetHints":{"allow":["GET"]}}],"collection":[{"href":"https:\/\/kraftwerk-shop.cc\/pl\/wp-json\/wp\/v2\/product"}],"about":[{"href":"https:\/\/kraftwerk-shop.cc\/pl\/wp-json\/wp\/v2\/types\/product"}],"replies":[{"embeddable":true,"href":"https:\/\/kraftwerk-shop.cc\/pl\/wp-json\/wp\/v2\/comments?post=68255919"}],"version-history":[{"count":0,"href":"https:\/\/kraftwerk-shop.cc\/pl\/wp-json\/wp\/v2\/product\/68255919\/revisions"}],"wp:featuredmedia":[{"embeddable":true,"href":"https:\/\/kraftwerk-shop.cc\/pl\/wp-json\/wp\/v2\/media\/68274151"}],"wp:attachment":[{"href":"https:\/\/kraftwerk-shop.cc\/pl\/wp-json\/wp\/v2\/media?parent=68255919"}],"wp:term":[{"taxonomy":"product_brand","embeddable":true,"href":"https:\/\/kraftwerk-shop.cc\/pl\/wp-json\/wp\/v2\/product_brand?post=68255919"},{"taxonomy":"product_cat","embeddable":true,"href":"https:\/\/kraftwerk-shop.cc\/pl\/wp-json\/wp\/v2\/product_cat?post=68255919"},{"taxonomy":"product_tag","embeddable":true,"href":"https:\/\/kraftwerk-shop.cc\/pl\/wp-json\/wp\/v2\/product_tag?post=68255919"}],"curies":[{"name":"wp","href":"https:\/\/api.w.org\/{rel}","templated":true}]}}