{"id":68255924,"date":"2021-09-25T17:44:27","date_gmt":"2021-09-25T15:44:27","guid":{"rendered":"https:\/\/kraftwerk-gruppe.de\/?post_type=product&#038;p=68255924"},"modified":"2026-02-15T00:01:17","modified_gmt":"2026-02-14T23:01:17","slug":"ebc-czarne-sportowe-tarcze-hamulcowe-usr7598","status":"publish","type":"product","link":"https:\/\/kraftwerk-shop.cc\/pl\/produkt\/ebc-black-dash-sportbremsscheiben-usr7598\/","title":{"rendered":"Sportowe tarcze hamulcowe EBC Black Dash USR7598"},"content":{"rendered":"<h1>Tarcze hamulcowe EBC Black Dash do Dodge Durango 6.2 Hellcat, 6.4 SRT, Jeep Grand Cherokee 6.2 Trackhawk i 6.4 SRT (tylna o\u015b)<\/h1>\n<p>&nbsp;<\/p>\n<p>Powierzchnia cierna tarczy hamulcowej Black Dash jest rowkowana.<\/p>\n<p>Dodatkowy rowek zosta\u0142 pomini\u0119ty, aby m\u00f3c zaoferowa\u0107 sportow\u0105 tarcz\u0119 hamulcow\u0105 o cichej charakterystyce pracy.<\/p>\n<p>Frezowane szczeliny zapewniaj\u0105, \u017ce gazy hamulcowe, \u015bcieranie, brud i woda mog\u0105 by\u0107 prawie ca\u0142kowicie usuni\u0119te z powierzchni ciernej tarcz hamulcowych.<\/p>\n<p>Szczeliny zapewniaj\u0105 r\u00f3wnie\u017c r\u00f3wnomierne i r\u00f3wnoleg\u0142e zu\u017cycie klock\u00f3w hamulcowych przez ca\u0142y okres ich eksploatacji.<\/p>\n<p>Czarna pow\u0142oka proszkowa tarcz Black Dash zapewnia najlepsz\u0105 mo\u017cliw\u0105 ochron\u0119 przed korozj\u0105 i jest szczeg\u00f3lnie odpowiednia dla pojazd\u00f3w z otwart\u0105 konstrukcj\u0105 obr\u0119czy.<\/p>\n<p>&nbsp;<\/p>\n<p><strong>Zalety i wady w skr\u00f3cie:<br \/>\n<\/strong><br \/>\n+ Bardzo dobre ch\u0142odzenie dzi\u0119ki frezowanym szczelinom<br \/>\n+ Bardzo dobre usuwanie gaz\u00f3w, brudu, wody itp.<br \/>\n+ Najlepsza mo\u017cliwa ochrona przed korozj\u0105 dzi\u0119ki pow\u0142oce proszkowej<br \/>\n+ Brak ryzyka p\u0119kni\u0119\u0107 termicznych, poniewa\u017c nie s\u0105 nawiercane<br \/>\n+ R\u00f3wnomierne zu\u017cycie klock\u00f3w hamulcowych przez ca\u0142y okres eksploatacji<br \/>\n+ Ni\u017cszy poziom ha\u0142asu<\/p>\n<p>- Mniejsze ch\u0142odzenie ni\u017c w przypadku tarczy Turbo Groove Disc, poniewa\u017c nie jest ona rowkowana<\/p>\n<p>&nbsp;<\/p>\n<p><strong>Cechy produktu:<\/strong><\/p>\n<p>350x28mm \/ wysoko\u015b\u0107: 64mm \/ liczba otwor\u00f3w: 5 \/ okr\u0105g \u015bruby: 127mm \/ wentylowany \/ zamontowany: ty\u0142<br \/>\nAutoryzacja: w przygotowaniu<\/p>\n<p>Numer OE (tylko do cel\u00f3w por\u00f3wnawczych): 5181512AA, 5181512AB, 5181512AC, 68256680AA, 68256680AB, 68256680AC<\/p>\n<p>&nbsp;<\/p>\n<p><strong>Odpowiedni dla:<\/strong><\/p>\n<table width=\"530\">\n<tbody>\n<tr>\n<td width=\"141\">Dodge<\/td>\n<td width=\"116\">Durango<\/td>\n<td width=\"176\">6.2 Hellcat<\/td>\n<td width=\"97\">2021\u20132025<\/td>\n<\/tr>\n<tr>\n<td>Dodge<\/td>\n<td>Durango<\/td>\n<td>6.4 SRT<\/td>\n<td>2018\u20132024<\/td>\n<\/tr>\n<tr>\n<td width=\"141\">Jeep<\/td>\n<td width=\"116\">Grand Cherokee<\/td>\n<td width=\"176\">6.2 Trackhawk<\/td>\n<td width=\"97\">2018\u20132021<\/td>\n<\/tr>\n<tr>\n<td>Jeep<\/td>\n<td width=\"116\">Grand Cherokee<\/td>\n<td>6.4 SRT<\/td>\n<td>2011\u20132021<\/td>\n<\/tr>\n<\/tbody>\n<\/table>\n<p>&nbsp;<\/p>\n<p><strong>Zakres dostawy: <\/strong><\/p>\n<p>- 2 tarcze hamulcowe EBC Black Dash (USR7598) na tyln\u0105 o\u015b<\/p>","protected":false},"excerpt":{"rendered":"<p>Tarcze hamulcowe EBC Black Dash do Dodge Durango 6.2 Hellcat, 6.4 SRT, Jeep Grand Cherokee 6.2 Trackhawk i 6.4 SRT (tylna o\u015b)<\/p>","protected":false},"featured_media":68274158,"comment_status":"open","ping_status":"closed","template":"","meta":{"_acf_changed":false},"product_brand":[16875],"product_cat":[17931,17935,17964,17969],"product_tag":[18232,18233,18234,217,2106,2107,2108,93,807,808,809,2125,795,796,49,95,964,2442,16877,16876,16878,692,942,2111,941,56,100,126,798,799,50,4425,4427,4426,36,797,96,102,216,2133,673],"class_list":{"0":"post-68255924","1":"product","2":"type-product","3":"status-publish","4":"has-post-thumbnail","6":"product_brand-ebc-brakes","7":"product_cat-durango-hellcat-bremsscheiben-hinten","8":"product_cat-durango-64-bremsscheiben-hinten","9":"product_cat-trackhawk-bremsscheiben-hinten","10":"product_cat-grand-cherokee-64-bremsscheiben-hinten","11":"product_tag-05181512aa","12":"product_tag-05181512ab","13":"product_tag-05181512ac","14":"product_tag-217","15":"product_tag-5181512aa","16":"product_tag-5181512ab","17":"product_tag-5181512ac","18":"product_tag-6-4","19":"product_tag-68256680aa","20":"product_tag-68256680ab","21":"product_tag-68256680ac","22":"product_tag-black-dash","23":"product_tag-bremse","24":"product_tag-bremsscheibe","25":"product_tag-dodge","26":"product_tag-durango","27":"product_tag-ebc","28":"product_tag-ebc-brakes","29":"product_tag-ebc-bremsbelaege","30":"product_tag-ebc-bremsen","31":"product_tag-ebc-bremsscheiben","32":"product_tag-ersatzteil","33":"product_tag-gelocht","34":"product_tag-genutet","35":"product_tag-geschlitzt","36":"product_tag-grand-cherokee","37":"product_tag-hellcat","38":"product_tag-hemi","39":"product_tag-hinten","40":"product_tag-hinterachse","41":"product_tag-jeep","42":"product_tag-jeep-grand-cherokee","43":"product_tag-jeep-grand-cherokee-trackhawk","44":"product_tag-jeep-trackhawk","45":"product_tag-kraftwerk","46":"product_tag-sportbremsscheibe","47":"product_tag-srt","48":"product_tag-trackhawk","49":"product_tag-upgrade","50":"product_tag-usr7598","51":"product_tag-zubehoer","53":"first","54":"outofstock","55":"taxable","56":"shipping-taxable","57":"purchasable","58":"product-type-simple"},"bundled_by":[],"bundle_stock_status":"outofstock","bundle_stock_quantity":0,"bundle_virtual":false,"bundle_layout":"","bundle_add_to_cart_form_location":"","bundle_editable_in_cart":false,"bundle_sold_individually_context":"","bundle_item_grouping":"","bundle_min_size":"","bundle_max_size":"","bundle_price":[],"bundled_items":[],"bundle_sell_ids":[],"exclude_global_add_ons":[],"addons":[],"acf":[],"_links":{"self":[{"href":"https:\/\/kraftwerk-shop.cc\/pl\/wp-json\/wp\/v2\/product\/68255924","targetHints":{"allow":["GET"]}}],"collection":[{"href":"https:\/\/kraftwerk-shop.cc\/pl\/wp-json\/wp\/v2\/product"}],"about":[{"href":"https:\/\/kraftwerk-shop.cc\/pl\/wp-json\/wp\/v2\/types\/product"}],"replies":[{"embeddable":true,"href":"https:\/\/kraftwerk-shop.cc\/pl\/wp-json\/wp\/v2\/comments?post=68255924"}],"version-history":[{"count":0,"href":"https:\/\/kraftwerk-shop.cc\/pl\/wp-json\/wp\/v2\/product\/68255924\/revisions"}],"wp:featuredmedia":[{"embeddable":true,"href":"https:\/\/kraftwerk-shop.cc\/pl\/wp-json\/wp\/v2\/media\/68274158"}],"wp:attachment":[{"href":"https:\/\/kraftwerk-shop.cc\/pl\/wp-json\/wp\/v2\/media?parent=68255924"}],"wp:term":[{"taxonomy":"product_brand","embeddable":true,"href":"https:\/\/kraftwerk-shop.cc\/pl\/wp-json\/wp\/v2\/product_brand?post=68255924"},{"taxonomy":"product_cat","embeddable":true,"href":"https:\/\/kraftwerk-shop.cc\/pl\/wp-json\/wp\/v2\/product_cat?post=68255924"},{"taxonomy":"product_tag","embeddable":true,"href":"https:\/\/kraftwerk-shop.cc\/pl\/wp-json\/wp\/v2\/product_tag?post=68255924"}],"curies":[{"name":"wp","href":"https:\/\/api.w.org\/{rel}","templated":true}]}}