{"id":68255945,"date":"2021-09-26T00:18:59","date_gmt":"2021-09-25T22:18:59","guid":{"rendered":"https:\/\/kraftwerk-gruppe.de\/?post_type=product&#038;p=68255945"},"modified":"2026-03-10T13:06:16","modified_gmt":"2026-03-10T12:06:16","slug":"klocki-hamulcowe-ebc-blackstuff-dp1723","status":"publish","type":"product","link":"https:\/\/kraftwerk-shop.cc\/pl\/produkt\/ebc-blackstuff-bremsbelaege-dp1723\/","title":{"rendered":"Klocki hamulcowe EBC Blackstuff DP1723"},"content":{"rendered":"<h1>Klocki hamulcowe EBC Blackstuff do Chrysler 300C, Dodge Challenger, Charger, Magnum i Lancia Thema 3.0 CRD, 3.5, 3.6 i 5.7 (przednia o\u015b)<\/h1>\n<p>&nbsp;<\/p>\n<p>Oferujemy ten klocek hamulcowy zoptymalizowany pod k\u0105tem py\u0142u hamulcowego jako \"cz\u0119\u015b\u0107 zamienn\u0105 OE\".<br \/>\nOdpowiada to jako\u015bci OE, ale zosta\u0142o ulepszone przez EBC pod wzgl\u0119dem \u017cywotno\u015bci i powstawania py\u0142u hamulcowego.<br \/>\nDobra odporno\u015b\u0107 na ciep\u0142o i minimalne zu\u017cycie tarczy hamulcowej to kolejne powody wielkiego sukcesu tego klocka hamulcowego EBC.<br \/>\nWszystkie klocki hamulcowe Blackstuff Ultimax posiadaj\u0105 homologacj\u0119 ECE R90.<\/p>\n<p>&nbsp;<\/p>\n<p>Cechy:<\/p>\n<p>- Zoptymalizowany zamienny klocek hamulcowy o wsp\u00f3\u0142czynniku tarcia 0,41<br \/>\n- Dwucz\u0119\u015bciowa ok\u0142adzina cierna zapobiegaj\u0105ca p\u0119kni\u0119ciom termicznym<br \/>\n- Fazowane naro\u017cniki chroni\u0105ce przed ha\u0142asem podczas hamowania<br \/>\n- Unikalna pow\u0142oka Brake-In\u2122 zapewniaj\u0105ca optymalne hamowanie<br \/>\n- Bardzo delikatny dla tarcz hamulcowych<br \/>\n- Z odporn\u0105, wypalan\u0105 pow\u0142ok\u0105 o wysokim po\u0142ysku<br \/>\n- Temperatura pracy do 400\u00b0C<\/p>\n<div id=\"attachment_68255951\" style=\"width: 460px\" class=\"wp-caption alignnone\"><a href=\"https:\/\/kraftwerk-shop.cc\/wp-content\/uploads\/2021\/09\/EBC_Blackstuff_Info.jpg\"><img decoding=\"async\" aria-describedby=\"caption-attachment-68255951\" class=\"wp-image-68255951\" src=\"https:\/\/kraftwerk-shop.cc\/wp-content\/uploads\/2021\/09\/EBC_Blackstuff_Info-300x229.jpg\" alt=\"Cechy klock\u00f3w hamulcowych EBC Blackstuff do samochod\u00f3w Chrysler, Dodge i Jeep\" width=\"450\" height=\"343\" \/><\/a><p id=\"caption-attachment-68255951\" class=\"wp-caption-text\">Charakterystyka klock\u00f3w hamulcowych EBC Blackstuff<\/p><\/div>\n<p>&nbsp;<\/p>\n<p>Numer OE (wy\u0142\u0105cznie do cel\u00f3w por\u00f3wnawczych): -<br \/>\nZatwierdzenie: REG90<\/p>\n<p>Miejsce instalacji: O\u015b przednia<\/p>\n<p>&nbsp;<\/p>\n<p><strong>Odpowiedni dla:<\/strong><\/p>\n<table width=\"0\">\n<tbody>\n<tr>\n<td width=\"64\">Chrysler<\/td>\n<td width=\"97\">300C<\/td>\n<td width=\"151\">3.0 CRD, 3.5, 3.6, 5.7<\/td>\n<td width=\"277\">Wszystkie lata modelowe z tarczami hamulcowymi 320 mm<\/td>\n<\/tr>\n<tr>\n<td width=\"64\">Dodge<\/td>\n<td width=\"97\">Challenger<\/td>\n<td width=\"151\">3.5, 3.6, 5.7<\/td>\n<td width=\"277\">Wszystkie lata modelowe z tarczami hamulcowymi 320 mm<\/td>\n<\/tr>\n<tr>\n<td width=\"64\">Dodge<\/td>\n<td width=\"97\">Charger<\/td>\n<td width=\"151\">3.5, 3.6, 5.7<\/td>\n<td width=\"277\">Wszystkie lata modelowe z tarczami hamulcowymi 320 mm<\/td>\n<\/tr>\n<tr>\n<td width=\"64\">Dodge<\/td>\n<td width=\"97\">Magnum<\/td>\n<td width=\"151\">3.5, 5.7<\/td>\n<td width=\"277\">Wszystkie lata modelowe z tarczami hamulcowymi 320 mm<\/td>\n<\/tr>\n<tr>\n<td width=\"64\">Lancia<\/td>\n<td width=\"97\">Temat<\/td>\n<td width=\"151\">3.0 MultiJet, 3.6<\/td>\n<td width=\"277\">Wszystkie lata modelowe z tarczami hamulcowymi 320 mm<\/td>\n<\/tr>\n<\/tbody>\n<\/table>\n<p>&nbsp;<\/p>\n<p><strong>Zakres dostawy: <\/strong><\/p>\n<p>- 1 zestaw klock\u00f3w hamulcowych (DP1723) dla przedniej osi<\/p>\n<p><strong>Uwaga:<\/strong><\/p>\n<p>Przed z\u0142o\u017ceniem zam\u00f3wienia nale\u017cy sprawdzi\u0107, czy z przodu pojazdu zamontowane s\u0105 tarcze hamulcowe o \u015brednicy 345 mm czy 320 mm.<br \/>\nDla orientacji mo\u017cna por\u00f3wna\u0107 rozmiar przedniej i tylnej tarczy hamulcowej.<br \/>\nTylne tarcze hamulcowe maj\u0105 zawsze \u015brednic\u0119 320 mm.<\/p>\n<p>&nbsp;<\/p>","protected":false},"excerpt":{"rendered":"<p>Nadaje si\u0119 do tarcz hamulcowych 320 mm<\/p>","protected":false},"featured_media":68274312,"comment_status":"open","ping_status":"closed","template":"","meta":{"_acf_changed":false},"product_brand":[16875],"product_cat":[17712,17715,17719,17723,17727,17709,17703,17701,17739,17743,17747,17751,17767,17771],"product_tag":[87,572,2136,88,169,52,91,1046,969,590,795,840,54,53,48,536,49,3853,3854,2147,964,2442,16877,16876,16878,126,36,173,55,2138,970,174,2139,842,841,673,2135,2137],"class_list":{"0":"post-68255945","1":"product","2":"type-product","3":"status-publish","4":"has-post-thumbnail","6":"product_brand-ebc-brakes","7":"product_cat-300c-30-diesel-bremsbelaege-vorne","8":"product_cat-300c-35-bremsbelaege-vorne","9":"product_cat-300c-36-bremsbelaege-vorne","10":"product_cat-300c-57-2005-2010-bremsbelaege-vorne","11":"product_cat-300c-57-2011-2023-bremsbelaege-vorne","12":"product_cat-challenger-35-bremsbelaege-vorne","13":"product_cat-challenger-36-bremsbelaege-vorne","14":"product_cat-challenger-57-bremsbelaege-vorne","15":"product_cat-charger-35-bremsbelaege-vorne","16":"product_cat-charger-36-bremsbelaege-vorne","17":"product_cat-charger-57-bremsbelaege-vorne","18":"product_cat-charger-57-2011-2023-bremsbelaege-vorne","19":"product_cat-magnum-35-bremsbelaege-vorne","20":"product_cat-magnum-57-bremsbelaege-vorne","21":"product_tag-2-7","22":"product_tag-3-0-crd","23":"product_tag-3-0-multijet","24":"product_tag-3-5","25":"product_tag-3-6","26":"product_tag-300c","27":"product_tag-5-7","28":"product_tag-abe","29":"product_tag-blackstuff","30":"product_tag-bremsbelaege","31":"product_tag-bremse","32":"product_tag-bremskloetze","33":"product_tag-challenger","34":"product_tag-charger","35":"product_tag-chrysler","36":"product_tag-chrysler-300c","37":"product_tag-dodge","38":"product_tag-dodge-challenger","39":"product_tag-dodge-charger","40":"product_tag-dp1723","41":"product_tag-ebc","42":"product_tag-ebc-brakes","43":"product_tag-ebc-bremsbelaege","44":"product_tag-ebc-bremsen","45":"product_tag-ebc-bremsscheiben","46":"product_tag-hemi","47":"product_tag-kraftwerk","48":"product_tag-lancia","49":"product_tag-magnum","50":"product_tag-reg90","51":"product_tag-sportbremsbelaege","52":"product_tag-thema","53":"product_tag-tuev","54":"product_tag-vorderachse","55":"product_tag-vorne","56":"product_tag-zubehoer","57":"product_tag-zubehoerbremsbelaege","58":"product_tag-zulassung","59":"product_shipping_class-deutschlandohne","61":"first","62":"onbackorder","63":"taxable","64":"shipping-taxable","65":"purchasable","66":"product-type-simple"},"bundled_by":[],"bundle_stock_status":"onbackorder","bundle_stock_quantity":0,"bundle_virtual":false,"bundle_layout":"","bundle_add_to_cart_form_location":"","bundle_editable_in_cart":false,"bundle_sold_individually_context":"","bundle_item_grouping":"","bundle_min_size":"","bundle_max_size":"","bundle_price":[],"bundled_items":[],"bundle_sell_ids":[],"exclude_global_add_ons":[],"addons":[],"acf":[],"_links":{"self":[{"href":"https:\/\/kraftwerk-shop.cc\/pl\/wp-json\/wp\/v2\/product\/68255945","targetHints":{"allow":["GET"]}}],"collection":[{"href":"https:\/\/kraftwerk-shop.cc\/pl\/wp-json\/wp\/v2\/product"}],"about":[{"href":"https:\/\/kraftwerk-shop.cc\/pl\/wp-json\/wp\/v2\/types\/product"}],"replies":[{"embeddable":true,"href":"https:\/\/kraftwerk-shop.cc\/pl\/wp-json\/wp\/v2\/comments?post=68255945"}],"version-history":[{"count":0,"href":"https:\/\/kraftwerk-shop.cc\/pl\/wp-json\/wp\/v2\/product\/68255945\/revisions"}],"wp:featuredmedia":[{"embeddable":true,"href":"https:\/\/kraftwerk-shop.cc\/pl\/wp-json\/wp\/v2\/media\/68274312"}],"wp:attachment":[{"href":"https:\/\/kraftwerk-shop.cc\/pl\/wp-json\/wp\/v2\/media?parent=68255945"}],"wp:term":[{"taxonomy":"product_brand","embeddable":true,"href":"https:\/\/kraftwerk-shop.cc\/pl\/wp-json\/wp\/v2\/product_brand?post=68255945"},{"taxonomy":"product_cat","embeddable":true,"href":"https:\/\/kraftwerk-shop.cc\/pl\/wp-json\/wp\/v2\/product_cat?post=68255945"},{"taxonomy":"product_tag","embeddable":true,"href":"https:\/\/kraftwerk-shop.cc\/pl\/wp-json\/wp\/v2\/product_tag?post=68255945"}],"curies":[{"name":"wp","href":"https:\/\/api.w.org\/{rel}","templated":true}]}}