{"id":68255948,"date":"2021-09-26T00:19:11","date_gmt":"2021-09-25T22:19:11","guid":{"rendered":"https:\/\/kraftwerk-gruppe.de\/?post_type=product&#038;p=68255948"},"modified":"2026-02-15T00:43:30","modified_gmt":"2026-02-14T23:43:30","slug":"klocki-hamulcowe-ebc-blackstuff-dp1788","status":"publish","type":"product","link":"https:\/\/kraftwerk-shop.cc\/pl\/produkt\/ebc-blackstuff-bremsbelaege-dp1788\/","title":{"rendered":"Klocki hamulcowe EBC Blackstuff DP1788"},"content":{"rendered":"<h1>Klocki hamulcowe EBC Blackstuff do Chrysler 300C, Dodge Challenger, Charger, Magnum, Jeep Grand Cherokee 6.1 SRT8, 6.2 Hellcat i 6.4 SRT (tylna o\u015b)<\/h1>\n<p>&nbsp;<\/p>\n<p>Oferujemy ten klocek hamulcowy zoptymalizowany pod k\u0105tem py\u0142u hamulcowego jako \"cz\u0119\u015b\u0107 zamienn\u0105 OE\".<br \/>\nOdpowiada to jako\u015bci OE, ale zosta\u0142o ulepszone przez EBC pod wzgl\u0119dem \u017cywotno\u015bci i powstawania py\u0142u hamulcowego.<br \/>\nDobra odporno\u015b\u0107 na ciep\u0142o i minimalne zu\u017cycie tarczy hamulcowej to kolejne powody wielkiego sukcesu tego klocka hamulcowego EBC.<br \/>\nWszystkie klocki hamulcowe Blackstuff Ultimax posiadaj\u0105 homologacj\u0119 ECE R90.<\/p>\n<p>&nbsp;<\/p>\n<p>Cechy:<\/p>\n<p>- Zoptymalizowany zamienny klocek hamulcowy o wsp\u00f3\u0142czynniku tarcia 0,41<br \/>\n- Dwucz\u0119\u015bciowa ok\u0142adzina cierna zapobiegaj\u0105ca p\u0119kni\u0119ciom termicznym<br \/>\n- Fazowane naro\u017cniki chroni\u0105ce przed ha\u0142asem podczas hamowania<br \/>\n- Unikalna pow\u0142oka Brake-In\u2122 zapewniaj\u0105ca optymalne hamowanie<br \/>\n- Bardzo delikatny dla tarcz hamulcowych<br \/>\n- Z odporn\u0105, wypalan\u0105 pow\u0142ok\u0105 o wysokim po\u0142ysku<br \/>\n- Temperatura pracy do 400\u00b0C<\/p>\n<div id=\"attachment_68255951\" style=\"width: 460px\" class=\"wp-caption alignnone\"><a href=\"https:\/\/kraftwerk-shop.cc\/wp-content\/uploads\/2021\/09\/EBC_Blackstuff_Info.jpg\"><img decoding=\"async\" aria-describedby=\"caption-attachment-68255951\" class=\"wp-image-68255951\" src=\"https:\/\/kraftwerk-shop.cc\/wp-content\/uploads\/2021\/09\/EBC_Blackstuff_Info-300x229.jpg\" alt=\"Cechy klock\u00f3w hamulcowych EBC Blackstuff do samochod\u00f3w Chrysler, Dodge i Jeep\" width=\"450\" height=\"343\" \/><\/a><p id=\"caption-attachment-68255951\" class=\"wp-caption-text\">Charakterystyka klock\u00f3w hamulcowych EBC Blackstuff<\/p><\/div>\n<p>&nbsp;<\/p>\n<p>Numer OE (tylko do cel\u00f3w por\u00f3wnawczych): 5174327AA, 5174327AB, 5174327AC, 68144223AA, 68144223AB, 68144223AC<br \/>\nZatwierdzenie: REG90<\/p>\n<p>Miejsce instalacji: Tylna o\u015b<\/p>\n<p>&nbsp;<\/p>\n<p><strong>Odpowiedni dla:<\/strong><\/p>\n<table width=\"0\">\n<tbody>\n<tr>\n<td width=\"64\">Chrysler<\/td>\n<td width=\"117\">300C<\/td>\n<td width=\"137\">6.1, 6.4<\/td>\n<td width=\"391\">wszystkie lata budowy<\/td>\n<\/tr>\n<tr>\n<td width=\"64\">Dodge<\/td>\n<td width=\"117\">Challenger<\/td>\n<td width=\"137\">6.1, 6.2 Hellcat, 6.4<\/td>\n<td width=\"391\">wszystkie lata budowy<\/td>\n<\/tr>\n<tr>\n<td width=\"64\">Dodge<\/td>\n<td width=\"117\">Charger<\/td>\n<td width=\"137\">6.1, 6.2 Hellcat, 6.4<\/td>\n<td width=\"391\">wszystkie lata budowy<\/td>\n<\/tr>\n<tr>\n<td width=\"64\">Dodge<\/td>\n<td width=\"117\">Magnum<\/td>\n<td width=\"137\">6.1<\/td>\n<td width=\"391\">wszystkie lata budowy<\/td>\n<\/tr>\n<tr>\n<td width=\"64\">Jeep<\/td>\n<td width=\"117\">Grand Cherokee<\/td>\n<td width=\"137\">6.1<\/td>\n<td width=\"391\">wszystkie lata budowy<\/td>\n<\/tr>\n<\/tbody>\n<\/table>\n<p><strong>\u00a0<\/strong><strong>\u00a0<\/strong><\/p>\n<p><strong>Zakres dostawy: <\/strong><\/p>\n<p>- 1 zestaw klock\u00f3w hamulcowych (DP1788) dla tylnej osi<\/p>\n<p>&nbsp;<\/p>","protected":false},"excerpt":{"rendered":"<p>Klocki hamulcowe EBC Blackstuff do Chrysler 300C, Dodge Challenger, Charger, Magnum, Jeep Grand Cherokee 6.1 SRT8, 6.2 Hellcat i 6.4 SRT<\/p>","protected":false},"featured_media":68274309,"comment_status":"open","ping_status":"closed","template":"","meta":{"_acf_changed":false},"product_brand":[16875],"product_cat":[17732,17736,17696,17692,17688,17756,17760,17764,17776,17957],"product_tag":[846,951,952,2158,52,217,845,843,92,93,928,949,950,1046,969,832,590,10803,795,840,54,53,48,536,49,3853,3854,2157,964,2442,16877,16876,16878,56,126,798,799,50,4425,36,55,2138,970,96,164,2139,673,2135,2137],"class_list":{"0":"post-68255948","1":"product","2":"type-product","3":"status-publish","4":"has-post-thumbnail","6":"product_brand-ebc-brakes","7":"product_cat-300c-61-bremsbelaege-hinten","8":"product_cat-300c-64-bremsbelaege-hinten","9":"product_cat-challenger-61-bremsbelaege-hinten","10":"product_cat-challenger-hellcat-bremsbelaege-hinten","11":"product_cat-challenger-64-bremsbelaege-hinten","12":"product_cat-charger-61-bremsbelaege-hinten","13":"product_cat-charger-hellcat-bremsbelaege-hinten","14":"product_cat-charger-64-bremsbelaege-hinten","15":"product_cat-magnum-61-bremsbelaege-hinten","16":"product_cat-grand-cherokee-61-bremsbelaege-hinten","17":"product_tag-05174327aa","18":"product_tag-05174327ab","19":"product_tag-05174327ac","20":"product_tag-174327aa","21":"product_tag-300c","22":"product_tag-217","23":"product_tag-5174327ab","24":"product_tag-5174327ac","25":"product_tag-6-1","26":"product_tag-6-4","27":"product_tag-68144223aa","28":"product_tag-68144223ab","29":"product_tag-68144223ac","30":"product_tag-abe","31":"product_tag-blackstuff","32":"product_tag-brembo","33":"product_tag-bremsbelaege","34":"product_tag-bremsbelaege-fuer-dodge-challenger-6-4","35":"product_tag-bremse","36":"product_tag-bremskloetze","37":"product_tag-challenger","38":"product_tag-charger","39":"product_tag-chrysler","40":"product_tag-chrysler-300c","41":"product_tag-dodge","42":"product_tag-dodge-challenger","43":"product_tag-dodge-charger","44":"product_tag-dp1788","45":"product_tag-ebc","46":"product_tag-ebc-brakes","47":"product_tag-ebc-bremsbelaege","48":"product_tag-ebc-bremsen","49":"product_tag-ebc-bremsscheiben","50":"product_tag-grand-cherokee","51":"product_tag-hemi","52":"product_tag-hinten","53":"product_tag-hinterachse","54":"product_tag-jeep","55":"product_tag-jeep-grand-cherokee","56":"product_tag-kraftwerk","57":"product_tag-magnum","58":"product_tag-reg90","59":"product_tag-sportbremsbelaege","60":"product_tag-srt","61":"product_tag-srt8","62":"product_tag-tuev","63":"product_tag-zubehoer","64":"product_tag-zubehoerbremsbelaege","65":"product_tag-zulassung","67":"first","68":"instock","69":"taxable","70":"shipping-taxable","71":"purchasable","72":"product-type-simple"},"bundled_by":[],"bundle_stock_status":"instock","bundle_stock_quantity":1,"bundle_virtual":false,"bundle_layout":"","bundle_add_to_cart_form_location":"","bundle_editable_in_cart":false,"bundle_sold_individually_context":"","bundle_item_grouping":"","bundle_min_size":"","bundle_max_size":"","bundle_price":[],"bundled_items":[],"bundle_sell_ids":[],"exclude_global_add_ons":[],"addons":[],"acf":[],"_links":{"self":[{"href":"https:\/\/kraftwerk-shop.cc\/pl\/wp-json\/wp\/v2\/product\/68255948","targetHints":{"allow":["GET"]}}],"collection":[{"href":"https:\/\/kraftwerk-shop.cc\/pl\/wp-json\/wp\/v2\/product"}],"about":[{"href":"https:\/\/kraftwerk-shop.cc\/pl\/wp-json\/wp\/v2\/types\/product"}],"replies":[{"embeddable":true,"href":"https:\/\/kraftwerk-shop.cc\/pl\/wp-json\/wp\/v2\/comments?post=68255948"}],"version-history":[{"count":0,"href":"https:\/\/kraftwerk-shop.cc\/pl\/wp-json\/wp\/v2\/product\/68255948\/revisions"}],"wp:featuredmedia":[{"embeddable":true,"href":"https:\/\/kraftwerk-shop.cc\/pl\/wp-json\/wp\/v2\/media\/68274309"}],"wp:attachment":[{"href":"https:\/\/kraftwerk-shop.cc\/pl\/wp-json\/wp\/v2\/media?parent=68255948"}],"wp:term":[{"taxonomy":"product_brand","embeddable":true,"href":"https:\/\/kraftwerk-shop.cc\/pl\/wp-json\/wp\/v2\/product_brand?post=68255948"},{"taxonomy":"product_cat","embeddable":true,"href":"https:\/\/kraftwerk-shop.cc\/pl\/wp-json\/wp\/v2\/product_cat?post=68255948"},{"taxonomy":"product_tag","embeddable":true,"href":"https:\/\/kraftwerk-shop.cc\/pl\/wp-json\/wp\/v2\/product_tag?post=68255948"}],"curies":[{"name":"wp","href":"https:\/\/api.w.org\/{rel}","templated":true}]}}