{"id":68255950,"date":"2021-09-26T00:19:20","date_gmt":"2021-09-25T22:19:20","guid":{"rendered":"https:\/\/kraftwerk-gruppe.de\/?post_type=product&#038;p=68255950"},"modified":"2026-02-15T00:55:06","modified_gmt":"2026-02-14T23:55:06","slug":"klocki-hamulcowe-ebc-blackstuff-dp1872","status":"publish","type":"product","link":"https:\/\/kraftwerk-shop.cc\/pl\/produkt\/ebc-blackstuff-bremsbelaege-dp1872\/","title":{"rendered":"Klocki hamulcowe EBC Blackstuff DP1872"},"content":{"rendered":"<h1>Klocki hamulcowe EBC Blackstuff do Dodge Durango 3.6, 5.7 i Jeep Grand Cherokee 3.0 MultiJet, 3.6 i 5.7 od 2011 (tylna o\u015b)<\/h1>\n<p>&nbsp;<\/p>\n<p>Oferujemy ten klocek hamulcowy zoptymalizowany pod k\u0105tem py\u0142u hamulcowego jako \"cz\u0119\u015b\u0107 zamienn\u0105 OE\".<br \/>\nOdpowiada to jako\u015bci OE, ale zosta\u0142o ulepszone przez EBC pod wzgl\u0119dem \u017cywotno\u015bci i powstawania py\u0142u hamulcowego.<br \/>\nDobra odporno\u015b\u0107 na ciep\u0142o i minimalne zu\u017cycie tarczy hamulcowej to kolejne powody wielkiego sukcesu tego klocka hamulcowego EBC.<br \/>\nWszystkie klocki hamulcowe Blackstuff Ultimax posiadaj\u0105 homologacj\u0119 ECE R90.<\/p>\n<p>&nbsp;<\/p>\n<p>Cechy:<\/p>\n<p>- Zoptymalizowany zamienny klocek hamulcowy o wsp\u00f3\u0142czynniku tarcia 0,41<br \/>\n- Dwucz\u0119\u015bciowa ok\u0142adzina cierna zapobiegaj\u0105ca p\u0119kni\u0119ciom termicznym<br \/>\n- Fazowane naro\u017cniki chroni\u0105ce przed ha\u0142asem podczas hamowania<br \/>\n- Unikalna pow\u0142oka Brake-In\u2122 zapewniaj\u0105ca optymalne hamowanie<br \/>\n- Bardzo delikatny dla tarcz hamulcowych<br \/>\n- Z odporn\u0105, wypalan\u0105 pow\u0142ok\u0105 o wysokim po\u0142ysku<br \/>\n- Temperatura pracy do 400\u00b0C<\/p>\n<div id=\"attachment_68255951\" style=\"width: 460px\" class=\"wp-caption alignnone\"><a href=\"https:\/\/kraftwerk-shop.cc\/wp-content\/uploads\/2021\/09\/EBC_Blackstuff_Info.jpg\"><img decoding=\"async\" aria-describedby=\"caption-attachment-68255951\" class=\"wp-image-68255951\" src=\"https:\/\/kraftwerk-shop.cc\/wp-content\/uploads\/2021\/09\/EBC_Blackstuff_Info-300x229.jpg\" alt=\"Cechy klock\u00f3w hamulcowych EBC Blackstuff do samochod\u00f3w Chrysler, Dodge i Jeep\" width=\"450\" height=\"343\" \/><\/a><p id=\"caption-attachment-68255951\" class=\"wp-caption-text\">Charakterystyka klock\u00f3w hamulcowych EBC Blackstuff<\/p><\/div>\n<p>&nbsp;<\/p>\n<p>Numer OE (tylko do cel\u00f3w por\u00f3wnawczych): 68052386AA<br \/>\nAutoryzacja: nie<\/p>\n<p>Miejsce instalacji: Tylna o\u015b<\/p>\n<p>&nbsp;<\/p>\n<p><strong>Odpowiedni dla:<\/strong><\/p>\n<table width=\"0\">\n<tbody>\n<tr>\n<td width=\"64\">Dodge<\/td>\n<td width=\"117\">Durango<\/td>\n<td width=\"147\">3.6, 5.7<\/td>\n<td width=\"208\">2011\u20132025<\/td>\n<\/tr>\n<tr>\n<td width=\"64\">Jeep<\/td>\n<td width=\"117\">Grand Cherokee<\/td>\n<td width=\"147\">3.0 MultiJet, 3.6, 5.7<\/td>\n<td width=\"208\">2011\u20132021<\/td>\n<\/tr>\n<\/tbody>\n<\/table>\n<p><strong>\u00a0<\/strong><strong>\u00a0<\/strong><\/p>\n<p><strong>Zakres dostawy: <\/strong><\/p>\n<p>- 1 zestaw klock\u00f3w hamulcowych (DP1872) dla tylnej osi<\/p>","protected":false},"excerpt":{"rendered":"<p>2011\u20132023<\/p>","protected":false},"featured_media":68274307,"comment_status":"open","ping_status":"closed","template":"","meta":{"_acf_changed":false},"product_brand":[16875],"product_cat":[17917,17921,17937,17942,17952],"product_tag":[572,2136,169,91,2164,1046,969,590,795,840,49,2165,95,964,2442,16877,16876,16878,56,126,798,799,50,4425,36,2138,970,2139,673,2135,2137],"class_list":{"0":"post-68255950","1":"product","2":"type-product","3":"status-publish","4":"has-post-thumbnail","6":"product_brand-ebc-brakes","7":"product_cat-durango-36-bremsbelaege-hinten","8":"product_cat-durango-57-bremsbelaege-hinten","9":"product_cat-grand-cherokee-30-diesel-bremsbelaege-hinten","10":"product_cat-grand-cherokee-36-bremsbelaege-hinten","11":"product_cat-grand-cherokee-57-2011-2021-bremsbelaege-hinten","12":"product_tag-3-0-crd","13":"product_tag-3-0-multijet","14":"product_tag-3-6","15":"product_tag-5-7","16":"product_tag-68052386aa","17":"product_tag-abe","18":"product_tag-blackstuff","19":"product_tag-bremsbelaege","20":"product_tag-bremse","21":"product_tag-bremskloetze","22":"product_tag-dodge","23":"product_tag-dp1872","24":"product_tag-durango","25":"product_tag-ebc","26":"product_tag-ebc-brakes","27":"product_tag-ebc-bremsbelaege","28":"product_tag-ebc-bremsen","29":"product_tag-ebc-bremsscheiben","30":"product_tag-grand-cherokee","31":"product_tag-hemi","32":"product_tag-hinten","33":"product_tag-hinterachse","34":"product_tag-jeep","35":"product_tag-jeep-grand-cherokee","36":"product_tag-kraftwerk","37":"product_tag-reg90","38":"product_tag-sportbremsbelaege","39":"product_tag-tuev","40":"product_tag-zubehoer","41":"product_tag-zubehoerbremsbelaege","42":"product_tag-zulassung","44":"first","45":"onbackorder","46":"taxable","47":"shipping-taxable","48":"purchasable","49":"product-type-simple"},"bundled_by":[],"bundle_stock_status":"onbackorder","bundle_stock_quantity":0,"bundle_virtual":false,"bundle_layout":"","bundle_add_to_cart_form_location":"","bundle_editable_in_cart":false,"bundle_sold_individually_context":"","bundle_item_grouping":"","bundle_min_size":"","bundle_max_size":"","bundle_price":[],"bundled_items":[],"bundle_sell_ids":[],"exclude_global_add_ons":[],"addons":[],"acf":[],"_links":{"self":[{"href":"https:\/\/kraftwerk-shop.cc\/pl\/wp-json\/wp\/v2\/product\/68255950","targetHints":{"allow":["GET"]}}],"collection":[{"href":"https:\/\/kraftwerk-shop.cc\/pl\/wp-json\/wp\/v2\/product"}],"about":[{"href":"https:\/\/kraftwerk-shop.cc\/pl\/wp-json\/wp\/v2\/types\/product"}],"replies":[{"embeddable":true,"href":"https:\/\/kraftwerk-shop.cc\/pl\/wp-json\/wp\/v2\/comments?post=68255950"}],"version-history":[{"count":0,"href":"https:\/\/kraftwerk-shop.cc\/pl\/wp-json\/wp\/v2\/product\/68255950\/revisions"}],"wp:featuredmedia":[{"embeddable":true,"href":"https:\/\/kraftwerk-shop.cc\/pl\/wp-json\/wp\/v2\/media\/68274307"}],"wp:attachment":[{"href":"https:\/\/kraftwerk-shop.cc\/pl\/wp-json\/wp\/v2\/media?parent=68255950"}],"wp:term":[{"taxonomy":"product_brand","embeddable":true,"href":"https:\/\/kraftwerk-shop.cc\/pl\/wp-json\/wp\/v2\/product_brand?post=68255950"},{"taxonomy":"product_cat","embeddable":true,"href":"https:\/\/kraftwerk-shop.cc\/pl\/wp-json\/wp\/v2\/product_cat?post=68255950"},{"taxonomy":"product_tag","embeddable":true,"href":"https:\/\/kraftwerk-shop.cc\/pl\/wp-json\/wp\/v2\/product_tag?post=68255950"}],"curies":[{"name":"wp","href":"https:\/\/api.w.org\/{rel}","templated":true}]}}