{"id":68255971,"date":"2021-09-26T13:49:52","date_gmt":"2021-09-26T11:49:52","guid":{"rendered":"https:\/\/kraftwerk-gruppe.de\/?post_type=product&#038;p=68255971"},"modified":"2026-02-15T00:07:10","modified_gmt":"2026-02-14T23:07:10","slug":"klocki-hamulcowe-ebc-greenstuff-dp22139","status":"publish","type":"product","link":"https:\/\/kraftwerk-shop.cc\/pl\/produkt\/ebc-greenstuff-bremsbelaege-dp22139\/","title":{"rendered":"Klocki hamulcowe EBC Greenstuff DP22139"},"content":{"rendered":"<h1>Klocki hamulcowe EBC Greenstuff do Chrysler 300C, Dodge Challenger, Charger i Lancia Thema 3.0 MultiJet, 3.6 i 5.7 od 2011 (przednia o\u015b)<\/h1>\n<p>&nbsp;<\/p>\n<p>Nowa mieszanka klock\u00f3w Greenstuff zapewnia znaczn\u0105 popraw\u0119 si\u0142y hamowania.<br \/>\nSportowe klocki hamulcowe Greenstuff zapewniaj\u0105 wyj\u0105tkow\u0105 skuteczno\u015b\u0107 hamowania, nawet gdy uk\u0142ad hamulcowy jest zimny.<br \/>\nEfektywny zakres roboczy tej pow\u0142oki rozci\u0105ga si\u0119 do temperatury 650\u00b0C.<br \/>\nPodobnie jak wszystkie klocki hamulcowe EBC w sektorze motoryzacyjnym, wszystkie sportowe klocki hamulcowe EBC Greenstuff maj\u0105 pow\u0142ok\u0119 docieraj\u0105c\u0105, \u0142amane kraw\u0119dzie, rowek termiczny i pow\u0142ok\u0119 proszkow\u0105.<\/p>\n<p>&nbsp;<\/p>\n<p>Cechy:<\/p>\n<p>- Zmniejszona ilo\u015b\u0107 py\u0142u hamulcowego<br \/>\n- \u015aredni okres u\u017cytkowania<br \/>\n- Delikatny dla tarcz hamulcowych<br \/>\n- Ekonomiczna poprawa skuteczno\u015bci hamowania<\/p>\n<p>&nbsp;<\/p>\n<div id=\"attachment_68255968\" style=\"width: 460px\" class=\"wp-caption alignnone\"><img decoding=\"async\" aria-describedby=\"caption-attachment-68255968\" class=\"wp-image-68255968\" src=\"https:\/\/kraftwerk-shop.cc\/wp-content\/uploads\/2021\/09\/EBC_Greenstuff_Info-300x229.png\" alt=\"Cechy klock\u00f3w hamulcowych EBC Greenstuff do samochod\u00f3w Chrysler, Dodge i Jeep\" width=\"450\" height=\"343\" \/><p id=\"caption-attachment-68255968\" class=\"wp-caption-text\">Charakterystyka klock\u00f3w hamulcowych EBC Greenstuff<\/p><\/div>\n<p>&nbsp;<\/p>\n<p>Numer OE (tylko do cel\u00f3w por\u00f3wnawczych):  5142559AA, 5142559AB, 68147681AA, 68147681AB<br \/>\nZatwierdzenie: REG90<\/p>\n<p>Miejsce instalacji: O\u015b przednia<\/p>\n<p>&nbsp;<\/p>\n<p><strong>Odpowiedni dla:<\/strong><\/p>\n<table width=\"0\">\n<tbody>\n<tr>\n<td width=\"64\">Chrysler<\/td>\n<td width=\"115\">300C<\/td>\n<td width=\"152\">3.0 CRD, 3.6, 5.7<\/td>\n<td width=\"301\">Od roku modelowego 2011 z tarczami hamulcowymi 345 mm<\/td>\n<\/tr>\n<tr>\n<td width=\"64\">Dodge<\/td>\n<td width=\"115\">Challenger<\/td>\n<td width=\"152\">3.6, 5.7<\/td>\n<td width=\"301\">Od roku modelowego 2011 z tarczami hamulcowymi 345 mm<\/td>\n<\/tr>\n<tr>\n<td width=\"64\">Dodge<\/td>\n<td width=\"115\">Charger<\/td>\n<td width=\"152\">3.6, 5.7<\/td>\n<td width=\"301\">Od roku modelowego 2011 z tarczami hamulcowymi 345 mm<\/td>\n<\/tr>\n<tr>\n<td width=\"64\">Lancia<\/td>\n<td width=\"115\">Temat<\/td>\n<td width=\"152\">3.0 MultiJet, 3.6<\/td>\n<td width=\"301\">Od roku modelowego 2011 z tarczami hamulcowymi 345 mm<\/td>\n<\/tr>\n<\/tbody>\n<\/table>\n<p><strong>\u00a0<\/strong><\/p>\n<p><strong>Zakres dostawy: <\/strong><\/p>\n<p>- 1 zestaw klock\u00f3w hamulcowych EBC Greenstuff (DP22139) na przedni\u0105 o\u015b<\/p>\n<p>&nbsp;<\/p>\n<p><strong>Uwaga:<\/strong><\/p>\n<p>Przed z\u0142o\u017ceniem zam\u00f3wienia nale\u017cy sprawdzi\u0107, czy z przodu pojazdu zamontowane s\u0105 tarcze hamulcowe o \u015brednicy 345 mm czy 320 mm.<br \/>\nDla orientacji mo\u017cna por\u00f3wna\u0107 rozmiar przedniej i tylnej tarczy hamulcowej.<br \/>\nTylne tarcze hamulcowe maj\u0105 zawsze \u015brednic\u0119 320 mm.<\/p>","protected":false},"excerpt":{"rendered":"<p>Nadaje si\u0119 do tarcz hamulcowych 345 mm od 2011 r.<\/p>","protected":false},"featured_media":68274359,"comment_status":"open","ping_status":"closed","template":"","meta":{"_acf_changed":false},"product_brand":[16875],"product_cat":[17712,17715,17719,17723,17727,17709,17703,17701,17739,17743,17747,17751],"product_tag":[2481,2482,87,572,2136,88,169,52,2154,91,2170,2171,2153,2172,1046,590,795,840,54,53,48,536,49,3853,3854,2169,964,2442,16877,16876,16878,971,126,36,173,55,2138,970,174,2139,842,841,673,2135,2137],"class_list":{"0":"post-68255971","1":"product","2":"type-product","3":"status-publish","4":"has-post-thumbnail","6":"product_brand-ebc-brakes","7":"product_cat-300c-30-diesel-bremsbelaege-vorne","8":"product_cat-300c-35-bremsbelaege-vorne","9":"product_cat-300c-36-bremsbelaege-vorne","10":"product_cat-300c-57-2005-2010-bremsbelaege-vorne","11":"product_cat-300c-57-2011-2023-bremsbelaege-vorne","12":"product_cat-challenger-35-bremsbelaege-vorne","13":"product_cat-challenger-36-bremsbelaege-vorne","14":"product_cat-challenger-57-bremsbelaege-vorne","15":"product_cat-charger-35-bremsbelaege-vorne","16":"product_cat-charger-36-bremsbelaege-vorne","17":"product_cat-charger-57-bremsbelaege-vorne","18":"product_cat-charger-57-2011-2023-bremsbelaege-vorne","19":"product_tag-05142559aa","20":"product_tag-05142559ab","21":"product_tag-2-7","22":"product_tag-3-0-crd","23":"product_tag-3-0-multijet","24":"product_tag-3-5","25":"product_tag-3-6","26":"product_tag-300c","27":"product_tag-345-mm","28":"product_tag-5-7","29":"product_tag-5142559aa","30":"product_tag-5142559ab","31":"product_tag-68147681aa","32":"product_tag-68147681ab","33":"product_tag-abe","34":"product_tag-bremsbelaege","35":"product_tag-bremse","36":"product_tag-bremskloetze","37":"product_tag-challenger","38":"product_tag-charger","39":"product_tag-chrysler","40":"product_tag-chrysler-300c","41":"product_tag-dodge","42":"product_tag-dodge-challenger","43":"product_tag-dodge-charger","44":"product_tag-dp22139","45":"product_tag-ebc","46":"product_tag-ebc-brakes","47":"product_tag-ebc-bremsbelaege","48":"product_tag-ebc-bremsen","49":"product_tag-ebc-bremsscheiben","50":"product_tag-greenstuff","51":"product_tag-hemi","52":"product_tag-kraftwerk","53":"product_tag-lancia","54":"product_tag-magnum","55":"product_tag-reg90","56":"product_tag-sportbremsbelaege","57":"product_tag-thema","58":"product_tag-tuev","59":"product_tag-vorderachse","60":"product_tag-vorne","61":"product_tag-zubehoer","62":"product_tag-zubehoerbremsbelaege","63":"product_tag-zulassung","64":"product_shipping_class-deutschlandohne","66":"first","67":"instock","68":"taxable","69":"shipping-taxable","70":"purchasable","71":"product-type-simple"},"bundled_by":[],"bundle_stock_status":"instock","bundle_stock_quantity":1,"bundle_virtual":false,"bundle_layout":"","bundle_add_to_cart_form_location":"","bundle_editable_in_cart":false,"bundle_sold_individually_context":"","bundle_item_grouping":"","bundle_min_size":"","bundle_max_size":"","bundle_price":[],"bundled_items":[],"bundle_sell_ids":[],"exclude_global_add_ons":[],"addons":[],"acf":[],"_links":{"self":[{"href":"https:\/\/kraftwerk-shop.cc\/pl\/wp-json\/wp\/v2\/product\/68255971","targetHints":{"allow":["GET"]}}],"collection":[{"href":"https:\/\/kraftwerk-shop.cc\/pl\/wp-json\/wp\/v2\/product"}],"about":[{"href":"https:\/\/kraftwerk-shop.cc\/pl\/wp-json\/wp\/v2\/types\/product"}],"replies":[{"embeddable":true,"href":"https:\/\/kraftwerk-shop.cc\/pl\/wp-json\/wp\/v2\/comments?post=68255971"}],"version-history":[{"count":0,"href":"https:\/\/kraftwerk-shop.cc\/pl\/wp-json\/wp\/v2\/product\/68255971\/revisions"}],"wp:featuredmedia":[{"embeddable":true,"href":"https:\/\/kraftwerk-shop.cc\/pl\/wp-json\/wp\/v2\/media\/68274359"}],"wp:attachment":[{"href":"https:\/\/kraftwerk-shop.cc\/pl\/wp-json\/wp\/v2\/media?parent=68255971"}],"wp:term":[{"taxonomy":"product_brand","embeddable":true,"href":"https:\/\/kraftwerk-shop.cc\/pl\/wp-json\/wp\/v2\/product_brand?post=68255971"},{"taxonomy":"product_cat","embeddable":true,"href":"https:\/\/kraftwerk-shop.cc\/pl\/wp-json\/wp\/v2\/product_cat?post=68255971"},{"taxonomy":"product_tag","embeddable":true,"href":"https:\/\/kraftwerk-shop.cc\/pl\/wp-json\/wp\/v2\/product_tag?post=68255971"}],"curies":[{"name":"wp","href":"https:\/\/api.w.org\/{rel}","templated":true}]}}