{"id":68255972,"date":"2021-09-26T13:49:54","date_gmt":"2021-09-26T11:49:54","guid":{"rendered":"https:\/\/kraftwerk-gruppe.de\/?post_type=product&#038;p=68255972"},"modified":"2026-02-14T23:59:47","modified_gmt":"2026-02-14T22:59:47","slug":"klocki-hamulcowe-ebc-greenstuff-dp61764","status":"publish","type":"product","link":"https:\/\/kraftwerk-shop.cc\/pl\/produkt\/ebc-greenstuff-bremsbelaege-dp61764\/","title":{"rendered":"Klocki hamulcowe EBC Greenstuff DP61764"},"content":{"rendered":"<h1>Klocki hamulcowe EBC Greenstuff do Jeep Grand Cherokee 6.1 SRT8 (o\u015b przednia)<\/h1>\n<p>&nbsp;<\/p>\n<p>Nowa mieszanka klock\u00f3w Greenstuff zapewnia znaczn\u0105 popraw\u0119 si\u0142y hamowania.<br \/>\nSportowe klocki hamulcowe Greenstuff zapewniaj\u0105 wyj\u0105tkow\u0105 skuteczno\u015b\u0107 hamowania, nawet gdy uk\u0142ad hamulcowy jest zimny.<br \/>\nEfektywny zakres roboczy tej pow\u0142oki rozci\u0105ga si\u0119 do temperatury 650\u00b0C.<br \/>\nPodobnie jak wszystkie klocki hamulcowe EBC w sektorze motoryzacyjnym, wszystkie sportowe klocki hamulcowe EBC Greenstuff maj\u0105 pow\u0142ok\u0119 docieraj\u0105c\u0105, \u0142amane kraw\u0119dzie, rowek termiczny i pow\u0142ok\u0119 proszkow\u0105.<\/p>\n<p>&nbsp;<\/p>\n<p>Cechy:<\/p>\n<p>- Zmniejszona ilo\u015b\u0107 py\u0142u hamulcowego<br \/>\n- \u015aredni okres u\u017cytkowania<br \/>\n- Delikatny dla tarcz hamulcowych<br \/>\n- Ekonomiczna poprawa skuteczno\u015bci hamowania<\/p>\n<p>&nbsp;<\/p>\n<div id=\"attachment_68255968\" style=\"width: 460px\" class=\"wp-caption alignnone\"><img decoding=\"async\" aria-describedby=\"caption-attachment-68255968\" class=\"wp-image-68255968\" src=\"https:\/\/kraftwerk-shop.cc\/wp-content\/uploads\/2021\/09\/EBC_Greenstuff_Info-300x229.png\" alt=\"Cechy klock\u00f3w hamulcowych EBC Greenstuff do samochod\u00f3w Chrysler, Dodge i Jeep\" width=\"450\" height=\"343\" \/><p id=\"caption-attachment-68255968\" class=\"wp-caption-text\">Charakterystyka klock\u00f3w hamulcowych EBC Greenstuff<\/p><\/div>\n<p>&nbsp;<\/p>\n<p>Numer OE (tylko do cel\u00f3w por\u00f3wnawczych):  05174311AA , 05174311AB , 05174311AC , 5174311AA , 5174311AB , 5174311AC , 68144213AA , K05174311AC , 68002193AA , K68002193AA<br \/>\nAutoryzacja: bez<\/p>\n<p>Miejsce instalacji: O\u015b przednia<\/p>\n<p>&nbsp;<\/p>\n<p><strong>Odpowiedni dla:<\/strong><\/p>\n<table width=\"0\">\n<tbody>\n<tr>\n<td width=\"64\">Jeep<\/td>\n<td width=\"117\">Grand Cherokee<\/td>\n<td width=\"137\">6.1<\/td>\n<td width=\"391\">wszystkie lata budowy<\/td>\n<\/tr>\n<\/tbody>\n<\/table>\n<p>&nbsp;<\/p>\n<p><strong>Zakres dostawy: <\/strong><\/p>\n<p>- 1 zestaw klock\u00f3w hamulcowych EBC Greenstuff (DP61764) na przedni\u0105 o\u015b<\/p>","protected":false},"excerpt":{"rendered":"<p>EBC Greenstuff Bremsbel\u00e4ge f\u00fcr Jeep Grand Cherokee 6.1 SRT8 (Vorderachse) &nbsp; Durch die neue Greenstuff Belagsmischung wird eine deutliche Verbesserung<\/p>","protected":false},"featured_media":68274356,"comment_status":"open","ping_status":"closed","template":"","meta":{"_acf_changed":false},"product_brand":[16875],"product_cat":[17956],"product_tag":[92,17915,1046,590,795,840,2173,964,2442,16877,16876,16878,56,971,126,50,4425,36,2138,970,96,164,2139,842,841,673,2135,2137],"class_list":{"0":"post-68255972","1":"product","2":"type-product","3":"status-publish","4":"has-post-thumbnail","6":"product_brand-ebc-brakes","7":"product_cat-grand-cherokee-61-bremsbelaege-vorne","8":"product_tag-6-1","9":"product_tag-68002193aa","10":"product_tag-abe","11":"product_tag-bremsbelaege","12":"product_tag-bremse","13":"product_tag-bremskloetze","14":"product_tag-dp61764","15":"product_tag-ebc","16":"product_tag-ebc-brakes","17":"product_tag-ebc-bremsbelaege","18":"product_tag-ebc-bremsen","19":"product_tag-ebc-bremsscheiben","20":"product_tag-grand-cherokee","21":"product_tag-greenstuff","22":"product_tag-hemi","23":"product_tag-jeep","24":"product_tag-jeep-grand-cherokee","25":"product_tag-kraftwerk","26":"product_tag-reg90","27":"product_tag-sportbremsbelaege","28":"product_tag-srt","29":"product_tag-srt8","30":"product_tag-tuev","31":"product_tag-vorderachse","32":"product_tag-vorne","33":"product_tag-zubehoer","34":"product_tag-zubehoerbremsbelaege","35":"product_tag-zulassung","37":"first","38":"onbackorder","39":"taxable","40":"shipping-taxable","41":"purchasable","42":"product-type-simple"},"bundled_by":[],"bundle_stock_status":"onbackorder","bundle_stock_quantity":0,"bundle_virtual":false,"bundle_layout":"","bundle_add_to_cart_form_location":"","bundle_editable_in_cart":false,"bundle_sold_individually_context":"","bundle_item_grouping":"","bundle_min_size":"","bundle_max_size":"","bundle_price":[],"bundled_items":[],"bundle_sell_ids":[],"exclude_global_add_ons":[],"addons":[],"acf":[],"_links":{"self":[{"href":"https:\/\/kraftwerk-shop.cc\/pl\/wp-json\/wp\/v2\/product\/68255972","targetHints":{"allow":["GET"]}}],"collection":[{"href":"https:\/\/kraftwerk-shop.cc\/pl\/wp-json\/wp\/v2\/product"}],"about":[{"href":"https:\/\/kraftwerk-shop.cc\/pl\/wp-json\/wp\/v2\/types\/product"}],"replies":[{"embeddable":true,"href":"https:\/\/kraftwerk-shop.cc\/pl\/wp-json\/wp\/v2\/comments?post=68255972"}],"version-history":[{"count":0,"href":"https:\/\/kraftwerk-shop.cc\/pl\/wp-json\/wp\/v2\/product\/68255972\/revisions"}],"wp:featuredmedia":[{"embeddable":true,"href":"https:\/\/kraftwerk-shop.cc\/pl\/wp-json\/wp\/v2\/media\/68274356"}],"wp:attachment":[{"href":"https:\/\/kraftwerk-shop.cc\/pl\/wp-json\/wp\/v2\/media?parent=68255972"}],"wp:term":[{"taxonomy":"product_brand","embeddable":true,"href":"https:\/\/kraftwerk-shop.cc\/pl\/wp-json\/wp\/v2\/product_brand?post=68255972"},{"taxonomy":"product_cat","embeddable":true,"href":"https:\/\/kraftwerk-shop.cc\/pl\/wp-json\/wp\/v2\/product_cat?post=68255972"},{"taxonomy":"product_tag","embeddable":true,"href":"https:\/\/kraftwerk-shop.cc\/pl\/wp-json\/wp\/v2\/product_tag?post=68255972"}],"curies":[{"name":"wp","href":"https:\/\/api.w.org\/{rel}","templated":true}]}}