{"id":68255976,"date":"2021-09-26T13:50:00","date_gmt":"2021-09-26T11:50:00","guid":{"rendered":"https:\/\/kraftwerk-gruppe.de\/?post_type=product&#038;p=68255976"},"modified":"2026-02-15T00:51:43","modified_gmt":"2026-02-14T23:51:43","slug":"klocki-hamulcowe-ebc-greenstuff-dp61872","status":"publish","type":"product","link":"https:\/\/kraftwerk-shop.cc\/pl\/produkt\/ebc-greenstuff-bremsbelaege-dp61872\/","title":{"rendered":"Klocki hamulcowe EBC Greenstuff DP61872"},"content":{"rendered":"<h1>Klocki hamulcowe EBC Greenstuff do Dodge Durango 3.6, 5.7 i Jeep Grand Cherokee 3.0 MultiJet, 3.6 i 5.7 od 2011 (tylna o\u015b)<\/h1>\n<p>&nbsp;<\/p>\n<p>Nowa mieszanka klock\u00f3w Greenstuff zapewnia znaczn\u0105 popraw\u0119 si\u0142y hamowania.<br \/>\nSportowe klocki hamulcowe Greenstuff zapewniaj\u0105 wyj\u0105tkow\u0105 skuteczno\u015b\u0107 hamowania, nawet gdy uk\u0142ad hamulcowy jest zimny.<br \/>\nEfektywny zakres roboczy tej pow\u0142oki rozci\u0105ga si\u0119 do temperatury 650\u00b0C.<br \/>\nPodobnie jak wszystkie klocki hamulcowe EBC w sektorze motoryzacyjnym, wszystkie sportowe klocki hamulcowe EBC Greenstuff maj\u0105 pow\u0142ok\u0119 docieraj\u0105c\u0105, \u0142amane kraw\u0119dzie, rowek termiczny i pow\u0142ok\u0119 proszkow\u0105.<\/p>\n<p>&nbsp;<\/p>\n<p>Cechy:<\/p>\n<p>- Zmniejszona ilo\u015b\u0107 py\u0142u hamulcowego<br \/>\n- \u015aredni okres u\u017cytkowania<br \/>\n- Delikatny dla tarcz hamulcowych<br \/>\n- Ekonomiczna poprawa skuteczno\u015bci hamowania<\/p>\n<p>&nbsp;<\/p>\n<div id=\"attachment_68255968\" style=\"width: 460px\" class=\"wp-caption alignnone\"><img decoding=\"async\" aria-describedby=\"caption-attachment-68255968\" class=\"wp-image-68255968\" src=\"https:\/\/kraftwerk-shop.cc\/wp-content\/uploads\/2021\/09\/EBC_Greenstuff_Info-300x229.png\" alt=\"Cechy klock\u00f3w hamulcowych EBC Greenstuff do samochod\u00f3w Chrysler, Dodge i Jeep\" width=\"450\" height=\"343\" \/><p id=\"caption-attachment-68255968\" class=\"wp-caption-text\">Charakterystyka klock\u00f3w hamulcowych EBC Greenstuff<\/p><\/div>\n<p>&nbsp;<\/p>\n<p>Numer OE (tylko do cel\u00f3w por\u00f3wnawczych): 68052386AA<br \/>\nAutoryzacja: nie<\/p>\n<p>Miejsce instalacji: Tylna o\u015b<\/p>\n<p>&nbsp;<\/p>\n<p><strong>Odpowiedni dla:<\/strong><\/p>\n<table width=\"0\">\n<tbody>\n<tr>\n<td width=\"64\">Dodge<\/td>\n<td width=\"117\">Durango<\/td>\n<td width=\"147\">3.6, 5.7<\/td>\n<td width=\"208\">2011\u20132025<\/td>\n<\/tr>\n<tr>\n<td width=\"64\">Jeep<\/td>\n<td width=\"117\">Grand Cherokee<\/td>\n<td width=\"147\">3.0 MultiJet, 3.6, 5.7<\/td>\n<td width=\"208\">2011\u20132021<\/td>\n<\/tr>\n<\/tbody>\n<\/table>\n<p><strong>\u00a0<\/strong><\/p>\n<p><strong>Zakres dostawy: <\/strong><\/p>\n<p>- 1 zestaw klock\u00f3w hamulcowych EBC Greenstuff (DP61872) na tyln\u0105 o\u015b<\/p>","protected":false},"excerpt":{"rendered":"<p>2011\u20132023<\/p>","protected":false},"featured_media":68274347,"comment_status":"open","ping_status":"closed","template":"","meta":{"_acf_changed":false},"product_brand":[16875],"product_cat":[17917,17921,17937,17942,17952],"product_tag":[572,2136,169,91,2164,1046,590,795,840,49,2178,95,964,2442,16877,16876,16878,56,971,126,798,799,50,4425,36,2138,970,2139,673,2135,2137],"class_list":{"0":"post-68255976","1":"product","2":"type-product","3":"status-publish","4":"has-post-thumbnail","6":"product_brand-ebc-brakes","7":"product_cat-durango-36-bremsbelaege-hinten","8":"product_cat-durango-57-bremsbelaege-hinten","9":"product_cat-grand-cherokee-30-diesel-bremsbelaege-hinten","10":"product_cat-grand-cherokee-36-bremsbelaege-hinten","11":"product_cat-grand-cherokee-57-2011-2021-bremsbelaege-hinten","12":"product_tag-3-0-crd","13":"product_tag-3-0-multijet","14":"product_tag-3-6","15":"product_tag-5-7","16":"product_tag-68052386aa","17":"product_tag-abe","18":"product_tag-bremsbelaege","19":"product_tag-bremse","20":"product_tag-bremskloetze","21":"product_tag-dodge","22":"product_tag-dp61872","23":"product_tag-durango","24":"product_tag-ebc","25":"product_tag-ebc-brakes","26":"product_tag-ebc-bremsbelaege","27":"product_tag-ebc-bremsen","28":"product_tag-ebc-bremsscheiben","29":"product_tag-grand-cherokee","30":"product_tag-greenstuff","31":"product_tag-hemi","32":"product_tag-hinten","33":"product_tag-hinterachse","34":"product_tag-jeep","35":"product_tag-jeep-grand-cherokee","36":"product_tag-kraftwerk","37":"product_tag-reg90","38":"product_tag-sportbremsbelaege","39":"product_tag-tuev","40":"product_tag-zubehoer","41":"product_tag-zubehoerbremsbelaege","42":"product_tag-zulassung","44":"first","45":"onbackorder","46":"taxable","47":"shipping-taxable","48":"purchasable","49":"product-type-simple"},"bundled_by":[],"bundle_stock_status":"onbackorder","bundle_stock_quantity":0,"bundle_virtual":false,"bundle_layout":"","bundle_add_to_cart_form_location":"","bundle_editable_in_cart":false,"bundle_sold_individually_context":"","bundle_item_grouping":"","bundle_min_size":"","bundle_max_size":"","bundle_price":[],"bundled_items":[],"bundle_sell_ids":[],"exclude_global_add_ons":[],"addons":[],"acf":[],"_links":{"self":[{"href":"https:\/\/kraftwerk-shop.cc\/pl\/wp-json\/wp\/v2\/product\/68255976","targetHints":{"allow":["GET"]}}],"collection":[{"href":"https:\/\/kraftwerk-shop.cc\/pl\/wp-json\/wp\/v2\/product"}],"about":[{"href":"https:\/\/kraftwerk-shop.cc\/pl\/wp-json\/wp\/v2\/types\/product"}],"replies":[{"embeddable":true,"href":"https:\/\/kraftwerk-shop.cc\/pl\/wp-json\/wp\/v2\/comments?post=68255976"}],"version-history":[{"count":0,"href":"https:\/\/kraftwerk-shop.cc\/pl\/wp-json\/wp\/v2\/product\/68255976\/revisions"}],"wp:featuredmedia":[{"embeddable":true,"href":"https:\/\/kraftwerk-shop.cc\/pl\/wp-json\/wp\/v2\/media\/68274347"}],"wp:attachment":[{"href":"https:\/\/kraftwerk-shop.cc\/pl\/wp-json\/wp\/v2\/media?parent=68255976"}],"wp:term":[{"taxonomy":"product_brand","embeddable":true,"href":"https:\/\/kraftwerk-shop.cc\/pl\/wp-json\/wp\/v2\/product_brand?post=68255976"},{"taxonomy":"product_cat","embeddable":true,"href":"https:\/\/kraftwerk-shop.cc\/pl\/wp-json\/wp\/v2\/product_cat?post=68255976"},{"taxonomy":"product_tag","embeddable":true,"href":"https:\/\/kraftwerk-shop.cc\/pl\/wp-json\/wp\/v2\/product_tag?post=68255976"}],"curies":[{"name":"wp","href":"https:\/\/api.w.org\/{rel}","templated":true}]}}