{"id":68255977,"date":"2021-09-26T13:50:03","date_gmt":"2021-09-26T11:50:03","guid":{"rendered":"https:\/\/kraftwerk-gruppe.de\/?post_type=product&#038;p=68255977"},"modified":"2026-03-08T00:09:33","modified_gmt":"2026-03-07T23:09:33","slug":"klocki-hamulcowe-ebc-greenstuff-dp21722","status":"publish","type":"product","link":"https:\/\/kraftwerk-shop.cc\/pl\/produkt\/ebc-greenstuff-bremsbelaege-dp21722\/","title":{"rendered":"Klocki hamulcowe EBC Greenstuff DP21722\/2"},"content":{"rendered":"<h1>Klocki hamulcowe EBC Greenstuff do Chrysler 300C, Dodge Challenger, Charger, Magnum i Lancia Thema 3.0 CRD, 3.5, 3.6 i 5.7 (tylna o\u015b)<\/h1>\n<p>&nbsp;<\/p>\n<p>Nowa mieszanka klock\u00f3w Greenstuff zapewnia znaczn\u0105 popraw\u0119 si\u0142y hamowania.<br \/>\nSportowe klocki hamulcowe Greenstuff zapewniaj\u0105 wyj\u0105tkow\u0105 skuteczno\u015b\u0107 hamowania, nawet gdy uk\u0142ad hamulcowy jest zimny.<br \/>\nEfektywny zakres roboczy tej pow\u0142oki rozci\u0105ga si\u0119 do temperatury 650\u00b0C.<br \/>\nPodobnie jak wszystkie klocki hamulcowe EBC w sektorze motoryzacyjnym, wszystkie sportowe klocki hamulcowe EBC Greenstuff maj\u0105 pow\u0142ok\u0119 docieraj\u0105c\u0105, \u0142amane kraw\u0119dzie, rowek termiczny i pow\u0142ok\u0119 proszkow\u0105.<\/p>\n<p>&nbsp;<\/p>\n<p>Cechy:<\/p>\n<p>- Zmniejszona ilo\u015b\u0107 py\u0142u hamulcowego<br \/>\n- \u015aredni okres u\u017cytkowania<br \/>\n- Delikatny dla tarcz hamulcowych<br \/>\n- Ekonomiczna poprawa skuteczno\u015bci hamowania<\/p>\n<p>&nbsp;<\/p>\n<div id=\"attachment_68255968\" style=\"width: 460px\" class=\"wp-caption alignnone\"><img decoding=\"async\" aria-describedby=\"caption-attachment-68255968\" class=\"wp-image-68255968\" src=\"https:\/\/kraftwerk-shop.cc\/wp-content\/uploads\/2021\/09\/EBC_Greenstuff_Info-300x229.png\" alt=\"Cechy klock\u00f3w hamulcowych EBC Greenstuff do samochod\u00f3w Chrysler, Dodge i Jeep\" width=\"450\" height=\"343\" \/><p id=\"caption-attachment-68255968\" class=\"wp-caption-text\">Charakterystyka klock\u00f3w hamulcowych EBC Greenstuff<\/p><\/div>\n<p>&nbsp;<\/p>\n<p>Numer OE (tylko do cel\u00f3w por\u00f3wnawczych): 5139191AA , 5142561AA, 5142561AB, 5142566AA, 5142566AB, 5142566AC <span class=\"list-value sku-display\">68504576AA<\/span>, <span class=\"list-value sku-display\">68504576AB<\/span><br \/>\nZatwierdzenie: REG90<\/p>\n<p>Miejsce instalacji: Tylna o\u015b<\/p>\n<p>&nbsp;<\/p>\n<p><strong>Odpowiedni dla:<\/strong><\/p>\n<table width=\"0\">\n<tbody>\n<tr>\n<td width=\"64\">Chrysler<\/td>\n<td width=\"100\">300C<\/td>\n<td width=\"163\">3.0 CRD, 3.5, 3.6, 5.7<\/td>\n<td width=\"305\">wszystkie lata budowy<\/td>\n<\/tr>\n<tr>\n<td width=\"64\">Dodge<\/td>\n<td width=\"100\">Challenger<\/td>\n<td width=\"163\">3.5, 3.6, 5.7<\/td>\n<td width=\"305\">wszystkie lata budowy<\/td>\n<\/tr>\n<tr>\n<td width=\"64\">Dodge<\/td>\n<td width=\"100\">Charger<\/td>\n<td width=\"163\">3.5, 3.6, 5.7<\/td>\n<td width=\"305\">wszystkie lata budowy<\/td>\n<\/tr>\n<tr>\n<td width=\"64\">Dodge<\/td>\n<td width=\"100\">Magnum<\/td>\n<td width=\"163\">3.5, 5.7<\/td>\n<td width=\"305\">wszystkie lata budowy<\/td>\n<\/tr>\n<tr>\n<td width=\"64\">Lancia<\/td>\n<td width=\"100\">Temat<\/td>\n<td width=\"163\">3.0 MultiJet, 3.6<\/td>\n<td width=\"305\">wszystkie lata budowy<\/td>\n<\/tr>\n<\/tbody>\n<\/table>\n<p><strong>\u00a0<\/strong><\/p>\n<p><strong>Zakres dostawy: <\/strong><\/p>\n<p>- 1 zestaw klock\u00f3w hamulcowych EBC Greenstuff (DP21722\/2) na tyln\u0105 o\u015b<\/p>","protected":false},"excerpt":{"rendered":"<p>Klocki hamulcowe EBC Greenstuff do Chrysler 300C, Dodge Challenger, Charger, Magnum i Lancia Thema 3.0 CRD, 3.5, 3.6 i 5.7 (tylna o\u015b)<\/p>","protected":false},"featured_media":68274344,"comment_status":"open","ping_status":"closed","template":"","meta":{"_acf_changed":false},"product_brand":[16875],"product_cat":[17711,17716,17720,17724,17728,17710,17704,17702,17740,17744,17748,17752,17768,17772],"product_tag":[18219,18220,18221,18222,18223,18224,87,572,2136,88,169,52,91,2140,2141,2142,2143,2144,2145,21021,21020,1046,590,795,840,54,53,48,536,49,3853,3854,2179,964,2442,16877,16876,16878,971,126,798,799,36,173,55,2138,970,174,2139,673,2135,2137],"class_list":{"0":"post-68255977","1":"product","2":"type-product","3":"status-publish","4":"has-post-thumbnail","6":"product_brand-ebc-brakes","7":"product_cat-300c-30-diesel-bremsbelaege-hinten","8":"product_cat-300c-35-bremsbelaege-hinten","9":"product_cat-300c-36-bremsbelaege-hinten","10":"product_cat-300c-57-2005-2010-bremsbelaege-hinten","11":"product_cat-300c-57-2011-2023-bremsbelaege-hinten","12":"product_cat-challenger-35-bremsbelaege-hinten","13":"product_cat-challenger-36-bremsbelaege-hinten","14":"product_cat-challenger-57-bremsbelaege-hinten","15":"product_cat-charger-35-bremsbelaege-hinten","16":"product_cat-charger-36-bremsbelaege-hinten","17":"product_cat-charger-57-bremsbelaege-hinten","18":"product_cat-charger-57-2011-2023-bremsbelaege-hinten","19":"product_cat-magnum-35-bremsbelaege-hinten","20":"product_cat-magnum-57-bremsbelaege-hinten","21":"product_tag-05139191aa","22":"product_tag-05142561aa","23":"product_tag-05142561ab","24":"product_tag-05142566aa","25":"product_tag-05142566ab","26":"product_tag-05142566ac","27":"product_tag-2-7","28":"product_tag-3-0-crd","29":"product_tag-3-0-multijet","30":"product_tag-3-5","31":"product_tag-3-6","32":"product_tag-300c","33":"product_tag-5-7","34":"product_tag-5139191aa","35":"product_tag-5142561aa","36":"product_tag-5142561ab","37":"product_tag-5142566aa","38":"product_tag-5142566ab","39":"product_tag-5142566ac","40":"product_tag-68504576aa","41":"product_tag-68504576ab","42":"product_tag-abe","43":"product_tag-bremsbelaege","44":"product_tag-bremse","45":"product_tag-bremskloetze","46":"product_tag-challenger","47":"product_tag-charger","48":"product_tag-chrysler","49":"product_tag-chrysler-300c","50":"product_tag-dodge","51":"product_tag-dodge-challenger","52":"product_tag-dodge-charger","53":"product_tag-dp21722-2","54":"product_tag-ebc","55":"product_tag-ebc-brakes","56":"product_tag-ebc-bremsbelaege","57":"product_tag-ebc-bremsen","58":"product_tag-ebc-bremsscheiben","59":"product_tag-greenstuff","60":"product_tag-hemi","61":"product_tag-hinten","62":"product_tag-hinterachse","63":"product_tag-kraftwerk","64":"product_tag-lancia","65":"product_tag-magnum","66":"product_tag-reg90","67":"product_tag-sportbremsbelaege","68":"product_tag-thema","69":"product_tag-tuev","70":"product_tag-zubehoer","71":"product_tag-zubehoerbremsbelaege","72":"product_tag-zulassung","74":"first","75":"onbackorder","76":"taxable","77":"shipping-taxable","78":"purchasable","79":"product-type-simple"},"bundled_by":[],"bundle_stock_status":"onbackorder","bundle_stock_quantity":0,"bundle_virtual":false,"bundle_layout":"","bundle_add_to_cart_form_location":"","bundle_editable_in_cart":false,"bundle_sold_individually_context":"","bundle_item_grouping":"","bundle_min_size":"","bundle_max_size":"","bundle_price":[],"bundled_items":[],"bundle_sell_ids":[],"exclude_global_add_ons":[],"addons":[],"acf":[],"_links":{"self":[{"href":"https:\/\/kraftwerk-shop.cc\/pl\/wp-json\/wp\/v2\/product\/68255977","targetHints":{"allow":["GET"]}}],"collection":[{"href":"https:\/\/kraftwerk-shop.cc\/pl\/wp-json\/wp\/v2\/product"}],"about":[{"href":"https:\/\/kraftwerk-shop.cc\/pl\/wp-json\/wp\/v2\/types\/product"}],"replies":[{"embeddable":true,"href":"https:\/\/kraftwerk-shop.cc\/pl\/wp-json\/wp\/v2\/comments?post=68255977"}],"version-history":[{"count":0,"href":"https:\/\/kraftwerk-shop.cc\/pl\/wp-json\/wp\/v2\/product\/68255977\/revisions"}],"wp:featuredmedia":[{"embeddable":true,"href":"https:\/\/kraftwerk-shop.cc\/pl\/wp-json\/wp\/v2\/media\/68274344"}],"wp:attachment":[{"href":"https:\/\/kraftwerk-shop.cc\/pl\/wp-json\/wp\/v2\/media?parent=68255977"}],"wp:term":[{"taxonomy":"product_brand","embeddable":true,"href":"https:\/\/kraftwerk-shop.cc\/pl\/wp-json\/wp\/v2\/product_brand?post=68255977"},{"taxonomy":"product_cat","embeddable":true,"href":"https:\/\/kraftwerk-shop.cc\/pl\/wp-json\/wp\/v2\/product_cat?post=68255977"},{"taxonomy":"product_tag","embeddable":true,"href":"https:\/\/kraftwerk-shop.cc\/pl\/wp-json\/wp\/v2\/product_tag?post=68255977"}],"curies":[{"name":"wp","href":"https:\/\/api.w.org\/{rel}","templated":true}]}}