{"id":68256003,"date":"2021-09-26T16:59:33","date_gmt":"2021-09-26T14:59:33","guid":{"rendered":"https:\/\/kraftwerk-gruppe.de\/?post_type=product&#038;p=68256003"},"modified":"2026-02-15T00:46:13","modified_gmt":"2026-02-14T23:46:13","slug":"klocki-hamulcowe-ebc-redstuff-dp32014c","status":"publish","type":"product","link":"https:\/\/kraftwerk-shop.cc\/pl\/produkt\/ebc-redstuff-bremsbelaege-dp32014c\/","title":{"rendered":"Klocki hamulcowe EBC Redstuff DP32014C"},"content":{"rendered":"<h1>Klocki hamulcowe EBC Redstuff do Chevrolet Camaro 3.6 V6 od 2010 do 2015 (o\u015b przednia)<\/h1>\n<p>&nbsp;<\/p>\n<p>Redstuff to druga kategoria sportowych klock\u00f3w hamulcowych EBC.<\/p>\n<p>Ten wysokowydajny klocek hamulcowy sk\u0142ada si\u0119 z w\u0142\u00f3kien Kevlar\u00ae i cz\u0105stek ceramicznych i zosta\u0142 opracowany specjalnie dla pojazd\u00f3w drogowych o du\u017cym nat\u0119\u017ceniu ruchu. Powstawanie py\u0142u hamulcowego jest minimalne, a wytworzony py\u0142 hamulcowy mo\u017cna \u0142atwo zmy\u0107 z felg wod\u0105. Nie s\u0105 wymagane \u017cadne agresywne \u015brodki do czyszczenia felg i nie ma ju\u017c ryzyka uszkodzenia felg py\u0142em hamulcowym.<\/p>\n<p>Pomimo stosunkowo twardego materia\u0142u klocka hamulcowego, nasz klocek Redstuff osi\u0105ga bardzo wysoki wsp\u00f3\u0142czynnik tarcia (0,5), a tym samym zapewnia wi\u0119ksz\u0105 si\u0142\u0119 hamowania i szybsze zwalnianie pojazdu bez nadmiernego obci\u0105\u017cania tarczy hamulcowej. Doskona\u0142a skuteczno\u015b\u0107 hamowania jest osi\u0105gana nawet wtedy, gdy hamulce s\u0105 zimne. Poprawia si\u0119 ona wraz ze wzrostem temperatury klock\u00f3w hamulcowych. Nieograniczony zakres roboczy tego klocka si\u0119ga 750\u00b0C.<br \/>\nPodobnie jak wszystkie klocki hamulcowe EBC w sektorze motoryzacyjnym, wszystkie sportowe klocki hamulcowe EBC Greenstuff maj\u0105 pow\u0142ok\u0119 docieraj\u0105c\u0105, \u0142amane kraw\u0119dzie, rowek termiczny i pow\u0142ok\u0119 proszkow\u0105.<\/p>\n<p>&nbsp;<\/p>\n<p>Cechy:<\/p>\n<p>- Zmniejszona ilo\u015b\u0107 py\u0142u hamulcowego<br \/>\n- \u015aredni okres u\u017cytkowania<br \/>\n- Delikatny dla tarcz hamulcowych<br \/>\n- Ekonomiczna poprawa skuteczno\u015bci hamowania<\/p>\n<div id=\"attachment_68255994\" style=\"width: 460px\" class=\"wp-caption alignnone\"><img decoding=\"async\" aria-describedby=\"caption-attachment-68255994\" class=\"wp-image-68255994\" src=\"https:\/\/kraftwerk-shop.cc\/wp-content\/uploads\/2021\/09\/EBC_Redstuff_Info-300x229.jpg\" alt=\"EBC Redstuff Chrysler, Dodge, Jeep\" width=\"450\" height=\"343\" \/><p id=\"caption-attachment-68255994\" class=\"wp-caption-text\">Charakterystyka klock\u00f3w hamulcowych EBC Redstuff<\/p><\/div>\n<p>&nbsp;<\/p>\n<p>Numer OE (tylko do cel\u00f3w por\u00f3wnawczych): 13237751, 92230269<br \/>\nZatwierdzenie: REG90<\/p>\n<p>Miejsce instalacji: O\u015b przednia<\/p>\n<p>&nbsp;<\/p>\n<p><strong>Odpowiedni dla:<br \/>\n<\/strong><\/p>\n<table width=\"0\">\n<tbody>\n<tr>\n<td width=\"66\">Chevrolet<\/td>\n<td width=\"97\">Camaro<\/td>\n<td width=\"137\">3,6 do 2015 r.<\/td>\n<\/tr>\n<\/tbody>\n<\/table>\n<p><strong>\u00a0<\/strong><\/p>\n<p><strong>Zakres dostawy: <\/strong><\/p>\n<p>- 1 zestaw klock\u00f3w hamulcowych EBC Redstuff (DP32014C) na przedni\u0105 o\u015b<\/p>","protected":false},"excerpt":{"rendered":"<p>EBC Redstuff Bremsbel\u00e4ge f\u00fcr Chevrolet Camaro 3.6 V6 von 2010 bis 2015 (Vorderachse) &nbsp; Redstuff ist die 2. Kategorie der<\/p>","protected":false},"featured_media":68274374,"comment_status":"open","ping_status":"closed","template":"","meta":{"_acf_changed":false},"product_brand":[16875],"product_cat":[2677],"product_tag":[2189,169,2190,1046,590,795,840,191,189,190,2188,964,2442,16877,16876,16878,36,972,2138,970,2139,198,842,841,673,2135,2137],"class_list":{"0":"post-68256003","1":"product","2":"type-product","3":"status-publish","4":"has-post-thumbnail","6":"product_brand-ebc-brakes","7":"product_cat-camaro-36-2010-2015-bremsen-vorne","8":"product_tag-2189","9":"product_tag-3-6","10":"product_tag-2190","11":"product_tag-abe","12":"product_tag-bremsbelaege","13":"product_tag-bremse","14":"product_tag-bremskloetze","15":"product_tag-camaro","16":"product_tag-chevrolet","17":"product_tag-chevy","18":"product_tag-dp32014c","19":"product_tag-ebc","20":"product_tag-ebc-brakes","21":"product_tag-ebc-bremsbelaege","22":"product_tag-ebc-bremsen","23":"product_tag-ebc-bremsscheiben","24":"product_tag-kraftwerk","25":"product_tag-redstuff","26":"product_tag-reg90","27":"product_tag-sportbremsbelaege","28":"product_tag-tuev","29":"product_tag-v6","30":"product_tag-vorderachse","31":"product_tag-vorne","32":"product_tag-zubehoer","33":"product_tag-zubehoerbremsbelaege","34":"product_tag-zulassung","36":"first","37":"onbackorder","38":"taxable","39":"shipping-taxable","40":"purchasable","41":"product-type-simple"},"bundled_by":[],"bundle_stock_status":"onbackorder","bundle_stock_quantity":0,"bundle_virtual":false,"bundle_layout":"","bundle_add_to_cart_form_location":"","bundle_editable_in_cart":false,"bundle_sold_individually_context":"","bundle_item_grouping":"","bundle_min_size":"","bundle_max_size":"","bundle_price":[],"bundled_items":[],"bundle_sell_ids":[],"exclude_global_add_ons":[],"addons":[],"acf":[],"_links":{"self":[{"href":"https:\/\/kraftwerk-shop.cc\/pl\/wp-json\/wp\/v2\/product\/68256003","targetHints":{"allow":["GET"]}}],"collection":[{"href":"https:\/\/kraftwerk-shop.cc\/pl\/wp-json\/wp\/v2\/product"}],"about":[{"href":"https:\/\/kraftwerk-shop.cc\/pl\/wp-json\/wp\/v2\/types\/product"}],"replies":[{"embeddable":true,"href":"https:\/\/kraftwerk-shop.cc\/pl\/wp-json\/wp\/v2\/comments?post=68256003"}],"version-history":[{"count":0,"href":"https:\/\/kraftwerk-shop.cc\/pl\/wp-json\/wp\/v2\/product\/68256003\/revisions"}],"wp:featuredmedia":[{"embeddable":true,"href":"https:\/\/kraftwerk-shop.cc\/pl\/wp-json\/wp\/v2\/media\/68274374"}],"wp:attachment":[{"href":"https:\/\/kraftwerk-shop.cc\/pl\/wp-json\/wp\/v2\/media?parent=68256003"}],"wp:term":[{"taxonomy":"product_brand","embeddable":true,"href":"https:\/\/kraftwerk-shop.cc\/pl\/wp-json\/wp\/v2\/product_brand?post=68256003"},{"taxonomy":"product_cat","embeddable":true,"href":"https:\/\/kraftwerk-shop.cc\/pl\/wp-json\/wp\/v2\/product_cat?post=68256003"},{"taxonomy":"product_tag","embeddable":true,"href":"https:\/\/kraftwerk-shop.cc\/pl\/wp-json\/wp\/v2\/product_tag?post=68256003"}],"curies":[{"name":"wp","href":"https:\/\/api.w.org\/{rel}","templated":true}]}}