{"id":68256004,"date":"2021-09-26T16:59:35","date_gmt":"2021-09-26T14:59:35","guid":{"rendered":"https:\/\/kraftwerk-gruppe.de\/?post_type=product&#038;p=68256004"},"modified":"2026-04-06T13:20:34","modified_gmt":"2026-04-06T11:20:34","slug":"klocki-hamulcowe-ebc-redstuff-dp32139c","status":"publish","type":"product","link":"https:\/\/kraftwerk-shop.cc\/pl\/produkt\/ebc-redstuff-bremsbelaege-dp32139c\/","title":{"rendered":"Klocki hamulcowe EBC Redstuff DP32139C"},"content":{"rendered":"<h1>Klocki hamulcowe EBC Redstuff do Chrysler 300C, Dodge Challenger, Charger i Lancia Thema 3.0 MultiJet, 3.6 i 5.7 od 2011 (przednia o\u015b)<\/h1>\n<p>&nbsp;<\/p>\n<p>Redstuff to druga kategoria sportowych klock\u00f3w hamulcowych EBC.<\/p>\n<p>Ten wysokowydajny klocek hamulcowy sk\u0142ada si\u0119 z w\u0142\u00f3kien Kevlar\u00ae i cz\u0105stek ceramicznych i zosta\u0142 opracowany specjalnie dla pojazd\u00f3w drogowych o du\u017cym nat\u0119\u017ceniu ruchu. Powstawanie py\u0142u hamulcowego jest minimalne, a wytworzony py\u0142 hamulcowy mo\u017cna \u0142atwo zmy\u0107 z felg wod\u0105. Nie s\u0105 wymagane \u017cadne agresywne \u015brodki do czyszczenia felg i nie ma ju\u017c ryzyka uszkodzenia felg py\u0142em hamulcowym.<\/p>\n<p>Pomimo stosunkowo twardego materia\u0142u klocka hamulcowego, nasz klocek Redstuff osi\u0105ga bardzo wysoki wsp\u00f3\u0142czynnik tarcia (0,5), a tym samym zapewnia wi\u0119ksz\u0105 si\u0142\u0119 hamowania i szybsze zwalnianie pojazdu bez nadmiernego obci\u0105\u017cania tarczy hamulcowej. Doskona\u0142a skuteczno\u015b\u0107 hamowania jest osi\u0105gana nawet wtedy, gdy hamulce s\u0105 zimne. Poprawia si\u0119 ona wraz ze wzrostem temperatury klock\u00f3w hamulcowych. Nieograniczony zakres roboczy tego klocka si\u0119ga 750\u00b0C.<br \/>\nPodobnie jak wszystkie klocki hamulcowe EBC w sektorze motoryzacyjnym, wszystkie sportowe klocki hamulcowe EBC Greenstuff maj\u0105 pow\u0142ok\u0119 docieraj\u0105c\u0105, \u0142amane kraw\u0119dzie, rowek termiczny i pow\u0142ok\u0119 proszkow\u0105.<\/p>\n<p>&nbsp;<\/p>\n<p>Cechy:<\/p>\n<p>- Zmniejszona ilo\u015b\u0107 py\u0142u hamulcowego<br \/>\n- \u015aredni okres u\u017cytkowania<br \/>\n- Delikatny dla tarcz hamulcowych<br \/>\n- Ekonomiczna poprawa skuteczno\u015bci hamowania<\/p>\n<div id=\"attachment_68255994\" style=\"width: 460px\" class=\"wp-caption alignnone\"><img decoding=\"async\" aria-describedby=\"caption-attachment-68255994\" class=\"wp-image-68255994\" src=\"https:\/\/kraftwerk-shop.cc\/wp-content\/uploads\/2021\/09\/EBC_Redstuff_Info-300x229.jpg\" alt=\"EBC Redstuff Chrysler, Dodge, Jeep\" width=\"450\" height=\"343\" \/><p id=\"caption-attachment-68255994\" class=\"wp-caption-text\">Charakterystyka klock\u00f3w hamulcowych EBC Redstuff<\/p><\/div>\n<p>&nbsp;<\/p>\n<p>Numer OE (tylko do cel\u00f3w por\u00f3wnawczych):  5142559AA, 5142559AB, 68147681AA, 68147681AB<br \/>\nZatwierdzenie: REG90<\/p>\n<p>Miejsce instalacji: O\u015b przednia<\/p>\n<p>&nbsp;<\/p>\n<p><strong>Odpowiedni dla:<br \/>\n<\/strong><\/p>\n<table width=\"0\">\n<tbody>\n<tr>\n<td width=\"64\">Chrysler<\/td>\n<td width=\"115\">300C<\/td>\n<td width=\"152\">3.0 CRD, 3.6, 5.7<\/td>\n<td width=\"301\">Od roku modelowego 2011 z tarczami hamulcowymi 345 mm<\/td>\n<\/tr>\n<tr>\n<td width=\"64\">Dodge<\/td>\n<td width=\"115\">Challenger<\/td>\n<td width=\"152\">3.6, 5.7<\/td>\n<td width=\"301\">Od roku modelowego 2011 z tarczami hamulcowymi 345 mm<\/td>\n<\/tr>\n<tr>\n<td width=\"64\">Dodge<\/td>\n<td width=\"115\">Charger<\/td>\n<td width=\"152\">3.6, 5.7<\/td>\n<td width=\"301\">Od roku modelowego 2011 z tarczami hamulcowymi 345 mm<\/td>\n<\/tr>\n<tr>\n<td width=\"64\">Lancia<\/td>\n<td width=\"115\">Temat<\/td>\n<td width=\"152\">3.0 MultiJet, 3.6<\/td>\n<td width=\"301\">Od roku modelowego 2011 z tarczami hamulcowymi 345 mm<\/td>\n<\/tr>\n<\/tbody>\n<\/table>\n<p><strong>\u00a0<\/strong><\/p>\n<p><strong>Zakres dostawy: <\/strong><\/p>\n<p>- 1 zestaw klock\u00f3w hamulcowych EBC Redstuff (DP32139C) na przedni\u0105 o\u015b<\/p>\n<p>&nbsp;<\/p>\n<p><strong>Uwaga:<\/strong><\/p>\n<p>Przed z\u0142o\u017ceniem zam\u00f3wienia nale\u017cy sprawdzi\u0107, czy z przodu pojazdu zamontowane s\u0105 tarcze hamulcowe o \u015brednicy 345 mm czy 320 mm.<br \/>\nDla orientacji mo\u017cna por\u00f3wna\u0107 rozmiar przedniej i tylnej tarczy hamulcowej.<br \/>\nTylne tarcze hamulcowe maj\u0105 zawsze \u015brednic\u0119 320 mm.<\/p>","protected":false},"excerpt":{"rendered":"<p>Nadaje si\u0119 do tarcz hamulcowych 345 mm od 2011 r.<\/p>","protected":false},"featured_media":68274371,"comment_status":"open","ping_status":"closed","template":"","meta":{"_acf_changed":false},"product_brand":[16875],"product_cat":[17712,17715,17719,17723,17727,17709,17703,17701,17739,17743,17747,17751],"product_tag":[2481,2482,87,2192,572,2136,88,169,52,91,2170,2171,2153,2172,1046,590,795,840,54,53,48,536,49,3853,3854,2191,964,2442,16877,16876,16878,126,36,173,55,972,2138,970,174,2139,842,841,673,2135,2137],"class_list":{"0":"post-68256004","1":"product","2":"type-product","3":"status-publish","4":"has-post-thumbnail","6":"product_brand-ebc-brakes","7":"product_cat-300c-30-diesel-bremsbelaege-vorne","8":"product_cat-300c-35-bremsbelaege-vorne","9":"product_cat-300c-36-bremsbelaege-vorne","10":"product_cat-300c-57-2005-2010-bremsbelaege-vorne","11":"product_cat-300c-57-2011-2023-bremsbelaege-vorne","12":"product_cat-challenger-35-bremsbelaege-vorne","13":"product_cat-challenger-36-bremsbelaege-vorne","14":"product_cat-challenger-57-bremsbelaege-vorne","15":"product_cat-charger-35-bremsbelaege-vorne","16":"product_cat-charger-36-bremsbelaege-vorne","17":"product_cat-charger-57-bremsbelaege-vorne","18":"product_cat-charger-57-2011-2023-bremsbelaege-vorne","19":"product_tag-05142559aa","20":"product_tag-05142559ab","21":"product_tag-2-7","22":"product_tag-245-mm","23":"product_tag-3-0-crd","24":"product_tag-3-0-multijet","25":"product_tag-3-5","26":"product_tag-3-6","27":"product_tag-300c","28":"product_tag-5-7","29":"product_tag-5142559aa","30":"product_tag-5142559ab","31":"product_tag-68147681aa","32":"product_tag-68147681ab","33":"product_tag-abe","34":"product_tag-bremsbelaege","35":"product_tag-bremse","36":"product_tag-bremskloetze","37":"product_tag-challenger","38":"product_tag-charger","39":"product_tag-chrysler","40":"product_tag-chrysler-300c","41":"product_tag-dodge","42":"product_tag-dodge-challenger","43":"product_tag-dodge-charger","44":"product_tag-dp32139c","45":"product_tag-ebc","46":"product_tag-ebc-brakes","47":"product_tag-ebc-bremsbelaege","48":"product_tag-ebc-bremsen","49":"product_tag-ebc-bremsscheiben","50":"product_tag-hemi","51":"product_tag-kraftwerk","52":"product_tag-lancia","53":"product_tag-magnum","54":"product_tag-redstuff","55":"product_tag-reg90","56":"product_tag-sportbremsbelaege","57":"product_tag-thema","58":"product_tag-tuev","59":"product_tag-vorderachse","60":"product_tag-vorne","61":"product_tag-zubehoer","62":"product_tag-zubehoerbremsbelaege","63":"product_tag-zulassung","65":"first","66":"onbackorder","67":"taxable","68":"shipping-taxable","69":"purchasable","70":"product-type-simple"},"bundled_by":[],"bundle_stock_status":"onbackorder","bundle_stock_quantity":0,"bundle_virtual":false,"bundle_layout":"","bundle_add_to_cart_form_location":"","bundle_editable_in_cart":false,"bundle_sold_individually_context":"","bundle_item_grouping":"","bundle_min_size":"","bundle_max_size":"","bundle_price":[],"bundled_items":[],"bundle_sell_ids":[],"exclude_global_add_ons":[],"addons":[],"acf":[],"_links":{"self":[{"href":"https:\/\/kraftwerk-shop.cc\/pl\/wp-json\/wp\/v2\/product\/68256004","targetHints":{"allow":["GET"]}}],"collection":[{"href":"https:\/\/kraftwerk-shop.cc\/pl\/wp-json\/wp\/v2\/product"}],"about":[{"href":"https:\/\/kraftwerk-shop.cc\/pl\/wp-json\/wp\/v2\/types\/product"}],"replies":[{"embeddable":true,"href":"https:\/\/kraftwerk-shop.cc\/pl\/wp-json\/wp\/v2\/comments?post=68256004"}],"version-history":[{"count":0,"href":"https:\/\/kraftwerk-shop.cc\/pl\/wp-json\/wp\/v2\/product\/68256004\/revisions"}],"wp:featuredmedia":[{"embeddable":true,"href":"https:\/\/kraftwerk-shop.cc\/pl\/wp-json\/wp\/v2\/media\/68274371"}],"wp:attachment":[{"href":"https:\/\/kraftwerk-shop.cc\/pl\/wp-json\/wp\/v2\/media?parent=68256004"}],"wp:term":[{"taxonomy":"product_brand","embeddable":true,"href":"https:\/\/kraftwerk-shop.cc\/pl\/wp-json\/wp\/v2\/product_brand?post=68256004"},{"taxonomy":"product_cat","embeddable":true,"href":"https:\/\/kraftwerk-shop.cc\/pl\/wp-json\/wp\/v2\/product_cat?post=68256004"},{"taxonomy":"product_tag","embeddable":true,"href":"https:\/\/kraftwerk-shop.cc\/pl\/wp-json\/wp\/v2\/product_tag?post=68256004"}],"curies":[{"name":"wp","href":"https:\/\/api.w.org\/{rel}","templated":true}]}}