{"id":68256033,"date":"2021-09-26T19:21:59","date_gmt":"2021-09-26T17:21:59","guid":{"rendered":"https:\/\/kraftwerk-gruppe.de\/?post_type=product&#038;p=68256033"},"modified":"2026-02-15T00:50:27","modified_gmt":"2026-02-14T23:50:27","slug":"klocki-hamulcowe-ebc-yellowstuff-dp42014r","status":"publish","type":"product","link":"https:\/\/kraftwerk-shop.cc\/pl\/produkt\/ebc-yellowstuff-bremsbelaege-dp42014r\/","title":{"rendered":"Klocki hamulcowe EBC Yellowstuff DP42014R"},"content":{"rendered":"<h1>Klocki hamulcowe EBC Yellowstuff do Chevroleta Camaro 3.6 od 2010 do 2015 (o\u015b przednia)<\/h1>\n<p>&nbsp;<\/p>\n<p>Yellowstuff to 3 kategoria sportowych klock\u00f3w hamulcowych EBC.<\/p>\n<p>Ta mieszanka klock\u00f3w hamulcowych oparta jest na w\u0142\u00f3knach aramidowych.<br \/>\nOgromny zakres roboczy (do 900\u00b0C) umo\u017cliwia u\u017cytkowanie zar\u00f3wno w ruchu drogowym, jak i na torze wy\u015bcigowym.<br \/>\nDzi\u0119ki swoim w\u0142a\u015bciwo\u015bciom nawierzchnia ta jest r\u00f3wnie\u017c idealna dla bardzo ci\u0119\u017ckich pojazd\u00f3w lub pojazd\u00f3w, kt\u00f3re s\u0105 nap\u0119dzane dodatkowymi \u0142adunkami (np. przyczepy).<\/p>\n<p>Ten klocek hamulcowy zapewnia doskona\u0142e warto\u015bci op\u00f3\u017anienia, nawet gdy hamulce s\u0105 zimne.<br \/>\nJednak wraz ze wzrostem temperatury \"ugryzienie\" tego sportowego klocka hamulcowego staje si\u0119 znacznie bardziej agresywne, co prowadzi do jeszcze lepszych warto\u015bci hamowania.<br \/>\nDzi\u0119ki \"mi\u0119kkiej\" mieszance klock\u00f3w, sportowe klocki hamulcowe Yellowstuff mog\u0105 by\u0107 szybko docierane i s\u0105 wyj\u0105tkowo delikatne dla tarcz hamulcowych.<\/p>\n<p>Pomimo d\u0142ugiej \u017cywotno\u015bci ten sportowy klocek hamulcowy powoduje wysoki poziom py\u0142u hamulcowego, ale podobnie jak w przypadku wszystkich klock\u00f3w hamulcowych EBC, nie powstaje agresywny py\u0142 hamulcowy.<\/p>\n<p>Podobnie jak wszystkie klocki hamulcowe EBC w sektorze motoryzacyjnym, wszystkie sportowe klocki hamulcowe EBC Greenstuff maj\u0105 pow\u0142ok\u0119 docieraj\u0105c\u0105, \u0142amane kraw\u0119dzie, rowek termiczny i pow\u0142ok\u0119 proszkow\u0105.<\/p>\n<p>&nbsp;<\/p>\n<div id=\"attachment_68256022\" style=\"width: 460px\" class=\"wp-caption alignnone\"><img decoding=\"async\" aria-describedby=\"caption-attachment-68256022\" class=\"wp-image-68256022\" src=\"https:\/\/kraftwerk-shop.cc\/wp-content\/uploads\/2021\/09\/EBC_Yellowstuff_Info-300x229.jpg\" alt=\"EBC Yellowstuff Chrysler, Dodge, Jeep\" width=\"450\" height=\"343\" \/><p id=\"caption-attachment-68256022\" class=\"wp-caption-text\">Charakterystyka klock\u00f3w hamulcowych EBC Yellowstuff<\/p><\/div>\n<p>&nbsp;<\/p>\n<p>Numer OE (tylko do cel\u00f3w por\u00f3wnawczych): 13237751, 92230269, 13237751<br \/>\nZatwierdzenie: REG90<\/p>\n<p>Miejsce instalacji: O\u015b przednia<\/p>\n<p>&nbsp;<\/p>\n<p><strong>Odpowiedni dla:<br \/>\n<\/strong><\/p>\n<table width=\"0\">\n<tbody>\n<tr>\n<td width=\"66\">Chevrolet<\/td>\n<td width=\"97\">Camaro<\/td>\n<td width=\"137\">3,6 do 2015 r.<\/td>\n<\/tr>\n<\/tbody>\n<\/table>\n<p><strong>\u00a0<\/strong><\/p>\n<p><strong>Zakres dostawy: <\/strong><\/p>\n<p>- 1 zestaw klock\u00f3w hamulcowych EBC Yellowstuff (DP42014R) na przedni\u0105 o\u015b<\/p>","protected":false},"excerpt":{"rendered":"<p>Klocki hamulcowe EBC Yellowstuff dla Chevrolet Camaro 3.6 od 2010 do 2015 (przednia o\u015b) Yellowstuff to 3 kategoria klock\u00f3w EBC.<\/p>","protected":false},"featured_media":68274418,"comment_status":"open","ping_status":"closed","template":"","meta":{"_acf_changed":false},"product_brand":[16875],"product_cat":[2677],"product_tag":[2189,169,2190,1046,590,795,840,191,189,2204,964,2442,16877,16876,16878,36,2138,970,2139,198,842,841,974,673,2135,2137],"class_list":{"0":"post-68256033","1":"product","2":"type-product","3":"status-publish","4":"has-post-thumbnail","6":"product_brand-ebc-brakes","7":"product_cat-camaro-36-2010-2015-bremsen-vorne","8":"product_tag-2189","9":"product_tag-3-6","10":"product_tag-2190","11":"product_tag-abe","12":"product_tag-bremsbelaege","13":"product_tag-bremse","14":"product_tag-bremskloetze","15":"product_tag-camaro","16":"product_tag-chevrolet","17":"product_tag-dp42014r","18":"product_tag-ebc","19":"product_tag-ebc-brakes","20":"product_tag-ebc-bremsbelaege","21":"product_tag-ebc-bremsen","22":"product_tag-ebc-bremsscheiben","23":"product_tag-kraftwerk","24":"product_tag-reg90","25":"product_tag-sportbremsbelaege","26":"product_tag-tuev","27":"product_tag-v6","28":"product_tag-vorderachse","29":"product_tag-vorne","30":"product_tag-yellowstuff","31":"product_tag-zubehoer","32":"product_tag-zubehoerbremsbelaege","33":"product_tag-zulassung","35":"first","36":"onbackorder","37":"taxable","38":"shipping-taxable","39":"purchasable","40":"product-type-simple"},"bundled_by":[],"bundle_stock_status":"onbackorder","bundle_stock_quantity":0,"bundle_virtual":false,"bundle_layout":"","bundle_add_to_cart_form_location":"","bundle_editable_in_cart":false,"bundle_sold_individually_context":"","bundle_item_grouping":"","bundle_min_size":"","bundle_max_size":"","bundle_price":[],"bundled_items":[],"bundle_sell_ids":[],"exclude_global_add_ons":[],"addons":[],"acf":[],"_links":{"self":[{"href":"https:\/\/kraftwerk-shop.cc\/pl\/wp-json\/wp\/v2\/product\/68256033","targetHints":{"allow":["GET"]}}],"collection":[{"href":"https:\/\/kraftwerk-shop.cc\/pl\/wp-json\/wp\/v2\/product"}],"about":[{"href":"https:\/\/kraftwerk-shop.cc\/pl\/wp-json\/wp\/v2\/types\/product"}],"replies":[{"embeddable":true,"href":"https:\/\/kraftwerk-shop.cc\/pl\/wp-json\/wp\/v2\/comments?post=68256033"}],"version-history":[{"count":0,"href":"https:\/\/kraftwerk-shop.cc\/pl\/wp-json\/wp\/v2\/product\/68256033\/revisions"}],"wp:featuredmedia":[{"embeddable":true,"href":"https:\/\/kraftwerk-shop.cc\/pl\/wp-json\/wp\/v2\/media\/68274418"}],"wp:attachment":[{"href":"https:\/\/kraftwerk-shop.cc\/pl\/wp-json\/wp\/v2\/media?parent=68256033"}],"wp:term":[{"taxonomy":"product_brand","embeddable":true,"href":"https:\/\/kraftwerk-shop.cc\/pl\/wp-json\/wp\/v2\/product_brand?post=68256033"},{"taxonomy":"product_cat","embeddable":true,"href":"https:\/\/kraftwerk-shop.cc\/pl\/wp-json\/wp\/v2\/product_cat?post=68256033"},{"taxonomy":"product_tag","embeddable":true,"href":"https:\/\/kraftwerk-shop.cc\/pl\/wp-json\/wp\/v2\/product_tag?post=68256033"}],"curies":[{"name":"wp","href":"https:\/\/api.w.org\/{rel}","templated":true}]}}