{"id":68256034,"date":"2021-09-26T19:22:01","date_gmt":"2021-09-26T17:22:01","guid":{"rendered":"https:\/\/kraftwerk-gruppe.de\/?post_type=product&#038;p=68256034"},"modified":"2026-04-10T14:35:22","modified_gmt":"2026-04-10T12:35:22","slug":"klocki-hamulcowe-ebc-yellowstuff-dp42139r","status":"publish","type":"product","link":"https:\/\/kraftwerk-shop.cc\/pl\/produkt\/ebc-yellowstuff-bremsbelaege-dp42139r\/","title":{"rendered":"Klocki hamulcowe EBC Yellowstuff DP42139R"},"content":{"rendered":"<h1>Klocki hamulcowe EBC Yellowstuff do Chrysler 300C, Dodge Challenger, Charger i Lancia Thema 3.0 MultiJet, 3.6 i 5.7 od 2011 (o\u015b przednia)<\/h1>\n<p>&nbsp;<\/p>\n<p>Yellowstuff to 3 kategoria sportowych klock\u00f3w hamulcowych EBC.<\/p>\n<p>Ta mieszanka klock\u00f3w hamulcowych oparta jest na w\u0142\u00f3knach aramidowych.<br \/>\nOgromny zakres roboczy (do 900\u00b0C) umo\u017cliwia u\u017cytkowanie zar\u00f3wno w ruchu drogowym, jak i na torze wy\u015bcigowym.<br \/>\nDzi\u0119ki swoim w\u0142a\u015bciwo\u015bciom nawierzchnia ta jest r\u00f3wnie\u017c idealna dla bardzo ci\u0119\u017ckich pojazd\u00f3w lub pojazd\u00f3w, kt\u00f3re s\u0105 nap\u0119dzane dodatkowymi \u0142adunkami (np. przyczepy).<\/p>\n<p>Ten klocek hamulcowy zapewnia doskona\u0142e warto\u015bci op\u00f3\u017anienia, nawet gdy hamulce s\u0105 zimne.<br \/>\nJednak wraz ze wzrostem temperatury \"ugryzienie\" tego sportowego klocka hamulcowego staje si\u0119 znacznie bardziej agresywne, co prowadzi do jeszcze lepszych warto\u015bci hamowania.<br \/>\nDzi\u0119ki \"mi\u0119kkiej\" mieszance klock\u00f3w, sportowe klocki hamulcowe Yellowstuff mog\u0105 by\u0107 szybko docierane i s\u0105 wyj\u0105tkowo delikatne dla tarcz hamulcowych.<\/p>\n<p>Pomimo d\u0142ugiej \u017cywotno\u015bci ten sportowy klocek hamulcowy powoduje wysoki poziom py\u0142u hamulcowego, ale podobnie jak w przypadku wszystkich klock\u00f3w hamulcowych EBC, nie powstaje agresywny py\u0142 hamulcowy.<\/p>\n<p>Podobnie jak wszystkie klocki hamulcowe EBC w sektorze motoryzacyjnym, wszystkie sportowe klocki hamulcowe EBC Greenstuff maj\u0105 pow\u0142ok\u0119 docieraj\u0105c\u0105, \u0142amane kraw\u0119dzie, rowek termiczny i pow\u0142ok\u0119 proszkow\u0105.<\/p>\n<p>&nbsp;<\/p>\n<div id=\"attachment_68256022\" style=\"width: 460px\" class=\"wp-caption alignnone\"><img decoding=\"async\" aria-describedby=\"caption-attachment-68256022\" class=\"wp-image-68256022\" src=\"https:\/\/kraftwerk-shop.cc\/wp-content\/uploads\/2021\/09\/EBC_Yellowstuff_Info-300x229.jpg\" alt=\"EBC Yellowstuff Chrysler, Dodge, Jeep\" width=\"450\" height=\"343\" \/><p id=\"caption-attachment-68256022\" class=\"wp-caption-text\">Charakterystyka klock\u00f3w hamulcowych EBC Yellowstuff<\/p><\/div>\n<p>&nbsp;<\/p>\n<p>Numer OE (tylko do cel\u00f3w por\u00f3wnawczych):  5142559AA, 5142559AB, 68147681AA, 68147681AB<br \/>\nZatwierdzenie: REG90<\/p>\n<p>Miejsce instalacji: O\u015b przednia<\/p>\n<p>&nbsp;<\/p>\n<p><strong>Odpowiedni dla:<br \/>\n<\/strong><\/p>\n<table width=\"0\">\n<tbody>\n<tr>\n<td width=\"64\">Chrysler<\/td>\n<td width=\"115\">300C<\/td>\n<td width=\"152\">3.0 CRD, 3.6, 5.7<\/td>\n<td width=\"301\">Od roku modelowego 2011 z tarczami hamulcowymi 345 mm<\/td>\n<\/tr>\n<tr>\n<td width=\"64\">Dodge<\/td>\n<td width=\"115\">Challenger<\/td>\n<td width=\"152\">3.6, 5.7<\/td>\n<td width=\"301\">Od roku modelowego 2011 z tarczami hamulcowymi 345 mm<\/td>\n<\/tr>\n<tr>\n<td width=\"64\">Dodge<\/td>\n<td width=\"115\">Charger<\/td>\n<td width=\"152\">3.6, 5.7<\/td>\n<td width=\"301\">Od roku modelowego 2011 z tarczami hamulcowymi 345 mm<\/td>\n<\/tr>\n<tr>\n<td width=\"64\">Lancia<\/td>\n<td width=\"115\">Temat<\/td>\n<td width=\"152\">3.0 MultiJet, 3.6<\/td>\n<td width=\"301\">Od roku modelowego 2011 z tarczami hamulcowymi 345 mm<\/td>\n<\/tr>\n<\/tbody>\n<\/table>\n<p><strong>\u00a0<\/strong><\/p>\n<p><strong>Zakres dostawy: <\/strong><\/p>\n<p>- 1 zestaw klock\u00f3w hamulcowych EBC Yellowstuff (DP42139R) na przedni\u0105 o\u015b<\/p>\n<p>&nbsp;<\/p>\n<p><strong>Uwaga:<\/strong><\/p>\n<p>Przed z\u0142o\u017ceniem zam\u00f3wienia nale\u017cy sprawdzi\u0107, czy z przodu pojazdu zamontowane s\u0105 tarcze hamulcowe o \u015brednicy 345 mm czy 320 mm.<br \/>\nDla orientacji mo\u017cna por\u00f3wna\u0107 rozmiar przedniej i tylnej tarczy hamulcowej.<br \/>\nTylne tarcze hamulcowe maj\u0105 zawsze \u015brednic\u0119 320 mm.<\/p>","protected":false},"excerpt":{"rendered":"<p>Nadaje si\u0119 do tarcz hamulcowych 345 mm od 2011 r.<\/p>","protected":false},"featured_media":68274416,"comment_status":"open","ping_status":"closed","template":"","meta":{"_acf_changed":false},"product_brand":[16875],"product_cat":[17712,17715,17719,17723,17727,17709,17703,17701,17739,17743,17747,17751],"product_tag":[2481,2482,572,2136,169,52,2154,91,2170,2171,2153,2172,1046,590,795,840,54,53,48,536,49,3853,3854,2205,964,2442,16877,16876,16878,126,36,173,2138,970,174,2139,842,841,974,673,2135,2137],"class_list":{"0":"post-68256034","1":"product","2":"type-product","3":"status-publish","4":"has-post-thumbnail","6":"product_brand-ebc-brakes","7":"product_cat-300c-30-diesel-bremsbelaege-vorne","8":"product_cat-300c-35-bremsbelaege-vorne","9":"product_cat-300c-36-bremsbelaege-vorne","10":"product_cat-300c-57-2005-2010-bremsbelaege-vorne","11":"product_cat-300c-57-2011-2023-bremsbelaege-vorne","12":"product_cat-challenger-35-bremsbelaege-vorne","13":"product_cat-challenger-36-bremsbelaege-vorne","14":"product_cat-challenger-57-bremsbelaege-vorne","15":"product_cat-charger-35-bremsbelaege-vorne","16":"product_cat-charger-36-bremsbelaege-vorne","17":"product_cat-charger-57-bremsbelaege-vorne","18":"product_cat-charger-57-2011-2023-bremsbelaege-vorne","19":"product_tag-05142559aa","20":"product_tag-05142559ab","21":"product_tag-3-0-crd","22":"product_tag-3-0-multijet","23":"product_tag-3-6","24":"product_tag-300c","25":"product_tag-345-mm","26":"product_tag-5-7","27":"product_tag-5142559aa","28":"product_tag-5142559ab","29":"product_tag-68147681aa","30":"product_tag-68147681ab","31":"product_tag-abe","32":"product_tag-bremsbelaege","33":"product_tag-bremse","34":"product_tag-bremskloetze","35":"product_tag-challenger","36":"product_tag-charger","37":"product_tag-chrysler","38":"product_tag-chrysler-300c","39":"product_tag-dodge","40":"product_tag-dodge-challenger","41":"product_tag-dodge-charger","42":"product_tag-dp42139r","43":"product_tag-ebc","44":"product_tag-ebc-brakes","45":"product_tag-ebc-bremsbelaege","46":"product_tag-ebc-bremsen","47":"product_tag-ebc-bremsscheiben","48":"product_tag-hemi","49":"product_tag-kraftwerk","50":"product_tag-lancia","51":"product_tag-reg90","52":"product_tag-sportbremsbelaege","53":"product_tag-thema","54":"product_tag-tuev","55":"product_tag-vorderachse","56":"product_tag-vorne","57":"product_tag-yellowstuff","58":"product_tag-zubehoer","59":"product_tag-zubehoerbremsbelaege","60":"product_tag-zulassung","61":"product_shipping_class-deutschlandohne","63":"first","64":"onbackorder","65":"taxable","66":"shipping-taxable","67":"purchasable","68":"product-type-simple"},"bundled_by":[],"bundle_stock_status":"onbackorder","bundle_stock_quantity":0,"bundle_virtual":false,"bundle_layout":"","bundle_add_to_cart_form_location":"","bundle_editable_in_cart":false,"bundle_sold_individually_context":"","bundle_item_grouping":"","bundle_min_size":"","bundle_max_size":"","bundle_price":[],"bundled_items":[],"bundle_sell_ids":[],"exclude_global_add_ons":[],"addons":[],"acf":[],"_links":{"self":[{"href":"https:\/\/kraftwerk-shop.cc\/pl\/wp-json\/wp\/v2\/product\/68256034","targetHints":{"allow":["GET"]}}],"collection":[{"href":"https:\/\/kraftwerk-shop.cc\/pl\/wp-json\/wp\/v2\/product"}],"about":[{"href":"https:\/\/kraftwerk-shop.cc\/pl\/wp-json\/wp\/v2\/types\/product"}],"replies":[{"embeddable":true,"href":"https:\/\/kraftwerk-shop.cc\/pl\/wp-json\/wp\/v2\/comments?post=68256034"}],"version-history":[{"count":0,"href":"https:\/\/kraftwerk-shop.cc\/pl\/wp-json\/wp\/v2\/product\/68256034\/revisions"}],"wp:featuredmedia":[{"embeddable":true,"href":"https:\/\/kraftwerk-shop.cc\/pl\/wp-json\/wp\/v2\/media\/68274416"}],"wp:attachment":[{"href":"https:\/\/kraftwerk-shop.cc\/pl\/wp-json\/wp\/v2\/media?parent=68256034"}],"wp:term":[{"taxonomy":"product_brand","embeddable":true,"href":"https:\/\/kraftwerk-shop.cc\/pl\/wp-json\/wp\/v2\/product_brand?post=68256034"},{"taxonomy":"product_cat","embeddable":true,"href":"https:\/\/kraftwerk-shop.cc\/pl\/wp-json\/wp\/v2\/product_cat?post=68256034"},{"taxonomy":"product_tag","embeddable":true,"href":"https:\/\/kraftwerk-shop.cc\/pl\/wp-json\/wp\/v2\/product_tag?post=68256034"}],"curies":[{"name":"wp","href":"https:\/\/api.w.org\/{rel}","templated":true}]}}