{"id":68256682,"date":"2021-10-08T19:41:25","date_gmt":"2021-10-08T17:41:25","guid":{"rendered":"https:\/\/kraftwerk-gruppe.de\/?post_type=product&#038;p=68256682"},"modified":"2026-02-15T00:44:50","modified_gmt":"2026-02-14T23:44:50","slug":"wymiennik-ciepla-dodge-challenger-charger-hellcat","status":"publish","type":"product","link":"https:\/\/kraftwerk-shop.cc\/pl\/produkt\/waermetauscher-dodge-challenger-charger-hellcat\/","title":{"rendered":"Wymiennik ciep\u0142a Dodge Challenger &amp; Charger Hellcat"},"content":{"rendered":"<h1>Du\u017cy pomocniczy wymiennik ciep\u0142a dla Dodge Challenger i Charger Hellcat<\/h1>\n<p>&nbsp;<\/p>\n<p>Wymiennik ciep\u0142a (b\u0142\u0119dnie nazywany przez niekt\u00f3rych intercoolerem) niemal podwaja ca\u0142kowit\u0105 obj\u0119to\u015b\u0107 obiegu ch\u0142odziwa w uk\u0142adzie ch\u0142odzenia powietrza do\u0142adowuj\u0105cego i znacz\u0105co poprawia wydajno\u015b\u0107 ch\u0142odzenia.<br \/>\nSkutkuje to ni\u017cszymi temperaturami powietrza do\u0142adowuj\u0105cego, a tym samym wy\u017csz\u0105 moc\u0105 silnika.<\/p>\n<p>Zw\u0142aszcza w przypadku Hellcata, temperatura powietrza do\u0142adowuj\u0105cego jest czynnikiem, kt\u00f3ry jest cz\u0119sto pomijany, je\u015bli chodzi o osi\u0105gi silnika.<\/p>\n<p>Ten wymiennik ciep\u0142a nie zast\u0119puje wymiennika zainstalowanego w poje\u017adzie, ale jest instalowany dodatkowo.<br \/>\nMaksymalizuje to wydajno\u015b\u0107 ch\u0142odzenia.<\/p>\n<p>&nbsp;<\/p>\n<p><strong>Zakres dostawy:<\/strong><\/p>\n<ul>\n<li>Wymiennik ciep\u0142a (66 x 18 x 9 cm)<\/li>\n<li>Wsporniki<\/li>\n<li>W\u0119\u017ce<\/li>\n<li>Materia\u0142 mocuj\u0105cy<\/li>\n<li>Dodatek do p\u0142ynu ch\u0142odz\u0105cego Water Wetter<\/li>\n<li>Szczeg\u00f3\u0142owe instrukcje instalacji (w j\u0119zyku angielskim)<\/li>\n<\/ul>\n<p>Water Wetter to dodatek do p\u0142ynu ch\u0142odz\u0105cego, kt\u00f3ry poprawia wymian\u0119 ciep\u0142a.<\/p>\n<p>&nbsp;<\/p>\n<p><strong>Uwagi:<\/strong><\/p>\n<ul>\n<li>piankowa wk\u0142adka w zderzaku musi zosta\u0107 usuni\u0119ta<\/li>\n<li>kana\u0142 powietrzny oryginalnego wymiennika ciep\u0142a po stronie kierowcy musi zosta\u0107 obrobiony mechanicznie<\/li>\n<li>przedni fartuch musi zosta\u0107 skr\u00f3cony \/ zmodyfikowany za os\u0142on\u0105 zderzaka<\/li>\n<\/ul>\n<p>&nbsp;<\/p>\n<p><strong>Odpowiedni dla:<\/strong><\/p>\n<table width=\"449\">\n<tbody>\n<tr>\n<td width=\"115\"><strong>Marka<\/strong><\/td>\n<td width=\"145\"><strong>Model<\/strong><\/td>\n<td width=\"106\"><strong>Silnik<\/strong><\/td>\n<td width=\"83\"><strong>Rok<\/strong><\/td>\n<\/tr>\n<tr>\n<td width=\"115\">Dodge<\/td>\n<td width=\"145\">Charger<\/td>\n<td width=\"106\">6.2 Hellcat<\/td>\n<td width=\"83\">2015\u20132023<\/td>\n<\/tr>\n<tr>\n<td width=\"115\">Dodge<\/td>\n<td width=\"145\">Challenger<\/td>\n<td width=\"106\">6.2 Hellcat<\/td>\n<td width=\"83\">2015\u20132023<\/td>\n<\/tr>\n<\/tbody>\n<\/table>","protected":false},"excerpt":{"rendered":"<p>Gro\u00dfer Zusatzw\u00e4rmetauscher f\u00fcr Dodge Challenger &amp; Charger Hellcat &nbsp; Durch den W\u00e4rmetauscher (von einigen irrt\u00fcmlich auch als Ladeluftk\u00fchler bezeichnet) wird<\/p>","protected":false},"featured_media":68278309,"comment_status":"open","ping_status":"closed","template":"","meta":{"_acf_changed":false},"product_brand":[],"product_cat":[2550,2535],"product_tag":[249,250,251,252,419,420,2066,101,42,2403,2398,53,49,3853,3854,242,2401,664,2399,425,2400,2402,246,401],"class_list":{"0":"post-68256682","1":"product","2":"type-product","3":"status-publish","4":"has-post-thumbnail","6":"product_cat-challenger-hellcat-kuehlung","7":"product_cat-charger-hellcat-kuehlung","8":"product_tag-249","9":"product_tag-250","10":"product_tag-251","11":"product_tag-252","12":"product_tag-419","13":"product_tag-420","14":"product_tag-2066","15":"product_tag-6-2","16":"product_tag-ansaugtemperatur","17":"product_tag-bwoody","18":"product_tag-challenger-hellcat","19":"product_tag-charger","20":"product_tag-dodge","21":"product_tag-dodge-challenger","22":"product_tag-dodge-charger","23":"product_tag-kompressor","24":"product_tag-kreislauf","25":"product_tag-kuehlung","26":"product_tag-ladeluft","27":"product_tag-ladeluftkuehler","28":"product_tag-niedertemperatur","29":"product_tag-reduzieren","30":"product_tag-supercharger","31":"product_tag-zusatzkuehler","33":"first","34":"onbackorder","35":"taxable","36":"shipping-taxable","37":"purchasable","38":"product-type-simple"},"bundled_by":[],"bundle_stock_status":"onbackorder","bundle_stock_quantity":0,"bundle_virtual":false,"bundle_layout":"","bundle_add_to_cart_form_location":"","bundle_editable_in_cart":false,"bundle_sold_individually_context":"","bundle_item_grouping":"","bundle_min_size":"","bundle_max_size":"","bundle_price":[],"bundled_items":[],"bundle_sell_ids":[],"exclude_global_add_ons":[],"addons":[],"acf":[],"_links":{"self":[{"href":"https:\/\/kraftwerk-shop.cc\/pl\/wp-json\/wp\/v2\/product\/68256682","targetHints":{"allow":["GET"]}}],"collection":[{"href":"https:\/\/kraftwerk-shop.cc\/pl\/wp-json\/wp\/v2\/product"}],"about":[{"href":"https:\/\/kraftwerk-shop.cc\/pl\/wp-json\/wp\/v2\/types\/product"}],"replies":[{"embeddable":true,"href":"https:\/\/kraftwerk-shop.cc\/pl\/wp-json\/wp\/v2\/comments?post=68256682"}],"version-history":[{"count":0,"href":"https:\/\/kraftwerk-shop.cc\/pl\/wp-json\/wp\/v2\/product\/68256682\/revisions"}],"wp:featuredmedia":[{"embeddable":true,"href":"https:\/\/kraftwerk-shop.cc\/pl\/wp-json\/wp\/v2\/media\/68278309"}],"wp:attachment":[{"href":"https:\/\/kraftwerk-shop.cc\/pl\/wp-json\/wp\/v2\/media?parent=68256682"}],"wp:term":[{"taxonomy":"product_brand","embeddable":true,"href":"https:\/\/kraftwerk-shop.cc\/pl\/wp-json\/wp\/v2\/product_brand?post=68256682"},{"taxonomy":"product_cat","embeddable":true,"href":"https:\/\/kraftwerk-shop.cc\/pl\/wp-json\/wp\/v2\/product_cat?post=68256682"},{"taxonomy":"product_tag","embeddable":true,"href":"https:\/\/kraftwerk-shop.cc\/pl\/wp-json\/wp\/v2\/product_tag?post=68256682"}],"curies":[{"name":"wp","href":"https:\/\/api.w.org\/{rel}","templated":true}]}}