{"id":68256684,"date":"2021-10-08T19:54:27","date_gmt":"2021-10-08T17:54:27","guid":{"rendered":"https:\/\/kraftwerk-gruppe.de\/?post_type=product&#038;p=68256684"},"modified":"2026-04-16T22:23:36","modified_gmt":"2026-04-16T20:23:36","slug":"filtr-oleju-mopar-5038041aa","status":"publish","type":"product","link":"https:\/\/kraftwerk-shop.cc\/pl\/produkt\/mopar-oelfilter-5038041aa\/","title":{"rendered":"Filtr oleju Mopar SRT (5038041AA)"},"content":{"rendered":"<h1>Oryginalny filtr oleju Mopar SRT Performance 5038041AA (MO-041)<strong><br \/>\n<\/strong><\/h1>\n<p>&nbsp;<\/p>\n<p>Ten zamienny filtr oleju Mopar zosta\u0142 pierwotnie opracowany dla Dodge Viper, ale jest r\u00f3wnie\u017c stosowany w innych pojazdach, kt\u00f3re u\u017cywaj\u0105 fabrycznego filtra oleju o numerze cz\u0119\u015bci 4884899AC ze wzgl\u0119du na jego lepsze w\u0142a\u015bciwo\u015bci filtruj\u0105ce.<br \/>\nOpr\u00f3cz lepszego materia\u0142u filtracyjnego, wewn\u0119trzny bypass zosta\u0142 zaprojektowany tak, aby otwiera\u0142 si\u0119 p\u00f3\u017aniej ni\u017c filtr oleju 4884899AC.<br \/>\nOznacza to, \u017ce olej silnikowy jest generalnie lepiej filtrowany.<\/p>\n<p>Uwaga: Chocia\u017c ten filtr oleju ma lepsze w\u0142a\u015bciwo\u015bci ni\u017c filtr oleju 4884899AC, jest on oficjalnie zatwierdzony tylko dla Dodge Viper.<br \/>\nNawet je\u015bli mo\u017cna go zainstalowa\u0107 bez wahania z technicznego punktu widzenia, nie mo\u017cemy powiedzie\u0107, jak producent oceni to w przypadku roszczenia gwarancyjnego.<\/p>\n<p>&nbsp;<\/p>\n<p><strong>Odpowiedni dla:<\/strong><\/p>\n<table width=\"449\">\n<tbody>\n<tr>\n<td width=\"115\"><strong>Marka<\/strong><\/td>\n<td width=\"145\"><strong>Model<\/strong><\/td>\n<td width=\"106\"><strong>Silnik<\/strong><\/td>\n<td width=\"83\"><strong>Rok<\/strong><\/td>\n<\/tr>\n<tr>\n<td>Chrysler<\/td>\n<td>300C<\/td>\n<td>5.7<\/td>\n<td>2008\u20132023<\/td>\n<\/tr>\n<tr>\n<td>Chrysler<\/td>\n<td>300C<\/td>\n<td>6.1<\/td>\n<td>2008\u20132010<\/td>\n<\/tr>\n<tr>\n<td width=\"115\">Chrysler<\/td>\n<td width=\"145\">300C<\/td>\n<td>6.4<\/td>\n<td width=\"83\">2011\u20132023<\/td>\n<\/tr>\n<tr>\n<td>Dodge<\/td>\n<td>Challenger<\/td>\n<td>5.7<\/td>\n<td>2008\u20132023<\/td>\n<\/tr>\n<tr>\n<td>Dodge<\/td>\n<td>Challenger<\/td>\n<td>6.1<\/td>\n<td>2008\u20132010<\/td>\n<\/tr>\n<tr>\n<td width=\"115\">Dodge<\/td>\n<td width=\"145\">Challenger<\/td>\n<td width=\"106\">6.2 Hellcat<\/td>\n<td width=\"83\">2015\u20132023<\/td>\n<\/tr>\n<tr>\n<td width=\"115\">Dodge<\/td>\n<td width=\"145\">Challenger<\/td>\n<td>6.4<\/td>\n<td width=\"83\">2011\u20132023<\/td>\n<\/tr>\n<tr>\n<td>Dodge<\/td>\n<td>Charger<\/td>\n<td>5.7<\/td>\n<td>2008\u20132023<\/td>\n<\/tr>\n<tr>\n<td>Dodge<\/td>\n<td>Charger<\/td>\n<td>6.1<\/td>\n<td>2008\u20132010<\/td>\n<\/tr>\n<tr>\n<td width=\"115\">Dodge<\/td>\n<td width=\"145\">Charger<\/td>\n<td width=\"106\">6.2 Hellcat<\/td>\n<td width=\"83\">2015\u20132023<\/td>\n<\/tr>\n<tr>\n<td width=\"115\">Dodge<\/td>\n<td width=\"145\">Charger<\/td>\n<td>6.4<\/td>\n<td width=\"83\">2011\u20132023<\/td>\n<\/tr>\n<tr>\n<td>Dodge<\/td>\n<td>Durango<\/td>\n<td>5.7<\/td>\n<td>2013\u20132025<\/td>\n<\/tr>\n<tr>\n<td width=\"115\">Dodge<\/td>\n<td width=\"145\">Durango<\/td>\n<td width=\"106\">6.2 Hellcat<\/td>\n<td width=\"83\">2021\u20132025<\/td>\n<\/tr>\n<tr>\n<td>Dodge<\/td>\n<td>Durango<\/td>\n<td>6.4<\/td>\n<td>2018\u20132024<\/td>\n<\/tr>\n<tr>\n<td>Dodge<\/td>\n<td>Magnum<\/td>\n<td>6.1<\/td>\n<td>2008<\/td>\n<\/tr>\n<tr>\n<td>Dodge<\/td>\n<td>Magnum<\/td>\n<td>5.7<\/td>\n<td>2008<\/td>\n<\/tr>\n<tr>\n<td>Jeep<\/td>\n<td>Commander<\/td>\n<td>5.7<\/td>\n<td>2008\u20132010<\/td>\n<\/tr>\n<tr>\n<td>Jeep<\/td>\n<td>Grand Cherokee<\/td>\n<td>5.7<\/td>\n<td>2008\u20132023<\/td>\n<\/tr>\n<tr>\n<td>Jeep<\/td>\n<td>Grand Cherokee<\/td>\n<td>6.1<\/td>\n<td>2008\u20132010<\/td>\n<\/tr>\n<tr>\n<td width=\"115\">Jeep<\/td>\n<td width=\"145\">Grand Cherokee<\/td>\n<td width=\"106\">6.2 Trackhawk<\/td>\n<td width=\"83\">2018\u20132021<\/td>\n<\/tr>\n<tr>\n<td>Jeep<\/td>\n<td>Grand Cherokee<\/td>\n<td>6.4<\/td>\n<td>2011\u20132021<\/td>\n<\/tr>\n<tr>\n<td>Jeep<\/td>\n<td>Wrangler<\/td>\n<td>6.4<\/td>\n<td>2021\u20132023<\/td>\n<\/tr>\n<tr>\n<td>RAM<\/td>\n<td>1500<\/td>\n<td>5.7<\/td>\n<td>2009\u20132024<\/td>\n<\/tr>\n<tr>\n<td width=\"115\">RAM<\/td>\n<td width=\"145\">1500<\/td>\n<td width=\"106\">6.2 TRX<\/td>\n<td width=\"83\">2021\u20132024<\/td>\n<\/tr>\n<tr>\n<td>RAM<\/td>\n<td>2500<\/td>\n<td>6.4<\/td>\n<td>2014\u20132025<\/td>\n<\/tr>\n<\/tbody>\n<\/table>\n<p>&nbsp;<\/p>\n<p>Nie nadaje si\u0119 do starszych pojazd\u00f3w. Maj\u0105 one inny gwint na filtrze oleju.<\/p>","protected":false},"excerpt":{"rendered":"<p>Oryginalna cz\u0119\u015b\u0107 Mopar<\/p>","protected":false},"featured_media":68271395,"comment_status":"open","ping_status":"closed","template":"","meta":{"_acf_changed":false},"product_brand":[16270],"product_cat":[1590,1695,1703,1630,1638,2710,1663,8049,1767,1775,2963,2706],"product_tag":[4989,4993,18239,52,217,4991,685,91,2404,92,93,54,53,48,536,94,49,3853,3854,95,2321,648,56,126,675,50,4425,4427,4426,2405,31,7221,404,2320,647,2453,655,34,35,86,674,96,164,38,102,2353,37,673],"class_list":{"0":"post-68256684","1":"product","2":"type-product","3":"status-publish","4":"has-post-thumbnail","6":"product_brand-mopar","7":"product_cat-300c-64-wartung","8":"product_cat-challenger-hellcat-wartung","9":"product_cat-challenger-64-wartung","10":"product_cat-charger-hellcat-wartung","11":"product_cat-charger-64-wartung","12":"product_cat-durango-hellcat-wartung","13":"product_cat-durango-64-wartung","14":"product_cat-viper-84-wartung","15":"product_cat-trackhawk-wartung","16":"product_cat-grand-cherokee-64-wartung","17":"product_cat-wrangler-64-wartung","18":"product_cat-trx-wartung","19":"product_tag-04884899ab","20":"product_tag-04884899ac","21":"product_tag-05038041aa","22":"product_tag-300c","23":"product_tag-217","24":"product_tag-4884899ab","25":"product_tag-4884899ac","26":"product_tag-5-7","27":"product_tag-5038041aa","28":"product_tag-6-1","29":"product_tag-6-4","30":"product_tag-challenger","31":"product_tag-charger","32":"product_tag-chrysler","33":"product_tag-chrysler-300c","34":"product_tag-commander","35":"product_tag-dodge","36":"product_tag-dodge-challenger","37":"product_tag-dodge-charger","38":"product_tag-durango","39":"product_tag-erstausruester","40":"product_tag-filter","41":"product_tag-grand-cherokee","42":"product_tag-hemi","43":"product_tag-inspektion","44":"product_tag-jeep","45":"product_tag-jeep-grand-cherokee","46":"product_tag-jeep-grand-cherokee-trackhawk","47":"product_tag-jeep-trackhawk","48":"product_tag-mo-041","49":"product_tag-mopar","50":"product_tag-mopar10","51":"product_tag-motoroel","52":"product_tag-motoroelfilter","53":"product_tag-oelfilter","54":"product_tag-oelfilter10","55":"product_tag-oelwechsel","56":"product_tag-original","57":"product_tag-originalersatzteil","58":"product_tag-ram","59":"product_tag-service","60":"product_tag-srt","61":"product_tag-srt8","62":"product_tag-teile","63":"product_tag-trackhawk","64":"product_tag-trx","65":"product_tag-wartung","66":"product_tag-zubehoer","68":"first","69":"instock","70":"taxable","71":"shipping-taxable","72":"purchasable","73":"product-type-simple"},"bundled_by":[],"bundle_stock_status":"instock","bundle_stock_quantity":23,"bundle_virtual":false,"bundle_layout":"","bundle_add_to_cart_form_location":"","bundle_editable_in_cart":false,"bundle_sold_individually_context":"","bundle_item_grouping":"","bundle_min_size":"","bundle_max_size":"","bundle_price":[],"bundled_items":[],"bundle_sell_ids":[],"exclude_global_add_ons":[],"addons":[],"acf":[],"_links":{"self":[{"href":"https:\/\/kraftwerk-shop.cc\/pl\/wp-json\/wp\/v2\/product\/68256684","targetHints":{"allow":["GET"]}}],"collection":[{"href":"https:\/\/kraftwerk-shop.cc\/pl\/wp-json\/wp\/v2\/product"}],"about":[{"href":"https:\/\/kraftwerk-shop.cc\/pl\/wp-json\/wp\/v2\/types\/product"}],"replies":[{"embeddable":true,"href":"https:\/\/kraftwerk-shop.cc\/pl\/wp-json\/wp\/v2\/comments?post=68256684"}],"version-history":[{"count":0,"href":"https:\/\/kraftwerk-shop.cc\/pl\/wp-json\/wp\/v2\/product\/68256684\/revisions"}],"wp:featuredmedia":[{"embeddable":true,"href":"https:\/\/kraftwerk-shop.cc\/pl\/wp-json\/wp\/v2\/media\/68271395"}],"wp:attachment":[{"href":"https:\/\/kraftwerk-shop.cc\/pl\/wp-json\/wp\/v2\/media?parent=68256684"}],"wp:term":[{"taxonomy":"product_brand","embeddable":true,"href":"https:\/\/kraftwerk-shop.cc\/pl\/wp-json\/wp\/v2\/product_brand?post=68256684"},{"taxonomy":"product_cat","embeddable":true,"href":"https:\/\/kraftwerk-shop.cc\/pl\/wp-json\/wp\/v2\/product_cat?post=68256684"},{"taxonomy":"product_tag","embeddable":true,"href":"https:\/\/kraftwerk-shop.cc\/pl\/wp-json\/wp\/v2\/product_tag?post=68256684"}],"curies":[{"name":"wp","href":"https:\/\/api.w.org\/{rel}","templated":true}]}}