{"id":68256707,"date":"2021-10-09T14:53:43","date_gmt":"2021-10-09T12:53:43","guid":{"rendered":"https:\/\/kraftwerk-gruppe.de\/?post_type=product&#038;p=68256707"},"modified":"2026-02-15T00:45:47","modified_gmt":"2026-02-14T23:45:47","slug":"jlt-dolot-zimnego-powietrza-jeep-grand-cherokee-srt8","status":"publish","type":"product","link":"https:\/\/kraftwerk-shop.cc\/pl\/produkt\/jlt-cold-air-intake-jeep-grand-cherokee-srt8\/","title":{"rendered":"Wlot zimnego powietrza JLT Jeep Grand Cherokee 6.1 SRT8"},"content":{"rendered":"<h1>Uk\u0142ad dolotowy zimnego powietrza JLT \/ sportowy filtr powietrza do Jeep Grand Cherokee 6.1 SRT8<\/h1>\n<p>&nbsp;<\/p>\n<p><strong>Du\u017cy filtr powietrza<\/strong><br \/>\nDu\u017cy filtr powietrza zapewnia wi\u0119kszy przep\u0142yw powietrza ni\u017c filtr standardowy.<br \/>\nWk\u0142ad filtra powietrza sk\u0142ada si\u0119 z bawe\u0142nianego materia\u0142u filtracyjnego, kt\u00f3ry jest zwil\u017cony specjalnym olejem filtracyjnym i mo\u017ce by\u0107 wyp\u0142ukany. Maksymalizuje to pojemno\u015b\u0107 i wydajno\u015b\u0107 filtra.<\/p>\n<p><strong>Kolektor dolotowy<\/strong><br \/>\nRura wlotowa jest wykonana z formowanego rotacyjnie tworzywa sztucznego z ogromnym 5-calowym otworem filtra zapewniaj\u0105cym doskona\u0142y przep\u0142yw powietrza i BRAK gromadzenia si\u0119 ciep\u0142a, jak w przypadku rur metalowych.<br \/>\nZ otworem 4\u2033 na ko\u0144cu przepustnicy, nadaje si\u0119 r\u00f3wnie\u017c do wi\u0119kszych przepustnic.<\/p>\n<p><strong>Obudowa filtra powietrza<\/strong><br \/>\nZawiera nasz\u0105 du\u017c\u0105 os\u0142on\u0119 termiczn\u0105 z tworzywa ABS, kt\u00f3ra izoluje powietrze wlotowe od ciep\u0142a silnika na biegu ja\u0142owym i przy niskiej pr\u0119dko\u015bci.<br \/>\nWykorzystuje on du\u017c\u0105 powierzchni\u0119, aby zapewni\u0107 filtrowi du\u017c\u0105 ilo\u015b\u0107 ch\u0142odnego powietrza i wykorzystuje fabryczny wlot \u015bwie\u017cego powietrza ze zderzaka, aby utrzyma\u0107 mo\u017cliwie najni\u017csz\u0105 temperatur\u0119.<\/p>\n<p>&nbsp;<\/p>\n<p><strong>Wysokiej jako\u015bci materia\u0142 monta\u017cowy<\/strong><\/p>\n<ul>\n<li>Formowany plastikowy kolektor dolotowy JLT Roto<\/li>\n<li>Reduktor silikonowy<\/li>\n<li>Filtr powietrza 5\u00d77 S&amp;B Powerstack<\/li>\n<li>Os\u0142ona termiczna ABS<\/li>\n<li>\u00a0Zaciski HD, wszystkie wymagane cz\u0119\u015bci<\/li>\n<li>Niemieckie instrukcje instalacji<\/li>\n<\/ul>\n<p>&nbsp;<\/p>\n<p><strong>szczeg\u00f3\u0142y<\/strong><\/p>\n<p>- + 22 KM, + 30 NM maksymalnego wzrostu mocy (specyfikacja producenta)<br \/>\n- Obudowa filtra powietrza ze wspornikami do bezpo\u015bredniego monta\u017cu<br \/>\n- Wst\u0119pnie naoliwiony, zmywalny i wielokrotnego u\u017cytku filtr powietrza Pro 10R zapewnia maksymaln\u0105 wydajno\u015b\u0107<\/p>\n<p>&nbsp;<\/p>\n<p><strong>Odpowiedni dla:<\/strong><\/p>\n<table width=\"584\">\n<tbody>\n<tr>\n<td width=\"97\"><strong>Rok<\/strong><\/td>\n<td width=\"158\"><strong>Marka<\/strong><\/td>\n<td width=\"134\"><strong>Model<\/strong><\/td>\n<td width=\"112\"><strong>Wariant<\/strong><\/td>\n<td width=\"83\"><strong>Silnik<\/strong><\/td>\n<\/tr>\n<tr>\n<td width=\"97\">2006\u20132010<\/td>\n<td width=\"158\">Jeep<\/td>\n<td width=\"134\">Grand Cherokee<\/td>\n<td width=\"112\">SRT8<\/td>\n<td width=\"83\">V8 6.1 L<\/td>\n<\/tr>\n<\/tbody>\n<\/table>\n<p>&nbsp;<\/p>\n<p><iframe loading=\"lazy\" title=\"Instalacja dolotu zimnego powietrza JLT Jeep SRT8 CAI SRTJ 06\" width=\"500\" height=\"281\" src=\"https:\/\/www.youtube.com\/embed\/qWuPyuRFj6w?feature=oembed\" frameborder=\"0\" allow=\"accelerometer; autoplay; clipboard-write; encrypted-media; gyroscope; picture-in-picture; web-share\" referrerpolicy=\"strict-origin-when-cross-origin\" allowfullscreen><\/iframe><\/p>","protected":false},"excerpt":{"rendered":"<p>2006\u20132010<\/p>","protected":false},"featured_media":68277434,"comment_status":"open","ping_status":"closed","template":"","meta":{"_acf_changed":false},"product_brand":[17168],"product_cat":[2499],"product_tag":[208,209,210,213,214,92,826,824,2409,825,1094,50,4425,1093,2444,20273,57,500,96,1056,164],"class_list":{"0":"post-68256707","1":"product","2":"type-product","3":"status-publish","4":"has-post-thumbnail","6":"product_brand-jlt","7":"product_cat-grand-cherokee-61-ansaugung","8":"product_tag-208","9":"product_tag-209","10":"product_tag-210","11":"product_tag-213","12":"product_tag-214","13":"product_tag-6-1","14":"product_tag-ansaugung","15":"product_tag-cai","16":"product_tag-cai-srtj-06","17":"product_tag-cold-air-intake","18":"product_tag-intake","19":"product_tag-jeep","20":"product_tag-jeep-grand-cherokee","21":"product_tag-jlt","22":"product_tag-jlt-performance","23":"product_tag-keintuev","24":"product_tag-luftfilter","25":"product_tag-sportluftfilter","26":"product_tag-srt","27":"product_tag-srt-8","28":"product_tag-srt8","30":"first","31":"onbackorder","32":"taxable","33":"shipping-taxable","34":"purchasable","35":"product-type-simple"},"bundled_by":[],"bundle_stock_status":"onbackorder","bundle_stock_quantity":0,"bundle_virtual":false,"bundle_layout":"","bundle_add_to_cart_form_location":"","bundle_editable_in_cart":false,"bundle_sold_individually_context":"","bundle_item_grouping":"","bundle_min_size":"","bundle_max_size":"","bundle_price":[],"bundled_items":[],"bundle_sell_ids":[],"exclude_global_add_ons":[],"addons":[],"acf":[],"_links":{"self":[{"href":"https:\/\/kraftwerk-shop.cc\/pl\/wp-json\/wp\/v2\/product\/68256707","targetHints":{"allow":["GET"]}}],"collection":[{"href":"https:\/\/kraftwerk-shop.cc\/pl\/wp-json\/wp\/v2\/product"}],"about":[{"href":"https:\/\/kraftwerk-shop.cc\/pl\/wp-json\/wp\/v2\/types\/product"}],"replies":[{"embeddable":true,"href":"https:\/\/kraftwerk-shop.cc\/pl\/wp-json\/wp\/v2\/comments?post=68256707"}],"version-history":[{"count":0,"href":"https:\/\/kraftwerk-shop.cc\/pl\/wp-json\/wp\/v2\/product\/68256707\/revisions"}],"wp:featuredmedia":[{"embeddable":true,"href":"https:\/\/kraftwerk-shop.cc\/pl\/wp-json\/wp\/v2\/media\/68277434"}],"wp:attachment":[{"href":"https:\/\/kraftwerk-shop.cc\/pl\/wp-json\/wp\/v2\/media?parent=68256707"}],"wp:term":[{"taxonomy":"product_brand","embeddable":true,"href":"https:\/\/kraftwerk-shop.cc\/pl\/wp-json\/wp\/v2\/product_brand?post=68256707"},{"taxonomy":"product_cat","embeddable":true,"href":"https:\/\/kraftwerk-shop.cc\/pl\/wp-json\/wp\/v2\/product_cat?post=68256707"},{"taxonomy":"product_tag","embeddable":true,"href":"https:\/\/kraftwerk-shop.cc\/pl\/wp-json\/wp\/v2\/product_tag?post=68256707"}],"curies":[{"name":"wp","href":"https:\/\/api.w.org\/{rel}","templated":true}]}}