{"id":68256720,"date":"2021-10-10T15:09:04","date_gmt":"2021-10-10T13:09:04","guid":{"rendered":"https:\/\/kraftwerk-gruppe.de\/?post_type=product&#038;p=68256720"},"modified":"2026-02-15T00:53:58","modified_gmt":"2026-02-14T23:53:58","slug":"tarcza-hamulcowa-mopar-grand-cherokee-durango-68256679ac","status":"publish","type":"product","link":"https:\/\/kraftwerk-shop.cc\/pl\/produkt\/mopar-performance-bremsscheibe-grand-cherokee-durango-68256679ac\/","title":{"rendered":"Mopar Performance Brake Disc Grand Cherokee SRT &amp; Durango SRT (68256679AC)"},"content":{"rendered":"<h1>Oryginalna tarcza hamulcowa Mopar Performance (2-cz\u0119\u015bciowa) do Jeep Grand Cherokee SRT i Dodge Durango SRT (o\u015b przednia)<\/h1>\n<p>&nbsp;<\/p>\n<p><strong>Numer cz\u0119\u015bci Mopar:<\/strong> 68256679AC<br \/>\n<strong>Zast\u0105piony:<\/strong> 68256678AA, 68256678AB, 68256679AA, 68256679AB<\/p>\n<p>&nbsp;<\/p>\n<p>\u015arednica 380 mm.<br \/>\nJest to 2-cz\u0119\u015bciowa tarcza hamulcowa, kt\u00f3ra nadaje si\u0119 zar\u00f3wno jako zamiennik hamulca wyczynowego, jak i jako ulepszenie hamulca standardowego.<\/p>\n<p>&nbsp;<\/p>\n<p><strong>Odpowiedni dla:<\/strong><\/p>\n<table border=\"0\" width=\"382\" cellspacing=\"0\" cellpadding=\"0\">\n<colgroup>\n<col \/>\n<col \/>\n<col \/> <\/colgroup>\n<tbody>\n<tr>\n<td height=\"19\">\n<div data-v-369d9bee=\"\">Jeep Grand Cherokee SRT<\/div>\n<\/td>\n<td>2011\u20132021<\/td>\n<td>6.4<\/td>\n<\/tr>\n<tr>\n<td height=\"19\">Dodge Durango SRT<\/td>\n<td>2018\u20132024<\/td>\n<td>6.4<\/td>\n<\/tr>\n<\/tbody>\n<\/table>\n<p>&nbsp;<\/p>\n<p>Cena dotyczy jednej p\u0142yty.<\/p>","protected":false},"excerpt":{"rendered":"<p>Oryginalna cz\u0119\u015b\u0107 Mopar, 2-cz\u0119\u015bciowa wersja wyczynowa<\/p>\n<p>&nbsp;<\/p>","protected":false},"featured_media":68274579,"comment_status":"open","ping_status":"closed","template":"","meta":{"_acf_changed":false},"product_brand":[16270],"product_cat":[17934,17968],"product_tag":[18235,18173,18174,18175,2330,2176,217,802,803,804,805,93,2418,2419,2420,2421,2422,795,796,10804,49,95,692,56,50,4425,36,31,34,2425,186,797,96,842,841,673],"class_list":{"0":"post-68256720","1":"product","2":"type-product","3":"status-publish","4":"has-post-thumbnail","6":"product_brand-mopar","7":"product_cat-durango-64-bremsscheiben-vorne","8":"product_cat-grand-cherokee-64-bremsscheiben-vorne","9":"product_tag-05181513aa","10":"product_tag-05181513ab","11":"product_tag-05181513ac","12":"product_tag-05181513ad","13":"product_tag-2-teilig","14":"product_tag-380-mm","15":"product_tag-217","16":"product_tag-5181513aa","17":"product_tag-5181513ab","18":"product_tag-5181513ac","19":"product_tag-5181513ad","20":"product_tag-6-4","21":"product_tag-68256678aa","22":"product_tag-68256678ab","23":"product_tag-68256679aa","24":"product_tag-68256679ab","25":"product_tag-68256679ac","26":"product_tag-bremse","27":"product_tag-bremsscheibe","28":"product_tag-bremsscheiben-fuer-jeep-grand-cherokee-6-4-srt","29":"product_tag-dodge","30":"product_tag-durango","31":"product_tag-ersatzteil","32":"product_tag-grand-cherokee","33":"product_tag-jeep","34":"product_tag-jeep-grand-cherokee","35":"product_tag-kraftwerk","36":"product_tag-mopar","37":"product_tag-original","38":"product_tag-originalteil","39":"product_tag-performance","40":"product_tag-sportbremsscheibe","41":"product_tag-srt","42":"product_tag-vorderachse","43":"product_tag-vorne","44":"product_tag-zubehoer","46":"first","47":"instock","48":"taxable","49":"shipping-taxable","50":"purchasable","51":"product-type-simple"},"bundled_by":[],"bundle_stock_status":"instock","bundle_stock_quantity":4,"bundle_virtual":false,"bundle_layout":"","bundle_add_to_cart_form_location":"","bundle_editable_in_cart":false,"bundle_sold_individually_context":"","bundle_item_grouping":"","bundle_min_size":"","bundle_max_size":"","bundle_price":[],"bundled_items":[],"bundle_sell_ids":[],"exclude_global_add_ons":[],"addons":[],"acf":[],"_links":{"self":[{"href":"https:\/\/kraftwerk-shop.cc\/pl\/wp-json\/wp\/v2\/product\/68256720","targetHints":{"allow":["GET"]}}],"collection":[{"href":"https:\/\/kraftwerk-shop.cc\/pl\/wp-json\/wp\/v2\/product"}],"about":[{"href":"https:\/\/kraftwerk-shop.cc\/pl\/wp-json\/wp\/v2\/types\/product"}],"replies":[{"embeddable":true,"href":"https:\/\/kraftwerk-shop.cc\/pl\/wp-json\/wp\/v2\/comments?post=68256720"}],"version-history":[{"count":0,"href":"https:\/\/kraftwerk-shop.cc\/pl\/wp-json\/wp\/v2\/product\/68256720\/revisions"}],"wp:featuredmedia":[{"embeddable":true,"href":"https:\/\/kraftwerk-shop.cc\/pl\/wp-json\/wp\/v2\/media\/68274579"}],"wp:attachment":[{"href":"https:\/\/kraftwerk-shop.cc\/pl\/wp-json\/wp\/v2\/media?parent=68256720"}],"wp:term":[{"taxonomy":"product_brand","embeddable":true,"href":"https:\/\/kraftwerk-shop.cc\/pl\/wp-json\/wp\/v2\/product_brand?post=68256720"},{"taxonomy":"product_cat","embeddable":true,"href":"https:\/\/kraftwerk-shop.cc\/pl\/wp-json\/wp\/v2\/product_cat?post=68256720"},{"taxonomy":"product_tag","embeddable":true,"href":"https:\/\/kraftwerk-shop.cc\/pl\/wp-json\/wp\/v2\/product_tag?post=68256720"}],"curies":[{"name":"wp","href":"https:\/\/api.w.org\/{rel}","templated":true}]}}