{"id":68256732,"date":"2021-10-11T22:26:04","date_gmt":"2021-10-11T20:26:04","guid":{"rendered":"https:\/\/kraftwerk-gruppe.de\/?post_type=product&#038;p=68256732"},"modified":"2026-04-07T18:04:25","modified_gmt":"2026-04-07T16:04:25","slug":"przekladka-korpusu-przepustnicy-silver-bullet-ram-57","status":"publish","type":"product","link":"https:\/\/kraftwerk-shop.cc\/pl\/produkt\/silver-bullet-drosselklappen-spacer-ram-57\/","title":{"rendered":"Podk\u0142adka dystansowa korpusu przepustnicy Silver Bullet Dodge Durango, RAM i Jeep Grand Cherokee 5.7"},"content":{"rendered":"<h1>Podk\u0142adka dystansowa korpusu przepustnicy aFe Silver Bullet 46-32005 do Dodge Durango, RAM i Jeep Grand Cherokee 5.7<\/h1>\n<p>&nbsp;<\/p>\n<p>Tuleja dystansowa korpusu przepustnicy Silver Bullet generuje do 12 KM wi\u0119cej mocy i wzrost momentu obrotowego do 20 Nm.<\/p>\n<p>Wykonany jest z precyzyjnie obrobionego aluminium 6061-T6 i ma z\u0105bkowan\u0105 \/ spiraln\u0105 konstrukcj\u0119, kt\u00f3ra tworzy turbulencje w przep\u0142ywie powietrza w punkcie tu\u017c przed wej\u015bciem do silnika, optymalizuj\u0105c cykl spalania.<\/p>\n<p>Turbulencje te przyczyniaj\u0105 si\u0119 do ca\u0142kowitego spalania mieszanki paliwowo-powietrznej i zapewniaj\u0105 wi\u0119ksz\u0105 moc, moment obrotowy i lepsz\u0105 reakcj\u0119 przepustnicy.<br \/>\nTen element dystansowy wsp\u00f3\u0142pracuje z oryginalnymi systemami filtr\u00f3w powietrza aFe POWER.<\/p>\n<p>&nbsp;<\/p>\n<p><strong>Konstrukcja z\u0119bata\/spiralna<\/strong><\/p>\n<p>Z\u0119bata\/spiralna konstrukcja tworzy turbulencje wlotowe w komorze spalania. Turbulencje te rozbijaj\u0105 paliwo, tworz\u0105c pe\u0142niejszy cykl spalania, kt\u00f3ry zwi\u0119ksza moc i moment obrotowy oraz poprawia reakcj\u0119 przepustnicy.<br \/>\nKonstrukcja \u0142\u0105cz\u0105ca z\u0105bki i spiral\u0119 redukuje r\u00f3wnie\u017c gwizd wlotowy, kt\u00f3ry wyst\u0119puje w przypadku innych konstrukcji z sam\u0105 spiral\u0105.<\/p>\n<p>&nbsp;<\/p>\n<p><strong>Konstrukcja z aluminium 6061-T6<\/strong><\/p>\n<p>Wszystkie elementy dystansowe korpusu przepustnicy Silver Bullet s\u0105 precyzyjnie obrabiane z k\u0119s\u00f3w aluminium 6061-T6, aby zapewni\u0107 nisk\u0105 wag\u0119, wysok\u0105 wytrzyma\u0142o\u015b\u0107 oraz doskona\u0142e dopasowanie i wyko\u0144czenie.<\/p>\n<p>&nbsp;<\/p>\n<p><strong>D\u0142u\u017cszy uk\u0142ad dolotowy<\/strong><\/p>\n<p>Dodanie elementu dystansowego korpusu przepustnicy Silver Bullet wyd\u0142u\u017ca kana\u0142 dolotowy, co zwi\u0119ksza pr\u0119dko\u015b\u0107 zasysanego powietrza, poprawia osi\u0105gi i reakcj\u0119 przepustnicy.<\/p>\n<p>&nbsp;<\/p>\n<p>&nbsp;<\/p>\n<p><strong>Odpowiedni dla:<\/strong><\/p>\n<table width=\"638\">\n<tbody>\n<tr>\n<td width=\"105\"><strong>Rok<\/strong><\/td>\n<td width=\"118\"><strong>Marka<\/strong><\/td>\n<td width=\"182\"><strong>Model<\/strong><\/td>\n<td width=\"118\"><strong>Wariant<\/strong><\/td>\n<td width=\"115\"><strong>Silnik<\/strong><\/td>\n<\/tr>\n<tr>\n<td width=\"105\">2011-2025<\/td>\n<td width=\"118\">Dodge<\/td>\n<td width=\"182\">Durango<\/td>\n<td width=\"118\">HEMI<\/td>\n<td width=\"115\">V8 5.7L<\/td>\n<\/tr>\n<tr>\n<td width=\"105\">2009-2010<\/td>\n<td width=\"118\">Dodge<\/td>\n<td width=\"182\">Ram 1500<\/td>\n<td width=\"118\">HEMI<\/td>\n<td width=\"115\">V8 5.7L<\/td>\n<\/tr>\n<tr>\n<td width=\"105\">2010-2010<\/td>\n<td width=\"118\">Dodge<\/td>\n<td width=\"182\">Ram 2500<\/td>\n<td width=\"118\">HEMI<\/td>\n<td width=\"115\">V8 5.7L<\/td>\n<\/tr>\n<tr>\n<td width=\"105\">2011-2021<\/td>\n<td width=\"118\">Jeep<\/td>\n<td width=\"182\">Grand Cherokee<\/td>\n<td width=\"118\">HEMI<\/td>\n<td width=\"115\">V8 5.7L<\/td>\n<\/tr>\n<tr>\n<td width=\"105\">2011-2024<\/td>\n<td width=\"118\">RAM<\/td>\n<td width=\"182\">1500<\/td>\n<td width=\"118\">HEMI<\/td>\n<td width=\"115\">V8 5.7L<\/td>\n<\/tr>\n<tr>\n<td width=\"105\">2019-2024<\/td>\n<td width=\"118\">RAM<\/td>\n<td width=\"182\">1500 Classic<\/td>\n<td width=\"118\">HEMI<\/td>\n<td width=\"115\">V8 5.7L<\/td>\n<\/tr>\n<tr>\n<td width=\"105\">2010-2018<\/td>\n<td width=\"118\">RAM<\/td>\n<td width=\"182\">2500<\/td>\n<td width=\"118\">HEMI<\/td>\n<td width=\"115\">V8 5.7L<\/td>\n<\/tr>\n<tr>\n<td width=\"105\">2011-2018<\/td>\n<td width=\"118\">RAM<\/td>\n<td width=\"182\">3500<\/td>\n<td width=\"118\">HEMI<\/td>\n<td width=\"115\">V8 5.7L<\/td>\n<\/tr>\n<\/tbody>\n<\/table>\n<p>&nbsp;<\/p>\n<p><strong>Nadaje si\u0119 tylko do oryginalnych przepustnic!<\/strong><\/p>","protected":false},"excerpt":{"rendered":"<p>Element dystansowy korpusu przepustnicy aFe Silver Bullet 46-32005 do Dodge, Durango, RAM i Jeep Grand Cherokee 5.7 Element dystansowy korpusu przepustnicy Silver Bullet generuje<\/p>","protected":false},"featured_media":68277098,"comment_status":"open","ping_status":"closed","template":"","meta":{"_acf_changed":false},"product_brand":[16879],"product_cat":[2521,2500,1512,5009],"product_tag":[475,506,507,2426,91,16880,498,2441,2219,49,158,95,56,159,160,126,50,4425,20273,36,186,86,741],"class_list":{"0":"post-68256732","1":"product","2":"type-product","3":"status-publish","4":"has-post-thumbnail","6":"product_brand-afe-power","7":"product_cat-durango-57-ansaugung","8":"product_cat-grand-cherokee-57-2011-2021-ansaugung","9":"product_cat-1500-57-2009-2018-classic-ansaugung","10":"product_cat-1500-57-dt-ansaugung","11":"product_tag-475","12":"product_tag-506","13":"product_tag-507","14":"product_tag-46-32005","15":"product_tag-5-7","16":"product_tag-advanced-flow-engineering","17":"product_tag-afe","18":"product_tag-afe-power","19":"product_tag-classic","20":"product_tag-dodge","21":"product_tag-drosselklappe","22":"product_tag-durango","23":"product_tag-grand-cherokee","24":"product_tag-gross","25":"product_tag-groesser","26":"product_tag-hemi","27":"product_tag-jeep","28":"product_tag-jeep-grand-cherokee","29":"product_tag-keintuev","30":"product_tag-kraftwerk","31":"product_tag-performance","32":"product_tag-ram","33":"product_tag-spacer","35":"first","36":"instock","37":"taxable","38":"shipping-taxable","39":"purchasable","40":"product-type-simple"},"bundled_by":[],"bundle_stock_status":"instock","bundle_stock_quantity":1,"bundle_virtual":false,"bundle_layout":"","bundle_add_to_cart_form_location":"","bundle_editable_in_cart":false,"bundle_sold_individually_context":"","bundle_item_grouping":"","bundle_min_size":"","bundle_max_size":"","bundle_price":[],"bundled_items":[],"bundle_sell_ids":[],"exclude_global_add_ons":[],"addons":[],"acf":[],"_links":{"self":[{"href":"https:\/\/kraftwerk-shop.cc\/pl\/wp-json\/wp\/v2\/product\/68256732","targetHints":{"allow":["GET"]}}],"collection":[{"href":"https:\/\/kraftwerk-shop.cc\/pl\/wp-json\/wp\/v2\/product"}],"about":[{"href":"https:\/\/kraftwerk-shop.cc\/pl\/wp-json\/wp\/v2\/types\/product"}],"replies":[{"embeddable":true,"href":"https:\/\/kraftwerk-shop.cc\/pl\/wp-json\/wp\/v2\/comments?post=68256732"}],"version-history":[{"count":0,"href":"https:\/\/kraftwerk-shop.cc\/pl\/wp-json\/wp\/v2\/product\/68256732\/revisions"}],"wp:featuredmedia":[{"embeddable":true,"href":"https:\/\/kraftwerk-shop.cc\/pl\/wp-json\/wp\/v2\/media\/68277098"}],"wp:attachment":[{"href":"https:\/\/kraftwerk-shop.cc\/pl\/wp-json\/wp\/v2\/media?parent=68256732"}],"wp:term":[{"taxonomy":"product_brand","embeddable":true,"href":"https:\/\/kraftwerk-shop.cc\/pl\/wp-json\/wp\/v2\/product_brand?post=68256732"},{"taxonomy":"product_cat","embeddable":true,"href":"https:\/\/kraftwerk-shop.cc\/pl\/wp-json\/wp\/v2\/product_cat?post=68256732"},{"taxonomy":"product_tag","embeddable":true,"href":"https:\/\/kraftwerk-shop.cc\/pl\/wp-json\/wp\/v2\/product_tag?post=68256732"}],"curies":[{"name":"wp","href":"https:\/\/api.w.org\/{rel}","templated":true}]}}