{"id":68256741,"date":"2021-10-12T13:26:47","date_gmt":"2021-10-12T11:26:47","guid":{"rendered":"https:\/\/kraftwerk-gruppe.de\/?post_type=product&#038;p=68256741"},"modified":"2026-02-15T00:50:36","modified_gmt":"2026-02-14T23:50:36","slug":"gibson-617009-wydech-dodge-challenger","status":"publish","type":"product","link":"https:\/\/kraftwerk-shop.cc\/pl\/produkt\/gibson-617009-auspuff-dodge-challenger\/","title":{"rendered":"Sportowy uk\u0142ad wydechowy Gibson dla Dodge Challenger 6.4"},"content":{"rendered":"<p>Zapewnij swojemu Dodge Challengerowi najwy\u017cszy wzrost wydajno\u015bci dzi\u0119ki systemowi Gibson Performance. Ten uk\u0142ad wydechowy nie tylko zapewnia imponuj\u0105cy d\u017awi\u0119k, ale tak\u017ce poprawia og\u00f3lne osi\u0105gi pojazdu.<\/p>\n<h3>Cechy produktu:<\/h3>\n<ul>\n<li><strong>Dok\u0142adno\u015b\u0107 dopasowania:<\/strong> Opracowany specjalnie dla Dodge Challenger.<\/li>\n<li><strong>Materia\u0142:<\/strong> Wykonany z wysokiej jako\u015bci, wytrzyma\u0142ej stali zapewniaj\u0105cej odporno\u015b\u0107 na korozj\u0119 i d\u0142ug\u0105 \u017cywotno\u015b\u0107.<\/li>\n<li><strong>Konstrukcja z podw\u00f3jnym wyj\u015bciem:<\/strong> Spaliny s\u0105 skutecznie odprowadzane przez dwie rury wydechowe, co przek\u0142ada si\u0119 na lepsze osi\u0105gi i mocny, agresywny d\u017awi\u0119k.<\/li>\n<li><strong>Przykr\u0119cana instalacja:<\/strong> \u0141atwy monta\u017c, nie wymaga spawania.<\/li>\n<li><strong>D\u017awi\u0119k:<\/strong> G\u0142\u0119boki, agresywny d\u017awi\u0119k, kt\u00f3ry doskonale podkre\u015bla silnik V8.<\/li>\n<\/ul>\n<p>Ten uk\u0142ad wydechowy zosta\u0142 zaprojektowany tak, aby zmaksymalizowa\u0107 przep\u0142yw powietrza przy jednoczesnym zminimalizowaniu przeciwci\u015bnienia, co skutkuje zauwa\u017caln\u0105 popraw\u0105 osi\u0105g\u00f3w silnika i prowadzenia. Idealny dla kierowc\u00f3w, kt\u00f3rzy chc\u0105 wydoby\u0107 ze swojego Challengera to, co najlepsze.<\/p>\n<p><strong>Uk\u0142ad wydechowy Gibson #617009 pasuje do nast\u0119puj\u0105cych modeli:<\/strong><\/p>\n<table width=\"449\">\n<tbody>\n<tr>\n<td width=\"115\"><strong>Marka<\/strong><\/td>\n<td width=\"145\"><strong>Model<\/strong><\/td>\n<td width=\"106\"><strong>Silnik<\/strong><\/td>\n<td width=\"83\"><strong>Rok<\/strong><\/td>\n<\/tr>\n<tr>\n<td>Dodge<\/td>\n<td>Challenger<\/td>\n<td>6.4<\/td>\n<td>2015 - 2023<\/td>\n<\/tr>\n<\/tbody>\n<\/table>\n<p>&nbsp;<\/p>\n<p><iframe loading=\"lazy\" title=\"Sportowy uk\u0142ad wydechowy Gibson 617009 dla Dodge Challenger 5.7 i 6.4\" src=\"https:\/\/www.youtube.com\/embed\/4PUwwYdvJI8\" width=\"882\" height=\"496\" frameborder=\"0\" allowfullscreen=\"allowfullscreen\"><\/iframe><\/p>\n<p>&nbsp;<\/p>","protected":false},"excerpt":{"rendered":"<p>2015\u20132023<\/p>","protected":false},"featured_media":68256744,"comment_status":"open","ping_status":"closed","template":"","meta":{"_acf_changed":false},"product_brand":[],"product_cat":[6520,3024],"product_tag":[249,250,251,252,419,420,2066,217,91,93,2429,1046,1035,1036,546,1037,1047,2210,49,3853,662,1043,1039,1042,2428,2934,532,529,20273,2211,1040,1044,783,1181,787,1045,1041,547,1034,1038,96,164,233,2139],"class_list":{"0":"post-68256741","1":"product","2":"type-product","3":"status-publish","4":"has-post-thumbnail","6":"product_cat-challenger-64-catback","7":"product_cat-nicht-nach-eu","8":"product_tag-249","9":"product_tag-250","10":"product_tag-251","11":"product_tag-252","12":"product_tag-419","13":"product_tag-420","14":"product_tag-2066","15":"product_tag-217","16":"product_tag-5-7","17":"product_tag-6-4","18":"product_tag-2429","19":"product_tag-abe","20":"product_tag-abgasanlage","21":"product_tag-abgassystem","22":"product_tag-auspuff","23":"product_tag-auspuffsystem","24":"product_tag-cat-back","25":"product_tag-catback","26":"product_tag-dodge","27":"product_tag-dodge-challenger","28":"product_tag-edelstahl","29":"product_tag-endrohr","30":"product_tag-endschalldaempfer","31":"product_tag-endtopf","32":"product_tag-gibson","33":"product_tag-harder","34":"product_tag-kat","35":"product_tag-katalysator","36":"product_tag-keintuev","37":"product_tag-klang","38":"product_tag-laut","39":"product_tag-mittelschalldaempfer","40":"product_tag-r-t","41":"product_tag-race","42":"product_tag-rt","43":"product_tag-sound","44":"product_tag-sport","45":"product_tag-sportauspuff","46":"product_tag-sportauspuffanlage","47":"product_tag-sportendschalldaempfer","48":"product_tag-srt","49":"product_tag-srt8","50":"product_tag-tuning","51":"product_tag-tuev","52":"product_shipping_class-spedition-1","54":"first","55":"onbackorder","56":"taxable","57":"shipping-taxable","58":"purchasable","59":"product-type-simple"},"bundled_by":[],"bundle_stock_status":"onbackorder","bundle_stock_quantity":0,"bundle_virtual":false,"bundle_layout":"","bundle_add_to_cart_form_location":"","bundle_editable_in_cart":false,"bundle_sold_individually_context":"","bundle_item_grouping":"","bundle_min_size":"","bundle_max_size":"","bundle_price":[],"bundled_items":[],"bundle_sell_ids":[],"exclude_global_add_ons":[],"addons":[],"acf":[],"_links":{"self":[{"href":"https:\/\/kraftwerk-shop.cc\/pl\/wp-json\/wp\/v2\/product\/68256741","targetHints":{"allow":["GET"]}}],"collection":[{"href":"https:\/\/kraftwerk-shop.cc\/pl\/wp-json\/wp\/v2\/product"}],"about":[{"href":"https:\/\/kraftwerk-shop.cc\/pl\/wp-json\/wp\/v2\/types\/product"}],"replies":[{"embeddable":true,"href":"https:\/\/kraftwerk-shop.cc\/pl\/wp-json\/wp\/v2\/comments?post=68256741"}],"version-history":[{"count":0,"href":"https:\/\/kraftwerk-shop.cc\/pl\/wp-json\/wp\/v2\/product\/68256741\/revisions"}],"wp:featuredmedia":[{"embeddable":true,"href":"https:\/\/kraftwerk-shop.cc\/pl\/wp-json\/wp\/v2\/media\/68256744"}],"wp:attachment":[{"href":"https:\/\/kraftwerk-shop.cc\/pl\/wp-json\/wp\/v2\/media?parent=68256741"}],"wp:term":[{"taxonomy":"product_brand","embeddable":true,"href":"https:\/\/kraftwerk-shop.cc\/pl\/wp-json\/wp\/v2\/product_brand?post=68256741"},{"taxonomy":"product_cat","embeddable":true,"href":"https:\/\/kraftwerk-shop.cc\/pl\/wp-json\/wp\/v2\/product_cat?post=68256741"},{"taxonomy":"product_tag","embeddable":true,"href":"https:\/\/kraftwerk-shop.cc\/pl\/wp-json\/wp\/v2\/product_tag?post=68256741"}],"curies":[{"name":"wp","href":"https:\/\/api.w.org\/{rel}","templated":true}]}}