{"id":68256848,"date":"2021-10-22T18:42:22","date_gmt":"2021-10-22T16:42:22","guid":{"rendered":"https:\/\/kraftwerk-gruppe.de\/?post_type=product&#038;p=68256848"},"modified":"2026-02-15T00:59:56","modified_gmt":"2026-02-14T23:59:56","slug":"6-4-hemi-kompletny-silnik-skrzyniowy","status":"publish","type":"product","link":"https:\/\/kraftwerk-shop.cc\/pl\/produkt\/6-4-hemi-komplettmotor-crate-engine\/","title":{"rendered":"Kompletny silnik 6.4 Hemi \/ silnik skrzyniowy"},"content":{"rendered":"<h1>Kompletny silnik 6.4 Hemi z lub bez MDS<\/h1>\n<p>Nowa cz\u0119\u015b\u0107, bez osprz\u0119tu i os\u0142on silnika.<\/p>\n<p>&nbsp;<\/p>\n<p>Ten artyku\u0142 jest sprzedawany wy\u0142\u0105cznie klientom komercyjnym \/ przedsi\u0119biorcom w rozumieniu \u00a714 BGB.<br \/>\nZakaz sprzeda\u017cy osobom prywatnym.<\/p>\n<p>Silniki podlegaj\u0105 specjalnym wymaganiom technicznym. Poniewa\u017c klienci prywatni nie mog\u0105 zagwarantowa\u0107 ani zweryfikowa\u0107 prawid\u0142owej instalacji, co wi\u0105\u017ce si\u0119 z ryzykiem gwarancyjnym, dostarczamy je wy\u0142\u0105cznie klientom komercyjnym, takim jak warsztaty, producenci silnik\u00f3w i firmy motoryzacyjne.<br \/>\nPrzy zakupie wymagana jest licencja handlowa.<\/p>\n<p>Ceny tego artyku\u0142u s\u0105 widoczne tylko dla klient\u00f3w komercyjnych.<br \/>\nAby zobaczy\u0107 ceny i z\u0142o\u017cy\u0107 zam\u00f3wienie, prosimy o za\u0142o\u017cenie konta klienta w naszym sklepie i przes\u0142anie nam dowodu prowadzenia dzia\u0142alno\u015bci (np. NIP, wypis z rejestru handlowego lub wpisu do ewidencji dzia\u0142alno\u015bci gospodarczej).<br \/>\nPo pomy\u015blnej weryfikacji konta firmowego dost\u0119p zostanie aktywowany, a ceny b\u0119d\u0105 widoczne.<\/p>\n<p>&nbsp;<\/p>\n<p>&nbsp;<\/p>\n<p><strong>Uwaga dotycz\u0105ca pracy z gazem LPG\/autogazem:<\/strong><\/p>\n<p>Ten silnik nie zosta\u0142 zatwierdzony przez producenta do pracy z instalacjami LPG\/autogazu.<br \/>\nU\u017cytkowanie z LPG mo\u017ce prowadzi\u0107 do zwi\u0119kszonych obci\u0105\u017ce\u0144 termicznych, kt\u00f3re mog\u0105 sprzyja\u0107 uszkodzeniu gniazd zawor\u00f3w, t\u0142ok\u00f3w, g\u0142owic cylindr\u00f3w lub uk\u0142adu rozrz\u0105du.<br \/>\nPonadto, w przypadku zmodernizowanych system\u00f3w gazowych, profesjonalna instalacja, strojenie i niezawodno\u015b\u0107 dzia\u0142ania nie mog\u0105 by\u0107 przez nas zweryfikowane ani sprawdzone, poniewa\u017c systemy te nie s\u0105 cz\u0119\u015bci\u0105 fabrycznej konfiguracji silnika.<br \/>\nStwarza to nieobliczalne ryzyko techniczne i prawne dla nas jako dostawcy, za kt\u00f3re nie mo\u017cemy ponosi\u0107 odpowiedzialno\u015bci.<br \/>\nZ tego powodu gwarancja i r\u0119kojmia s\u0105 ca\u0142kowicie wy\u0142\u0105czone w przypadku eksploatacji tego silnika z instalacjami LPG\/autogaz.<\/p>\n<p>&nbsp;<\/p>","protected":false},"excerpt":{"rendered":"<p>Sprzeda\u017c wy\u0142\u0105cznie do handlu.<br \/>\nAby zobaczy\u0107 cen\u0119, potrzebujesz konta sprzedawcy.<\/p>","protected":false},"featured_media":68278298,"comment_status":"open","ping_status":"closed","template":"","meta":{"_acf_changed":false},"product_brand":[],"product_cat":[19312,19313,19314,19315,19311,19316],"product_tag":[217,93,2459,2457,203,1021,48,2460,49,204,1022,50,2461,1020,2463,1023,86,64,96,2473,1024],"class_list":{"0":"post-68256848","1":"product","2":"type-product","3":"status-publish","4":"has-post-thumbnail","6":"product_cat-charger-64-shortblock-longblock-komplettmotor","7":"product_cat-durango-64-shortblock-longblock-komplettmotor","8":"product_cat-grand-cherokee-64-shortblock-longblock-komplettmotor","9":"product_cat-wagoneer-64-shortblock-longblock-komplettmotor","10":"product_cat-challenger-64-shortblock-longblock-komplettmotor","11":"product_cat-wrangler-64-shortblock-longblock-komplettmotor","12":"product_tag-217","13":"product_tag-6-4","14":"product_tag-68293008ab","15":"product_tag-68303090aa","16":"product_tag-austausch","17":"product_tag-austauschmotor","18":"product_tag-chrysler","19":"product_tag-crate-engine","20":"product_tag-dodge","21":"product_tag-ersatz","22":"product_tag-ersatzmotor","23":"product_tag-jeep","24":"product_tag-komplettmotor","25":"product_tag-motor","26":"product_tag-motorreparatur","27":"product_tag-motorschaden","28":"product_tag-ram","29":"product_tag-reparatur","30":"product_tag-srt","31":"product_tag-tausch","32":"product_tag-tauschmotor","33":"product_shipping_class-speditionsversand-2","35":"first","36":"onbackorder","37":"taxable","38":"shipping-taxable","39":"purchasable","40":"product-type-variable"},"bundled_by":[],"bundle_stock_status":"onbackorder","bundle_stock_quantity":0,"bundle_virtual":false,"bundle_layout":"","bundle_add_to_cart_form_location":"","bundle_editable_in_cart":false,"bundle_sold_individually_context":"","bundle_item_grouping":"","bundle_min_size":"","bundle_max_size":"","bundle_price":[],"bundled_items":[],"bundle_sell_ids":[],"exclude_global_add_ons":[],"addons":[],"acf":[],"_links":{"self":[{"href":"https:\/\/kraftwerk-shop.cc\/pl\/wp-json\/wp\/v2\/product\/68256848","targetHints":{"allow":["GET"]}}],"collection":[{"href":"https:\/\/kraftwerk-shop.cc\/pl\/wp-json\/wp\/v2\/product"}],"about":[{"href":"https:\/\/kraftwerk-shop.cc\/pl\/wp-json\/wp\/v2\/types\/product"}],"replies":[{"embeddable":true,"href":"https:\/\/kraftwerk-shop.cc\/pl\/wp-json\/wp\/v2\/comments?post=68256848"}],"version-history":[{"count":0,"href":"https:\/\/kraftwerk-shop.cc\/pl\/wp-json\/wp\/v2\/product\/68256848\/revisions"}],"wp:featuredmedia":[{"embeddable":true,"href":"https:\/\/kraftwerk-shop.cc\/pl\/wp-json\/wp\/v2\/media\/68278298"}],"wp:attachment":[{"href":"https:\/\/kraftwerk-shop.cc\/pl\/wp-json\/wp\/v2\/media?parent=68256848"}],"wp:term":[{"taxonomy":"product_brand","embeddable":true,"href":"https:\/\/kraftwerk-shop.cc\/pl\/wp-json\/wp\/v2\/product_brand?post=68256848"},{"taxonomy":"product_cat","embeddable":true,"href":"https:\/\/kraftwerk-shop.cc\/pl\/wp-json\/wp\/v2\/product_cat?post=68256848"},{"taxonomy":"product_tag","embeddable":true,"href":"https:\/\/kraftwerk-shop.cc\/pl\/wp-json\/wp\/v2\/product_tag?post=68256848"}],"curies":[{"name":"wp","href":"https:\/\/api.w.org\/{rel}","templated":true}]}}