{"id":68256950,"date":"2021-10-26T20:37:50","date_gmt":"2021-10-26T18:37:50","guid":{"rendered":"https:\/\/kraftwerk-gruppe.de\/?post_type=product&#038;p=68256950"},"modified":"2026-04-02T17:17:26","modified_gmt":"2026-04-02T15:17:26","slug":"klocki-hamulcowe-ebc-blackstuff-dpx2139","status":"publish","type":"product","link":"https:\/\/kraftwerk-shop.cc\/pl\/produkt\/ebc-blackstuff-bremsbelaege-dpx2139\/","title":{"rendered":"Klocki hamulcowe EBC Blackstuff DPX2139"},"content":{"rendered":"<h1>Klocki hamulcowe EBC Blackstuff do Chrysler 300C, Dodge Challenger, Charger, Magnum i Lancia Thema 3.0 CRD, 3.5, 3.6 i 5.7 (przednia o\u015b)<\/h1>\n<p>&nbsp;<\/p>\n<p>Oferujemy ten klocek hamulcowy zoptymalizowany pod k\u0105tem py\u0142u hamulcowego jako \"cz\u0119\u015b\u0107 zamienn\u0105 OE\".<br \/>\nOdpowiada to jako\u015bci OE, ale zosta\u0142o ulepszone przez EBC pod wzgl\u0119dem \u017cywotno\u015bci i powstawania py\u0142u hamulcowego.<br \/>\nDobra odporno\u015b\u0107 na ciep\u0142o i minimalne zu\u017cycie tarczy hamulcowej to kolejne powody wielkiego sukcesu tego klocka hamulcowego EBC.<br \/>\nWszystkie klocki hamulcowe Blackstuff Ultimax posiadaj\u0105 homologacj\u0119 ECE R90.<\/p>\n<p>&nbsp;<\/p>\n<p>Cechy:<\/p>\n<p>- Zoptymalizowany zamienny klocek hamulcowy o wsp\u00f3\u0142czynniku tarcia 0,41<br \/>\n- Dwucz\u0119\u015bciowa ok\u0142adzina cierna zapobiegaj\u0105ca p\u0119kni\u0119ciom termicznym<br \/>\n- Fazowane naro\u017cniki chroni\u0105ce przed ha\u0142asem podczas hamowania<br \/>\n- Unikalna pow\u0142oka Brake-In\u2122 zapewniaj\u0105ca optymalne hamowanie<br \/>\n- Bardzo delikatny dla tarcz hamulcowych<br \/>\n- Z odporn\u0105, wypalan\u0105 pow\u0142ok\u0105 o wysokim po\u0142ysku<br \/>\n- Temperatura pracy do 400\u00b0C<\/p>\n<div id=\"attachment_68255951\" style=\"width: 460px\" class=\"wp-caption alignnone\"><a href=\"https:\/\/kraftwerk-shop.cc\/wp-content\/uploads\/2021\/09\/EBC_Blackstuff_Info.jpg\"><img decoding=\"async\" aria-describedby=\"caption-attachment-68255951\" class=\"wp-image-68255951\" src=\"https:\/\/kraftwerk-shop.cc\/wp-content\/uploads\/2021\/09\/EBC_Blackstuff_Info-300x229.jpg\" alt=\"Cechy klock\u00f3w hamulcowych EBC Blackstuff do samochod\u00f3w Chrysler, Dodge i Jeep\" width=\"450\" height=\"343\" \/><\/a><p id=\"caption-attachment-68255951\" class=\"wp-caption-text\">Charakterystyka klock\u00f3w hamulcowych EBC Blackstuff<\/p><\/div>\n<p>&nbsp;<\/p>\n<p>Numer OE (tylko do cel\u00f3w por\u00f3wnawczych): 05142555AA, 05174001AA, 05174001AB, 05174001AC<strong>, <\/strong>68147681AA<br \/>\nZatwierdzenie: REG90<\/p>\n<p>Miejsce instalacji: O\u015b przednia<\/p>\n<p>&nbsp;<\/p>\n<p><strong>Odpowiedni dla:<\/strong><\/p>\n<p>&nbsp;<\/p>\n<table width=\"0\">\n<tbody>\n<tr>\n<td width=\"64\">Chrysler<\/td>\n<td width=\"115\">300C<\/td>\n<td width=\"152\">3.0 CRD, 3.6, 5.7<\/td>\n<td width=\"301\">Od roku modelowego 2011 z tarczami hamulcowymi 345 mm<\/td>\n<\/tr>\n<tr>\n<td width=\"64\">Dodge<\/td>\n<td width=\"115\">Challenger<\/td>\n<td width=\"152\">3.6, 5.7<\/td>\n<td width=\"301\">Od roku modelowego 2011 z tarczami hamulcowymi 345 mm<\/td>\n<\/tr>\n<tr>\n<td width=\"64\">Dodge<\/td>\n<td width=\"115\">Charger<\/td>\n<td width=\"152\">3.6, 5.7<\/td>\n<td width=\"301\">Od roku modelowego 2011 z tarczami hamulcowymi 345 mm<\/td>\n<\/tr>\n<tr>\n<td width=\"64\">Lancia<\/td>\n<td width=\"115\">Temat<\/td>\n<td width=\"152\">3.0 MultiJet, 3.6<\/td>\n<td width=\"301\">Od roku modelowego 2011 z tarczami hamulcowymi 345 mm<\/td>\n<\/tr>\n<\/tbody>\n<\/table>\n<p><strong>\u00a0<\/strong><\/p>\n<p><strong>\u00a0<\/strong><\/p>\n<p><strong>Zakres dostawy: <\/strong><\/p>\n<p>- 1 zestaw klock\u00f3w hamulcowych (DPX2139) dla przedniej osi<\/p>\n<p><strong>Uwaga:<\/strong><\/p>\n<p>Przed z\u0142o\u017ceniem zam\u00f3wienia nale\u017cy sprawdzi\u0107, czy z przodu pojazdu zamontowane s\u0105 tarcze hamulcowe o \u015brednicy 345 mm czy 320 mm.<br \/>\nDla orientacji mo\u017cna por\u00f3wna\u0107 rozmiar przedniej i tylnej tarczy hamulcowej.<br \/>\nTylne tarcze hamulcowe maj\u0105 zawsze \u015brednic\u0119 320 mm.<\/p>\n<p>&nbsp;<\/p>","protected":false},"excerpt":{"rendered":"<p>Nadaje si\u0119 do tarcz hamulcowych 345 mm od 2011 r.<\/p>","protected":false},"featured_media":68274287,"comment_status":"open","ping_status":"closed","template":"","meta":{"_acf_changed":false},"product_brand":[16875],"product_cat":[17712,17715,17719,17723,17727,17709,17703,17701,17739,17743,17747,17751],"product_tag":[2149,2481,2482,2150,2151,2152,87,572,2136,88,169,52,2154,91,18215,2170,2171,18216,18217,18218,2153,1046,969,590,795,840,54,53,48,536,49,3853,3854,2480,964,2442,16877,16876,16878,126,36,173,55,2138,970,174,2139,842,841,673,2135,2137],"class_list":{"0":"post-68256950","1":"product","2":"type-product","3":"status-publish","4":"has-post-thumbnail","6":"product_brand-ebc-brakes","7":"product_cat-300c-30-diesel-bremsbelaege-vorne","8":"product_cat-300c-35-bremsbelaege-vorne","9":"product_cat-300c-36-bremsbelaege-vorne","10":"product_cat-300c-57-2005-2010-bremsbelaege-vorne","11":"product_cat-300c-57-2011-2023-bremsbelaege-vorne","12":"product_cat-challenger-35-bremsbelaege-vorne","13":"product_cat-challenger-36-bremsbelaege-vorne","14":"product_cat-challenger-57-bremsbelaege-vorne","15":"product_cat-charger-35-bremsbelaege-vorne","16":"product_cat-charger-36-bremsbelaege-vorne","17":"product_cat-charger-57-bremsbelaege-vorne","18":"product_cat-charger-57-2011-2023-bremsbelaege-vorne","19":"product_tag-05142555aa","20":"product_tag-05142559aa","21":"product_tag-05142559ab","22":"product_tag-05174001aa","23":"product_tag-05174001ab","24":"product_tag-05174001ac","25":"product_tag-2-7","26":"product_tag-3-0-crd","27":"product_tag-3-0-multijet","28":"product_tag-3-5","29":"product_tag-3-6","30":"product_tag-300c","31":"product_tag-345-mm","32":"product_tag-5-7","33":"product_tag-5142555aa","34":"product_tag-5142559aa","35":"product_tag-5142559ab","36":"product_tag-5174001aa","37":"product_tag-5174001ab","38":"product_tag-5174001ac","39":"product_tag-68147681aa","40":"product_tag-abe","41":"product_tag-blackstuff","42":"product_tag-bremsbelaege","43":"product_tag-bremse","44":"product_tag-bremskloetze","45":"product_tag-challenger","46":"product_tag-charger","47":"product_tag-chrysler","48":"product_tag-chrysler-300c","49":"product_tag-dodge","50":"product_tag-dodge-challenger","51":"product_tag-dodge-charger","52":"product_tag-dpx2139","53":"product_tag-ebc","54":"product_tag-ebc-brakes","55":"product_tag-ebc-bremsbelaege","56":"product_tag-ebc-bremsen","57":"product_tag-ebc-bremsscheiben","58":"product_tag-hemi","59":"product_tag-kraftwerk","60":"product_tag-lancia","61":"product_tag-magnum","62":"product_tag-reg90","63":"product_tag-sportbremsbelaege","64":"product_tag-thema","65":"product_tag-tuev","66":"product_tag-vorderachse","67":"product_tag-vorne","68":"product_tag-zubehoer","69":"product_tag-zubehoerbremsbelaege","70":"product_tag-zulassung","72":"first","73":"instock","74":"taxable","75":"shipping-taxable","76":"purchasable","77":"product-type-simple"},"bundled_by":[],"bundle_stock_status":"instock","bundle_stock_quantity":1,"bundle_virtual":false,"bundle_layout":"","bundle_add_to_cart_form_location":"","bundle_editable_in_cart":false,"bundle_sold_individually_context":"","bundle_item_grouping":"","bundle_min_size":"","bundle_max_size":"","bundle_price":[],"bundled_items":[],"bundle_sell_ids":[],"exclude_global_add_ons":[],"addons":[],"acf":[],"_links":{"self":[{"href":"https:\/\/kraftwerk-shop.cc\/pl\/wp-json\/wp\/v2\/product\/68256950","targetHints":{"allow":["GET"]}}],"collection":[{"href":"https:\/\/kraftwerk-shop.cc\/pl\/wp-json\/wp\/v2\/product"}],"about":[{"href":"https:\/\/kraftwerk-shop.cc\/pl\/wp-json\/wp\/v2\/types\/product"}],"replies":[{"embeddable":true,"href":"https:\/\/kraftwerk-shop.cc\/pl\/wp-json\/wp\/v2\/comments?post=68256950"}],"version-history":[{"count":0,"href":"https:\/\/kraftwerk-shop.cc\/pl\/wp-json\/wp\/v2\/product\/68256950\/revisions"}],"wp:featuredmedia":[{"embeddable":true,"href":"https:\/\/kraftwerk-shop.cc\/pl\/wp-json\/wp\/v2\/media\/68274287"}],"wp:attachment":[{"href":"https:\/\/kraftwerk-shop.cc\/pl\/wp-json\/wp\/v2\/media?parent=68256950"}],"wp:term":[{"taxonomy":"product_brand","embeddable":true,"href":"https:\/\/kraftwerk-shop.cc\/pl\/wp-json\/wp\/v2\/product_brand?post=68256950"},{"taxonomy":"product_cat","embeddable":true,"href":"https:\/\/kraftwerk-shop.cc\/pl\/wp-json\/wp\/v2\/product_cat?post=68256950"},{"taxonomy":"product_tag","embeddable":true,"href":"https:\/\/kraftwerk-shop.cc\/pl\/wp-json\/wp\/v2\/product_tag?post=68256950"}],"curies":[{"name":"wp","href":"https:\/\/api.w.org\/{rel}","templated":true}]}}