{"id":68256977,"date":"2021-10-31T15:34:22","date_gmt":"2021-10-31T14:34:22","guid":{"rendered":"https:\/\/kraftwerk-gruppe.de\/?post_type=product&#038;p=68256977"},"modified":"2026-02-15T00:44:52","modified_gmt":"2026-02-14T23:44:52","slug":"afe-power-57-10001r-track-series-uklad-dolotowy-zimnego-powietrza-z-wlokna-weglowego-dodge-demon-hellcat-redeye-super-stock","status":"publish","type":"product","link":"https:\/\/kraftwerk-shop.cc\/pl\/produkt\/afe-power-57-10001r-track-series-carbon-fiber-cold-air-intake-system-dodge-demon-hellcat-redeye-super-stock\/","title":{"rendered":"aFe Track Series Carbon Cold Air Intake \/ Sport Air Filter Dodge Challenger Demon, Hellcat, Redeye &amp; Super Stock"},"content":{"rendered":"<h1>aFe POWER 57-10001R Uk\u0142ad dolotowy zimnego powietrza z w\u0142\u00f3kna w\u0119glowego do Dodge Challenger Demon, Hellcat, Redeye i Super Stock<\/h1>\n<p>&nbsp;<\/p>\n<p><strong>Obudowa odporna na wysok\u0105 temperatur\u0119<\/strong><\/p>\n<p>Do\u0142\u0105czony sta\u0142y filtr powietrza jest otoczony obudow\u0105 z polimeru XLPE (usieciowanego polietylenu) z otwartymi elementami, kt\u00f3re minimalizuj\u0105 ciep\u0142e powietrze silnika, zapewniaj\u0105c maksymaln\u0105 wydajno\u015b\u0107. Otwarta konstrukcja zapewnia dobr\u0105 widoczno\u015b\u0107 sta\u0142ego filtra powietrza, a jednocze\u015bnie uszczelnia mask\u0119, aby zasysa\u0107 powietrze przez fabryczny otw\u00f3r w masce. Dzi\u0119ki do\u0142\u0105czonemu kr\u00f3\u0107cowi wlotowemu, obudow\u0119 mo\u017cna r\u00f3wnie\u017c pod\u0142\u0105czy\u0107 do fabrycznego wlotu powietrza reflektora.<\/p>\n<p><strong>Kolektor dolotowy<\/strong><br \/>\nKolektor dolotowy wykonany z w\u0142\u00f3kna w\u0119glowego 100% o wysokim po\u0142ysku zapewnia maksymalny wzrost osi\u0105g\u00f3w przy idealnym dopasowaniu i niskiej masie.<\/p>\n<p><strong>Si\u0142ownik jednostki wielopowietrznej FCA<\/strong><br \/>\nFabrycznie zamontowany si\u0142ownik MUA (Multi-Air Unit Actuator) jest po prostu pod\u0142\u0105czany do z\u0142\u0105cza wlotu powietrza. Wszystkie zaciski i w\u0119\u017ce s\u0105 dostarczane, aby zapewni\u0107 prawid\u0142owy przep\u0142yw w skrzyni korbowej i unikn\u0105\u0107 komunikat\u00f3w o b\u0142\u0119dach oraz uszkodze\u0144 w\u0119\u017cy i czujnik\u00f3w.<\/p>\n<p><strong>Du\u017cy 5-warstwowy filtr powietrza o wysokiej wydajno\u015bci<\/strong><br \/>\nUk\u0142ad dolotowy Track Series zosta\u0142 zaprojektowany w oparciu o najwi\u0119kszy mo\u017cliwy filtr powietrza, aby zmaksymalizowa\u0107 skuteczno\u015b\u0107 filtracji i wydajno\u015b\u0107.<br \/>\nFiltr powietrza Pro 5R Performance sk\u0142ada si\u0119 z 5 warstw bawe\u0142nianego materia\u0142u filtracyjnego o coraz cia\u015bniejszych oczkach, kt\u00f3ry jest zwil\u017cany specjalnym olejem filtracyjnym i mo\u017ce by\u0107 wyp\u0142ukiwany.<br \/>\nTen filtr powietrza z serii Track zosta\u0142 opracowany specjalnie dla modelu Demon\/Redeye i jest wyposa\u017cony w pokryw\u0119 z w\u0142\u00f3kna w\u0119glowego.<\/p>\n<p><strong>Wysokiej jako\u015bci materia\u0142 monta\u017cowy<\/strong><br \/>\nZaciski \u015blimakowe ze stali nierdzewnej i wzmocniony w\u0105\u017c silikonowy zapewniaj\u0105 stabilno\u015b\u0107 i trwa\u0142o\u015b\u0107, a tak\u017ce bezpieczn\u0105 i \u0142atw\u0105 instalacj\u0119. Uk\u0142ady dolotowe Momentum s\u0105 zaprojektowane z mo\u017cliwie najmniejsz\u0105 liczb\u0105 pojedynczych cz\u0119\u015bci, aby zapewni\u0107 szybk\u0105 i \u0142atw\u0105 instalacj\u0119.<\/p>\n<p>&nbsp;<\/p>\n<p><strong>szczeg\u00f3\u0142y<\/strong><\/p>\n<p>- + 30 KM, + 40 NM maksymalnego wzrostu mocy<br \/>\n- 30% wi\u0119kszy przep\u0142yw ni\u017c w standardowym filtrze powietrza<br \/>\n- Kolektor dolotowy opracowany w programie CAD<br \/>\n- Wst\u0119pnie naoliwiony, zmywalny i wielokrotnego u\u017cytku filtr powietrza Pro 10R zapewnia maksymaln\u0105 wydajno\u015b\u0107<br \/>\n- Ekskluzywna os\u0142ona filtra w\u0119glowego<br \/>\n- Obudowa uszczelnia si\u0119 z mask\u0105 i zasysa ch\u0142odne powietrze zewn\u0119trzne przez wlot powietrza maski i reflektor\u00f3w<br \/>\n- Idealne dopasowanie, bez konieczno\u015bci wiercenia lub ci\u0119cia oryginalnych cz\u0119\u015bci<\/p>\n<p>&nbsp;<\/p>\n<p>&nbsp;<\/p>\n<p><strong>Odpowiedni dla:<\/strong><\/p>\n<table width=\"478\">\n<tbody>\n<tr>\n<td width=\"94\"><strong>Rok<\/strong><\/td>\n<td width=\"98\"><strong>Marka<\/strong><\/td>\n<td width=\"202\"><strong>Model<\/strong><\/td>\n<td width=\"84\"><strong>Silnik<\/strong><\/td>\n<\/tr>\n<tr>\n<td width=\"94\">2018-2018<\/td>\n<td width=\"98\">Dodge<\/td>\n<td width=\"202\">Challenger SRT Demon<\/td>\n<td width=\"84\">V8 6.2L (sc)<\/td>\n<\/tr>\n<tr>\n<td width=\"94\">2019-2022<\/td>\n<td width=\"98\">Dodge<\/td>\n<td width=\"202\">Challenger SRT Hellcat<\/td>\n<td width=\"84\">V8 6.2L (sc)<\/td>\n<\/tr>\n<tr>\n<td width=\"94\">2019-2022<\/td>\n<td width=\"98\">Dodge<\/td>\n<td width=\"202\">Challenger SRT Hellcat Redeye<\/td>\n<td width=\"84\">V8 6.2L (sc)<\/td>\n<\/tr>\n<tr>\n<td width=\"94\">2020-2022<\/td>\n<td width=\"98\">Dodge<\/td>\n<td width=\"202\">Challenger SRT Super Stock<\/td>\n<td width=\"84\">V8 6.2L (sc)<\/td>\n<\/tr>\n<\/tbody>\n<\/table>\n<p>&nbsp;<\/p>","protected":false},"excerpt":{"rendered":"<p>aFe POWER 57-10001R Uk\u0142ad dolotowy zimnego powietrza z w\u0142\u00f3kna w\u0119glowego do Dodge Challenger Demon, Hellcat, Redeye i Super Stock<\/p>","protected":false},"featured_media":68277122,"comment_status":"open","ping_status":"closed","template":"","meta":{"_acf_changed":false},"product_brand":[16879],"product_cat":[1790],"product_tag":[252,419,420,2066,19225,2493,16880,498,2441,826,824,773,54,825,152,49,3853,100,20273,2495,57,822,151,500,2396,2496,905],"class_list":{"0":"post-68256977","1":"product","2":"type-product","3":"status-publish","4":"has-post-thumbnail","6":"product_brand-afe-power","7":"product_cat-challenger-hellcat-ansaugung","8":"product_tag-252","9":"product_tag-419","10":"product_tag-420","11":"product_tag-2066","12":"product_tag-28-10423","13":"product_tag-57-10001r","14":"product_tag-advanced-flow-engineering","15":"product_tag-afe","16":"product_tag-afe-power","17":"product_tag-ansaugung","18":"product_tag-cai","19":"product_tag-carbon","20":"product_tag-challenger","21":"product_tag-cold-air-intake","22":"product_tag-demon","23":"product_tag-dodge","24":"product_tag-dodge-challenger","25":"product_tag-hellcat","26":"product_tag-keintuev","27":"product_tag-kohlefaser","28":"product_tag-luftfilter","29":"product_tag-momentum","30":"product_tag-redeye","31":"product_tag-sportluftfilter","32":"product_tag-super-stock","33":"product_tag-superstock","34":"product_tag-track-series","36":"first","37":"onbackorder","38":"taxable","39":"shipping-taxable","40":"purchasable","41":"product-type-simple"},"bundled_by":[],"bundle_stock_status":"onbackorder","bundle_stock_quantity":0,"bundle_virtual":false,"bundle_layout":"","bundle_add_to_cart_form_location":"","bundle_editable_in_cart":false,"bundle_sold_individually_context":"","bundle_item_grouping":"","bundle_min_size":"","bundle_max_size":"","bundle_price":[],"bundled_items":[],"bundle_sell_ids":[],"exclude_global_add_ons":[],"addons":[],"acf":[],"_links":{"self":[{"href":"https:\/\/kraftwerk-shop.cc\/pl\/wp-json\/wp\/v2\/product\/68256977","targetHints":{"allow":["GET"]}}],"collection":[{"href":"https:\/\/kraftwerk-shop.cc\/pl\/wp-json\/wp\/v2\/product"}],"about":[{"href":"https:\/\/kraftwerk-shop.cc\/pl\/wp-json\/wp\/v2\/types\/product"}],"replies":[{"embeddable":true,"href":"https:\/\/kraftwerk-shop.cc\/pl\/wp-json\/wp\/v2\/comments?post=68256977"}],"version-history":[{"count":0,"href":"https:\/\/kraftwerk-shop.cc\/pl\/wp-json\/wp\/v2\/product\/68256977\/revisions"}],"wp:featuredmedia":[{"embeddable":true,"href":"https:\/\/kraftwerk-shop.cc\/pl\/wp-json\/wp\/v2\/media\/68277122"}],"wp:attachment":[{"href":"https:\/\/kraftwerk-shop.cc\/pl\/wp-json\/wp\/v2\/media?parent=68256977"}],"wp:term":[{"taxonomy":"product_brand","embeddable":true,"href":"https:\/\/kraftwerk-shop.cc\/pl\/wp-json\/wp\/v2\/product_brand?post=68256977"},{"taxonomy":"product_cat","embeddable":true,"href":"https:\/\/kraftwerk-shop.cc\/pl\/wp-json\/wp\/v2\/product_cat?post=68256977"},{"taxonomy":"product_tag","embeddable":true,"href":"https:\/\/kraftwerk-shop.cc\/pl\/wp-json\/wp\/v2\/product_tag?post=68256977"}],"curies":[{"name":"wp","href":"https:\/\/api.w.org\/{rel}","templated":true}]}}