{"id":68257306,"date":"2021-11-07T14:31:40","date_gmt":"2021-11-07T13:31:40","guid":{"rendered":"https:\/\/kraftwerk-gruppe.de\/?post_type=product&#038;p=68257306"},"modified":"2026-02-15T00:50:00","modified_gmt":"2026-02-14T23:50:00","slug":"glowice-cylindrow-ram-trx","status":"publish","type":"product","link":"https:\/\/kraftwerk-shop.cc\/pl\/produkt\/performance-zylinderkoepfe-ram-trx\/","title":{"rendered":"Wydajne g\u0142owice cylindr\u00f3w RAM TRX"},"content":{"rendered":"<h2>Zmodyfikowane i wzmocnione g\u0142owice cylindr\u00f3w RAM TRX<\/h2>\n<p>&nbsp;<\/p>\n<p><strong>Liczby por\u00f3wnawcze Mopar:<\/strong> 68262324AA, 68225718AB, 68225718AC, 68225718AD, 68225718AE, 68225718AF, 68262325AA, 68225719AB, 68225719AC, 68225719AD, 68225719AE, 68225719AF<\/p>\n<p>&nbsp;<\/p>\n<p>Nasze portowane g\u0142owice cylindr\u00f3w do RAM 1500 TRX to idealny wyb\u00f3r, je\u015bli chcesz w pe\u0142ni wykorzysta\u0107 mo\u017cliwo\u015bci swojego silnika.<br \/>\nDzi\u0119ki precyzyjnej obr\u00f3bce i indywidualnej optymalizacji port\u00f3w wlotowych i wylotowych, nasze g\u0142owice cylindr\u00f3w oferuj\u0105 wymierny i zauwa\u017calny wzrost wydajno\u015bci - zar\u00f3wno na torze wy\u015bcigowym, jak i na drodze.<\/p>\n<p>&nbsp;<\/p>\n<p><strong>W\u0142a\u015bciwo\u015bci:<\/strong><\/p>\n<ul>\n<li>Powi\u0119kszone i zoptymalizowane pod k\u0105tem przep\u0142ywu kana\u0142y dolotowe i wydechowe: Dla maksymalnego przep\u0142ywu powietrza i optymalnego tworzenia mieszanki.<\/li>\n<li>Obrabiane gniazda zawor\u00f3w: Precyzyjne przej\u015bcia dla lepszego przep\u0142ywu gazu i wysokiej odporno\u015bci termicznej.<\/li>\n<li>Nowe zawory: wysokiej jako\u015bci i trwa\u0142e - idealnie dopasowane do ca\u0142ego systemu.<\/li>\n<li>Nowe spr\u0119\u017cyny zaworowe PSI 1511: Dla najwy\u017cszych pr\u0119dko\u015bci i maksymalnej si\u0142y spr\u0119\u017cyny - idealne do silnik\u00f3w o zwi\u0119kszonych osi\u0105gach.<\/li>\n<li>Nowe uszczelki trzonka zaworu: Niezawodna ochrona przed utrat\u0105 oleju i przebiciem gazu.<\/li>\n<li>Nowe molibdenowe zabezpieczenia spr\u0119\u017cyn zaworowych: szczeg\u00f3lnie lekkie i wyj\u0105tkowo spr\u0119\u017cyste - dla zmniejszenia si\u0142 bezw\u0142adno\u015bci w uk\u0142adzie rozrz\u0105du.<\/li>\n<li>Ca\u0142kowicie gotowy do monta\u017cu: bez dodatkowych prac monta\u017cowych - rozpakuj, zamontuj, jed\u017a.<\/li>\n<\/ul>\n<p>&nbsp;<\/p>\n<p><strong>Zalety:<\/strong><\/p>\n<ul>\n<li>Wi\u0119ksza moc i moment obrotowy: zauwa\u017calny wzrost w ca\u0142ym zakresie pr\u0119dko\u015bci.<\/li>\n<li>Szybsza reakcja przepustnicy: zoptymalizowany przep\u0142yw powietrza zapewnia bardziej bezpo\u015brednie reakcje.<\/li>\n<li>Bardziej wydajne spalanie: Lepsze turbulencje mieszanki dla wi\u0119kszej wydajno\u015bci i mocy.<\/li>\n<li>Wi\u0119ksza stabilno\u015b\u0107 termiczna: d\u0142u\u017csza \u017cywotno\u015b\u0107 nawet przy pe\u0142nym obci\u0105\u017ceniu.<\/li>\n<\/ul>\n<p>&nbsp;<\/p>\n<p>G\u0142owica cylindra Hellcat wygl\u0105da bardzo podobnie do g\u0142owicy cylindra 392 Apache, ale jest produkowana tylko w bardzo ma\u0142ych ilo\u015bciach i przy u\u017cyciu specjalnych narz\u0119dzi.<br \/>\nPodczas gdy g\u0142owica Apache wykonana jest z aluminium 319, Mopar wykorzystuje specjalnie obrobione cieplnie aluminium 356-T6 w wersji Hellcat, co skutkuje lepsz\u0105 przewodno\u015bci\u0105 ciepln\u0105 i plastyczno\u015bci\u0105.<\/p>\n<p>Na szczeg\u00f3ln\u0105 uwag\u0119 zas\u0142uguj\u0105 wzmocnione zawory zastosowane w naszych g\u0142owicach Hellcat Performance dla wy\u017cszych poziom\u00f3w wydajno\u015bci.<br \/>\nZawory dolotowe to zawory z wydr\u0105\u017conym trzpieniem ze stali nierdzewnej, a zawory wydechowe to zawory z litego Inconelu, kt\u00f3re s\u0105 r\u00f3wnie\u017c stosowane w silnikach o mocy powy\u017cej 1500 KM.<\/p>\n<p>&nbsp;<\/p>\n<p>&nbsp;<\/p>\n<p><strong>Odpowiedni dla:<\/strong><\/p>\n<table width=\"449\">\n<tbody>\n<tr>\n<td width=\"115\"><strong>Marka<\/strong><\/td>\n<td width=\"145\"><strong>Model<\/strong><\/td>\n<td width=\"106\"><strong>Silnik<\/strong><\/td>\n<td width=\"83\"><strong>Rok<\/strong><\/td>\n<\/tr>\n<tr>\n<td>RAM<\/td>\n<td>1500<\/td>\n<td>6.2 TRX<\/td>\n<td>2021\u20132024<\/td>\n<\/tr>\n<\/tbody>\n<\/table>\n<p>&nbsp;<\/p>\n<p>W razie jakichkolwiek pyta\u0144 prosimy o kontakt.<\/p>\n<p>&nbsp;<\/p>\n<p><strong>Zakres dostawy:<\/strong><\/p>\n<ul>\n<li>2 g\u0142owice cylindr\u00f3w<\/li>\n<\/ul>","protected":false},"excerpt":{"rendered":"<p>Zmodyfikowane i wzmocnione g\u0142owice cylindr\u00f3w RAM TRX Numery referencyjne Mopar: 68262324AA, 68225718AB, 68225718AC, 68225718AD, 68225718AE, 68225718AF, 68262325AA, 68225719AB, 68225719AC, 68225719AD, 68225719AE,<\/p>","protected":false},"featured_media":68274892,"comment_status":"open","ping_status":"closed","template":"","meta":{"_acf_changed":false},"product_brand":[],"product_cat":[3024,6676],"product_tag":[475,101,11122,11123,11124,11125,11126,11128,11129,11130,11131,11132,11121,11127,203,200,204,36,2455,202,186,201,86,2353,216,215,199],"class_list":{"0":"post-68257306","1":"product","2":"type-product","3":"status-publish","4":"has-post-thumbnail","6":"product_cat-nicht-nach-eu","7":"product_cat-trx-zylinderkopf","8":"product_tag-475","9":"product_tag-6-2","10":"product_tag-68225718ab","11":"product_tag-68225718ac","12":"product_tag-68225718ad","13":"product_tag-68225718ae","14":"product_tag-68225718af","15":"product_tag-68225719ab","16":"product_tag-68225719ac","17":"product_tag-68225719ad","18":"product_tag-68225719ae","19":"product_tag-68225719af","20":"product_tag-68262324aa","21":"product_tag-68262325aa","22":"product_tag-austausch","23":"product_tag-bearbeitet","24":"product_tag-ersatz","25":"product_tag-kraftwerk","26":"product_tag-mm5","27":"product_tag-optimiert","28":"product_tag-performance","29":"product_tag-ported","30":"product_tag-ram","31":"product_tag-trx","32":"product_tag-upgrade","33":"product_tag-ventile","34":"product_tag-zylinderkoepfe","35":"product_shipping_class-spedition-1","37":"first","38":"onbackorder","39":"taxable","40":"shipping-taxable","41":"purchasable","42":"product-type-simple"},"bundled_by":[],"bundle_stock_status":"onbackorder","bundle_stock_quantity":0,"bundle_virtual":false,"bundle_layout":"","bundle_add_to_cart_form_location":"","bundle_editable_in_cart":false,"bundle_sold_individually_context":"","bundle_item_grouping":"","bundle_min_size":"","bundle_max_size":"","bundle_price":[],"bundled_items":[],"bundle_sell_ids":[],"exclude_global_add_ons":[],"addons":[],"acf":[],"_links":{"self":[{"href":"https:\/\/kraftwerk-shop.cc\/pl\/wp-json\/wp\/v2\/product\/68257306","targetHints":{"allow":["GET"]}}],"collection":[{"href":"https:\/\/kraftwerk-shop.cc\/pl\/wp-json\/wp\/v2\/product"}],"about":[{"href":"https:\/\/kraftwerk-shop.cc\/pl\/wp-json\/wp\/v2\/types\/product"}],"replies":[{"embeddable":true,"href":"https:\/\/kraftwerk-shop.cc\/pl\/wp-json\/wp\/v2\/comments?post=68257306"}],"version-history":[{"count":0,"href":"https:\/\/kraftwerk-shop.cc\/pl\/wp-json\/wp\/v2\/product\/68257306\/revisions"}],"wp:featuredmedia":[{"embeddable":true,"href":"https:\/\/kraftwerk-shop.cc\/pl\/wp-json\/wp\/v2\/media\/68274892"}],"wp:attachment":[{"href":"https:\/\/kraftwerk-shop.cc\/pl\/wp-json\/wp\/v2\/media?parent=68257306"}],"wp:term":[{"taxonomy":"product_brand","embeddable":true,"href":"https:\/\/kraftwerk-shop.cc\/pl\/wp-json\/wp\/v2\/product_brand?post=68257306"},{"taxonomy":"product_cat","embeddable":true,"href":"https:\/\/kraftwerk-shop.cc\/pl\/wp-json\/wp\/v2\/product_cat?post=68257306"},{"taxonomy":"product_tag","embeddable":true,"href":"https:\/\/kraftwerk-shop.cc\/pl\/wp-json\/wp\/v2\/product_tag?post=68257306"}],"curies":[{"name":"wp","href":"https:\/\/api.w.org\/{rel}","templated":true}]}}