{"id":68257407,"date":"2021-11-13T19:15:27","date_gmt":"2021-11-13T18:15:27","guid":{"rendered":"https:\/\/kraftwerk-gruppe.de\/?post_type=product&#038;p=68257407"},"modified":"2026-02-15T00:48:46","modified_gmt":"2026-02-14T23:48:46","slug":"klocki-hamulcowe-mopar-trackhawk-hellcat-68399095ac","status":"publish","type":"product","link":"https:\/\/kraftwerk-shop.cc\/pl\/produkt\/mopar-bremsbelaege-trackhawk-hellcat-68399095ac\/","title":{"rendered":"Klocki hamulcowe Mopar Jeep Trackhawk i Durango Hellcat (68399095AC)"},"content":{"rendered":"<h1><strong>Oryginalne klocki hamulcowe Mopar (o\u015b przednia) do Jeep Trackhawk i Dodge Durango Hellcat<\/strong><\/h1>\n<p>&nbsp;<\/p>\n<p><strong>Numer cz\u0119\u015bci Mopar:<\/strong> 68399095AC<br \/>\n<strong>Zast\u0105piony:<\/strong>\u00a068399095AA, 68399095AB<\/p>\n<p>&nbsp;<\/p>\n<p><strong>Odpowiedni dla:<\/strong><\/p>\n<table width=\"403\">\n<tbody>\n<tr>\n<td width=\"67\">Dodge<\/td>\n<td width=\"116\">Durango<\/td>\n<td width=\"123\">6.2 Hellcat<\/td>\n<td width=\"97\">2021\u20132025<\/td>\n<\/tr>\n<tr>\n<td width=\"67\">Jeep<\/td>\n<td width=\"116\">Grand Cherokee<\/td>\n<td width=\"123\">6.2 Trackhawk<\/td>\n<td width=\"97\">2018\u20132021<\/td>\n<\/tr>\n<\/tbody>\n<\/table>\n<p>&nbsp;<\/p>\n<p>Cena dotyczy 1 zestawu dla kompletnej osi przedniej.<\/p>\n<p>&nbsp;<\/p>\n<p>&nbsp;<\/p>","protected":false},"excerpt":{"rendered":"<p>Oryginalna cz\u0119\u015b\u0107 Mopar<\/p>","protected":false},"featured_media":68278241,"comment_status":"open","ping_status":"closed","template":"","meta":{"_acf_changed":false},"product_brand":[16270],"product_cat":[17928,17961],"product_tag":[2758,2759,2751,2752,2753,832,838,590,10806,795,839,840,49,95,692,56,100,50,4425,4427,4426,31,8813,9424,16271,16273,16275,16272,16274,34,794,102,842,841,653,673],"class_list":{"0":"post-68257407","1":"product","2":"type-product","3":"status-publish","4":"has-post-thumbnail","6":"product_brand-mopar","7":"product_cat-durango-hellcat-bremsbelaege-vorne","8":"product_cat-trackhawk-bremsbelaege-vorne","9":"product_tag-400-mm","10":"product_tag-400mm","11":"product_tag-68399095aa","12":"product_tag-68399095ab","13":"product_tag-68399095ac","14":"product_tag-brembo","15":"product_tag-bremsbelag","16":"product_tag-bremsbelaege","17":"product_tag-bremsbelaege-fuer-jeep-trackhawk","18":"product_tag-bremse","19":"product_tag-bremsklotz","20":"product_tag-bremskloetze","21":"product_tag-dodge","22":"product_tag-durango","23":"product_tag-ersatzteil","24":"product_tag-grand-cherokee","25":"product_tag-hellcat","26":"product_tag-jeep","27":"product_tag-jeep-grand-cherokee","28":"product_tag-jeep-grand-cherokee-trackhawk","29":"product_tag-jeep-trackhawk","30":"product_tag-mopar","31":"product_tag-mopar-autoteile","32":"product_tag-mopar-ersatzteile","33":"product_tag-mopar-ersatzteile-kaufen","34":"product_tag-mopar-performance-teile","35":"product_tag-mopar-teile-katalog","36":"product_tag-mopar-teile-online","37":"product_tag-mopar-tuningteile","38":"product_tag-original","39":"product_tag-premium","40":"product_tag-trackhawk","41":"product_tag-vorderachse","42":"product_tag-vorne","43":"product_tag-wk2","44":"product_tag-zubehoer","46":"first","47":"instock","48":"taxable","49":"shipping-taxable","50":"purchasable","51":"product-type-simple"},"bundled_by":[],"bundle_stock_status":"instock","bundle_stock_quantity":2,"bundle_virtual":false,"bundle_layout":"","bundle_add_to_cart_form_location":"","bundle_editable_in_cart":false,"bundle_sold_individually_context":"","bundle_item_grouping":"","bundle_min_size":"","bundle_max_size":"","bundle_price":[],"bundled_items":[],"bundle_sell_ids":[],"exclude_global_add_ons":[],"addons":[],"acf":[],"_links":{"self":[{"href":"https:\/\/kraftwerk-shop.cc\/pl\/wp-json\/wp\/v2\/product\/68257407","targetHints":{"allow":["GET"]}}],"collection":[{"href":"https:\/\/kraftwerk-shop.cc\/pl\/wp-json\/wp\/v2\/product"}],"about":[{"href":"https:\/\/kraftwerk-shop.cc\/pl\/wp-json\/wp\/v2\/types\/product"}],"replies":[{"embeddable":true,"href":"https:\/\/kraftwerk-shop.cc\/pl\/wp-json\/wp\/v2\/comments?post=68257407"}],"version-history":[{"count":0,"href":"https:\/\/kraftwerk-shop.cc\/pl\/wp-json\/wp\/v2\/product\/68257407\/revisions"}],"wp:featuredmedia":[{"embeddable":true,"href":"https:\/\/kraftwerk-shop.cc\/pl\/wp-json\/wp\/v2\/media\/68278241"}],"wp:attachment":[{"href":"https:\/\/kraftwerk-shop.cc\/pl\/wp-json\/wp\/v2\/media?parent=68257407"}],"wp:term":[{"taxonomy":"product_brand","embeddable":true,"href":"https:\/\/kraftwerk-shop.cc\/pl\/wp-json\/wp\/v2\/product_brand?post=68257407"},{"taxonomy":"product_cat","embeddable":true,"href":"https:\/\/kraftwerk-shop.cc\/pl\/wp-json\/wp\/v2\/product_cat?post=68257407"},{"taxonomy":"product_tag","embeddable":true,"href":"https:\/\/kraftwerk-shop.cc\/pl\/wp-json\/wp\/v2\/product_tag?post=68257407"}],"curies":[{"name":"wp","href":"https:\/\/api.w.org\/{rel}","templated":true}]}}