{"id":68257728,"date":"2021-11-24T23:41:22","date_gmt":"2021-11-24T22:41:22","guid":{"rendered":"https:\/\/kraftwerk-gruppe.de\/?post_type=product&#038;p=68257728"},"modified":"2026-02-15T00:44:53","modified_gmt":"2026-02-14T23:44:53","slug":"uszczelka-glowicy-cylindrow-mopar-5037592ac","status":"publish","type":"product","link":"https:\/\/kraftwerk-shop.cc\/pl\/produkt\/mopar-zylinderkopfdichtung-5037592ac\/","title":{"rendered":"Uszczelka g\u0142owicy cylindr\u00f3w Mopar 6.1 SRT (5037592AC)"},"content":{"rendered":"<h1>Oryginalna uszczelka g\u0142owicy cylindr\u00f3w Mopar do Chrysler 300C, Dodge Challenger, Charger, Magnum i Jeep Grand Cherokee 6.1 SRT8<\/h1>\n<p>&nbsp;<\/p>\n<p><strong>Numer cz\u0119\u015bci Mopar:<\/strong> 5037592AC<br \/>\n<strong>Zast\u0105piony:<\/strong>\u00a05037592AA, 5037592AB<\/p>\n<p>&nbsp;<\/p>\n<p>Ta uszczelka mo\u017ce by\u0107 u\u017cywana po lewej i prawej stronie.<\/p>\n<p>&nbsp;<\/p>\n<p><strong>Odpowiedni dla:<\/strong><\/p>\n<table width=\"437\">\n<tbody>\n<tr>\n<td width=\"83\"><strong>Marka<\/strong><\/td>\n<td width=\"122\"><strong>Model<\/strong><\/td>\n<td width=\"136\"><strong>Silnik<\/strong><\/td>\n<td width=\"96\"><strong>Rok<\/strong><\/td>\n<\/tr>\n<tr>\n<td>Chrysler<\/td>\n<td>300C<\/td>\n<td>6.1<\/td>\n<td>2005\u20132010<\/td>\n<\/tr>\n<tr>\n<td>Dodge<\/td>\n<td>Challenger<\/td>\n<td>6.1<\/td>\n<td>2008\u20132010<\/td>\n<\/tr>\n<tr>\n<td>Dodge<\/td>\n<td>Charger<\/td>\n<td>6.1<\/td>\n<td>2005\u20132010<\/td>\n<\/tr>\n<tr>\n<td>Dodge<\/td>\n<td>Magnum<\/td>\n<td>6.1<\/td>\n<td>2006\u20132008<\/td>\n<\/tr>\n<tr>\n<td>Jeep<\/td>\n<td>Grand Cherokee<\/td>\n<td>6.1<\/td>\n<td>2006\u20132010<\/td>\n<\/tr>\n<\/tbody>\n<\/table>","protected":false},"excerpt":{"rendered":"<p><span lang=\"DE\">Oryginalna cz\u0119\u015b\u0107 Mopar<\/span><\/p>","protected":false},"featured_media":68278193,"comment_status":"open","ping_status":"closed","template":"","meta":{"_acf_changed":false},"product_brand":[16270],"product_cat":[6685,6681,6690,6686,6695,6691,6699,6705,6704,6700],"product_tag":[18162,18163,18164,52,4051,4052,2822,54,53,48,536,571,49,3853,3854,692,56,50,4425,1149,55,31,8813,9424,16271,16273,16275,16272,16274,7221,34,35,2425,2793,609,610],"class_list":{"0":"post-68257728","1":"product","2":"type-product","3":"status-publish","4":"has-post-thumbnail","6":"product_brand-mopar","7":"product_cat-300c-61-dichtungen-hardware","8":"product_cat-300c-61-zylinderkopf","9":"product_cat-challenger-61-dichtungen-hardware","10":"product_cat-challenger-61-zylinderkopf","11":"product_cat-charger-61-dichtungen-hardware","12":"product_cat-charger-61-zylinderkopf","13":"product_cat-magnum-61-dichtungen-hardware","14":"product_cat-magnum-61-zylinderkopf","15":"product_cat-grand-cherokee-61-dichtungen-hardware","16":"product_cat-grand-cherokee-61-zylinderkopf","17":"product_tag-05037592aa","18":"product_tag-05037592ab","19":"product_tag-05037592ac","20":"product_tag-300c","21":"product_tag-5037592aa","22":"product_tag-5037592ab","23":"product_tag-5037592ac","24":"product_tag-challenger","25":"product_tag-charger","26":"product_tag-chrysler","27":"product_tag-chrysler-300c","28":"product_tag-dichtung","29":"product_tag-dodge","30":"product_tag-dodge-challenger","31":"product_tag-dodge-charger","32":"product_tag-ersatzteil","33":"product_tag-grand-cherokee","34":"product_tag-jeep","35":"product_tag-jeep-grand-cherokee","36":"product_tag-links","37":"product_tag-magnum","38":"product_tag-mopar","39":"product_tag-mopar-autoteile","40":"product_tag-mopar-ersatzteile","41":"product_tag-mopar-ersatzteile-kaufen","42":"product_tag-mopar-performance-teile","43":"product_tag-mopar-teile-katalog","44":"product_tag-mopar-teile-online","45":"product_tag-mopar-tuningteile","46":"product_tag-mopar10","47":"product_tag-original","48":"product_tag-originalersatzteil","49":"product_tag-originalteil","50":"product_tag-rechts","51":"product_tag-zylinderkopf","52":"product_tag-zylinderkopfdichtung","54":"first","55":"instock","56":"taxable","57":"shipping-taxable","58":"purchasable","59":"product-type-simple"},"bundled_by":[],"bundle_stock_status":"instock","bundle_stock_quantity":4,"bundle_virtual":false,"bundle_layout":"","bundle_add_to_cart_form_location":"","bundle_editable_in_cart":false,"bundle_sold_individually_context":"","bundle_item_grouping":"","bundle_min_size":"","bundle_max_size":"","bundle_price":[],"bundled_items":[],"bundle_sell_ids":[],"exclude_global_add_ons":[],"addons":[],"acf":[],"_links":{"self":[{"href":"https:\/\/kraftwerk-shop.cc\/pl\/wp-json\/wp\/v2\/product\/68257728","targetHints":{"allow":["GET"]}}],"collection":[{"href":"https:\/\/kraftwerk-shop.cc\/pl\/wp-json\/wp\/v2\/product"}],"about":[{"href":"https:\/\/kraftwerk-shop.cc\/pl\/wp-json\/wp\/v2\/types\/product"}],"replies":[{"embeddable":true,"href":"https:\/\/kraftwerk-shop.cc\/pl\/wp-json\/wp\/v2\/comments?post=68257728"}],"version-history":[{"count":0,"href":"https:\/\/kraftwerk-shop.cc\/pl\/wp-json\/wp\/v2\/product\/68257728\/revisions"}],"wp:featuredmedia":[{"embeddable":true,"href":"https:\/\/kraftwerk-shop.cc\/pl\/wp-json\/wp\/v2\/media\/68278193"}],"wp:attachment":[{"href":"https:\/\/kraftwerk-shop.cc\/pl\/wp-json\/wp\/v2\/media?parent=68257728"}],"wp:term":[{"taxonomy":"product_brand","embeddable":true,"href":"https:\/\/kraftwerk-shop.cc\/pl\/wp-json\/wp\/v2\/product_brand?post=68257728"},{"taxonomy":"product_cat","embeddable":true,"href":"https:\/\/kraftwerk-shop.cc\/pl\/wp-json\/wp\/v2\/product_cat?post=68257728"},{"taxonomy":"product_tag","embeddable":true,"href":"https:\/\/kraftwerk-shop.cc\/pl\/wp-json\/wp\/v2\/product_tag?post=68257728"}],"curies":[{"name":"wp","href":"https:\/\/api.w.org\/{rel}","templated":true}]}}