{"id":68258460,"date":"2021-12-10T18:55:24","date_gmt":"2021-12-10T17:55:24","guid":{"rendered":"https:\/\/kraftwerk-gruppe.de\/?post_type=product&#038;p=68258460"},"modified":"2026-02-15T00:47:44","modified_gmt":"2026-02-14T23:47:44","slug":"dysze-wtryskiwaczy-injector-dynamics-id1300","status":"publish","type":"product","link":"https:\/\/kraftwerk-shop.cc\/pl\/produkt\/injector-dynamics-id1300-einspritzduesen\/","title":{"rendered":"Wtryskiwacze Injector Dynamics ID1300"},"content":{"rendered":"<h1>Wtryskiwacze Injector Dynamics ID1300<\/h1>\n<p>&nbsp;<\/p>\n<p>Wtryskiwacze serii ID1050 to najnowszy produkt b\u0119d\u0105cy owocem wsp\u00f3\u0142pracy pomi\u0119dzy Injector Dynamics i Bosch Motorsport.<br \/>\nJest to dysza wtryskowa opracowana specjalnie do zastosowa\u0144 w sportach motorowych i tuningu.<\/p>\n<p>Odporne na korozj\u0119 cz\u0119\u015bci wewn\u0119trzne sprawiaj\u0105, \u017ce s\u0105 one kompatybilne ze wszystkimi znanymi paliwami i zapewniaj\u0105 d\u0142u\u017csz\u0105 \u017cywotno\u015b\u0107 w przypadku paliw korozyjnych.<br \/>\nKompaktowa obudowa umo\u017cliwia monta\u017c w ponad 200 aplikacjach, w tym w obecnych i przysz\u0142ych silnikach wykorzystuj\u0105cych kr\u00f3tkie wtryskiwacze.<br \/>\nUlepszona wewn\u0119trzna \u015bcie\u017cka przep\u0142ywu zwi\u0119ksza wydajno\u015b\u0107 o 5 % bez pogorszenia wydajno\u015bci przy niskim przep\u0142ywie.<br \/>\nSilniejszy obw\u00f3d magnetyczny zapewnia stabiln\u0105 prac\u0119 do 10 bar\u00f3w, a wymienny filtr wlotowy wyd\u0142u\u017ca \u017cywotno\u015b\u0107.<\/p>\n<p>&nbsp;<\/p>\n<p><strong>Dane Plug n' Play<\/strong><\/p>\n<p>Czy jeste\u015b zm\u0119czony analizowaniem plik\u00f3w dziennika i wprowadzaniem zmian w tuningu tylko po to, aby odkry\u0107, \u017ce to, co dzia\u0142a\u0142o jednego dnia, nie dzia\u0142a ju\u017c nast\u0119pnego?<br \/>\nCzy zmarnowa\u0142e\u015b wiele godzin na przegl\u0105danie niezliczonych post\u00f3w na forach dotycz\u0105cych wtryskiwaczy paliwa tylko po to, by zda\u0107 sobie spraw\u0119, \u017ce nie ma prostego rozwi\u0105zania?<br \/>\nTaka jest natura strojenia z niedok\u0142adnymi danymi wtryskiwaczy.<\/p>\n<p>Precyzyjna charakterystyka wtryskiwaczy jest podstaw\u0105 wszystkich oblicze\u0144 dotycz\u0105cych paliwa.<br \/>\nNic wi\u0119c dziwnego, \u017ce sp\u0119dzisz wiele cennego czasu, pr\u00f3buj\u0105c jak najlepiej wykorzysta\u0107 z\u0142\u0105 sytuacj\u0119, je\u015bli dostroisz si\u0119 bez niego. B\u0119dziesz zaj\u0119ty szukaniem nieko\u0144cz\u0105cych si\u0119 kombinacji najcz\u0119\u015bciej b\u0142\u0119dnych odpowiedzi, a to pozbawi ci\u0119 najbardziej podstawowych funkcji zapewnianych przez in\u017cynier\u00f3w, kt\u00f3rzy zainwestowali miliony dolar\u00f3w w opracowanie systemu zarz\u0105dzania silnikiem dla twojego samochodu.<\/p>\n<p>Niezale\u017cnie od tego, czy jeste\u015b profesjonalnym tunerem, czy konsumentem, mo\u017cesz sp\u0119dzi\u0107 niezliczone godziny, uzyskuj\u0105c \"w wi\u0119kszo\u015bci poprawne\" wyniki, lub mo\u017cesz skopiowa\u0107 i wklei\u0107 dok\u0142adne tabele charakterystyk i zabra\u0107 si\u0119 do pracy, maksymalizuj\u0105c osi\u0105gi i w\u0142a\u015bciwo\u015bci jezdne.<br \/>\nInjector Dynamics jest jedynym dostawc\u0105 wtryskiwaczy paliwa dla sport\u00f3w motorowych, kt\u00f3ry jest w stanie stworzy\u0107 takie wtryskiwacze w jako\u015bci OEM.<br \/>\nTe us\u0142ugi techniczne s\u0105 dost\u0119pne dla naszych klient\u00f3w bezp\u0142atnie w celu generowania danych dla nowych platform i aplikacji.<\/p>\n<p>&nbsp;<\/p>\n<p><strong>Specyfikacja<\/strong><\/p>\n<table width=\"713\">\n<tbody>\n<tr>\n<td width=\"258\">Nominalne nat\u0119\u017cenie przep\u0142ywu<\/td>\n<td width=\"455\">1335cc\/min przy 3,0 bar (43,5 psi) z benzyn\u0105 w temperaturze 52 \u00b0C (125 \u00b0F)<\/td>\n<\/tr>\n<tr>\n<td>Maksymalne ci\u015bnienie r\u00f3\u017cnicowe paliwa<\/td>\n<td>7,0 bar (145,0 psi)<\/td>\n<\/tr>\n<tr>\n<td>Kompatybilno\u015b\u0107 paliwowa<\/td>\n<td>Kompatybilny ze wszystkimi znanymi paliwami (w tym paliwami alternatywnymi)<\/td>\n<\/tr>\n<tr>\n<td>Po\u0142\u0105czenie elektryczne<\/td>\n<td>USCAR<\/td>\n<\/tr>\n<\/tbody>\n<\/table>\n<p>&nbsp;<\/p>\n<p><strong>Zakres dostawy:<\/strong><\/p>\n<ul>\n<li>8 wtryskiwaczy<\/li>\n<\/ul>\n<p>&nbsp;<\/p>","protected":false},"excerpt":{"rendered":"<p>Injector Dynamics ID1300 Einspritzd\u00fcsen &nbsp; Die Einspritzd\u00fcsen der ID1300 Serie sind das j\u00fcngste Produkt der Partnerschaft zwischen Injector Dynamics und<\/p>","protected":false},"featured_media":68278161,"comment_status":"open","ping_status":"closed","template":"","meta":{"_acf_changed":false},"product_brand":[],"product_cat":[2877,4980,2876,2878,2879,2880,2881,2882,2883,5159,2884,2885,2886,2888,2889,2887,2890,2891,4805,2892,2893,2894,2895,19343,2896,5016,2919,2897],"product_tag":[2873,475,52,91,92,101,93,54,53,48,49,2870,2868,2869,999,159,160,100,2872,2865,2867,1000,50,86,96,102,2353],"class_list":{"0":"post-68258460","1":"product","2":"type-product","3":"status-publish","4":"has-post-thumbnail","6":"product_cat-300c-57-2005-2010-kraftstoffversorgung","7":"product_cat-300c-57-2011-2023-kraftstoffversorgung","8":"product_cat-300c-61-kraftstoffversorgung","9":"product_cat-300c-64-kraftstoffversorgung","10":"product_cat-challenger-57-kraftstoffversorgung","11":"product_cat-challenger-61-kraftstoffversorgung","12":"product_cat-challenger-hellcat-kraftstoffversorgung","13":"product_cat-challenger-64-kraftstoffversorgung","14":"product_cat-charger-57-kraftstoffversorgung","15":"product_cat-charger-57-2011-2023-kraftstoffversorgung","16":"product_cat-charger-61-kraftstoffversorgung","17":"product_cat-charger-hellcat-kraftstoffversorgung","18":"product_cat-charger-64-kraftstoffversorgung","19":"product_cat-durango-57-kraftstoffversorgung","20":"product_cat-durango-hellcat-kraftstoffversorgung","21":"product_cat-durango-64-kraftstoffversorgung","22":"product_cat-magnum-57-kraftstoffversorgung","23":"product_cat-magnum-61-kraftstoffversorgung","24":"product_cat-grand-cherokee-57-2005-2010-kraftstoffversorgung","25":"product_cat-grand-cherokee-57-2011-2021-kraftstoffversorgung","26":"product_cat-grand-cherokee-61-kraftstoffversorgung","27":"product_cat-trackhawk-kraftstoffversorgung","28":"product_cat-grand-cherokee-64-kraftstoffversorgung","29":"product_cat-wrangler-64-kraftstoffversorgung","30":"product_cat-1500-57-2009-2018-classic-kraftstoffversorgung","31":"product_cat-1500-57-dt-kraftstoffversorgung","32":"product_cat-2500-3500-64-kraftstoffversorgung","33":"product_cat-trx-kraftstoffversorgung","34":"product_tag-1300-48-14-14b-8","35":"product_tag-475","36":"product_tag-300c","37":"product_tag-5-7","38":"product_tag-6-1","39":"product_tag-6-2","40":"product_tag-6-4","41":"product_tag-challenger","42":"product_tag-charger","43":"product_tag-chrysler","44":"product_tag-dodge","45":"product_tag-duese","46":"product_tag-duesen","47":"product_tag-einspritzduese","48":"product_tag-einspritzduesen","49":"product_tag-gross","50":"product_tag-groesser","51":"product_tag-hellcat","52":"product_tag-id1300","53":"product_tag-injector-dynamics","54":"product_tag-injektor","55":"product_tag-injektoren","56":"product_tag-jeep","57":"product_tag-ram","58":"product_tag-srt","59":"product_tag-trackhawk","60":"product_tag-trx","62":"first","63":"onbackorder","64":"taxable","65":"shipping-taxable","66":"purchasable","67":"product-type-simple"},"bundled_by":[],"bundle_stock_status":"onbackorder","bundle_stock_quantity":0,"bundle_virtual":false,"bundle_layout":"","bundle_add_to_cart_form_location":"","bundle_editable_in_cart":false,"bundle_sold_individually_context":"","bundle_item_grouping":"","bundle_min_size":"","bundle_max_size":"","bundle_price":[],"bundled_items":[],"bundle_sell_ids":[],"exclude_global_add_ons":[],"addons":[],"acf":[],"_links":{"self":[{"href":"https:\/\/kraftwerk-shop.cc\/pl\/wp-json\/wp\/v2\/product\/68258460","targetHints":{"allow":["GET"]}}],"collection":[{"href":"https:\/\/kraftwerk-shop.cc\/pl\/wp-json\/wp\/v2\/product"}],"about":[{"href":"https:\/\/kraftwerk-shop.cc\/pl\/wp-json\/wp\/v2\/types\/product"}],"replies":[{"embeddable":true,"href":"https:\/\/kraftwerk-shop.cc\/pl\/wp-json\/wp\/v2\/comments?post=68258460"}],"version-history":[{"count":0,"href":"https:\/\/kraftwerk-shop.cc\/pl\/wp-json\/wp\/v2\/product\/68258460\/revisions"}],"wp:featuredmedia":[{"embeddable":true,"href":"https:\/\/kraftwerk-shop.cc\/pl\/wp-json\/wp\/v2\/media\/68278161"}],"wp:attachment":[{"href":"https:\/\/kraftwerk-shop.cc\/pl\/wp-json\/wp\/v2\/media?parent=68258460"}],"wp:term":[{"taxonomy":"product_brand","embeddable":true,"href":"https:\/\/kraftwerk-shop.cc\/pl\/wp-json\/wp\/v2\/product_brand?post=68258460"},{"taxonomy":"product_cat","embeddable":true,"href":"https:\/\/kraftwerk-shop.cc\/pl\/wp-json\/wp\/v2\/product_cat?post=68258460"},{"taxonomy":"product_tag","embeddable":true,"href":"https:\/\/kraftwerk-shop.cc\/pl\/wp-json\/wp\/v2\/product_tag?post=68258460"}],"curies":[{"name":"wp","href":"https:\/\/api.w.org\/{rel}","templated":true}]}}