{"id":68258543,"date":"2021-12-12T14:03:40","date_gmt":"2021-12-12T13:03:40","guid":{"rendered":"https:\/\/kraftwerk-gruppe.de\/?post_type=product&#038;p=68258543"},"modified":"2026-02-15T00:59:21","modified_gmt":"2026-02-14T23:59:21","slug":"awe-0fg-uklad-wydechowy-ram-trx","status":"publish","type":"product","link":"https:\/\/kraftwerk-shop.cc\/pl\/produkt\/awe-0fg-auspuffanlage-ram-trx\/","title":{"rendered":"Uk\u0142ad wydechowy AWE 0FG RAM TRX"},"content":{"rendered":"<h1>Uk\u0142ad wydechowy AWE 0FG dla RAM TRX<\/h1>\n<p>&nbsp;<\/p>\n<p>0FG to podw\u00f3jny 3-calowy catback ze stali nierdzewnej T304L z niestandardow\u0105 rur\u0105 H z kompensacj\u0105 drga\u0144 i opatentowan\u0105 przez AWE technologi\u0105 Drone-Cancelling 180 Technology\u00ae.<br \/>\nW po\u0142\u0105czeniu z precyzyjnym dopasowaniem, pierwszorz\u0119dn\u0105 sztywno\u015bci\u0105 i charakterystycznymi 5-calowymi rurami wydechowymi, jest to najlepiej brzmi\u0105cy uk\u0142ad wydechowy na \u015bwiecie\u2122 dla RAM 5.7.<\/p>\n<p>Stal nierdzewna T304L z USA o grubo\u015bci \u015bcianki 0,065\u2033 biegnie p\u0142ynnie od przodu do ty\u0142u i \u0142\u0105czy si\u0119 bezpo\u015brednio z fabrycznym uk\u0142adem wydechowym.<br \/>\nRura H z kompensacj\u0105 drga\u0144, specjalnie dostosowana do 6,2-litrowego silnika TRX, zapewnia agresywny i bogaty d\u017awi\u0119k z minimalnym dronem.<\/p>\n<p><strong>Doskona\u0142y d\u017awi\u0119k dzi\u0119ki technologii AWE 180 Technology\u00ae.<\/strong><\/p>\n<p>Opatentowana technologia AWE 180 Technology\u00ae zapewnia, \u017ce agresywno\u015b\u0107 jest utrzymywana z ty\u0142u TRX i poza kabin\u0105.<\/p>\n<p>Gdy gazy wydechowe wydostaj\u0105 si\u0119 z silnika 6.2L i wp\u0142ywaj\u0105 do rezonatora wyposa\u017conego w technologi\u0119 AWE 180 Technology\u00ae, s\u0105 one kierowane przez strategicznie rozmieszczone otwory do kom\u00f3r refleksyjnych. Fale d\u017awi\u0119kowe przenoszone przez gazy wydechowe odbijaj\u0105 si\u0119 od \u015bcian kom\u00f3r refleksyjnych.<\/p>\n<p>Kontroluj\u0105c rozmiar i po\u0142o\u017cenie otwor\u00f3w i kom\u00f3r, kontrolujemy r\u00f3wnie\u017c, kiedy fale d\u017awi\u0119kowe opuszczaj\u0105 komory. Okre\u015blony czas, w kt\u00f3rym odbite fale d\u017awi\u0119kowe wracaj\u0105 do g\u0142\u00f3wnego strumienia spalin, tworzy przesuni\u0119t\u0105 o 180 stopni fal\u0119 d\u017awi\u0119kow\u0105, kt\u00f3ra niweluje problematyczne cz\u0119stotliwo\u015bci.<\/p>\n<p><strong>Opcje rury wydechowej<\/strong><\/p>\n<p>Kierowcy mog\u0105 wybiera\u0107 pomi\u0119dzy srebrnymi chromowanymi lub diamentowo czarnymi, dwu\u015bciennymi 5-calowymi ko\u0144c\u00f3wkami rur wydechowych ze \u015bci\u0119tymi kraw\u0119dziami. Ka\u017cda z ko\u0144c\u00f3wek ma wyt\u0142oczone logo AWE, dzi\u0119ki czemu ka\u017cdy wie, do jakiego zespo\u0142u nale\u017cysz.<\/p>\n<p><strong>Co wchodzi w zakres dostawy?<\/strong><\/p>\n<p>Kompletny uk\u0142ad wydechowy catback 0FG, dwie 5-calowe ko\u0144c\u00f3wki w wybranym wzorze i wszystkie niezb\u0119dne cz\u0119\u015bci do monta\u017cu.<\/p>\n<p>&nbsp;<\/p>\n<ul>\n<li>Prawdziwa podw\u00f3jna konfiguracja 3\u2033 catback<\/li>\n<li>Dzi\u0119ki opatentowanemu przez AWE rozwi\u0105zaniu redukcji dron\u00f3w, 180 Technology\u00ae<\/li>\n<li>R\u0119cznie wykonany z gi\u0119tej CNC, wyprodukowanej w USA stali nierdzewnej T304L o grubo\u015bci \u015bcianki 0,065\u2033.<\/li>\n<li>Charakterystyczne 5-calowe rury wydechowe z podw\u00f3jnymi \u015bciankami i \u015bci\u0119tymi kraw\u0119dziami s\u0105 dost\u0119pne w kolorze srebrnego chromu i diamentowej czerni<\/li>\n<li>Specjalnie wyprodukowana rura H z efektem rezonansu zapewnia g\u0142\u0119boki, kultywowany d\u017awi\u0119k silnika.<\/li>\n<li>Zaprojektowany do \u017cycia, gotowy na ka\u017cdy scenariusz na tej planecie<\/li>\n<li>Mniej znaczy wi\u0119cej: czysta, prosta konstrukcja zapewniaj\u0105ca maksymaln\u0105 wydajno\u015b\u0107<\/li>\n<li>\u0141atwy monta\u017c, nie wymaga ci\u0119cia<\/li>\n<li>Idealne dopasowanie<\/li>\n<\/ul>\n<p>&nbsp;<\/p>\n<p><strong>Odpowiedni dla:<\/strong><\/p>\n<table width=\"483\">\n<tbody>\n<tr>\n<td width=\"79\"><strong>Rok<\/strong><\/td>\n<td width=\"122\"><strong>Marka<\/strong><\/td>\n<td width=\"83\"><strong>Model<\/strong><\/td>\n<td width=\"84\"><strong>Wariant<\/strong><\/td>\n<td width=\"115\"><strong>Silnik<\/strong><\/td>\n<\/tr>\n<tr>\n<td width=\"79\">2021-2024<\/td>\n<td width=\"122\">RAM<\/td>\n<td width=\"83\">1500 TRX<\/td>\n<td width=\"84\">HEMI<\/td>\n<td width=\"115\">V8 6.2L (sc)<\/td>\n<\/tr>\n<\/tbody>\n<\/table>\n<p>&nbsp;<\/p>\n<p><iframe loading=\"lazy\" title=\"Odtwarzacz wideo YouTube\" src=\"https:\/\/www.youtube.com\/embed\/B1K1AXN2-1M\" width=\"871\" height=\"490\" frameborder=\"0\" allowfullscreen=\"allowfullscreen\"><\/iframe><\/p>\n<p>&nbsp;<\/p>","protected":false},"excerpt":{"rendered":"<p>2021\u20132024<\/p>","protected":false},"featured_media":68278785,"comment_status":"open","ping_status":"closed","template":"","meta":{"_acf_changed":false},"product_brand":[],"product_cat":[3024,6635],"product_tag":[2910,475,2066,2907,2908,1035,1036,546,2909,3971,1047,2210,1052,2342,204,20273,1040,86,2435,2899,547,1034,1038,2353],"class_list":{"0":"post-68258543","1":"product","2":"type-product","3":"status-publish","4":"has-post-thumbnail","6":"product_cat-nicht-nach-eu","7":"product_cat-trx-abgasanlage-catback","8":"product_tag-0fg","9":"product_tag-475","10":"product_tag-2066","11":"product_tag-3015-32004","12":"product_tag-3015-33005","13":"product_tag-abgasanlage","14":"product_tag-abgassystem","15":"product_tag-auspuff","16":"product_tag-awe","17":"product_tag-awe-exhaust","18":"product_tag-cat-back","19":"product_tag-catback","20":"product_tag-delete","21":"product_tag-entfernung","22":"product_tag-ersatz","23":"product_tag-keintuev","24":"product_tag-laut","25":"product_tag-ram","26":"product_tag-rohr","27":"product_tag-schalldaempfer","28":"product_tag-sportauspuff","29":"product_tag-sportauspuffanlage","30":"product_tag-sportendschalldaempfer","31":"product_tag-trx","32":"product_shipping_class-spedition-1","34":"first","35":"onbackorder","36":"taxable","37":"shipping-taxable","38":"purchasable","39":"product-type-variable"},"bundled_by":[],"bundle_stock_status":"onbackorder","bundle_stock_quantity":0,"bundle_virtual":false,"bundle_layout":"","bundle_add_to_cart_form_location":"","bundle_editable_in_cart":false,"bundle_sold_individually_context":"","bundle_item_grouping":"","bundle_min_size":"","bundle_max_size":"","bundle_price":[],"bundled_items":[],"bundle_sell_ids":[],"exclude_global_add_ons":[],"addons":[],"acf":[],"_links":{"self":[{"href":"https:\/\/kraftwerk-shop.cc\/pl\/wp-json\/wp\/v2\/product\/68258543","targetHints":{"allow":["GET"]}}],"collection":[{"href":"https:\/\/kraftwerk-shop.cc\/pl\/wp-json\/wp\/v2\/product"}],"about":[{"href":"https:\/\/kraftwerk-shop.cc\/pl\/wp-json\/wp\/v2\/types\/product"}],"replies":[{"embeddable":true,"href":"https:\/\/kraftwerk-shop.cc\/pl\/wp-json\/wp\/v2\/comments?post=68258543"}],"version-history":[{"count":0,"href":"https:\/\/kraftwerk-shop.cc\/pl\/wp-json\/wp\/v2\/product\/68258543\/revisions"}],"wp:featuredmedia":[{"embeddable":true,"href":"https:\/\/kraftwerk-shop.cc\/pl\/wp-json\/wp\/v2\/media\/68278785"}],"wp:attachment":[{"href":"https:\/\/kraftwerk-shop.cc\/pl\/wp-json\/wp\/v2\/media?parent=68258543"}],"wp:term":[{"taxonomy":"product_brand","embeddable":true,"href":"https:\/\/kraftwerk-shop.cc\/pl\/wp-json\/wp\/v2\/product_brand?post=68258543"},{"taxonomy":"product_cat","embeddable":true,"href":"https:\/\/kraftwerk-shop.cc\/pl\/wp-json\/wp\/v2\/product_cat?post=68258543"},{"taxonomy":"product_tag","embeddable":true,"href":"https:\/\/kraftwerk-shop.cc\/pl\/wp-json\/wp\/v2\/product_tag?post=68258543"}],"curies":[{"name":"wp","href":"https:\/\/api.w.org\/{rel}","templated":true}]}}