{"id":68259067,"date":"2021-12-18T17:05:53","date_gmt":"2021-12-18T16:05:53","guid":{"rendered":"https:\/\/kraftwerk-gruppe.de\/?post_type=product&#038;p=68259067"},"modified":"2026-03-30T11:29:26","modified_gmt":"2026-03-30T09:29:26","slug":"przyciski-pomocnicze-tazer-burnbox","status":"publish","type":"product","link":"https:\/\/kraftwerk-shop.cc\/pl\/produkt\/aux-tasten-tazer-burnbox\/","title":{"rendered":"Przyciski AUX dla Tazer \/ BurnBox"},"content":{"rendered":"<h1>Przyciski AUX dla Tazer \/ BurnBox<\/h1>\n<p>&nbsp;<\/p>\n<p>Przyciski AUX od Z Automotive\u00ae to proste rozwi\u0105zanie umo\u017cliwiaj\u0105ce aktywacj\u0119 wielu funkcji Tazer\/BurnBox jednym dotkni\u0119ciem.<br \/>\nWymie\u0144 os\u0142on\u0119 przycisk\u00f3w CRUISE na kierownicy bez demonta\u017cu poduszki powietrznej lub demonta\u017cu kierownicy. Aby to zrobi\u0107, wystarczy zdj\u0105\u0107 atrap\u0119 os\u0142ony i w\u0142o\u017cy\u0107 te trzy funkcjonalne przyciski.<br \/>\nU\u017cyj funkcji \"Remap\" w urz\u0105dzeniu Tazer lub BurnBox, aby wybra\u0107 funkcj\u0119, jak\u0105 ma pe\u0142ni\u0107 ka\u017cdy z trzech przycisk\u00f3w. Przypisanie mo\u017cna zmieni\u0107 w dowolnym momencie i w mgnieniu oka.<\/p>\n<p>&nbsp;<\/p>\n<p>Funkcje, kt\u00f3re mo\u017cna wykonywa\u0107 za pomoc\u0105 nowych przycisk\u00f3w, w zale\u017cno\u015bci od roku\/modelu, obejmuj\u0105<\/p>\n<p><strong>Tazer<\/strong><\/p>\n<ul>\n<li>Indywidualny pokaz \u015bwietlny<\/li>\n<li>Blokada linii<\/li>\n<li>Tryb uruchamiania<\/li>\n<li>Prze\u0142\u0105czanie kamery\/wideo<\/li>\n<li>Traction Kill<\/li>\n<li>Sport \/ Tor \/ Niestandardowy tryb jazdy<\/li>\n<li>Force RWD<\/li>\n<li>Czas odnowienia<\/li>\n<\/ul>\n<p>&nbsp;<\/p>\n<p><strong>BurnBox Hellcat<\/strong><\/p>\n<ul>\n<li>Indywidualny pokaz \u015bwietlny<\/li>\n<li>Blokada linii<\/li>\n<li>Czas odnowienia<\/li>\n<\/ul>\n<p>&nbsp;<\/p>\n<p><strong>BurnBox G2<\/strong><\/p>\n<ul>\n<li>Indywidualny pokaz \u015bwietlny<\/li>\n<li>Blokada linii<\/li>\n<\/ul>\n<p>&nbsp;<\/p>\n<p>Wa\u017cne: dost\u0119pne s\u0105 2 r\u00f3\u017cne wersje. Przed z\u0142o\u017ceniem zam\u00f3wienia nale\u017cy upewni\u0107 si\u0119, kt\u00f3ra z dw\u00f3ch wersji jest zainstalowana w poje\u017adzie. Nale\u017cy to sprawdzi\u0107 i nie polega\u0107 na pocz\u0105tkowej rejestracji pojazdu.<\/p>\n<p><img decoding=\"async\" class=\"alignnone\" src=\"https:\/\/kraftwerk-shop.cc\/wp-content\/uploads\/2021\/12\/aux-buttons-unterschiede.png\" alt=\"\" width=\"624\" height=\"416\" data-wp-editing=\"1\" \/><\/p>\n<p>&nbsp;<\/p>\n<p><strong>Wariant A:<\/strong><\/p>\n<table width=\"386\">\n<tbody>\n<tr>\n<td width=\"94\"><strong>Marka<\/strong><\/td>\n<td width=\"158\"><strong>Model<\/strong><\/td>\n<td width=\"134\"><strong>Rok<\/strong><\/td>\n<\/tr>\n<tr>\n<td width=\"94\">Chrysler<\/td>\n<td width=\"158\">300<\/td>\n<td width=\"134\">2015\u20132017<\/td>\n<\/tr>\n<tr>\n<td width=\"94\">Dodge<\/td>\n<td width=\"158\">Challenger<\/td>\n<td width=\"134\">2015\u20132017<\/td>\n<\/tr>\n<tr>\n<td width=\"94\">Dodge<\/td>\n<td width=\"158\">Charger<\/td>\n<td width=\"134\">2015\u20132017<\/td>\n<\/tr>\n<tr>\n<td width=\"94\">Dodge<\/td>\n<td width=\"158\">Durango<\/td>\n<td width=\"134\">2015\u20132017<\/td>\n<\/tr>\n<tr>\n<td width=\"94\">Jeep<\/td>\n<td width=\"158\">Grand Cherokee<\/td>\n<td width=\"134\">2015\u20132017<\/td>\n<\/tr>\n<\/tbody>\n<\/table>\n<p>&nbsp;<\/p>\n<p><strong>Wariant B<\/strong><\/p>\n<table width=\"386\">\n<tbody>\n<tr>\n<td width=\"94\"><strong>Marka<\/strong><\/td>\n<td width=\"158\"><strong>Model<\/strong><\/td>\n<td width=\"134\"><strong>Rok<\/strong><\/td>\n<\/tr>\n<tr>\n<td width=\"94\">Chrysler<\/td>\n<td width=\"158\">300<\/td>\n<td width=\"134\">2017\u20132022<\/td>\n<\/tr>\n<tr>\n<td width=\"94\">Dodge<\/td>\n<td width=\"158\">Challenger<\/td>\n<td width=\"134\">2017\u20132022<\/td>\n<\/tr>\n<tr>\n<td width=\"94\">Dodge<\/td>\n<td width=\"158\">Charger<\/td>\n<td width=\"134\">2017\u20132022<\/td>\n<\/tr>\n<tr>\n<td width=\"94\">Dodge<\/td>\n<td width=\"158\">Durango<\/td>\n<td width=\"134\">2017\u20132022<\/td>\n<\/tr>\n<tr>\n<td width=\"94\">Jeep<\/td>\n<td width=\"158\">Grand Cherokee<\/td>\n<td width=\"134\">2017\u20132021<\/td>\n<\/tr>\n<\/tbody>\n<\/table>\n<p>&nbsp;<\/p>","protected":false},"excerpt":{"rendered":"<p>Rozszerzenie dla Tazer \/ BurnBox<\/p>","protected":false},"featured_media":68278119,"comment_status":"open","ping_status":"closed","template":"","meta":{"_acf_changed":false},"product_brand":[17480],"product_cat":[1567,4986,1591,1672,1680,1696,1704,1607,5164,1631,1639,1648,1656,3002,1664,1744,1752,1768,1776],"product_tag":[249,250,251,252,419,420,2066,52,2997,3613,2996,2998,54,53,48,49,3853,3854,95,56,50,4425,3000,2999,442,470,3001,2991],"class_list":{"0":"post-68259067","1":"product","2":"type-product","3":"status-publish","4":"has-post-thumbnail","6":"product_brand-z-automotive","7":"product_cat-300c-36-zubehoer","8":"product_cat-300c-57-2011-2023-zubehoer","9":"product_cat-300c-64-zubehoer","10":"product_cat-challenger-36-zubehoer","11":"product_cat-challenger-57-zubehoer","12":"product_cat-challenger-hellcat-zubehoer","13":"product_cat-challenger-64-zubehoer","14":"product_cat-charger-36-zubehoer","15":"product_cat-dodge-charger-57-2011-2023-zubehoer","16":"product_cat-charger-hellcat-zubehoer","17":"product_cat-charger-64-zubehoer","18":"product_cat-durango-36-zubehoer","19":"product_cat-durango-57-zubehoer","20":"product_cat-durango-hellcat-zubehoer","21":"product_cat-durango-64-zubehoer","22":"product_cat-grand-cherokee-36-zubehoer","23":"product_cat-grand-cherokee-57-2011-2021-zubehoer","24":"product_cat-trackhawk-zubehoer","25":"product_cat-grand-cherokee-64-zubehoer","26":"product_tag-249","27":"product_tag-250","28":"product_tag-251","29":"product_tag-252","30":"product_tag-419","31":"product_tag-420","32":"product_tag-2066","33":"product_tag-300c","34":"product_tag-aux","35":"product_tag-aux-tasten","36":"product_tag-burnbox","37":"product_tag-buttons","38":"product_tag-challenger","39":"product_tag-charger","40":"product_tag-chrysler","41":"product_tag-dodge","42":"product_tag-dodge-challenger","43":"product_tag-dodge-charger","44":"product_tag-durango","45":"product_tag-grand-cherokee","46":"product_tag-jeep","47":"product_tag-jeep-grand-cherokee","48":"product_tag-knoepfe","49":"product_tag-tasten","50":"product_tag-tazer","51":"product_tag-z-auto","52":"product_tag-z-autotech","53":"product_tag-zauto","54":"product_shipping_class-deutschlandohne","56":"first","57":"instock","58":"taxable","59":"shipping-taxable","60":"purchasable","61":"product-type-variable"},"bundled_by":[],"bundle_stock_status":"instock","bundle_stock_quantity":11,"bundle_virtual":false,"bundle_layout":"","bundle_add_to_cart_form_location":"","bundle_editable_in_cart":false,"bundle_sold_individually_context":"","bundle_item_grouping":"","bundle_min_size":"","bundle_max_size":"","bundle_price":[],"bundled_items":[],"bundle_sell_ids":[],"exclude_global_add_ons":[],"addons":[],"acf":[],"_links":{"self":[{"href":"https:\/\/kraftwerk-shop.cc\/pl\/wp-json\/wp\/v2\/product\/68259067","targetHints":{"allow":["GET"]}}],"collection":[{"href":"https:\/\/kraftwerk-shop.cc\/pl\/wp-json\/wp\/v2\/product"}],"about":[{"href":"https:\/\/kraftwerk-shop.cc\/pl\/wp-json\/wp\/v2\/types\/product"}],"replies":[{"embeddable":true,"href":"https:\/\/kraftwerk-shop.cc\/pl\/wp-json\/wp\/v2\/comments?post=68259067"}],"version-history":[{"count":0,"href":"https:\/\/kraftwerk-shop.cc\/pl\/wp-json\/wp\/v2\/product\/68259067\/revisions"}],"wp:featuredmedia":[{"embeddable":true,"href":"https:\/\/kraftwerk-shop.cc\/pl\/wp-json\/wp\/v2\/media\/68278119"}],"wp:attachment":[{"href":"https:\/\/kraftwerk-shop.cc\/pl\/wp-json\/wp\/v2\/media?parent=68259067"}],"wp:term":[{"taxonomy":"product_brand","embeddable":true,"href":"https:\/\/kraftwerk-shop.cc\/pl\/wp-json\/wp\/v2\/product_brand?post=68259067"},{"taxonomy":"product_cat","embeddable":true,"href":"https:\/\/kraftwerk-shop.cc\/pl\/wp-json\/wp\/v2\/product_cat?post=68259067"},{"taxonomy":"product_tag","embeddable":true,"href":"https:\/\/kraftwerk-shop.cc\/pl\/wp-json\/wp\/v2\/product_tag?post=68259067"}],"curies":[{"name":"wp","href":"https:\/\/api.w.org\/{rel}","templated":true}]}}