{"id":68259135,"date":"2021-12-18T18:29:30","date_gmt":"2021-12-18T17:29:30","guid":{"rendered":"https:\/\/kraftwerk-gruppe.de\/?post_type=product&#038;p=68259135"},"modified":"2026-02-15T00:44:53","modified_gmt":"2026-02-14T23:44:53","slug":"jlt-oil-catch-can-jeep-wrangler-gladiator-36","status":"publish","type":"product","link":"https:\/\/kraftwerk-shop.cc\/pl\/produkt\/jlt-oil-catch-can-jeep-wrangler-gladiator-36\/","title":{"rendered":"J&amp;L Oil Catch Can Jeep Wrangler &amp; Gladiator 3.6"},"content":{"rendered":"<h1>J&amp;L Oil Catch Can do Jeep Wrangler i Gladiator 3.6 V6<\/h1>\n<p>&nbsp;<\/p>\n<ul>\n<li>Pojemno\u015b\u0107 90 ml<\/li>\n<li>Solidna konstrukcja z k\u0119s\u00f3w<\/li>\n<li>Szybkoz\u0142\u0105cza PCV w stylu OEM<\/li>\n<li>Wielostopniowy system filtracji, kt\u00f3ry wychwytuje najdrobniejsze opary i zatrzymuje je w \u0142atwo wyjmowanym pojemniku, jednocze\u015bnie przepuszczaj\u0105c czyste powietrze do przewodu wlotowego.<\/li>\n<\/ul>\n<p>&nbsp;<\/p>\n<p><strong>Jak dzia\u0142a system?<\/strong><\/p>\n<p>Gdy ci\u015bnienie ze skrzyni korbowej jest odprowadzane przez przew\u00f3d dolotowy, du\u017ce ilo\u015bci oleju dostaj\u0105 si\u0119 do kolektora dolotowego i kolektor\u00f3w dolotowych w postaci opar\u00f3w, a nawet rozcie\u0144czaj\u0105 benzyn\u0119, powoduj\u0105c spadek liczby oktanowej.<br \/>\nZjawisko to wyst\u0119puje we wszystkich silnikach i jest jeszcze bardziej widoczne w pojazdach z wymuszonym do\u0142adowaniem (do\u0142adowaniem i turbospr\u0119\u017cark\u0105), poniewa\u017c wzrasta ci\u015bnienie w skrzyni korbowej.<br \/>\nAby temu przeciwdzia\u0142a\u0107, opracowano separator oleju o w\u0142asnej konstrukcji.<br \/>\nWykonany z litego aluminium k\u0119sowego, jest to solidna cz\u0119\u015b\u0107. Posiada rade\u0142kowan\u0105 podstaw\u0119 zbiornika, kt\u00f3ra u\u0142atwia spuszczanie zu\u017cytego oleju oraz uszczelk\u0119 O-ring, kt\u00f3ra zapobiega wyciekom.<\/p>\n<p>Filtracja sk\u0142ada si\u0119 z sita ze stali nierdzewnej o drobnych oczkach, kt\u00f3re wychwytuje drobne opary oleju i uwalnia je, gdy tylko s\u0105 wystarczaj\u0105co ci\u0119\u017ckie, aby opa\u015b\u0107.<br \/>\nS\u0105 one nast\u0119pnie przepuszczane przez aluminiowy filtr o strukturze plastra miodu 1\/2\u2033 i grubo\u015bci 1\/16\u2033, gdzie staj\u0105 si\u0119 coraz wi\u0119ksze i ostatecznie spadaj\u0105 do pojemnika.<br \/>\nJe\u015bli olej przedostanie si\u0119 przez filtr, jest zbyt ci\u0119\u017cki, aby przedosta\u0107 si\u0119 do uk\u0142adu dolotowego.<br \/>\nPojemnik zbiorczy mie\u015bci 90 ml p\u0142ynu. Mo\u017ce to nie wydawa\u0107 si\u0119 du\u017co, ale w uk\u0142adzie PCV nie powinno by\u0107 a\u017c tyle oleju.<\/p>\n<p>&nbsp;<\/p>\n<p><strong>Odpowiedni dla:<\/strong><\/p>\n<table width=\"498\">\n<tbody>\n<tr>\n<td width=\"94\">Jeep<\/td>\n<td width=\"158\">Wrangler<\/td>\n<td width=\"134\">3.6<\/td>\n<td width=\"112\">2018\u20132023<\/td>\n<\/tr>\n<tr>\n<td width=\"94\">Jeep<\/td>\n<td width=\"158\">Gladiator<\/td>\n<td>3.6<\/td>\n<td>2020\u20132023<\/td>\n<\/tr>\n<\/tbody>\n<\/table>\n<p>&nbsp;<\/p>\n<p><strong>Zakres dostawy<\/strong>:<\/p>\n<ul>\n<li>Oil Catch Can (czarny)<\/li>\n<li>Wspornik<\/li>\n<li>W\u0119\u017ce<\/li>\n<li>Po\u0142\u0105czenia<\/li>\n<li>Instrukcje obs\u0142ugi w j\u0119zyku niemieckim i angielskim<\/li>\n<\/ul>\n<p>&nbsp;<\/p>\n<p>&nbsp;<\/p>\n<p>Uwaga: JLT Oil Catch Can s\u0105 obecnie sprzedawane r\u00f3wnie\u017c pod mark\u0105 J&amp;L Oil Separator Co. (OSC).<br \/>\nW okresie przej\u015bciowym modele Oil Catch Can s\u0105 dost\u0119pne z obydwoma oznaczeniami.<br \/>\nOba s\u0105 tym samym produktem.<\/p>","protected":false},"excerpt":{"rendered":"<p>2018\u20132023<\/p>","protected":false},"featured_media":68277554,"comment_status":"open","ping_status":"closed","template":"","meta":{"_acf_changed":false},"product_brand":[17171],"product_cat":[3013,2962],"product_tag":[169,3005,18249,2217,3245,50,903,1093,2444,36,84,82,85,3243,406,83,3242,170,3244,198,175],"class_list":{"0":"post-68259135","1":"product","2":"type-product","3":"status-publish","4":"has-post-thumbnail","6":"product_brand-jl","7":"product_cat-gladiator-36-oil-catch-can","8":"product_cat-wrangler-36-oil-catch-can","9":"product_tag-3-6","10":"product_tag-3069d","11":"product_tag-3069d-b","12":"product_tag-gladiator","13":"product_tag-jl-oil-separator-co","14":"product_tag-jeep","15":"product_tag-jl","16":"product_tag-jlt","17":"product_tag-jlt-performance","18":"product_tag-kraftwerk","19":"product_tag-kurbelgehaeuseentlueftung","20":"product_tag-oil-catch-can","21":"product_tag-oil-catch-tank","22":"product_tag-oil-separator","23":"product_tag-oel","24":"product_tag-oelabscheider","25":"product_tag-osc","26":"product_tag-pentastar","27":"product_tag-separator","28":"product_tag-v6","29":"product_tag-wrangler","30":"product_shipping_class-deutschlandohne","32":"first","33":"instock","34":"taxable","35":"shipping-taxable","36":"purchasable","37":"product-type-simple"},"bundled_by":[],"bundle_stock_status":"instock","bundle_stock_quantity":1,"bundle_virtual":false,"bundle_layout":"","bundle_add_to_cart_form_location":"","bundle_editable_in_cart":false,"bundle_sold_individually_context":"","bundle_item_grouping":"","bundle_min_size":"","bundle_max_size":"","bundle_price":[],"bundled_items":[],"bundle_sell_ids":[],"exclude_global_add_ons":[],"addons":[],"acf":[],"_links":{"self":[{"href":"https:\/\/kraftwerk-shop.cc\/pl\/wp-json\/wp\/v2\/product\/68259135","targetHints":{"allow":["GET"]}}],"collection":[{"href":"https:\/\/kraftwerk-shop.cc\/pl\/wp-json\/wp\/v2\/product"}],"about":[{"href":"https:\/\/kraftwerk-shop.cc\/pl\/wp-json\/wp\/v2\/types\/product"}],"replies":[{"embeddable":true,"href":"https:\/\/kraftwerk-shop.cc\/pl\/wp-json\/wp\/v2\/comments?post=68259135"}],"version-history":[{"count":0,"href":"https:\/\/kraftwerk-shop.cc\/pl\/wp-json\/wp\/v2\/product\/68259135\/revisions"}],"wp:featuredmedia":[{"embeddable":true,"href":"https:\/\/kraftwerk-shop.cc\/pl\/wp-json\/wp\/v2\/media\/68277554"}],"wp:attachment":[{"href":"https:\/\/kraftwerk-shop.cc\/pl\/wp-json\/wp\/v2\/media?parent=68259135"}],"wp:term":[{"taxonomy":"product_brand","embeddable":true,"href":"https:\/\/kraftwerk-shop.cc\/pl\/wp-json\/wp\/v2\/product_brand?post=68259135"},{"taxonomy":"product_cat","embeddable":true,"href":"https:\/\/kraftwerk-shop.cc\/pl\/wp-json\/wp\/v2\/product_cat?post=68259135"},{"taxonomy":"product_tag","embeddable":true,"href":"https:\/\/kraftwerk-shop.cc\/pl\/wp-json\/wp\/v2\/product_tag?post=68259135"}],"curies":[{"name":"wp","href":"https:\/\/api.w.org\/{rel}","templated":true}]}}