{"id":68259335,"date":"2021-12-21T19:04:27","date_gmt":"2021-12-21T18:04:27","guid":{"rendered":"https:\/\/kraftwerk-gruppe.de\/?post_type=product&#038;p=68259335"},"modified":"2026-02-15T00:46:20","modified_gmt":"2026-02-14T23:46:20","slug":"afe-power-ram-trx-kolektor-wydechowy","status":"publish","type":"product","link":"https:\/\/kraftwerk-shop.cc\/pl\/produkt\/afe-power-ram-trx-twisted-steel-edelstahl-kruemmer\/","title":{"rendered":"Rozdzielacz aFe POWER RAM TRX Twisted Steel ze stali nierdzewnej"},"content":{"rendered":"<h1>Rozdzielacz aFe POWER Twisted Steel ze stali nierdzewnej do RAM TRX<\/h1>\n<p>&nbsp;<\/p>\n<p><strong>Zwi\u0119kszona wydajno\u015b\u0107<\/strong><br \/>\nSystem ten zapewnia wzrost osi\u0105g\u00f3w do +9 KM i +19 Nm, mierzony na hamowni.<\/p>\n<p><strong>Konstrukcja ze stali nierdzewnej 304 1-7\/8 cala<\/strong><br \/>\nSystem ten sk\u0142ada si\u0119 z 1-7\/8 calowej wygi\u0119tej rurki ze stali nierdzewnej 304 zapewniaj\u0105cej maksymaln\u0105 stabilno\u015b\u0107 i trwa\u0142o\u015b\u0107.<\/p>\n<p><strong>Wytrzyma\u0142e ko\u0142nierze<\/strong><br \/>\nWycinane laserowo ko\u0142nierze w konstrukcji fabrycznej zapewniaj\u0105 bezpieczne, szczelne uszczelnienie.<\/p>\n<p><strong>Kolektory sko\u015bne<\/strong><br \/>\nNag\u0142\u00f3wki ze skosem 4 do 1 redukuj\u0105 turbulencje i zwi\u0119kszaj\u0105 pr\u0119dko\u015b\u0107 wydechu. Rezultatem jest wi\u0119ksza moc i lepsza reakcja przepustnicy.<\/p>\n<p><strong>Monta\u017c<\/strong><br \/>\nWykorzystuj\u0105c standardowe ko\u0142nierze, system ten zosta\u0142 zaprojektowany tak, aby pasowa\u0142 do standardowych lokalizacji bez ci\u0119cia lub modyfikacji, umo\u017cliwiaj\u0105c \u0142atw\u0105 instalacj\u0119.<\/p>\n<p><strong>Fabrycznie zamontowane punkty mocowania<\/strong><br \/>\nTe kolektory zachowuj\u0105 standardowe katalizatory i sondy lambda, zapewniaj\u0105c prost\u0105 instalacj\u0119, kt\u00f3ra nie wymaga modyfikacji ani ci\u0119cia.<\/p>\n<p><strong>Projektowanie wspomagane komputerowo<\/strong><br \/>\nKorzystaj\u0105c z najnowszej technologii projektowania wspomaganego komputerowo, kolektor ten zosta\u0142 zaprojektowany z my\u015bl\u0105 o niestandardowym, wysoce tolerancyjnym dopasowaniu.<\/p>\n<p><strong>Spawane metod\u0105 MIG<\/strong><br \/>\n100% spawane metod\u0105 MIG dla sprawdzonej w wy\u015bcigach wytrzyma\u0142o\u015bci i trwa\u0142o\u015bci.<\/p>\n<p>&nbsp;<\/p>\n<p><strong>Odpowiedni dla:<\/strong><\/p>\n<table width=\"483\">\n<tbody>\n<tr>\n<td width=\"79\"><strong>Rok<\/strong><\/td>\n<td width=\"122\"><strong>Marka<\/strong><\/td>\n<td width=\"83\"><strong>Model<\/strong><\/td>\n<td width=\"84\"><strong>Wariant<\/strong><\/td>\n<td width=\"115\"><strong>Silnik<\/strong><\/td>\n<\/tr>\n<tr>\n<td width=\"79\">2021-2023<\/td>\n<td width=\"122\">RAM<\/td>\n<td width=\"83\">1500 TRX<\/td>\n<td width=\"84\">HEMI<\/td>\n<td width=\"115\">V8 6.2L (sc)<\/td>\n<\/tr>\n<\/tbody>\n<\/table>\n<p>&nbsp;<\/p>\n<p>&nbsp;<\/p>\n<p>&nbsp;<\/p>","protected":false},"excerpt":{"rendered":"<p>Rozdzielacz aFe POWER Twisted Steel ze stali nierdzewnej dla RAM TRX Ten system zapewnia wzrost wydajno\u015bci do +9.<\/p>","protected":false},"featured_media":68277180,"comment_status":"open","ping_status":"closed","template":"","meta":{"_acf_changed":false},"product_brand":[16879],"product_cat":[6636],"product_tag":[475,2066,2373,4526,3030,2903,1035,1036,16880,2441,546,1047,2210,1052,662,2342,204,543,20273,550,1040,86,2435,2899,2904,547,1034,1038,2353],"class_list":{"0":"post-68259335","1":"product","2":"type-product","3":"status-publish","4":"has-post-thumbnail","6":"product_brand-afe-power","7":"product_cat-trx-abgaskruemmer-katalysatoren","8":"product_tag-475","9":"product_tag-2066","10":"product_tag-2373","11":"product_tag-4526","12":"product_tag-48-32030","13":"product_tag-48-32030-t","14":"product_tag-abgasanlage","15":"product_tag-abgassystem","16":"product_tag-advanced-flow-engineering","17":"product_tag-afe-power","18":"product_tag-auspuff","19":"product_tag-cat-back","20":"product_tag-catback","21":"product_tag-delete","22":"product_tag-edelstahl","23":"product_tag-entfernung","24":"product_tag-ersatz","25":"product_tag-faecherkruemmer","26":"product_tag-keintuev","27":"product_tag-kruemmer","28":"product_tag-laut","29":"product_tag-ram","30":"product_tag-rohr","31":"product_tag-schalldaempfer","32":"product_tag-shortys","33":"product_tag-sportauspuff","34":"product_tag-sportauspuffanlage","35":"product_tag-sportendschalldaempfer","36":"product_tag-trx","37":"product_shipping_class-paket-l","39":"first","40":"onbackorder","41":"taxable","42":"shipping-taxable","43":"purchasable","44":"product-type-simple"},"bundled_by":[],"bundle_stock_status":"onbackorder","bundle_stock_quantity":0,"bundle_virtual":false,"bundle_layout":"","bundle_add_to_cart_form_location":"","bundle_editable_in_cart":false,"bundle_sold_individually_context":"","bundle_item_grouping":"","bundle_min_size":"","bundle_max_size":"","bundle_price":[],"bundled_items":[],"bundle_sell_ids":[],"exclude_global_add_ons":[],"addons":[],"acf":[],"_links":{"self":[{"href":"https:\/\/kraftwerk-shop.cc\/pl\/wp-json\/wp\/v2\/product\/68259335","targetHints":{"allow":["GET"]}}],"collection":[{"href":"https:\/\/kraftwerk-shop.cc\/pl\/wp-json\/wp\/v2\/product"}],"about":[{"href":"https:\/\/kraftwerk-shop.cc\/pl\/wp-json\/wp\/v2\/types\/product"}],"replies":[{"embeddable":true,"href":"https:\/\/kraftwerk-shop.cc\/pl\/wp-json\/wp\/v2\/comments?post=68259335"}],"version-history":[{"count":0,"href":"https:\/\/kraftwerk-shop.cc\/pl\/wp-json\/wp\/v2\/product\/68259335\/revisions"}],"wp:featuredmedia":[{"embeddable":true,"href":"https:\/\/kraftwerk-shop.cc\/pl\/wp-json\/wp\/v2\/media\/68277180"}],"wp:attachment":[{"href":"https:\/\/kraftwerk-shop.cc\/pl\/wp-json\/wp\/v2\/media?parent=68259335"}],"wp:term":[{"taxonomy":"product_brand","embeddable":true,"href":"https:\/\/kraftwerk-shop.cc\/pl\/wp-json\/wp\/v2\/product_brand?post=68259335"},{"taxonomy":"product_cat","embeddable":true,"href":"https:\/\/kraftwerk-shop.cc\/pl\/wp-json\/wp\/v2\/product_cat?post=68259335"},{"taxonomy":"product_tag","embeddable":true,"href":"https:\/\/kraftwerk-shop.cc\/pl\/wp-json\/wp\/v2\/product_tag?post=68259335"}],"curies":[{"name":"wp","href":"https:\/\/api.w.org\/{rel}","templated":true}]}}