{"id":68259343,"date":"2021-12-21T19:29:37","date_gmt":"2021-12-21T18:29:37","guid":{"rendered":"https:\/\/kraftwerk-gruppe.de\/?post_type=product&#038;p=68259343"},"modified":"2026-02-15T00:05:54","modified_gmt":"2026-02-14T23:05:54","slug":"rura-laczaca-borla-atak-ram-trx","status":"publish","type":"product","link":"https:\/\/kraftwerk-shop.cc\/pl\/produkt\/borla-atak-connecting-pipe-ram-trx\/","title":{"rendered":"BORLA ATAK Rura \u0142\u0105cz\u0105ca do RAM TRX"},"content":{"rendered":"<h1>Rura \u0142\u0105cz\u0105ca BORLA ATAK 60717 do RAM TRX 2021 - 2024<\/h1>\n<p>&nbsp;<\/p>\n<p>System wykorzystuje unikaln\u0105 technologi\u0119 SwitchFire\u2122 X-pipe firmy BORLA\u00ae, kt\u00f3ra eliminuje \u015brodkowy punkt odci\u0119cia standardowej rury X-pipe.<br \/>\nOpatentowana przez BORLA\u00ae konstrukcja SwitchFire\u2122 w pe\u0142ni \u0142\u0105czy impulsy spalania z obu stron silnika RAM TRX w celu zwi\u0119kszenia wydajno\u015bci, jednocze\u015bnie optymalizuj\u0105c d\u017awi\u0119k dzi\u0119ki prze\u0142omowej technologii polifonicznej.<br \/>\nRezultatem jest agresywny, spersonalizowany d\u017awi\u0119k i lepsza wydajno\u015b\u0107.<\/p>\n<p>Instalacja wymaga przeci\u0119cia oryginalnego zespo\u0142u rury wydechowej po stronie kierowcy. Oryginalne rury wydechowe s\u0105 wolne od rezonansu i mog\u0105 by\u0107 ponownie u\u017cyte z BORLA\u00ae 60717.<\/p>\n<p>Do uzupe\u0142nienia systemu mo\u017cna u\u017cy\u0107 oryginalnych rur wydechowych lub opcjonalnych rur wydechowych BORLA\u00ae.<\/p>\n<p>Wykonane z wysokiej jako\u015bci stali nierdzewnej T-304, lepszej ni\u017c seria T-400 (np. 409), aby zapewni\u0107 absolutnie najlepsz\u0105 wydajno\u015b\u0107 i trwa\u0142o\u015b\u0107, precyzyjna produkcja CNC zapewnia dok\u0142adne dopasowanie.<\/p>\n<p>Niezwykle g\u0142adkie zagi\u0119cia rur zapewniaj\u0105 maksymalny przep\u0142yw i wydajno\u015b\u0107.<\/p>\n<p>&nbsp;<\/p>","protected":false},"excerpt":{"rendered":"<p>2021\u20132024<\/p>","protected":false},"featured_media":68276596,"comment_status":"open","ping_status":"closed","template":"","meta":{"_acf_changed":false},"product_brand":[17170],"product_cat":[3024,6635],"product_tag":[475,2066,2373,3031,1046,1035,1036,1048,546,1037,1032,2443,1047,429,49,1043,1039,1042,532,529,441,20273,1040,1044,86,1045,1041,547,1034,1038,2353,233],"class_list":{"0":"post-68259343","1":"product","2":"type-product","3":"status-publish","4":"has-post-thumbnail","6":"product_brand-borla","7":"product_cat-nicht-nach-eu","8":"product_cat-trx-abgasanlage-catback","9":"product_tag-475","10":"product_tag-2066","11":"product_tag-2373","12":"product_tag-3031","13":"product_tag-abe","14":"product_tag-abgasanlage","15":"product_tag-abgassystem","16":"product_tag-atak","17":"product_tag-auspuff","18":"product_tag-auspuffsystem","19":"product_tag-borla","20":"product_tag-borla-exhaust","21":"product_tag-cat-back","22":"product_tag-deutschland","23":"product_tag-dodge","24":"product_tag-endrohr","25":"product_tag-endschalldaempfer","26":"product_tag-endtopf","27":"product_tag-kat","28":"product_tag-katalysator","29":"product_tag-kaufen","30":"product_tag-keintuev","31":"product_tag-laut","32":"product_tag-mittelschalldaempfer","33":"product_tag-ram","34":"product_tag-sound","35":"product_tag-sport","36":"product_tag-sportauspuff","37":"product_tag-sportauspuffanlage","38":"product_tag-sportendschalldaempfer","39":"product_tag-trx","40":"product_tag-tuning","41":"product_shipping_class-spedition-1","43":"first","44":"onbackorder","45":"taxable","46":"shipping-taxable","47":"purchasable","48":"product-type-simple"},"bundled_by":[],"bundle_stock_status":"onbackorder","bundle_stock_quantity":0,"bundle_virtual":false,"bundle_layout":"","bundle_add_to_cart_form_location":"","bundle_editable_in_cart":false,"bundle_sold_individually_context":"","bundle_item_grouping":"","bundle_min_size":"","bundle_max_size":"","bundle_price":[],"bundled_items":[],"bundle_sell_ids":[],"exclude_global_add_ons":[],"addons":[],"acf":[],"_links":{"self":[{"href":"https:\/\/kraftwerk-shop.cc\/pl\/wp-json\/wp\/v2\/product\/68259343","targetHints":{"allow":["GET"]}}],"collection":[{"href":"https:\/\/kraftwerk-shop.cc\/pl\/wp-json\/wp\/v2\/product"}],"about":[{"href":"https:\/\/kraftwerk-shop.cc\/pl\/wp-json\/wp\/v2\/types\/product"}],"replies":[{"embeddable":true,"href":"https:\/\/kraftwerk-shop.cc\/pl\/wp-json\/wp\/v2\/comments?post=68259343"}],"version-history":[{"count":0,"href":"https:\/\/kraftwerk-shop.cc\/pl\/wp-json\/wp\/v2\/product\/68259343\/revisions"}],"wp:featuredmedia":[{"embeddable":true,"href":"https:\/\/kraftwerk-shop.cc\/pl\/wp-json\/wp\/v2\/media\/68276596"}],"wp:attachment":[{"href":"https:\/\/kraftwerk-shop.cc\/pl\/wp-json\/wp\/v2\/media?parent=68259343"}],"wp:term":[{"taxonomy":"product_brand","embeddable":true,"href":"https:\/\/kraftwerk-shop.cc\/pl\/wp-json\/wp\/v2\/product_brand?post=68259343"},{"taxonomy":"product_cat","embeddable":true,"href":"https:\/\/kraftwerk-shop.cc\/pl\/wp-json\/wp\/v2\/product_cat?post=68259343"},{"taxonomy":"product_tag","embeddable":true,"href":"https:\/\/kraftwerk-shop.cc\/pl\/wp-json\/wp\/v2\/product_tag?post=68259343"}],"curies":[{"name":"wp","href":"https:\/\/api.w.org\/{rel}","templated":true}]}}