{"id":68259351,"date":"2021-12-21T19:58:28","date_gmt":"2021-12-21T18:58:28","guid":{"rendered":"https:\/\/kraftwerk-gruppe.de\/?post_type=product&#038;p=68259351"},"modified":"2026-02-15T00:51:16","modified_gmt":"2026-02-14T23:51:16","slug":"rury-wydechowe-borla-chrom-ram-trx","status":"publish","type":"product","link":"https:\/\/kraftwerk-shop.cc\/pl\/produkt\/borla-endrohre-chrom-ram-trx\/","title":{"rendered":"Rury wydechowe BORLA (chromowane) dla RAM TRX"},"content":{"rendered":"<h1>Chromowane rury wydechowe BORLA dla RAM TRX<\/h1>\n<p>&nbsp;<\/p>\n<p>Udoskonal sw\u00f3j RAM TRX dzi\u0119ki tym chromowanym 5-calowym rurom wydechowym wykonanym ze stali nierdzewnej T-304.<\/p>\n<p>Zosta\u0142y one zaprojektowane tak, aby by\u0142y kompatybilne z oryginalnym systemem i systemem BORLA\u00ae.<br \/>\nProsty monta\u017c za pomoc\u0105 zacisk\u00f3w (nie wchodz\u0105 w zakres dostawy, u\u017cywane s\u0105 oryginalne zaciski).<\/p>\n<p>Precyzyjna produkcja sterowana CNC zapewnia dok\u0142adne dopasowanie. Ko\u0144c\u00f3wki BORLA\u00ae s\u0105 dost\u0119pne w r\u00f3\u017cnych materia\u0142ach, powierzchniach, rozmiarach i wzorach.<\/p>\n<p>Stanowi\u0105 one idealne rozwi\u0105zanie do nadania pojazdowi spersonalizowanego wygl\u0105du.<\/p>\n<p>&nbsp;<\/p>\n<p><strong>Zakres dostawy:<\/strong><\/p>\n<ul>\n<li>2 rury wydechowe (chromowane)<\/li>\n<\/ul>","protected":false},"excerpt":{"rendered":"<p>2021\u20132024<\/p>","protected":false},"featured_media":68276601,"comment_status":"open","ping_status":"closed","template":"","meta":{"_acf_changed":false},"product_brand":[17170],"product_cat":[6635],"product_tag":[475,2066,2373,3031,3033,1046,1035,1036,1048,546,1037,1032,1047,3035,429,49,1043,1039,3034,1042,532,529,441,1040,1044,86,1045,1041,547,1034,1038,2353,233],"class_list":{"0":"post-68259351","1":"product","2":"type-product","3":"status-publish","4":"has-post-thumbnail","6":"product_brand-borla","7":"product_cat-trx-abgasanlage-catback","8":"product_tag-475","9":"product_tag-2066","10":"product_tag-2373","11":"product_tag-3031","12":"product_tag-3033","13":"product_tag-abe","14":"product_tag-abgasanlage","15":"product_tag-abgassystem","16":"product_tag-atak","17":"product_tag-auspuff","18":"product_tag-auspuffsystem","19":"product_tag-borla","20":"product_tag-cat-back","21":"product_tag-chrom","22":"product_tag-deutschland","23":"product_tag-dodge","24":"product_tag-endrohr","25":"product_tag-endschalldaempfer","26":"product_tag-endstueck","27":"product_tag-endtopf","28":"product_tag-kat","29":"product_tag-katalysator","30":"product_tag-kaufen","31":"product_tag-laut","32":"product_tag-mittelschalldaempfer","33":"product_tag-ram","34":"product_tag-sound","35":"product_tag-sport","36":"product_tag-sportauspuff","37":"product_tag-sportauspuffanlage","38":"product_tag-sportendschalldaempfer","39":"product_tag-trx","40":"product_tag-tuning","41":"product_shipping_class-deutschlandohne","43":"first","44":"onbackorder","45":"taxable","46":"shipping-taxable","47":"purchasable","48":"product-type-simple"},"bundled_by":[],"bundle_stock_status":"onbackorder","bundle_stock_quantity":0,"bundle_virtual":false,"bundle_layout":"","bundle_add_to_cart_form_location":"","bundle_editable_in_cart":false,"bundle_sold_individually_context":"","bundle_item_grouping":"","bundle_min_size":"","bundle_max_size":"","bundle_price":[],"bundled_items":[],"bundle_sell_ids":[],"exclude_global_add_ons":[],"addons":[],"acf":[],"_links":{"self":[{"href":"https:\/\/kraftwerk-shop.cc\/pl\/wp-json\/wp\/v2\/product\/68259351","targetHints":{"allow":["GET"]}}],"collection":[{"href":"https:\/\/kraftwerk-shop.cc\/pl\/wp-json\/wp\/v2\/product"}],"about":[{"href":"https:\/\/kraftwerk-shop.cc\/pl\/wp-json\/wp\/v2\/types\/product"}],"replies":[{"embeddable":true,"href":"https:\/\/kraftwerk-shop.cc\/pl\/wp-json\/wp\/v2\/comments?post=68259351"}],"version-history":[{"count":0,"href":"https:\/\/kraftwerk-shop.cc\/pl\/wp-json\/wp\/v2\/product\/68259351\/revisions"}],"wp:featuredmedia":[{"embeddable":true,"href":"https:\/\/kraftwerk-shop.cc\/pl\/wp-json\/wp\/v2\/media\/68276601"}],"wp:attachment":[{"href":"https:\/\/kraftwerk-shop.cc\/pl\/wp-json\/wp\/v2\/media?parent=68259351"}],"wp:term":[{"taxonomy":"product_brand","embeddable":true,"href":"https:\/\/kraftwerk-shop.cc\/pl\/wp-json\/wp\/v2\/product_brand?post=68259351"},{"taxonomy":"product_cat","embeddable":true,"href":"https:\/\/kraftwerk-shop.cc\/pl\/wp-json\/wp\/v2\/product_cat?post=68259351"},{"taxonomy":"product_tag","embeddable":true,"href":"https:\/\/kraftwerk-shop.cc\/pl\/wp-json\/wp\/v2\/product_tag?post=68259351"}],"curies":[{"name":"wp","href":"https:\/\/api.w.org\/{rel}","templated":true}]}}