{"id":68259399,"date":"2021-12-22T18:04:00","date_gmt":"2021-12-22T17:04:00","guid":{"rendered":"https:\/\/kraftwerk-gruppe.de\/?post_type=product&#038;p=68259399"},"modified":"2026-02-15T00:50:00","modified_gmt":"2026-02-14T23:50:00","slug":"borla-atak-uklad-wydechowy-dodge-durango-6-2-hellcat","status":"publish","type":"product","link":"https:\/\/kraftwerk-shop.cc\/pl\/produkt\/borla-atak-auspuffanlage-dodge-durango-6-2-hellcat\/","title":{"rendered":"Uk\u0142ad wydechowy BORLA ATAK dla Dodge Durango 6.2 Hellcat"},"content":{"rendered":"<h1>BORLA ATAK 140886 Wysokowydajny uk\u0142ad wydechowy dla Dodge Durango 6.2 Hellcat 2021 - 2025<\/h1>\n<p>&nbsp;<\/p>\n<p>Uk\u0142ady wydechowe BORLA\u00ae ATAK\u00ae (Acoustically Tuned Applied Kinetics) zosta\u0142y zaprojektowane dla puryst\u00f3w o wysokich osi\u0105gach, kt\u00f3rzy wol\u0105 s\u0142ucha\u0107 wydechu swojego Mustanga ni\u017c systemu stereo.<\/p>\n<p>Uk\u0142ady wydechowe ATAK\u00ae zapewniaj\u0105 najwy\u017csze warto\u015bci dB w\u015br\u00f3d r\u00f3\u017cnych uk\u0142ad\u00f3w Borla bez kompromis\u00f3w w zakresie jako\u015bci d\u017awi\u0119ku, co cz\u0119sto ma miejsce w przypadku innych g\u0142o\u015bnych uk\u0142ad\u00f3w wydechowych.<\/p>\n<p>Technologia ATAK\u00ae opiera si\u0119 na specjalnie dobranych w\u0142a\u015bciwo\u015bciach rdzeni t\u0142umik\u00f3w, kt\u00f3re s\u0105 indywidualnie dostrajane do ka\u017cdego typu pojazdu w celu uzyskania najlepszego d\u017awi\u0119ku.<\/p>\n<p><strong>Super agresywny, mocny, g\u0142o\u015bny d\u017awi\u0119k ameryka\u0144skiego samochodu. System jest zdecydowanie zbyt g\u0142o\u015bny jak na licencj\u0119 - ale pojazd ma d\u017awi\u0119k, kt\u00f3rego oczekuje prawdziwy entuzjasta.<\/strong><\/p>\n<p>Sportowe uk\u0142ady wydechowe Borla s\u0105 produkowane z wysokostopowej stali nierdzewnej serii T304 zgodnie z ameryka\u0144skim standardem AISI.<\/p>\n<p>&nbsp;<\/p>\n<table border=\"0\" width=\"513\" cellspacing=\"0\" cellpadding=\"0\">\n<tbody>\n<tr>\n<td height=\"21\">Typ uk\u0142adu wydechowego<\/td>\n<td>Cat-Back<\/td>\n<\/tr>\n<tr>\n<td height=\"21\">\u015arednica rury<\/td>\n<td>3 cale<\/td>\n<\/tr>\n<tr>\n<td height=\"21\">Rura wydechowa<\/td>\n<td>Pojedyncze dzielone tylne wyj\u015bcie 4,5\u2033 Truck<\/td>\n<\/tr>\n<\/tbody>\n<\/table>\n<p>&nbsp;<\/p>","protected":false},"excerpt":{"rendered":"<p>2021\u20132025<\/p>","protected":false},"featured_media":68276620,"comment_status":"open","ping_status":"closed","template":"","meta":{"_acf_changed":false},"product_brand":[17170],"product_cat":[6599,3024],"product_tag":[3040,101,1046,1035,1036,1048,546,2245,1037,1032,2443,1047,429,49,95,1043,1039,1042,100,532,529,441,20273,1040,1044,1045,1041,547,1034,1038,96,233],"class_list":{"0":"post-68259399","1":"product","2":"type-product","3":"status-publish","4":"has-post-thumbnail","6":"product_brand-borla","7":"product_cat-durango-hellcat-abgasanlage-catback","8":"product_cat-nicht-nach-eu","9":"product_tag-3040","10":"product_tag-6-2","11":"product_tag-abe","12":"product_tag-abgasanlage","13":"product_tag-abgassystem","14":"product_tag-atak","15":"product_tag-auspuff","16":"product_tag-auspuffanlage","17":"product_tag-auspuffsystem","18":"product_tag-borla","19":"product_tag-borla-exhaust","20":"product_tag-cat-back","21":"product_tag-deutschland","22":"product_tag-dodge","23":"product_tag-durango","24":"product_tag-endrohr","25":"product_tag-endschalldaempfer","26":"product_tag-endtopf","27":"product_tag-hellcat","28":"product_tag-kat","29":"product_tag-katalysator","30":"product_tag-kaufen","31":"product_tag-keintuev","32":"product_tag-laut","33":"product_tag-mittelschalldaempfer","34":"product_tag-sound","35":"product_tag-sport","36":"product_tag-sportauspuff","37":"product_tag-sportauspuffanlage","38":"product_tag-sportendschalldaempfer","39":"product_tag-srt","40":"product_tag-tuning","41":"product_shipping_class-spedition-1","43":"first","44":"onbackorder","45":"taxable","46":"shipping-taxable","47":"purchasable","48":"product-type-simple"},"bundled_by":[],"bundle_stock_status":"onbackorder","bundle_stock_quantity":0,"bundle_virtual":false,"bundle_layout":"","bundle_add_to_cart_form_location":"","bundle_editable_in_cart":false,"bundle_sold_individually_context":"","bundle_item_grouping":"","bundle_min_size":"","bundle_max_size":"","bundle_price":[],"bundled_items":[],"bundle_sell_ids":[],"exclude_global_add_ons":[],"addons":[],"acf":[],"_links":{"self":[{"href":"https:\/\/kraftwerk-shop.cc\/pl\/wp-json\/wp\/v2\/product\/68259399","targetHints":{"allow":["GET"]}}],"collection":[{"href":"https:\/\/kraftwerk-shop.cc\/pl\/wp-json\/wp\/v2\/product"}],"about":[{"href":"https:\/\/kraftwerk-shop.cc\/pl\/wp-json\/wp\/v2\/types\/product"}],"replies":[{"embeddable":true,"href":"https:\/\/kraftwerk-shop.cc\/pl\/wp-json\/wp\/v2\/comments?post=68259399"}],"version-history":[{"count":0,"href":"https:\/\/kraftwerk-shop.cc\/pl\/wp-json\/wp\/v2\/product\/68259399\/revisions"}],"wp:featuredmedia":[{"embeddable":true,"href":"https:\/\/kraftwerk-shop.cc\/pl\/wp-json\/wp\/v2\/media\/68276620"}],"wp:attachment":[{"href":"https:\/\/kraftwerk-shop.cc\/pl\/wp-json\/wp\/v2\/media?parent=68259399"}],"wp:term":[{"taxonomy":"product_brand","embeddable":true,"href":"https:\/\/kraftwerk-shop.cc\/pl\/wp-json\/wp\/v2\/product_brand?post=68259399"},{"taxonomy":"product_cat","embeddable":true,"href":"https:\/\/kraftwerk-shop.cc\/pl\/wp-json\/wp\/v2\/product_cat?post=68259399"},{"taxonomy":"product_tag","embeddable":true,"href":"https:\/\/kraftwerk-shop.cc\/pl\/wp-json\/wp\/v2\/product_tag?post=68259399"}],"curies":[{"name":"wp","href":"https:\/\/api.w.org\/{rel}","templated":true}]}}