{"id":68259819,"date":"2021-12-26T13:35:27","date_gmt":"2021-12-26T12:35:27","guid":{"rendered":"https:\/\/kraftwerk-shop.cc\/?post_type=product&#038;p=68259819"},"modified":"2026-02-15T01:00:23","modified_gmt":"2026-02-15T00:00:23","slug":"stainless-works-uklad-wydechowy-dodge-durango-srt","status":"publish","type":"product","link":"https:\/\/kraftwerk-shop.cc\/pl\/produkt\/stainless-works-abgasanlage-dodge-durango-srt\/","title":{"rendered":"Uk\u0142ad wydechowy Stainless Works dla Dodge Durango SRT"},"content":{"rendered":"<h1>Uk\u0142ad wydechowy Stainless Works dla Dodge Durango SRT<\/h1>\n<p>&nbsp;<\/p>\n<p>Popraw d\u017awi\u0119k i osi\u0105gi swojego Dodge Durango SRT dzi\u0119ki temu uk\u0142adowi wydechowemu catback od Stainless Works.<br \/>\nFirma Stainless Works opracowa\u0142a nie dudni\u0105cy, agresywny t\u0142umik zaprojektowany specjalnie dla silnika 6.4L.<br \/>\nSystem sk\u0142ada si\u0119 z dw\u00f3ch t\u0142umik\u00f3w i dw\u00f3ch 5-calowych polerowanych rur wydechowych o podw\u00f3jnych \u015bciankach. System zosta\u0142 zaprojektowany tak, aby pasowa\u0142 do fabrycznych punkt\u00f3w po\u0142\u0105cze\u0144.<\/p>\n<p>The <strong>Legend<\/strong>-Seria zosta\u0142a opracowana w celu stworzenia charakterystycznego dudnienia, zwi\u0119kszenia g\u0142o\u015bno\u015bci w por\u00f3wnaniu do standardowego systemu i zapewnienia komfortowego \u015brodowiska wewn\u0119trznego.<br \/>\nSystemy Legend zosta\u0142y opracowane z my\u015bl\u0105 o codziennym kierowcy: ulepszony d\u017awi\u0119k przy ograniczonej g\u0142o\u015bno\u015bci. System, kt\u00f3ry pompuje krew, ale nadal zapewnia komfortow\u0105 jazd\u0119.<\/p>\n<p>The <strong>Redline<\/strong>-Seria Redline zosta\u0142a opracowana w celu uzyskania najbardziej agresywnego d\u017awi\u0119ku z pojazdu. Systemy Redline maksymalizuj\u0105 g\u0142o\u015bno\u015b\u0107 i d\u017awi\u0119k silnika, eliminuj\u0105c jednocze\u015bnie wszelkie drgania w kabinie.<\/p>\n<p>System ten jest wykonany z odpornej na korozj\u0119 stali nierdzewnej 304 i jest spawany metod\u0105 TIG.<\/p>\n<p>&nbsp;<\/p>\n<p><strong>Cechy:<\/strong><\/p>\n<ul>\n<li>Redline lub Legend Sound<\/li>\n<li>5-calowe podw\u00f3jne \u015bcianki z naci\u0119ciami, czarne lub polerowane<\/li>\n<li>G\u0142adkie zagi\u0119cia rur optymalizuj\u0105 przep\u0142yw spalin<\/li>\n<li>W pe\u0142ni spawana metod\u0105 TIG dla zapewnienia stabilno\u015bci i wygl\u0105du.<\/li>\n<\/ul>\n<p>&nbsp;<\/p>\n<p><strong>Odpowiedni dla:<\/strong><\/p>\n<table width=\"733\">\n<tbody>\n<tr>\n<td width=\"94\"><strong>Rok<\/strong><\/td>\n<td width=\"97\"><strong>Marka<\/strong><\/td>\n<td width=\"134\"><strong>Model<\/strong><\/td>\n<td width=\"112\"><strong>Wariant<\/strong><\/td>\n<td width=\"296\"><strong>Silnik<\/strong><\/td>\n<\/tr>\n<tr>\n<td width=\"94\">2018\u20132024<\/td>\n<td width=\"97\">Dodge<\/td>\n<td width=\"134\">Durango<\/td>\n<td width=\"112\">SRT<\/td>\n<td width=\"296\">V8 6.4 L<\/td>\n<\/tr>\n<\/tbody>\n<\/table>\n<p>&nbsp;<\/p>","protected":false},"excerpt":{"rendered":"<p>2018\u20132024<\/p>","protected":false},"featured_media":68277336,"comment_status":"open","ping_status":"closed","template":"","meta":{"_acf_changed":false},"product_brand":[17173],"product_cat":[3024,6585],"product_tag":[217,93,1035,546,1047,2210,49,95,662,126,586,50,20273,36,1040,3055,547,96,3025,3026],"class_list":{"0":"post-68259819","1":"product","2":"type-product","3":"status-publish","4":"has-post-thumbnail","6":"product_brand-stainless-works","7":"product_cat-nicht-nach-eu","8":"product_cat-durango-64-abgasanlage-catback","9":"product_tag-217","10":"product_tag-6-4","11":"product_tag-abgasanlage","12":"product_tag-auspuff","13":"product_tag-cat-back","14":"product_tag-catback","15":"product_tag-dodge","16":"product_tag-durango","17":"product_tag-edelstahl","18":"product_tag-hemi","19":"product_tag-high-flow","20":"product_tag-jeep","21":"product_tag-keintuev","22":"product_tag-kraftwerk","23":"product_tag-laut","24":"product_tag-sportabgasanlage","25":"product_tag-sportauspuff","26":"product_tag-srt","27":"product_tag-stainless-works","28":"product_tag-stainlessworks","29":"product_shipping_class-spedition-1","31":"first","32":"onbackorder","33":"taxable","34":"shipping-taxable","35":"purchasable","36":"product-type-variable"},"bundled_by":[],"bundle_stock_status":"onbackorder","bundle_stock_quantity":0,"bundle_virtual":false,"bundle_layout":"","bundle_add_to_cart_form_location":"","bundle_editable_in_cart":false,"bundle_sold_individually_context":"","bundle_item_grouping":"","bundle_min_size":"","bundle_max_size":"","bundle_price":[],"bundled_items":[],"bundle_sell_ids":[],"exclude_global_add_ons":[],"addons":[],"acf":[],"_links":{"self":[{"href":"https:\/\/kraftwerk-shop.cc\/pl\/wp-json\/wp\/v2\/product\/68259819","targetHints":{"allow":["GET"]}}],"collection":[{"href":"https:\/\/kraftwerk-shop.cc\/pl\/wp-json\/wp\/v2\/product"}],"about":[{"href":"https:\/\/kraftwerk-shop.cc\/pl\/wp-json\/wp\/v2\/types\/product"}],"replies":[{"embeddable":true,"href":"https:\/\/kraftwerk-shop.cc\/pl\/wp-json\/wp\/v2\/comments?post=68259819"}],"version-history":[{"count":0,"href":"https:\/\/kraftwerk-shop.cc\/pl\/wp-json\/wp\/v2\/product\/68259819\/revisions"}],"wp:featuredmedia":[{"embeddable":true,"href":"https:\/\/kraftwerk-shop.cc\/pl\/wp-json\/wp\/v2\/media\/68277336"}],"wp:attachment":[{"href":"https:\/\/kraftwerk-shop.cc\/pl\/wp-json\/wp\/v2\/media?parent=68259819"}],"wp:term":[{"taxonomy":"product_brand","embeddable":true,"href":"https:\/\/kraftwerk-shop.cc\/pl\/wp-json\/wp\/v2\/product_brand?post=68259819"},{"taxonomy":"product_cat","embeddable":true,"href":"https:\/\/kraftwerk-shop.cc\/pl\/wp-json\/wp\/v2\/product_cat?post=68259819"},{"taxonomy":"product_tag","embeddable":true,"href":"https:\/\/kraftwerk-shop.cc\/pl\/wp-json\/wp\/v2\/product_tag?post=68259819"}],"curies":[{"name":"wp","href":"https:\/\/api.w.org\/{rel}","templated":true}]}}