{"id":68259880,"date":"2021-12-28T19:05:00","date_gmt":"2021-12-28T18:05:00","guid":{"rendered":"https:\/\/kraftwerk-shop.cc\/?post_type=product&#038;p=68259880"},"modified":"2026-02-15T00:53:25","modified_gmt":"2026-02-14T23:53:25","slug":"magnaflow-19487-jeep-gladiator","status":"publish","type":"product","link":"https:\/\/kraftwerk-shop.cc\/pl\/produkt\/magnaflow-19487-jeep-gladiator\/","title":{"rendered":"MagnaFlow Street Black Series Cat-Back Performance Uk\u0142ad wydechowy Jeep Gladiator"},"content":{"rendered":"<h1>Uk\u0142ad wydechowy MagnaFlow Street Black Series Cat-Back Performance dla Jeep Gladiator<\/h1>\n<p>&nbsp;<\/p>\n<p>Zaanga\u017cowanie MagnaFlow w rozw\u00f3j i produkcj\u0119 najlepszych sportowych uk\u0142ad\u00f3w wydechowych zapewnia doskona\u0142y d\u017awi\u0119k i wra\u017cenia z jazdy.<br \/>\nWykonane z wysokiej jako\u015bci materia\u0142\u00f3w, zaprojektowane z my\u015bl\u0105 o optymalnym dopasowaniu i wydajno\u015bci.<br \/>\nUk\u0142ad wydechowy Street Series ze stali nierdzewnej zapewnia potwierdzony na hamowni wzrost osi\u0105g\u00f3w przy przyjemnym d\u017awi\u0119ku we wn\u0119trzu i mocnym, agresywnym d\u017awi\u0119ku na zewn\u0105trz.<\/p>\n<p>&nbsp;<\/p>\n<p><img decoding=\"async\" class=\"alignnone size-medium wp-image-68259882\" src=\"https:\/\/kraftwerk-shop.cc\/wp-content\/uploads\/2021\/12\/19487_sound-300x141.jpg\" alt=\"\" width=\"300\" height=\"141\" \/><\/p>\n<p>MagnaFlow Street Series 19487 pasuje do nast\u0119puj\u0105cych modeli:<\/p>\n<table width=\"40%\">\n<tbody>\n<tr>\n<td width=\"32%\">2022<\/td>\n<td width=\"32%\">Gladiator<\/td>\n<td width=\"32%\">V6 3.6L<\/td>\n<\/tr>\n<tr>\n<td width=\"32%\">2021<\/td>\n<td width=\"32%\">Gladiator<\/td>\n<td width=\"32%\">V6 3.6L<\/td>\n<\/tr>\n<tr>\n<td width=\"32%\">2020<\/td>\n<td width=\"32%\">Gladiator<\/td>\n<td width=\"32%\">V6 3.6L<\/td>\n<\/tr>\n<\/tbody>\n<\/table>\n<p><iframe loading=\"lazy\" title=\"Odtwarzacz wideo YouTube\" src=\"https:\/\/www.youtube.com\/embed\/1y_rYlTox6Q\" width=\"882\" height=\"496\" frameborder=\"0\" allowfullscreen=\"allowfullscreen\"><\/iframe><\/p>","protected":false},"excerpt":{"rendered":"<p>2020\u20132022<\/p>","protected":false},"featured_media":68267055,"comment_status":"open","ping_status":"closed","template":"","meta":{"_acf_changed":false},"product_brand":[18925],"product_cat":[3009,3024],"product_tag":[3057,420,2066,2373,1046,1035,1036,546,1037,1047,2210,662,1043,1039,1042,2981,2217,2212,2934,50,532,529,20273,2211,1040,2208,2062,1044,1045,547,1034,1038,2215,233,2139,175,2137],"class_list":{"0":"post-68259880","1":"product","2":"type-product","3":"status-publish","4":"has-post-thumbnail","6":"product_brand-magnaflow","7":"product_cat-gladiator-36-abgasanlage","8":"product_cat-nicht-nach-eu","9":"product_tag-3057","10":"product_tag-420","11":"product_tag-2066","12":"product_tag-2373","13":"product_tag-abe","14":"product_tag-abgasanlage","15":"product_tag-abgassystem","16":"product_tag-auspuff","17":"product_tag-auspuffsystem","18":"product_tag-cat-back","19":"product_tag-catback","20":"product_tag-edelstahl","21":"product_tag-endrohr","22":"product_tag-endschalldaempfer","23":"product_tag-endtopf","24":"product_tag-freedom","25":"product_tag-gladiator","26":"product_tag-gutachten","27":"product_tag-harder","28":"product_tag-jeep","29":"product_tag-kat","30":"product_tag-katalysator","31":"product_tag-keintuev","32":"product_tag-klang","33":"product_tag-laut","34":"product_tag-lauter","35":"product_tag-magnaflow","36":"product_tag-mittelschalldaempfer","37":"product_tag-sound","38":"product_tag-sportauspuff","39":"product_tag-sportauspuffanlage","40":"product_tag-sportendschalldaempfer","41":"product_tag-street","42":"product_tag-tuning","43":"product_tag-tuev","44":"product_tag-wrangler","45":"product_tag-zulassung","46":"product_shipping_class-spedition-1","48":"first","49":"onbackorder","50":"taxable","51":"shipping-taxable","52":"purchasable","53":"product-type-simple"},"bundled_by":[],"bundle_stock_status":"onbackorder","bundle_stock_quantity":0,"bundle_virtual":false,"bundle_layout":"","bundle_add_to_cart_form_location":"","bundle_editable_in_cart":false,"bundle_sold_individually_context":"","bundle_item_grouping":"","bundle_min_size":"","bundle_max_size":"","bundle_price":[],"bundled_items":[],"bundle_sell_ids":[],"exclude_global_add_ons":[],"addons":[],"acf":[],"_links":{"self":[{"href":"https:\/\/kraftwerk-shop.cc\/pl\/wp-json\/wp\/v2\/product\/68259880","targetHints":{"allow":["GET"]}}],"collection":[{"href":"https:\/\/kraftwerk-shop.cc\/pl\/wp-json\/wp\/v2\/product"}],"about":[{"href":"https:\/\/kraftwerk-shop.cc\/pl\/wp-json\/wp\/v2\/types\/product"}],"replies":[{"embeddable":true,"href":"https:\/\/kraftwerk-shop.cc\/pl\/wp-json\/wp\/v2\/comments?post=68259880"}],"version-history":[{"count":0,"href":"https:\/\/kraftwerk-shop.cc\/pl\/wp-json\/wp\/v2\/product\/68259880\/revisions"}],"wp:featuredmedia":[{"embeddable":true,"href":"https:\/\/kraftwerk-shop.cc\/pl\/wp-json\/wp\/v2\/media\/68267055"}],"wp:attachment":[{"href":"https:\/\/kraftwerk-shop.cc\/pl\/wp-json\/wp\/v2\/media?parent=68259880"}],"wp:term":[{"taxonomy":"product_brand","embeddable":true,"href":"https:\/\/kraftwerk-shop.cc\/pl\/wp-json\/wp\/v2\/product_brand?post=68259880"},{"taxonomy":"product_cat","embeddable":true,"href":"https:\/\/kraftwerk-shop.cc\/pl\/wp-json\/wp\/v2\/product_cat?post=68259880"},{"taxonomy":"product_tag","embeddable":true,"href":"https:\/\/kraftwerk-shop.cc\/pl\/wp-json\/wp\/v2\/product_tag?post=68259880"}],"curies":[{"name":"wp","href":"https:\/\/api.w.org\/{rel}","templated":true}]}}