{"id":68259929,"date":"2021-12-29T16:48:15","date_gmt":"2021-12-29T15:48:15","guid":{"rendered":"https:\/\/kraftwerk-shop.cc\/?post_type=product&#038;p=68259929"},"modified":"2026-02-15T01:00:54","modified_gmt":"2026-02-15T00:00:54","slug":"stainless-works-uklad-wydechowy-ram-trx","status":"publish","type":"product","link":"https:\/\/kraftwerk-shop.cc\/pl\/produkt\/stainless-works-abgasanlage-ram-trx\/","title":{"rendered":"Uk\u0142ad wydechowy Stainless Works dla RAM TRX"},"content":{"rendered":"<h1>Uk\u0142ad wydechowy Stainless Works dla RAM TRX<\/h1>\n<p>&nbsp;<\/p>\n<p>Popraw d\u017awi\u0119k i osi\u0105gi swojego RAM TRX dzi\u0119ki temu uk\u0142adowi wydechowemu catback od Stainless Works.<br \/>\nFirma Stainless Works opracowa\u0142a nieb\u0119bni\u0105cy, agresywny t\u0142umik, kt\u00f3ry zosta\u0142 specjalnie zaprojektowany dla silnika TRX.<br \/>\nSystem sk\u0142ada si\u0119 z dw\u00f3ch t\u0142umik\u00f3w i dw\u00f3ch 5-calowych polerowanych rur wydechowych o podw\u00f3jnych \u015bciankach. System zosta\u0142 zaprojektowany tak, aby pasowa\u0142 do fabrycznych punkt\u00f3w po\u0142\u0105cze\u0144. Rury wydechowe ko\u0144cz\u0105 si\u0119 poni\u017cej zderzaka.<\/p>\n<p>The <strong>Legend<\/strong>-Seria zosta\u0142a opracowana w celu stworzenia charakterystycznego dudnienia, zwi\u0119kszenia g\u0142o\u015bno\u015bci w por\u00f3wnaniu do standardowego systemu i zapewnienia komfortowego \u015brodowiska wewn\u0119trznego.<br \/>\nSystemy Legend zosta\u0142y opracowane z my\u015bl\u0105 o codziennym kierowcy: ulepszony d\u017awi\u0119k przy ograniczonej g\u0142o\u015bno\u015bci. System, kt\u00f3ry pompuje krew, ale nadal zapewnia komfortow\u0105 jazd\u0119.<\/p>\n<p>The <strong>Redline<\/strong>-Seria Redline zosta\u0142a opracowana w celu uzyskania najbardziej agresywnego d\u017awi\u0119ku z pojazdu. Systemy Redline maksymalizuj\u0105 g\u0142o\u015bno\u015b\u0107 i d\u017awi\u0119k silnika, eliminuj\u0105c jednocze\u015bnie wszelkie drgania w kabinie.<\/p>\n<p>System ten jest wykonany z odpornej na korozj\u0119 stali nierdzewnej 304 i jest spawany metod\u0105 TIG.<\/p>\n<p>&nbsp;<\/p>\n<p><strong>Cechy:<\/strong><\/p>\n<ul>\n<li>Redline lub Legend Sound<\/li>\n<li>5-calowe podw\u00f3jne \u015bcianki z naci\u0119ciami w kolorze czarnym<\/li>\n<li>G\u0142adkie zagi\u0119cia rur optymalizuj\u0105 przep\u0142yw spalin<\/li>\n<li>W pe\u0142ni spawana metod\u0105 TIG dla zapewnienia stabilno\u015bci i wygl\u0105du.<\/li>\n<\/ul>\n<p>&nbsp;<\/p>\n<p><strong>Odpowiedni dla:<\/strong><\/p>\n<table width=\"733\">\n<tbody>\n<tr>\n<td width=\"94\"><strong>Rok<\/strong><\/td>\n<td width=\"97\"><strong>Marka<\/strong><\/td>\n<td width=\"134\"><strong>Model<\/strong><\/td>\n<td width=\"112\"><strong>Wariant<\/strong><\/td>\n<td width=\"296\"><strong>Silnik<\/strong><\/td>\n<\/tr>\n<tr>\n<td width=\"94\">2021\u20132024<\/td>\n<td width=\"97\">RAM<\/td>\n<td width=\"134\">1500<\/td>\n<td width=\"112\">TRX<\/td>\n<td width=\"296\">V8 6.2 L<\/td>\n<\/tr>\n<\/tbody>\n<\/table>\n<p>&nbsp;<\/p>","protected":false},"excerpt":{"rendered":"<p>2021\u20132024<\/p>","protected":false},"featured_media":68277395,"comment_status":"open","ping_status":"closed","template":"","meta":{"_acf_changed":false},"product_brand":[17173],"product_cat":[3024,6635],"product_tag":[475,1035,546,1047,2210,476,662,100,126,586,50,20273,36,1040,86,3062,3064,3063,3055,547,3025,3026,2353],"class_list":{"0":"post-68259929","1":"product","2":"type-product","3":"status-publish","4":"has-post-thumbnail","6":"product_brand-stainless-works","7":"product_cat-nicht-nach-eu","8":"product_cat-trx-abgasanlage-catback","9":"product_tag-475","10":"product_tag-abgasanlage","11":"product_tag-auspuff","12":"product_tag-cat-back","13":"product_tag-catback","14":"product_tag-dt","15":"product_tag-edelstahl","16":"product_tag-hellcat","17":"product_tag-hemi","18":"product_tag-high-flow","19":"product_tag-jeep","20":"product_tag-keintuev","21":"product_tag-kraftwerk","22":"product_tag-laut","23":"product_tag-ram","24":"product_tag-ram21cb","25":"product_tag-ram21cblbc","26":"product_tag-ram21cbrbc","27":"product_tag-sportabgasanlage","28":"product_tag-sportauspuff","29":"product_tag-stainless-works","30":"product_tag-stainlessworks","31":"product_tag-trx","32":"product_shipping_class-spedition-1","34":"first","35":"onbackorder","36":"taxable","37":"shipping-taxable","38":"purchasable","39":"product-type-variable"},"bundled_by":[],"bundle_stock_status":"onbackorder","bundle_stock_quantity":0,"bundle_virtual":false,"bundle_layout":"","bundle_add_to_cart_form_location":"","bundle_editable_in_cart":false,"bundle_sold_individually_context":"","bundle_item_grouping":"","bundle_min_size":"","bundle_max_size":"","bundle_price":[],"bundled_items":[],"bundle_sell_ids":[],"exclude_global_add_ons":[],"addons":[],"acf":[],"_links":{"self":[{"href":"https:\/\/kraftwerk-shop.cc\/pl\/wp-json\/wp\/v2\/product\/68259929","targetHints":{"allow":["GET"]}}],"collection":[{"href":"https:\/\/kraftwerk-shop.cc\/pl\/wp-json\/wp\/v2\/product"}],"about":[{"href":"https:\/\/kraftwerk-shop.cc\/pl\/wp-json\/wp\/v2\/types\/product"}],"replies":[{"embeddable":true,"href":"https:\/\/kraftwerk-shop.cc\/pl\/wp-json\/wp\/v2\/comments?post=68259929"}],"version-history":[{"count":0,"href":"https:\/\/kraftwerk-shop.cc\/pl\/wp-json\/wp\/v2\/product\/68259929\/revisions"}],"wp:featuredmedia":[{"embeddable":true,"href":"https:\/\/kraftwerk-shop.cc\/pl\/wp-json\/wp\/v2\/media\/68277395"}],"wp:attachment":[{"href":"https:\/\/kraftwerk-shop.cc\/pl\/wp-json\/wp\/v2\/media?parent=68259929"}],"wp:term":[{"taxonomy":"product_brand","embeddable":true,"href":"https:\/\/kraftwerk-shop.cc\/pl\/wp-json\/wp\/v2\/product_brand?post=68259929"},{"taxonomy":"product_cat","embeddable":true,"href":"https:\/\/kraftwerk-shop.cc\/pl\/wp-json\/wp\/v2\/product_cat?post=68259929"},{"taxonomy":"product_tag","embeddable":true,"href":"https:\/\/kraftwerk-shop.cc\/pl\/wp-json\/wp\/v2\/product_tag?post=68259929"}],"curies":[{"name":"wp","href":"https:\/\/api.w.org\/{rel}","templated":true}]}}