{"id":68260166,"date":"2022-01-06T13:09:00","date_gmt":"2022-01-06T12:09:00","guid":{"rendered":"https:\/\/kraftwerk-shop.cc\/?post_type=product&#038;p=68260166"},"modified":"2026-02-14T23:59:52","modified_gmt":"2026-02-14T22:59:52","slug":"klocki-hamulcowe-ebc-blackstuff-dp1732","status":"publish","type":"product","link":"https:\/\/kraftwerk-shop.cc\/pl\/produkt\/ebc-blackstuff-bremsbelaege-dp1732\/","title":{"rendered":"Klocki hamulcowe EBC Blackstuff DP1732"},"content":{"rendered":"<h1>Klocki hamulcowe EBC Blackstuff do Jeep Commander i Jeep Grand Cherokee 3.0 CRD, 3.7, 4.7 i 5.7 Hemi od 2005 do 2010 (o\u015b przednia)<\/h1>\n<p>&nbsp;<\/p>\n<p>Oferujemy ten klocek hamulcowy zoptymalizowany pod k\u0105tem py\u0142u hamulcowego jako \"cz\u0119\u015b\u0107 zamienn\u0105 OE\".<br \/>\nOdpowiada to jako\u015bci OE, ale zosta\u0142o ulepszone przez EBC pod wzgl\u0119dem \u017cywotno\u015bci i powstawania py\u0142u hamulcowego.<br \/>\nDobra odporno\u015b\u0107 na ciep\u0142o i minimalne zu\u017cycie tarczy hamulcowej to kolejne powody wielkiego sukcesu tego klocka hamulcowego EBC.<br \/>\nWszystkie klocki hamulcowe Blackstuff Ultimax posiadaj\u0105 homologacj\u0119 ECE R90.<\/p>\n<p>&nbsp;<\/p>\n<p>Cechy:<\/p>\n<p>- Zoptymalizowany zamienny klocek hamulcowy o wsp\u00f3\u0142czynniku tarcia 0,41<br \/>\n- Dwucz\u0119\u015bciowa ok\u0142adzina cierna zapobiegaj\u0105ca p\u0119kni\u0119ciom termicznym<br \/>\n- Fazowane naro\u017cniki chroni\u0105ce przed ha\u0142asem podczas hamowania<br \/>\n- Unikalna pow\u0142oka Brake-In\u2122 zapewniaj\u0105ca optymalne hamowanie<br \/>\n- Bardzo delikatny dla tarcz hamulcowych<br \/>\n- Z odporn\u0105, wypalan\u0105 pow\u0142ok\u0105 o wysokim po\u0142ysku<br \/>\n- Temperatura pracy do 400\u00b0C<\/p>\n<div id=\"attachment_68255951\" style=\"width: 460px\" class=\"wp-caption alignnone\"><a href=\"https:\/\/kraftwerk-shop.cc\/wp-content\/uploads\/2021\/09\/EBC_Blackstuff_Info.jpg\"><img decoding=\"async\" aria-describedby=\"caption-attachment-68255951\" class=\"wp-image-68255951\" src=\"https:\/\/kraftwerk-shop.cc\/wp-content\/uploads\/2021\/09\/EBC_Blackstuff_Info-300x229.jpg\" alt=\"Cechy klock\u00f3w hamulcowych EBC Blackstuff do samochod\u00f3w Chrysler, Dodge i Jeep\" width=\"450\" height=\"343\" \/><\/a><p id=\"caption-attachment-68255951\" class=\"wp-caption-text\">Charakterystyka klock\u00f3w hamulcowych EBC Blackstuff<\/p><\/div>\n<p>&nbsp;<\/p>\n<p>Numer OE (tylko do cel\u00f3w por\u00f3wnawczych): 5080868AA, 5080868AB, 5080868AC, 05080868AA, 05080868AB, 05080868AC<br \/>\nZatwierdzenie: REG90<\/p>\n<p>Miejsce instalacji: O\u015b przednia<\/p>\n<p>&nbsp;<\/p>\n<p><strong>Odpowiedni dla:<\/strong><\/p>\n<table width=\"0\">\n<tbody>\n<tr>\n<td width=\"64\">Jeep<\/td>\n<td width=\"117\">Commander<\/td>\n<td width=\"147\">3.0 CRD, 3.7, 4.7, 5.7<\/td>\n<td width=\"208\">2005\u20132010<\/td>\n<\/tr>\n<tr>\n<td width=\"64\">Jeep<\/td>\n<td width=\"117\">Grand Cherokee<\/td>\n<td width=\"147\">3.0 CRD, 3.7, 4.7, 5.7<\/td>\n<td width=\"208\">2005\u20132010<\/td>\n<\/tr>\n<\/tbody>\n<\/table>\n<p>&nbsp;<\/p>\n<p><strong>Zakres dostawy: <\/strong><\/p>\n<p>- 1 zestaw klock\u00f3w hamulcowych (DP1732) dla przedniej osi<\/p>","protected":false},"excerpt":{"rendered":"<p>2005\u20132010<\/p>","protected":false},"featured_media":68274286,"comment_status":"open","ping_status":"closed","template":"","meta":{"_acf_changed":false},"product_brand":[16875],"product_cat":[5185,17936,17946],"product_tag":[3174,3175,3176,572,2136,91,3171,3172,3173,1046,969,590,795,840,94,3168,964,2442,16877,16876,16878,56,126,50,4425,36,2138,970,2139,842,841,673,2135,2137],"class_list":{"0":"post-68260166","1":"product","2":"type-product","3":"status-publish","4":"has-post-thumbnail","6":"product_brand-ebc-brakes","7":"product_cat-commander-bremsen-vorne","8":"product_cat-grand-cherokee-30-diesel-bremsbelaege-vorne","9":"product_cat-grand-cherokee-57-2005-2010-bremsbelaege-vorne","10":"product_tag-05080868aa","11":"product_tag-05080868ab","12":"product_tag-05080868ac","13":"product_tag-3-0-crd","14":"product_tag-3-0-multijet","15":"product_tag-5-7","16":"product_tag-5080868aa","17":"product_tag-5080868ab","18":"product_tag-5080868ac","19":"product_tag-abe","20":"product_tag-blackstuff","21":"product_tag-bremsbelaege","22":"product_tag-bremse","23":"product_tag-bremskloetze","24":"product_tag-commander","25":"product_tag-dp1732","26":"product_tag-ebc","27":"product_tag-ebc-brakes","28":"product_tag-ebc-bremsbelaege","29":"product_tag-ebc-bremsen","30":"product_tag-ebc-bremsscheiben","31":"product_tag-grand-cherokee","32":"product_tag-hemi","33":"product_tag-jeep","34":"product_tag-jeep-grand-cherokee","35":"product_tag-kraftwerk","36":"product_tag-reg90","37":"product_tag-sportbremsbelaege","38":"product_tag-tuev","39":"product_tag-vorderachse","40":"product_tag-vorne","41":"product_tag-zubehoer","42":"product_tag-zubehoerbremsbelaege","43":"product_tag-zulassung","45":"first","46":"onbackorder","47":"taxable","48":"shipping-taxable","49":"purchasable","50":"product-type-simple"},"bundled_by":[],"bundle_stock_status":"onbackorder","bundle_stock_quantity":0,"bundle_virtual":false,"bundle_layout":"","bundle_add_to_cart_form_location":"","bundle_editable_in_cart":false,"bundle_sold_individually_context":"","bundle_item_grouping":"","bundle_min_size":"","bundle_max_size":"","bundle_price":[],"bundled_items":[],"bundle_sell_ids":[],"exclude_global_add_ons":[],"addons":[],"acf":[],"_links":{"self":[{"href":"https:\/\/kraftwerk-shop.cc\/pl\/wp-json\/wp\/v2\/product\/68260166","targetHints":{"allow":["GET"]}}],"collection":[{"href":"https:\/\/kraftwerk-shop.cc\/pl\/wp-json\/wp\/v2\/product"}],"about":[{"href":"https:\/\/kraftwerk-shop.cc\/pl\/wp-json\/wp\/v2\/types\/product"}],"replies":[{"embeddable":true,"href":"https:\/\/kraftwerk-shop.cc\/pl\/wp-json\/wp\/v2\/comments?post=68260166"}],"version-history":[{"count":0,"href":"https:\/\/kraftwerk-shop.cc\/pl\/wp-json\/wp\/v2\/product\/68260166\/revisions"}],"wp:featuredmedia":[{"embeddable":true,"href":"https:\/\/kraftwerk-shop.cc\/pl\/wp-json\/wp\/v2\/media\/68274286"}],"wp:attachment":[{"href":"https:\/\/kraftwerk-shop.cc\/pl\/wp-json\/wp\/v2\/media?parent=68260166"}],"wp:term":[{"taxonomy":"product_brand","embeddable":true,"href":"https:\/\/kraftwerk-shop.cc\/pl\/wp-json\/wp\/v2\/product_brand?post=68260166"},{"taxonomy":"product_cat","embeddable":true,"href":"https:\/\/kraftwerk-shop.cc\/pl\/wp-json\/wp\/v2\/product_cat?post=68260166"},{"taxonomy":"product_tag","embeddable":true,"href":"https:\/\/kraftwerk-shop.cc\/pl\/wp-json\/wp\/v2\/product_tag?post=68260166"}],"curies":[{"name":"wp","href":"https:\/\/api.w.org\/{rel}","templated":true}]}}