{"id":68260170,"date":"2022-01-06T13:10:25","date_gmt":"2022-01-06T12:10:25","guid":{"rendered":"https:\/\/kraftwerk-shop.cc\/?post_type=product&#038;p=68260170"},"modified":"2026-02-15T00:03:35","modified_gmt":"2026-02-14T23:03:35","slug":"klocki-hamulcowe-ebc-yellowstuff-dp41732r","status":"publish","type":"product","link":"https:\/\/kraftwerk-shop.cc\/pl\/produkt\/ebc-yellowstuff-bremsbelaege-dp41732r\/","title":{"rendered":"Klocki hamulcowe EBC Yellowstuff DP41732R"},"content":{"rendered":"<h1>Klocki hamulcowe EBC Yellowstuff do Jeep Commander i Jeep Grand Cherokee 3.0 CRD, 3.7, 4.7 i 5.7 Hemi od 2005 do 2010 (przednia o\u015b)<\/h1>\n<p>&nbsp;<\/p>\n<p>Yellowstuff to 3 kategoria sportowych klock\u00f3w hamulcowych EBC.<\/p>\n<p>Ta mieszanka klock\u00f3w hamulcowych oparta jest na w\u0142\u00f3knach aramidowych.<br \/>\nOgromny zakres roboczy (do 900\u00b0C) umo\u017cliwia u\u017cytkowanie zar\u00f3wno w ruchu drogowym, jak i na torze wy\u015bcigowym.<br \/>\nDzi\u0119ki swoim w\u0142a\u015bciwo\u015bciom nawierzchnia ta jest r\u00f3wnie\u017c idealna dla bardzo ci\u0119\u017ckich pojazd\u00f3w lub pojazd\u00f3w, kt\u00f3re s\u0105 nap\u0119dzane dodatkowymi \u0142adunkami (np. przyczepy).<\/p>\n<p>Ten klocek hamulcowy zapewnia doskona\u0142e warto\u015bci op\u00f3\u017anienia, nawet gdy hamulce s\u0105 zimne.<br \/>\nJednak wraz ze wzrostem temperatury \"ugryzienie\" tego sportowego klocka hamulcowego staje si\u0119 znacznie bardziej agresywne, co prowadzi do jeszcze lepszych warto\u015bci hamowania.<br \/>\nDzi\u0119ki \"mi\u0119kkiej\" mieszance klock\u00f3w, sportowe klocki hamulcowe Yellowstuff mog\u0105 by\u0107 szybko docierane i s\u0105 wyj\u0105tkowo delikatne dla tarcz hamulcowych.<\/p>\n<p>Pomimo d\u0142ugiej \u017cywotno\u015bci ten sportowy klocek hamulcowy powoduje wysoki poziom py\u0142u hamulcowego, ale podobnie jak w przypadku wszystkich klock\u00f3w hamulcowych EBC, nie powstaje agresywny py\u0142 hamulcowy.<\/p>\n<p>Podobnie jak wszystkie klocki hamulcowe EBC w sektorze motoryzacyjnym, wszystkie sportowe klocki hamulcowe EBC Greenstuff maj\u0105 pow\u0142ok\u0119 docieraj\u0105c\u0105, \u0142amane kraw\u0119dzie, rowek termiczny i pow\u0142ok\u0119 proszkow\u0105.<\/p>\n<p>&nbsp;<\/p>\n<div id=\"attachment_68256022\" style=\"width: 460px\" class=\"wp-caption alignnone\"><img decoding=\"async\" aria-describedby=\"caption-attachment-68256022\" class=\"wp-image-68256022\" src=\"https:\/\/kraftwerk-shop.cc\/wp-content\/uploads\/2021\/09\/EBC_Yellowstuff_Info-300x229.jpg\" alt=\"EBC Yellowstuff Chrysler, Dodge, Jeep\" width=\"450\" height=\"343\" \/><p id=\"caption-attachment-68256022\" class=\"wp-caption-text\">Charakterystyka klock\u00f3w hamulcowych EBC Yellowstuff<\/p><\/div>\n<p>&nbsp;<\/p>\n<p>Numer OE (tylko do cel\u00f3w por\u00f3wnawczych): 5080868AA, 5080868AB, 5080868AC, 05080868AA, 05080868AB, 05080868AC<br \/>\nZatwierdzenie: REG90<\/p>\n<p>Miejsce instalacji: O\u015b przednia<\/p>\n<p>&nbsp;<\/p>\n<p><strong>Odpowiedni dla:<\/strong><\/p>\n<table width=\"0\">\n<tbody>\n<tr>\n<td width=\"64\">Jeep<\/td>\n<td width=\"117\">Commander<\/td>\n<td width=\"147\">3.0 CRD, 3.7, 4.7, 5.7<\/td>\n<td width=\"208\">2005\u20132010<\/td>\n<\/tr>\n<tr>\n<td width=\"64\">Jeep<\/td>\n<td width=\"117\">Grand Cherokee<\/td>\n<td width=\"147\">3.0 CRD, 3.7, 4.7, 5.7<\/td>\n<td width=\"208\">2005\u20132010<\/td>\n<\/tr>\n<\/tbody>\n<\/table>\n<p>&nbsp;<\/p>\n<p><strong>Zakres dostawy: <\/strong><\/p>\n<p>- 1 zestaw klock\u00f3w hamulcowych EBC Yellowstuff (DP41732R) na przedni\u0105 o\u015b<\/p>\n<p>&nbsp;<\/p>","protected":false},"excerpt":{"rendered":"<p>2005\u20132010<\/p>","protected":false},"featured_media":68274399,"comment_status":"open","ping_status":"closed","template":"","meta":{"_acf_changed":false},"product_brand":[16875],"product_cat":[5185,17936,17946],"product_tag":[3174,3175,3176,572,91,3171,3172,3173,1046,590,795,840,94,3170,964,2442,16877,16876,16878,56,126,50,4425,36,2138,970,2139,842,841,974,673,2135,2137],"class_list":{"0":"post-68260170","1":"product","2":"type-product","3":"status-publish","4":"has-post-thumbnail","6":"product_brand-ebc-brakes","7":"product_cat-commander-bremsen-vorne","8":"product_cat-grand-cherokee-30-diesel-bremsbelaege-vorne","9":"product_cat-grand-cherokee-57-2005-2010-bremsbelaege-vorne","10":"product_tag-05080868aa","11":"product_tag-05080868ab","12":"product_tag-05080868ac","13":"product_tag-3-0-crd","14":"product_tag-5-7","15":"product_tag-5080868aa","16":"product_tag-5080868ab","17":"product_tag-5080868ac","18":"product_tag-abe","19":"product_tag-bremsbelaege","20":"product_tag-bremse","21":"product_tag-bremskloetze","22":"product_tag-commander","23":"product_tag-dp41732r","24":"product_tag-ebc","25":"product_tag-ebc-brakes","26":"product_tag-ebc-bremsbelaege","27":"product_tag-ebc-bremsen","28":"product_tag-ebc-bremsscheiben","29":"product_tag-grand-cherokee","30":"product_tag-hemi","31":"product_tag-jeep","32":"product_tag-jeep-grand-cherokee","33":"product_tag-kraftwerk","34":"product_tag-reg90","35":"product_tag-sportbremsbelaege","36":"product_tag-tuev","37":"product_tag-vorderachse","38":"product_tag-vorne","39":"product_tag-yellowstuff","40":"product_tag-zubehoer","41":"product_tag-zubehoerbremsbelaege","42":"product_tag-zulassung","43":"product_shipping_class-deutschlandohne","45":"first","46":"onbackorder","47":"taxable","48":"shipping-taxable","49":"purchasable","50":"product-type-simple"},"bundled_by":[],"bundle_stock_status":"onbackorder","bundle_stock_quantity":0,"bundle_virtual":false,"bundle_layout":"","bundle_add_to_cart_form_location":"","bundle_editable_in_cart":false,"bundle_sold_individually_context":"","bundle_item_grouping":"","bundle_min_size":"","bundle_max_size":"","bundle_price":[],"bundled_items":[],"bundle_sell_ids":[],"exclude_global_add_ons":[],"addons":[],"acf":[],"_links":{"self":[{"href":"https:\/\/kraftwerk-shop.cc\/pl\/wp-json\/wp\/v2\/product\/68260170","targetHints":{"allow":["GET"]}}],"collection":[{"href":"https:\/\/kraftwerk-shop.cc\/pl\/wp-json\/wp\/v2\/product"}],"about":[{"href":"https:\/\/kraftwerk-shop.cc\/pl\/wp-json\/wp\/v2\/types\/product"}],"replies":[{"embeddable":true,"href":"https:\/\/kraftwerk-shop.cc\/pl\/wp-json\/wp\/v2\/comments?post=68260170"}],"version-history":[{"count":0,"href":"https:\/\/kraftwerk-shop.cc\/pl\/wp-json\/wp\/v2\/product\/68260170\/revisions"}],"wp:featuredmedia":[{"embeddable":true,"href":"https:\/\/kraftwerk-shop.cc\/pl\/wp-json\/wp\/v2\/media\/68274399"}],"wp:attachment":[{"href":"https:\/\/kraftwerk-shop.cc\/pl\/wp-json\/wp\/v2\/media?parent=68260170"}],"wp:term":[{"taxonomy":"product_brand","embeddable":true,"href":"https:\/\/kraftwerk-shop.cc\/pl\/wp-json\/wp\/v2\/product_brand?post=68260170"},{"taxonomy":"product_cat","embeddable":true,"href":"https:\/\/kraftwerk-shop.cc\/pl\/wp-json\/wp\/v2\/product_cat?post=68260170"},{"taxonomy":"product_tag","embeddable":true,"href":"https:\/\/kraftwerk-shop.cc\/pl\/wp-json\/wp\/v2\/product_tag?post=68260170"}],"curies":[{"name":"wp","href":"https:\/\/api.w.org\/{rel}","templated":true}]}}