{"id":68260263,"date":"2022-01-07T11:56:29","date_gmt":"2022-01-07T10:56:29","guid":{"rendered":"https:\/\/kraftwerk-shop.cc\/?post_type=product&#038;p=68260263"},"modified":"2026-04-17T00:42:23","modified_gmt":"2026-04-16T22:42:23","slug":"sportowe-tarcze-hamulcowe-ebc-usr7443","status":"publish","type":"product","link":"https:\/\/kraftwerk-shop.cc\/pl\/produkt\/ebc-slotted-disc-sportbremsscheiben-usr7443\/","title":{"rendered":"Szczelinowe sportowe tarcze hamulcowe EBC USR7443"},"content":{"rendered":"<h1>Tarcze hamulcowe EBC Slotted Disc do Dodge Journey 2.0 CRD, 2.4, 2.7 i 3.5 (tylna o\u015b)<\/h1>\n<p>&nbsp;<\/p>\n<p>Powierzchnia cierna tarczy hamulcowej ze szczelinami jest rowkowana.<\/p>\n<p>Dodatkowy rowek zosta\u0142 pomini\u0119ty, aby m\u00f3c zaoferowa\u0107 sportow\u0105 tarcz\u0119 hamulcow\u0105 o cichej charakterystyce pracy.<\/p>\n<p>Frezowane szczeliny zapewniaj\u0105, \u017ce gazy hamulcowe, \u015bcieranie, brud i woda mog\u0105 by\u0107 prawie ca\u0142kowicie usuni\u0119te z powierzchni ciernej tarcz hamulcowych.<\/p>\n<p>Szczeliny zapewniaj\u0105 r\u00f3wnie\u017c r\u00f3wnomierne i r\u00f3wnoleg\u0142e zu\u017cycie klock\u00f3w hamulcowych przez ca\u0142y okres ich eksploatacji.<\/p>\n<p>&nbsp;<\/p>\n<p><strong>Zalety i wady w skr\u00f3cie:<br \/>\n<\/strong><br \/>\n+ Bardzo dobre ch\u0142odzenie dzi\u0119ki frezowanym szczelinom<br \/>\n+ Bardzo dobre usuwanie gaz\u00f3w, brudu, wody itp.<br \/>\n+ Najlepsza mo\u017cliwa ochrona przed korozj\u0105 dzi\u0119ki pow\u0142oce proszkowej<br \/>\n+ Brak ryzyka p\u0119kni\u0119\u0107 termicznych, poniewa\u017c nie s\u0105 nawiercane<br \/>\n+ R\u00f3wnomierne zu\u017cycie klock\u00f3w hamulcowych przez ca\u0142y okres eksploatacji<br \/>\n+ Ni\u017cszy poziom ha\u0142asu<\/p>\n<p>- Mniejsze ch\u0142odzenie ni\u017c w przypadku tarczy Turbo Groove Disc, poniewa\u017c nie jest ona rowkowana<\/p>\n<p>&nbsp;<\/p>\n<p><strong>Cechy produktu:<\/strong><\/p>\n<p><span class=\"text1\">305x12mm \/ wysoko\u015b\u0107: 33mm \/ liczba otwor\u00f3w: 5 \/ okr\u0105g \u015bruby: 127mm \/ niewentylowany \/ zamontowany: ty\u0142<\/span><strong><br \/>\n<\/strong>Autoryzacja: dost\u0119pna<\/p>\n<p>Numer OE (tylko do cel\u00f3w por\u00f3wnawczych): CHRYSLER 04721677AA , CHRYSLER 04721996AA , CHRYSLER 4721677AA , CHRYSLER 4721996AA , DODGE 04721996AA , DODGE 04721677AA , DODGE 4721677AA , DODGE 4721996AA , FIAT K04721996AB , FIAT 04721996AA , LANCIA K04721996AB , VW 7B0615601A<\/p>\n<p>&nbsp;<\/p>\n<p><strong>Odpowiedni dla:<br \/>\n<\/strong><\/p>\n<table width=\"558\">\n<tbody>\n<tr>\n<td width=\"64\">Dodge<\/td>\n<td width=\"167\">Journey<\/td>\n<td width=\"140\">2.0 CRD<\/td>\n<td width=\"177\">2008 -<\/td>\n<\/tr>\n<tr>\n<td width=\"64\">Dodge<\/td>\n<td width=\"167\">Journey<\/td>\n<td width=\"140\">2.4 16V<\/td>\n<td width=\"177\">2008 -<\/td>\n<\/tr>\n<tr>\n<td width=\"64\">Dodge<\/td>\n<td width=\"167\">Journey<\/td>\n<td width=\"140\">2.7 V6<\/td>\n<td width=\"177\">2008 -<\/td>\n<\/tr>\n<tr>\n<td width=\"64\">Dodge<\/td>\n<td width=\"167\">Journey<\/td>\n<td width=\"140\">3.5 V6<\/td>\n<td width=\"177\">2008 -<\/td>\n<\/tr>\n<\/tbody>\n<\/table>\n<p><strong>\u00a0<\/strong><strong>\u00a0<\/strong><\/p>\n<p><strong>Zakres dostawy: <\/strong><\/p>\n<p>- 2 tarcze hamulcowe EBC Slotted Disc (USR7443) na tyln\u0105 o\u015b<\/p>","protected":false},"excerpt":{"rendered":"<p>EBC Slotted Disc Bremsscheiben f\u00fcr Dodge Journey 2.0 CRD, 2.4, 2.7 und 3.5 (Hinterachse) &nbsp; Die Reibfl\u00e4che der Slotted Disc<\/p>","protected":false},"featured_media":68359345,"comment_status":"open","ping_status":"closed","template":"","meta":{"_acf_changed":false},"product_brand":[16875],"product_cat":[3157],"product_tag":[3161,3160,1105,87,88,3162,3163,3165,2125,795,796,90,49,964,2442,16877,16876,16878,692,942,2111,941,2934,798,799,678,3164,36,21217,797,216,3183,673],"class_list":{"0":"post-68260263","1":"product","2":"type-product","3":"status-publish","4":"has-post-thumbnail","6":"product_brand-ebc-brakes","7":"product_cat-dodge-journey-bremsen-hinten","8":"product_tag-04721677aa","9":"product_tag-04721996aa","10":"product_tag-2-4","11":"product_tag-2-7","12":"product_tag-3-5","13":"product_tag-4721677aa","14":"product_tag-4721996aa","15":"product_tag-7b0615601a","16":"product_tag-black-dash","17":"product_tag-bremse","18":"product_tag-bremsscheibe","19":"product_tag-crd","20":"product_tag-dodge","21":"product_tag-ebc","22":"product_tag-ebc-brakes","23":"product_tag-ebc-bremsbelaege","24":"product_tag-ebc-bremsen","25":"product_tag-ebc-bremsscheiben","26":"product_tag-ersatzteil","27":"product_tag-gelocht","28":"product_tag-genutet","29":"product_tag-geschlitzt","30":"product_tag-harder","31":"product_tag-hinten","32":"product_tag-hinterachse","33":"product_tag-journey","34":"product_tag-k04721996ab","35":"product_tag-kraftwerk","36":"product_tag-slotted-disc","37":"product_tag-sportbremsscheibe","38":"product_tag-upgrade","39":"product_tag-usr7443","40":"product_tag-zubehoer","41":"product_shipping_class-deutschlandohne","43":"first","44":"onbackorder","45":"taxable","46":"shipping-taxable","47":"purchasable","48":"product-type-simple"},"bundled_by":[],"bundle_stock_status":"onbackorder","bundle_stock_quantity":0,"bundle_virtual":false,"bundle_layout":"","bundle_add_to_cart_form_location":"","bundle_editable_in_cart":false,"bundle_sold_individually_context":"","bundle_item_grouping":"","bundle_min_size":"","bundle_max_size":"","bundle_price":[],"bundled_items":[],"bundle_sell_ids":[],"exclude_global_add_ons":[],"addons":[],"acf":[],"_links":{"self":[{"href":"https:\/\/kraftwerk-shop.cc\/pl\/wp-json\/wp\/v2\/product\/68260263","targetHints":{"allow":["GET"]}}],"collection":[{"href":"https:\/\/kraftwerk-shop.cc\/pl\/wp-json\/wp\/v2\/product"}],"about":[{"href":"https:\/\/kraftwerk-shop.cc\/pl\/wp-json\/wp\/v2\/types\/product"}],"replies":[{"embeddable":true,"href":"https:\/\/kraftwerk-shop.cc\/pl\/wp-json\/wp\/v2\/comments?post=68260263"}],"version-history":[{"count":0,"href":"https:\/\/kraftwerk-shop.cc\/pl\/wp-json\/wp\/v2\/product\/68260263\/revisions"}],"wp:featuredmedia":[{"embeddable":true,"href":"https:\/\/kraftwerk-shop.cc\/pl\/wp-json\/wp\/v2\/media\/68359345"}],"wp:attachment":[{"href":"https:\/\/kraftwerk-shop.cc\/pl\/wp-json\/wp\/v2\/media?parent=68260263"}],"wp:term":[{"taxonomy":"product_brand","embeddable":true,"href":"https:\/\/kraftwerk-shop.cc\/pl\/wp-json\/wp\/v2\/product_brand?post=68260263"},{"taxonomy":"product_cat","embeddable":true,"href":"https:\/\/kraftwerk-shop.cc\/pl\/wp-json\/wp\/v2\/product_cat?post=68260263"},{"taxonomy":"product_tag","embeddable":true,"href":"https:\/\/kraftwerk-shop.cc\/pl\/wp-json\/wp\/v2\/product_tag?post=68260263"}],"curies":[{"name":"wp","href":"https:\/\/api.w.org\/{rel}","templated":true}]}}