{"id":68260285,"date":"2022-01-07T14:30:12","date_gmt":"2022-01-07T13:30:12","guid":{"rendered":"https:\/\/kraftwerk-shop.cc\/?post_type=product&#038;p=68260285"},"modified":"2026-02-15T00:55:07","modified_gmt":"2026-02-14T23:55:07","slug":"tarcze-hamulcowe-ebc-premium-d7286","status":"publish","type":"product","link":"https:\/\/kraftwerk-shop.cc\/pl\/produkt\/ebc-premium-bremsscheiben-d7286\/","title":{"rendered":"Tarcze hamulcowe EBC Premium D7286"},"content":{"rendered":"<h1>Tarcze hamulcowe EBC Premium do Jeep Commander i Jeep Grand Cherokee 3.0 CRD, 3.7, 4.7 i 5.7 Hemi od 2005 do 2010 (tylna o\u015b)<\/h1>\n<p>&nbsp;<\/p>\n<p>EBC oferuje najwy\u017cszej jako\u015bci tarcze hamulcowe jako cz\u0119\u015bci zamienne OE. EBC przywi\u0105zuje r\u00f3wnie\u017c du\u017c\u0105 wag\u0119 do wytwarzania wysokiej jako\u015bci produkt\u00f3w w sektorze cz\u0119\u015bci zamiennych OE, aby zagwarantowa\u0107 bezpiecze\u0144stwo u\u017cytkownika.<\/p>\n<p>Wszystkie tarcze hamulcowe EBC Premium s\u0105 wykonane z \u017celiwa szarego i maj\u0105 wytrzyma\u0142o\u015b\u0107 na rozci\u0105ganie 150N\/m2 z odchyleniem twardo\u015bci powierzchni maks. 20HB.<\/p>\n<p>Tarcze hamulcowe EBC Premium s\u0105 frezowane CNC z tolerancj\u0105 powierzchni 0,01 mm.<\/p>\n<p>Nie jest to zatem tani produkt importowany, ale wysokiej jako\u015bci cz\u0119\u015b\u0107 zamienna OE, kt\u00f3ra w \u017caden spos\u00f3b nie ust\u0119puje jako\u015bci\u0105 oryginalnym tarczom hamulcowym.<\/p>\n<p>Czarna pow\u0142oka proszkowa tarcz hamulcowych zapewnia najlepsz\u0105 mo\u017cliw\u0105 ochron\u0119 przed korozj\u0105 i jest szczeg\u00f3lnie odpowiednia dla pojazd\u00f3w z otwart\u0105 konstrukcj\u0105 obr\u0119czy.<\/p>\n<p>&nbsp;<\/p>\n<p><strong>Cechy produktu:<\/strong><\/p>\n<p><span class=\"text1\">320x14mm \/ wysoko\u015b\u0107: 66mm \/ liczba otwor\u00f3w: 5 \/ okr\u0105g \u015bruby: 126.8mm \/ niewentylowany \/ zamontowany: ty\u0142<\/span><strong><br \/>\n<\/strong>Zatwierdzenie: bez rejestracji<\/p>\n<p>Numer OE (tylko do cel\u00f3w por\u00f3wnawczych):  52089275AA, 52089275AB<\/p>\n<p>&nbsp;<\/p>\n<p>&nbsp;<\/p>\n<p><strong>Odpowiedni dla:<\/strong><\/p>\n<table width=\"0\">\n<tbody>\n<tr>\n<td width=\"64\">Jeep<\/td>\n<td width=\"117\">Commander<\/td>\n<td width=\"147\">3.0 CRD, 3.7, 4.7, 5.7<\/td>\n<td width=\"208\">2005\u20132010<\/td>\n<\/tr>\n<tr>\n<td width=\"64\">Jeep<\/td>\n<td width=\"117\">Grand Cherokee<\/td>\n<td width=\"147\">3.0 CRD, 3.7, 4.7, 5.7<\/td>\n<td width=\"208\">2005\u20132010<\/td>\n<\/tr>\n<\/tbody>\n<\/table>\n<p>&nbsp;<\/p>\n<p><strong>Zakres dostawy: <\/strong><\/p>\n<p>- 2 tarcze hamulcowe EBC Premium (D7286) na tyln\u0105 o\u015b<\/p>","protected":false},"excerpt":{"rendered":"<p>2005\u20132010<\/p>","protected":false},"featured_media":68274196,"comment_status":"open","ping_status":"closed","template":"","meta":{"_acf_changed":false},"product_brand":[16875],"product_cat":[5186,17939,17949],"product_tag":[18245,18246,572,91,3202,3203,795,796,94,90,3204,964,2442,16877,16876,16878,692,56,126,798,799,50,4425,36,794,797,216,673],"class_list":{"0":"post-68260285","1":"product","2":"type-product","3":"status-publish","4":"has-post-thumbnail","6":"product_brand-ebc-brakes","7":"product_cat-commander-bremsen-hinten","8":"product_cat-grand-cherokee-30-diesel-bremsscheiben-hinten","9":"product_cat-grand-cherokee-57-2005-2010-bremsscheiben-hinten","10":"product_tag-052089275aa","11":"product_tag-052089275ab","12":"product_tag-3-0-crd","13":"product_tag-5-7","14":"product_tag-52089275aa","15":"product_tag-52089275ab","16":"product_tag-bremse","17":"product_tag-bremsscheibe","18":"product_tag-commander","19":"product_tag-crd","20":"product_tag-d7286","21":"product_tag-ebc","22":"product_tag-ebc-brakes","23":"product_tag-ebc-bremsbelaege","24":"product_tag-ebc-bremsen","25":"product_tag-ebc-bremsscheiben","26":"product_tag-ersatzteil","27":"product_tag-grand-cherokee","28":"product_tag-hemi","29":"product_tag-hinten","30":"product_tag-hinterachse","31":"product_tag-jeep","32":"product_tag-jeep-grand-cherokee","33":"product_tag-kraftwerk","34":"product_tag-premium","35":"product_tag-sportbremsscheibe","36":"product_tag-upgrade","37":"product_tag-zubehoer","39":"first","40":"onbackorder","41":"taxable","42":"shipping-taxable","43":"purchasable","44":"product-type-simple"},"bundled_by":[],"bundle_stock_status":"onbackorder","bundle_stock_quantity":0,"bundle_virtual":false,"bundle_layout":"","bundle_add_to_cart_form_location":"","bundle_editable_in_cart":false,"bundle_sold_individually_context":"","bundle_item_grouping":"","bundle_min_size":"","bundle_max_size":"","bundle_price":[],"bundled_items":[],"bundle_sell_ids":[],"exclude_global_add_ons":[],"addons":[],"acf":[],"_links":{"self":[{"href":"https:\/\/kraftwerk-shop.cc\/pl\/wp-json\/wp\/v2\/product\/68260285","targetHints":{"allow":["GET"]}}],"collection":[{"href":"https:\/\/kraftwerk-shop.cc\/pl\/wp-json\/wp\/v2\/product"}],"about":[{"href":"https:\/\/kraftwerk-shop.cc\/pl\/wp-json\/wp\/v2\/types\/product"}],"replies":[{"embeddable":true,"href":"https:\/\/kraftwerk-shop.cc\/pl\/wp-json\/wp\/v2\/comments?post=68260285"}],"version-history":[{"count":0,"href":"https:\/\/kraftwerk-shop.cc\/pl\/wp-json\/wp\/v2\/product\/68260285\/revisions"}],"wp:featuredmedia":[{"embeddable":true,"href":"https:\/\/kraftwerk-shop.cc\/pl\/wp-json\/wp\/v2\/media\/68274196"}],"wp:attachment":[{"href":"https:\/\/kraftwerk-shop.cc\/pl\/wp-json\/wp\/v2\/media?parent=68260285"}],"wp:term":[{"taxonomy":"product_brand","embeddable":true,"href":"https:\/\/kraftwerk-shop.cc\/pl\/wp-json\/wp\/v2\/product_brand?post=68260285"},{"taxonomy":"product_cat","embeddable":true,"href":"https:\/\/kraftwerk-shop.cc\/pl\/wp-json\/wp\/v2\/product_cat?post=68260285"},{"taxonomy":"product_tag","embeddable":true,"href":"https:\/\/kraftwerk-shop.cc\/pl\/wp-json\/wp\/v2\/product_tag?post=68260285"}],"curies":[{"name":"wp","href":"https:\/\/api.w.org\/{rel}","templated":true}]}}