{"id":68260372,"date":"2022-01-12T13:01:02","date_gmt":"2022-01-12T12:01:02","guid":{"rendered":"https:\/\/kraftwerk-shop.cc\/?post_type=product&#038;p=68260372"},"modified":"2026-02-15T00:46:21","modified_gmt":"2026-02-14T23:46:21","slug":"magnaflow-16642-chrysler-charger-magnum","status":"publish","type":"product","link":"https:\/\/kraftwerk-shop.cc\/pl\/produkt\/magnaflow-16642-chrysler-charger-magnum\/","title":{"rendered":"Uk\u0142ad wydechowy MagnaFlow Street Series Chrysler 300C SRT \/ Charger SRT \/ Magnum SRT"},"content":{"rendered":"<h1>Uk\u0142ad wydechowy MagnaFlow Street Series dla Chrysler 300C SRT \/ Charger SRT \/ Magnum SRT<\/h1>\n<p>&nbsp;<\/p>\n<p>Zaanga\u017cowanie MagnaFlow w projektowanie i produkcj\u0119 najlepszych sportowych uk\u0142ad\u00f3w wydechowych zapewnia doskona\u0142y d\u017awi\u0119k i wra\u017cenia z jazdy. Wykonane z wysokiej jako\u015bci materia\u0142\u00f3w, zaprojektowane z my\u015bl\u0105 o optymalnym dopasowaniu i wydajno\u015bci.<\/p>\n<p>Uk\u0142ad wydechowy Street Series ze stali nierdzewnej zapewnia potwierdzony na hamowni wzrost osi\u0105g\u00f3w przy przyjemnym d\u017awi\u0119ku we wn\u0119trzu i pot\u0119\u017cnym d\u017awi\u0119ku na zewn\u0105trz.<\/p>\n<p><img decoding=\"async\" class=\"alignnone size-medium wp-image-68260374\" src=\"https:\/\/kraftwerk-shop.cc\/wp-content\/uploads\/2022\/01\/16642_MagnaFlow_Sound-300x130.jpg\" alt=\"16642 MagnaFlow Sound\" width=\"300\" height=\"130\" \/><\/p>\n<p>&nbsp;<\/p>\n<p>MagnaFlow Street series 16642 pasuje do nast\u0119puj\u0105cych modeli:<\/p>\n<table width=\"74%\">\n<tbody>\n<tr>\n<td width=\"32%\">2010<\/td>\n<td width=\"32%\">Chrysler 300C SRT<\/td>\n<td width=\"32%\">V8 6.1L<\/td>\n<\/tr>\n<tr>\n<td width=\"32%\">2009<\/td>\n<td width=\"32%\">Chrysler 300C SRT<\/td>\n<td width=\"32%\">V8 6.1L<\/td>\n<\/tr>\n<tr>\n<td width=\"32%\">2008<\/td>\n<td width=\"32%\">Chrysler 300C SRT<\/td>\n<td width=\"32%\">V8 6.1L<\/td>\n<\/tr>\n<tr>\n<td width=\"32%\">2007<\/td>\n<td width=\"32%\">Chrysler 300C SRT<\/td>\n<td width=\"32%\">V8 6.1L<\/td>\n<\/tr>\n<tr>\n<td width=\"32%\">2006<\/td>\n<td width=\"32%\">Chrysler 300C SRT<\/td>\n<td width=\"32%\">V8 6.1L<\/td>\n<\/tr>\n<tr>\n<td width=\"32%\">2005<\/td>\n<td width=\"32%\">Chrysler 300C SRT<\/td>\n<td width=\"32%\">V8 6.1L<\/td>\n<\/tr>\n<\/tbody>\n<\/table>\n<p><strong>\u00a0\u00a0\u00a0\u00a0\u00a0\u00a0\u00a0\u00a0\u00a0\u00a0\u00a0\u00a0\u00a0\u00a0\u00a0\u00a0\u00a0\u00a0\u00a0\u00a0\u00a0\u00a0\u00a0\u00a0\u00a0\u00a0\u00a0\u00a0\u00a0\u00a0\u00a0\u00a0\u00a0\u00a0\u00a0\u00a0 <\/strong><\/p>\n<table width=\"58%\">\n<tbody>\n<tr>\n<td width=\"32%\">2010<\/td>\n<td width=\"32%\">\u0141adowarka SRT<\/td>\n<td width=\"32%\">V8 6.1L<\/td>\n<\/tr>\n<tr>\n<td width=\"32%\">2009<\/td>\n<td width=\"32%\">\u0141adowarka SRT<\/td>\n<td width=\"32%\">V8 6.1L<\/td>\n<\/tr>\n<tr>\n<td width=\"32%\">2008<\/td>\n<td width=\"32%\">Magnum SRT<\/td>\n<td width=\"32%\">V8 6.1L<\/td>\n<\/tr>\n<tr>\n<td width=\"32%\">2008<\/td>\n<td width=\"32%\">\u0141adowarka SRT<\/td>\n<td width=\"32%\">V8 6.1L<\/td>\n<\/tr>\n<tr>\n<td width=\"32%\">2007<\/td>\n<td width=\"32%\">Magnum SRT<\/td>\n<td width=\"32%\">V8 6.1L<\/td>\n<\/tr>\n<tr>\n<td width=\"32%\">2007<\/td>\n<td width=\"32%\">\u0141adowarka SRT<\/td>\n<td width=\"32%\">V8 6.1L<\/td>\n<\/tr>\n<tr>\n<td width=\"32%\">2006<\/td>\n<td width=\"32%\">Magnum SRT<\/td>\n<td width=\"32%\">V8 6.1L<\/td>\n<\/tr>\n<tr>\n<td width=\"32%\">2006<\/td>\n<td width=\"32%\">\u0141adowarka SRT<\/td>\n<td width=\"32%\">V8 6.1L<\/td>\n<\/tr>\n<\/tbody>\n<\/table>\n<p>&nbsp;<\/p>","protected":false},"excerpt":{"rendered":"<p>2005\u20132010<\/p>","protected":false},"featured_media":68267047,"comment_status":"open","ping_status":"closed","template":"","meta":{"_acf_changed":false},"product_brand":[18925],"product_cat":[6638,6646,6647,3024],"product_tag":[3223,207,208,209,210,213,214,52,1046,1035,1036,546,1037,1047,2210,53,48,536,49,3854,662,1043,1039,1042,2212,2934,532,529,20273,2211,1040,2208,2062,55,1044,1045,1041,547,1034,1038,96,2215,233,2139,2137],"class_list":{"0":"post-68260372","1":"product","2":"type-product","3":"status-publish","4":"has-post-thumbnail","6":"product_brand-magnaflow","7":"product_cat-300c-61-abgasanlage-catback","8":"product_cat-charger-61-abgasanlage-catback","9":"product_cat-magnum-61-abgasanlage-catback","10":"product_cat-nicht-nach-eu","11":"product_tag-3223","12":"product_tag-207","13":"product_tag-208","14":"product_tag-209","15":"product_tag-210","16":"product_tag-213","17":"product_tag-214","18":"product_tag-300c","19":"product_tag-abe","20":"product_tag-abgasanlage","21":"product_tag-abgassystem","22":"product_tag-auspuff","23":"product_tag-auspuffsystem","24":"product_tag-cat-back","25":"product_tag-catback","26":"product_tag-charger","27":"product_tag-chrysler","28":"product_tag-chrysler-300c","29":"product_tag-dodge","30":"product_tag-dodge-charger","31":"product_tag-edelstahl","32":"product_tag-endrohr","33":"product_tag-endschalldaempfer","34":"product_tag-endtopf","35":"product_tag-gutachten","36":"product_tag-harder","37":"product_tag-kat","38":"product_tag-katalysator","39":"product_tag-keintuev","40":"product_tag-klang","41":"product_tag-laut","42":"product_tag-lauter","43":"product_tag-magnaflow","44":"product_tag-magnum","45":"product_tag-mittelschalldaempfer","46":"product_tag-sound","47":"product_tag-sport","48":"product_tag-sportauspuff","49":"product_tag-sportauspuffanlage","50":"product_tag-sportendschalldaempfer","51":"product_tag-srt","52":"product_tag-street","53":"product_tag-tuning","54":"product_tag-tuev","55":"product_tag-zulassung","56":"product_shipping_class-spedition-1","58":"first","59":"onbackorder","60":"taxable","61":"shipping-taxable","62":"purchasable","63":"product-type-simple"},"bundled_by":[],"bundle_stock_status":"onbackorder","bundle_stock_quantity":0,"bundle_virtual":false,"bundle_layout":"","bundle_add_to_cart_form_location":"","bundle_editable_in_cart":false,"bundle_sold_individually_context":"","bundle_item_grouping":"","bundle_min_size":"","bundle_max_size":"","bundle_price":[],"bundled_items":[],"bundle_sell_ids":[],"exclude_global_add_ons":[],"addons":[],"acf":[],"_links":{"self":[{"href":"https:\/\/kraftwerk-shop.cc\/pl\/wp-json\/wp\/v2\/product\/68260372","targetHints":{"allow":["GET"]}}],"collection":[{"href":"https:\/\/kraftwerk-shop.cc\/pl\/wp-json\/wp\/v2\/product"}],"about":[{"href":"https:\/\/kraftwerk-shop.cc\/pl\/wp-json\/wp\/v2\/types\/product"}],"replies":[{"embeddable":true,"href":"https:\/\/kraftwerk-shop.cc\/pl\/wp-json\/wp\/v2\/comments?post=68260372"}],"version-history":[{"count":0,"href":"https:\/\/kraftwerk-shop.cc\/pl\/wp-json\/wp\/v2\/product\/68260372\/revisions"}],"wp:featuredmedia":[{"embeddable":true,"href":"https:\/\/kraftwerk-shop.cc\/pl\/wp-json\/wp\/v2\/media\/68267047"}],"wp:attachment":[{"href":"https:\/\/kraftwerk-shop.cc\/pl\/wp-json\/wp\/v2\/media?parent=68260372"}],"wp:term":[{"taxonomy":"product_brand","embeddable":true,"href":"https:\/\/kraftwerk-shop.cc\/pl\/wp-json\/wp\/v2\/product_brand?post=68260372"},{"taxonomy":"product_cat","embeddable":true,"href":"https:\/\/kraftwerk-shop.cc\/pl\/wp-json\/wp\/v2\/product_cat?post=68260372"},{"taxonomy":"product_tag","embeddable":true,"href":"https:\/\/kraftwerk-shop.cc\/pl\/wp-json\/wp\/v2\/product_tag?post=68260372"}],"curies":[{"name":"wp","href":"https:\/\/api.w.org\/{rel}","templated":true}]}}