{"id":68260828,"date":"2022-01-19T13:02:28","date_gmt":"2022-01-19T12:02:28","guid":{"rendered":"https:\/\/kraftwerk-shop.cc\/?post_type=product&#038;p=68260828"},"modified":"2026-02-15T00:00:03","modified_gmt":"2026-02-14T23:00:03","slug":"magnaflow-15068-uklad-wydechowy-durango","status":"publish","type":"product","link":"https:\/\/kraftwerk-shop.cc\/pl\/produkt\/magnaflow-15068-abgasanlage-durango\/","title":{"rendered":"Uk\u0142ad wydechowy typu cat-back MagnaFlow 15068 Street Series Dodge Durango"},"content":{"rendered":"<h1>Uk\u0142ad wydechowy typu cat-back MagnaFlow Street Series dla Dodge Durango<\/h1>\n<p>&nbsp;<\/p>\n<p>Zaanga\u017cowanie MagnaFlow w projektowanie i produkcj\u0119 najlepszych sportowych uk\u0142ad\u00f3w wydechowych zapewnia doskona\u0142y d\u017awi\u0119k i wra\u017cenia z jazdy. Wykonane z wysokiej jako\u015bci materia\u0142\u00f3w, zaprojektowane z my\u015bl\u0105 o optymalnym dopasowaniu i wydajno\u015bci.<\/p>\n<p>Uk\u0142ad wydechowy Street Series ze stali nierdzewnej zapewnia potwierdzony na hamowni wzrost osi\u0105g\u00f3w przy przyjemnym d\u017awi\u0119ku we wn\u0119trzu i pot\u0119\u017cnym d\u017awi\u0119ku na zewn\u0105trz.<\/p>\n<p><img decoding=\"async\" class=\"alignnone size-medium wp-image-68260830\" src=\"https:\/\/kraftwerk-shop.cc\/wp-content\/uploads\/2022\/01\/15068_MagnaFlow_Sound-300x130.jpg\" alt=\"MagnaFlow 15068 Sound\" width=\"300\" height=\"130\" \/><\/p>\n<p>MagnaFlow Street Series 15068 pasuje do nast\u0119puj\u0105cych modeli:<\/p>\n<table width=\"749\">\n<tbody>\n<tr>\n<td width=\"262\"><strong>Marka <\/strong><\/td>\n<td width=\"158\"><strong>Model<br \/>\n<\/strong><\/td>\n<td width=\"112\"><strong>Silnik<\/strong><\/td>\n<td width=\"83\"><strong>Rok<\/strong><\/td>\n<\/tr>\n<tr>\n<td width=\"262\">Dodge<\/td>\n<td width=\"158\">Durango<\/td>\n<td width=\"112\">5.7<\/td>\n<td width=\"83\">2011- 2025<\/td>\n<\/tr>\n<tr>\n<td width=\"262\">Dodge<\/td>\n<td width=\"158\">Durango<\/td>\n<td width=\"112\">3.6<\/td>\n<td width=\"83\">2011\u20132025<\/td>\n<\/tr>\n<\/tbody>\n<\/table>\n<p>&nbsp;<\/p>\n<p><iframe loading=\"lazy\" title=\"Odtwarzacz wideo YouTube\" src=\"https:\/\/www.youtube.com\/embed\/ClyWZ9CsAF0\" width=\"744\" height=\"496\" frameborder=\"0\" allowfullscreen=\"allowfullscreen\"><\/iframe><\/p>\n<p><strong>Wa\u017cna uwaga dla pojazd\u00f3w z dezaktywacj\u0105 cylindr\u00f3w:<\/strong><\/p>\n<p>Ze wzgl\u0119du na dezaktywacj\u0119 cylindr\u00f3w, d\u017awi\u0119k w trybie 4-cylindrowym w po\u0142\u0105czeniu ze sportowym wydechem (niezale\u017cnie od producenta) jest cz\u0119sto postrzegany jako \"nieodpowiedni\".<br \/>\nMo\u017cemy temu zaradzi\u0107 poprzez elektroniczn\u0105 dezaktywacj\u0119 cylindr\u00f3w.<br \/>\nPojazd zawsze pracuje na wszystkich 8 cylindrach i zawsze ma po\u017c\u0105dany d\u017awi\u0119k V8.<\/p>\n<p>Klientom, kt\u00f3rzy zakupi\u0105 u nas ten uk\u0142ad wydechowy MagnaFlow, oferujemy dezaktywacj\u0119 cylindr\u00f3w dla tego modelu w specjalnej cenie 179 euro (zamiast 279 euro) z VAT.<\/p>","protected":false},"excerpt":{"rendered":"<p>2011\u20132025<\/p>","protected":false},"featured_media":68267045,"comment_status":"open","ping_status":"closed","template":"","meta":{"_acf_changed":false},"product_brand":[18925],"product_cat":[2603,6611,3024],"product_tag":[3279,176,177,165,248,249,250,251,252,419,420,169,91,1035,1036,546,1037,1047,2210,49,95,662,1043,1039,1042,2212,2934,532,529,20273,1040,2062,1044,783,787,1045,1041,547,1034,1038,2215,233],"class_list":{"0":"post-68260828","1":"product","2":"type-product","3":"status-publish","4":"has-post-thumbnail","6":"product_brand-magnaflow","7":"product_cat-durango-36-abgasanlage","8":"product_cat-durango-57-abgasanlage-catback","9":"product_cat-nicht-nach-eu","10":"product_tag-3279","11":"product_tag-176","12":"product_tag-177","13":"product_tag-165","14":"product_tag-248","15":"product_tag-249","16":"product_tag-250","17":"product_tag-251","18":"product_tag-252","19":"product_tag-419","20":"product_tag-420","21":"product_tag-3-6","22":"product_tag-5-7","23":"product_tag-abgasanlage","24":"product_tag-abgassystem","25":"product_tag-auspuff","26":"product_tag-auspuffsystem","27":"product_tag-cat-back","28":"product_tag-catback","29":"product_tag-dodge","30":"product_tag-durango","31":"product_tag-edelstahl","32":"product_tag-endrohr","33":"product_tag-endschalldaempfer","34":"product_tag-endtopf","35":"product_tag-gutachten","36":"product_tag-harder","37":"product_tag-kat","38":"product_tag-katalysator","39":"product_tag-keintuev","40":"product_tag-laut","41":"product_tag-magnaflow","42":"product_tag-mittelschalldaempfer","43":"product_tag-r-t","44":"product_tag-rt","45":"product_tag-sound","46":"product_tag-sport","47":"product_tag-sportauspuff","48":"product_tag-sportauspuffanlage","49":"product_tag-sportendschalldaempfer","50":"product_tag-street","51":"product_tag-tuning","52":"product_shipping_class-spedition-1","54":"first","55":"onbackorder","56":"taxable","57":"shipping-taxable","58":"purchasable","59":"product-type-simple"},"bundled_by":[],"bundle_stock_status":"onbackorder","bundle_stock_quantity":0,"bundle_virtual":false,"bundle_layout":"","bundle_add_to_cart_form_location":"","bundle_editable_in_cart":false,"bundle_sold_individually_context":"","bundle_item_grouping":"","bundle_min_size":"","bundle_max_size":"","bundle_price":[],"bundled_items":[],"bundle_sell_ids":[],"exclude_global_add_ons":[],"addons":[],"acf":[],"_links":{"self":[{"href":"https:\/\/kraftwerk-shop.cc\/pl\/wp-json\/wp\/v2\/product\/68260828","targetHints":{"allow":["GET"]}}],"collection":[{"href":"https:\/\/kraftwerk-shop.cc\/pl\/wp-json\/wp\/v2\/product"}],"about":[{"href":"https:\/\/kraftwerk-shop.cc\/pl\/wp-json\/wp\/v2\/types\/product"}],"replies":[{"embeddable":true,"href":"https:\/\/kraftwerk-shop.cc\/pl\/wp-json\/wp\/v2\/comments?post=68260828"}],"version-history":[{"count":0,"href":"https:\/\/kraftwerk-shop.cc\/pl\/wp-json\/wp\/v2\/product\/68260828\/revisions"}],"wp:featuredmedia":[{"embeddable":true,"href":"https:\/\/kraftwerk-shop.cc\/pl\/wp-json\/wp\/v2\/media\/68267045"}],"wp:attachment":[{"href":"https:\/\/kraftwerk-shop.cc\/pl\/wp-json\/wp\/v2\/media?parent=68260828"}],"wp:term":[{"taxonomy":"product_brand","embeddable":true,"href":"https:\/\/kraftwerk-shop.cc\/pl\/wp-json\/wp\/v2\/product_brand?post=68260828"},{"taxonomy":"product_cat","embeddable":true,"href":"https:\/\/kraftwerk-shop.cc\/pl\/wp-json\/wp\/v2\/product_cat?post=68260828"},{"taxonomy":"product_tag","embeddable":true,"href":"https:\/\/kraftwerk-shop.cc\/pl\/wp-json\/wp\/v2\/product_tag?post=68260828"}],"curies":[{"name":"wp","href":"https:\/\/api.w.org\/{rel}","templated":true}]}}