{"id":68260845,"date":"2022-01-19T21:03:59","date_gmt":"2022-01-19T20:03:59","guid":{"rendered":"https:\/\/kraftwerk-shop.cc\/?post_type=product&#038;p=68260845"},"modified":"2026-03-19T13:17:59","modified_gmt":"2026-03-19T12:17:59","slug":"jlt-oil-catch-can-escalade-silverado-sierra-tahoe-suburban-yukon","status":"publish","type":"product","link":"https:\/\/kraftwerk-shop.cc\/pl\/produkt\/jlt-oil-catch-can-escalade-silverado-sierra-tahoe-suburban-yukon\/","title":{"rendered":"J&amp;L Oil Catch Can Escalade, Silverado, Sierra, Tahoe, Suburban &amp; Yukon"},"content":{"rendered":"<h1>J&amp;L Oil Catch Can dla Escalade, Silverado, Sierra, Tahoe, Suburban i Yukon<\/h1>\n<p>&nbsp;<\/p>\n<ul>\n<li>Pojemno\u015b\u0107 90 ml<\/li>\n<li>Solidna konstrukcja z k\u0119s\u00f3w<\/li>\n<li>Szybkoz\u0142\u0105cza PCV w stylu OEM<\/li>\n<li>Wielostopniowy system filtracji, kt\u00f3ry wychwytuje najdrobniejsze opary i zatrzymuje je w \u0142atwo wyjmowanym pojemniku, jednocze\u015bnie przepuszczaj\u0105c czyste powietrze do przewodu wlotowego.<\/li>\n<\/ul>\n<p>&nbsp;<\/p>\n<p><strong>Jak dzia\u0142a system?<\/strong><\/p>\n<p>Gdy ci\u015bnienie ze skrzyni korbowej jest odprowadzane przez przew\u00f3d dolotowy, du\u017ce ilo\u015bci oleju dostaj\u0105 si\u0119 do kolektora dolotowego i kolektor\u00f3w dolotowych w postaci opar\u00f3w, a nawet rozcie\u0144czaj\u0105 benzyn\u0119, powoduj\u0105c spadek liczby oktanowej.<br \/>\nZjawisko to wyst\u0119puje we wszystkich silnikach i jest jeszcze bardziej widoczne w pojazdach z wymuszonym do\u0142adowaniem (do\u0142adowaniem i turbospr\u0119\u017cark\u0105), poniewa\u017c wzrasta ci\u015bnienie w skrzyni korbowej.<br \/>\nAby temu przeciwdzia\u0142a\u0107, opracowano separator oleju o w\u0142asnej konstrukcji.<br \/>\nWykonany z litego aluminium k\u0119sowego, jest to solidna cz\u0119\u015b\u0107. Posiada rade\u0142kowan\u0105 podstaw\u0119 zbiornika, kt\u00f3ra u\u0142atwia spuszczanie zu\u017cytego oleju oraz uszczelk\u0119 O-ring, kt\u00f3ra zapobiega wyciekom.<\/p>\n<p>Filtracja sk\u0142ada si\u0119 z sita ze stali nierdzewnej o drobnych oczkach, kt\u00f3re wychwytuje drobne opary oleju i uwalnia je, gdy tylko s\u0105 wystarczaj\u0105co ci\u0119\u017ckie, aby opa\u015b\u0107.<br \/>\nS\u0105 one nast\u0119pnie przepuszczane przez aluminiowy filtr o strukturze plastra miodu 1\/2\u2033 i grubo\u015bci 1\/16\u2033, gdzie staj\u0105 si\u0119 coraz wi\u0119ksze i ostatecznie spadaj\u0105 do pojemnika.<br \/>\nJe\u015bli olej przedostanie si\u0119 przez filtr, jest zbyt ci\u0119\u017cki, aby przedosta\u0107 si\u0119 do uk\u0142adu dolotowego.<br \/>\nPojemnik zbiorczy mie\u015bci 90 ml p\u0142ynu. Mo\u017ce to nie wydawa\u0107 si\u0119 du\u017co, ale w uk\u0142adzie PCV nie powinno by\u0107 a\u017c tyle oleju.<\/p>\n<p>&nbsp;<\/p>\n<p><strong>Odpowiedni dla:<\/strong><\/p>\n<table width=\"433\">\n<tbody>\n<tr>\n<td width=\"126\"><strong>Rok<\/strong><\/td>\n<td width=\"116\"><strong>Marka<\/strong><\/td>\n<td width=\"102\"><strong>Model<\/strong><\/td>\n<td width=\"89\"><strong>Silnik<\/strong><\/td>\n<\/tr>\n<tr>\n<td>2014\u20132018<\/td>\n<td>Chevrolet<\/td>\n<td>Silverado<\/td>\n<td>5.3 \/ 6.2<\/td>\n<\/tr>\n<tr>\n<td>2015\u20132020<\/td>\n<td>Chevrolet<\/td>\n<td>Tahoe<\/td>\n<td>5.3 \/ 6.2<\/td>\n<\/tr>\n<tr>\n<td>2015\u20132020<\/td>\n<td>Chevrolet<\/td>\n<td>Suburban<\/td>\n<td>5.3 \/ 6.2<\/td>\n<\/tr>\n<tr>\n<td>2014\u20132017<\/td>\n<td>GMC<\/td>\n<td>Sierra<\/td>\n<td>5.3 \/ 6.2<\/td>\n<\/tr>\n<tr>\n<td>2015\u20132020<\/td>\n<td>GMC<\/td>\n<td>Yukon<\/td>\n<td>5.3 \/ 6.2<\/td>\n<\/tr>\n<tr>\n<td>2015\u20132019<\/td>\n<td>Cadillac<\/td>\n<td>Escalade<\/td>\n<td>6.2<\/td>\n<\/tr>\n<\/tbody>\n<\/table>\n<p>&nbsp;<\/p>\n<p><strong>Zakres dostawy<\/strong>:<\/p>\n<ul>\n<li>Oil Catch Can (czarny)<\/li>\n<li>Wspornik<\/li>\n<li>W\u0119\u017ce<\/li>\n<li>Po\u0142\u0105czenia<\/li>\n<li>Instrukcje obs\u0142ugi w j\u0119zyku niemieckim i angielskim<\/li>\n<\/ul>\n<p>&nbsp;<\/p>\n<p>&nbsp;<\/p>\n<p>Uwaga: JLT Oil Catch Can s\u0105 obecnie sprzedawane r\u00f3wnie\u017c pod mark\u0105 J&amp;L Oil Separator Co. (OSC).<br \/>\nW okresie przej\u015bciowym modele Oil Catch Can s\u0105 dost\u0119pne z obydwoma oznaczeniami.<br \/>\nOba s\u0105 tym samym produktem.<\/p>","protected":false},"excerpt":{"rendered":"<p>2014\u20132020<\/p>","protected":false},"featured_media":68277510,"comment_status":"open","ping_status":"closed","template":"","meta":{"_acf_changed":false},"product_brand":[17171],"product_cat":[3646,3689,3706,3697],"product_tag":[3292,3291,290,101,278,191,189,190,288,2183,1201,3245,903,1093,2444,3290,36,84,82,85,3243,406,83,3242,3244,1216,299,298,293,194,1217,3293],"class_list":{"0":"post-68260845","1":"product","2":"type-product","3":"status-publish","4":"has-post-thumbnail","6":"product_brand-jl","7":"product_cat-escalade-oil-catch-can","8":"product_cat-silverado-oil-catch-can","9":"product_cat-suburban-oil-catch-can","10":"product_cat-tahoe-oil-catch-can","11":"product_tag-3085d","12":"product_tag-3085d-b","13":"product_tag-5-3","14":"product_tag-6-2","15":"product_tag-cadillac","16":"product_tag-camaro","17":"product_tag-chevrolet","18":"product_tag-chevy","19":"product_tag-escalade","20":"product_tag-gen5","21":"product_tag-gmc","22":"product_tag-jl-oil-separator-co","23":"product_tag-jl","24":"product_tag-jlt","25":"product_tag-jlt-performance","26":"product_tag-jlt3085d-b","27":"product_tag-kraftwerk","28":"product_tag-kurbelgehaeuseentlueftung","29":"product_tag-oil-catch-can","30":"product_tag-oil-catch-tank","31":"product_tag-oil-separator","32":"product_tag-oel","33":"product_tag-oelabscheider","34":"product_tag-osc","35":"product_tag-separator","36":"product_tag-sierra","37":"product_tag-silverado","38":"product_tag-suburban","39":"product_tag-tahoe","40":"product_tag-v8","41":"product_tag-yukon","42":"product_tag-yukon-xl","44":"first","45":"instock","46":"taxable","47":"shipping-taxable","48":"purchasable","49":"product-type-simple"},"bundled_by":[],"bundle_stock_status":"instock","bundle_stock_quantity":1,"bundle_virtual":false,"bundle_layout":"","bundle_add_to_cart_form_location":"","bundle_editable_in_cart":false,"bundle_sold_individually_context":"","bundle_item_grouping":"","bundle_min_size":"","bundle_max_size":"","bundle_price":[],"bundled_items":[],"bundle_sell_ids":[],"exclude_global_add_ons":[],"addons":[],"acf":[],"_links":{"self":[{"href":"https:\/\/kraftwerk-shop.cc\/pl\/wp-json\/wp\/v2\/product\/68260845","targetHints":{"allow":["GET"]}}],"collection":[{"href":"https:\/\/kraftwerk-shop.cc\/pl\/wp-json\/wp\/v2\/product"}],"about":[{"href":"https:\/\/kraftwerk-shop.cc\/pl\/wp-json\/wp\/v2\/types\/product"}],"replies":[{"embeddable":true,"href":"https:\/\/kraftwerk-shop.cc\/pl\/wp-json\/wp\/v2\/comments?post=68260845"}],"version-history":[{"count":0,"href":"https:\/\/kraftwerk-shop.cc\/pl\/wp-json\/wp\/v2\/product\/68260845\/revisions"}],"wp:featuredmedia":[{"embeddable":true,"href":"https:\/\/kraftwerk-shop.cc\/pl\/wp-json\/wp\/v2\/media\/68277510"}],"wp:attachment":[{"href":"https:\/\/kraftwerk-shop.cc\/pl\/wp-json\/wp\/v2\/media?parent=68260845"}],"wp:term":[{"taxonomy":"product_brand","embeddable":true,"href":"https:\/\/kraftwerk-shop.cc\/pl\/wp-json\/wp\/v2\/product_brand?post=68260845"},{"taxonomy":"product_cat","embeddable":true,"href":"https:\/\/kraftwerk-shop.cc\/pl\/wp-json\/wp\/v2\/product_cat?post=68260845"},{"taxonomy":"product_tag","embeddable":true,"href":"https:\/\/kraftwerk-shop.cc\/pl\/wp-json\/wp\/v2\/product_tag?post=68260845"}],"curies":[{"name":"wp","href":"https:\/\/api.w.org\/{rel}","templated":true}]}}