{"id":68261344,"date":"2022-01-29T17:12:59","date_gmt":"2022-01-29T16:12:59","guid":{"rendered":"https:\/\/kraftwerk-shop.cc\/?post_type=product&#038;p=68261344"},"modified":"2026-02-15T00:00:04","modified_gmt":"2026-02-14T23:00:04","slug":"bbk-kolektor-wydechowy-ram-ds","status":"publish","type":"product","link":"https:\/\/kraftwerk-shop.cc\/pl\/produkt\/bbk-shorty-kruemmer-ram-ds-hemi\/","title":{"rendered":"Kolektor BBK 1-3\/4 Shorty RAM 5.7 Hemi (srebrny z pow\u0142ok\u0105 ceramiczn\u0105)"},"content":{"rendered":"<h1>Kolektor BBK 1-3\/4 Shorty 40140 dla RAM 5.7 Hemi (pokryty srebrn\u0105 ceramik\u0105)<\/h1>\n<p>&nbsp;<\/p>\n<ul>\n<li>Do 15 KM wi\u0119cej mocy silnika<\/li>\n<li>Zwi\u0119kszone nat\u0119\u017cenie przep\u0142ywu spalin dla wi\u0119kszej mocy<\/li>\n<li>Rury g\u0142\u00f3wne 1-3\/4\u2033 dla maksymalnego nat\u0119\u017cenia przep\u0142ywu<\/li>\n<li>Ko\u0142nierze o grubo\u015bci 3\/8\u2033<\/li>\n<li>Bezpo\u015brednie po\u0142\u0105czenie \u015brubowe dla \u0142atwej instalacji<\/li>\n<li>Do u\u017cytku z katalizatorami fabrycznymi lub akcesoryjnymi<\/li>\n<li>W tym uszczelki i materia\u0142 mocuj\u0105cy<\/li>\n<li>Srebrna pow\u0142oka ceramiczna<\/li>\n<\/ul>\n<p>&nbsp;<\/p>\n<p><strong>Zwi\u0119kszone nat\u0119\u017cenie przep\u0142ywu spalin dla wi\u0119kszej mocy<\/strong><br \/>\nPopraw osi\u0105gi i d\u017awi\u0119k swojego RAM 5.7 Hemi z lat 2009-2018 za pomoc\u0105 tych pokrytych pow\u0142ok\u0105 ceramiczn\u0105 nag\u0142\u00f3wk\u00f3w BBK Performance Shorty Headers.<br \/>\nKolektory BBK Performance Shorty zwi\u0119kszaj\u0105 moc silnika, moment obrotowy i nadaj\u0105 Mustangowi gard\u0142owy d\u017awi\u0119k wydechu. Trwa\u0142a pow\u0142oka ceramiczna zatrzymuje ciep\u0142o, obni\u017ca temperatur\u0119 pod mask\u0105 i zwi\u0119ksza moc.<\/p>\n<p><strong>Wysokiej jako\u015bci konstrukcja<\/strong><br \/>\nKolektory BBK Performance wykonane s\u0105 z obrabianych CNC, gi\u0119tych rur 1-5\/8\u2033 z t\u0142oczonymi ko\u0142nierzami o grubo\u015bci 3\/8\u2033. Du\u017ca \u015brednica rury g\u0142\u00f3wnej zapewnia niezak\u0142\u00f3cony przep\u0142yw spalin, co przek\u0142ada si\u0119 na najwy\u017cszy wzrost osi\u0105g\u00f3w silnika. Kolektory te s\u0105 testowane ci\u015bnieniowo, aby zapewni\u0107 bezb\u0142\u0119dne dzia\u0142anie.<\/p>\n<p><strong>Instalacja<\/strong><br \/>\nTe kr\u00f3tkie kolektory 5.7 Hemi s\u0105 przeznaczone do bezpo\u015bredniego pod\u0142\u0105czenia. Do u\u017cytku z fabrycznymi lub niefabrycznymi rurami centralnymi. Zestaw zawiera nowe uszczelki i elementy monta\u017cowe.<\/p>\n<p>&nbsp;<\/p>\n<p><strong>Odpowiedni dla:<\/strong><\/p>\n<table width=\"449\">\n<tbody>\n<tr>\n<td width=\"115\"><strong>Marka<\/strong><\/td>\n<td width=\"145\"><strong>Model<\/strong><\/td>\n<td width=\"106\"><strong>Silnik<\/strong><\/td>\n<td width=\"83\"><strong>Rok<\/strong><\/td>\n<\/tr>\n<tr>\n<td>RAM<\/td>\n<td>1500<\/td>\n<td>5.7<\/td>\n<td>2009\u20132018<\/td>\n<\/tr>\n<tr>\n<td>RAM<\/td>\n<td>2500<\/td>\n<td>5.7<\/td>\n<td>2009\u20132018<\/td>\n<\/tr>\n<tr>\n<td>RAM<\/td>\n<td>3500<\/td>\n<td>5.7<\/td>\n<td>2009\u20132018<\/td>\n<\/tr>\n<\/tbody>\n<\/table>\n<p>&nbsp;<\/p>\n<p><strong>Uwaga:<\/strong> BBK wyra\u017anie wyklucza pow\u0142oki powierzchniowe i rdz\u0119 z gwarancji na produkt.<\/p>","protected":false},"excerpt":{"rendered":"<p>2009\u20132018<\/p>","protected":false},"featured_media":68278010,"comment_status":"open","ping_status":"closed","template":"","meta":{"_acf_changed":false},"product_brand":[17174],"product_cat":[6621],"product_tag":[475,506,507,3372,91,1035,546,1388,7224,3367,49,477,692,543,549,100,126,532,20273,550,34,186,783,86,787,3369,3368,3340,3055,547],"class_list":{"0":"post-68261344","1":"product","2":"type-product","3":"status-publish","4":"has-post-thumbnail","6":"product_brand-bbk","7":"product_cat-1500-57-2009-2018-classic-abgaskruemmer-katalysatoren","8":"product_tag-475","9":"product_tag-506","10":"product_tag-507","11":"product_tag-3372","12":"product_tag-5-7","13":"product_tag-abgasanlage","14":"product_tag-auspuff","15":"product_tag-bbk","16":"product_tag-bbk-exhaust","17":"product_tag-bbk-performance","18":"product_tag-dodge","19":"product_tag-ds","20":"product_tag-ersatzteil","21":"product_tag-faecherkruemmer","22":"product_tag-header","23":"product_tag-hellcat","24":"product_tag-hemi","25":"product_tag-kat","26":"product_tag-keintuev","27":"product_tag-kruemmer","28":"product_tag-original","29":"product_tag-performance","30":"product_tag-r-t","31":"product_tag-ram","32":"product_tag-rt","33":"product_tag-short-tube","34":"product_tag-shorties","35":"product_tag-shorty","36":"product_tag-sportabgasanlage","37":"product_tag-sportauspuff","38":"product_shipping_class-paket-l","40":"first","41":"outofstock","42":"taxable","43":"shipping-taxable","44":"purchasable","45":"product-type-simple"},"bundled_by":[],"bundle_stock_status":"outofstock","bundle_stock_quantity":0,"bundle_virtual":false,"bundle_layout":"","bundle_add_to_cart_form_location":"","bundle_editable_in_cart":false,"bundle_sold_individually_context":"","bundle_item_grouping":"","bundle_min_size":"","bundle_max_size":"","bundle_price":[],"bundled_items":[],"bundle_sell_ids":[],"exclude_global_add_ons":[],"addons":[],"acf":[],"_links":{"self":[{"href":"https:\/\/kraftwerk-shop.cc\/pl\/wp-json\/wp\/v2\/product\/68261344","targetHints":{"allow":["GET"]}}],"collection":[{"href":"https:\/\/kraftwerk-shop.cc\/pl\/wp-json\/wp\/v2\/product"}],"about":[{"href":"https:\/\/kraftwerk-shop.cc\/pl\/wp-json\/wp\/v2\/types\/product"}],"replies":[{"embeddable":true,"href":"https:\/\/kraftwerk-shop.cc\/pl\/wp-json\/wp\/v2\/comments?post=68261344"}],"version-history":[{"count":0,"href":"https:\/\/kraftwerk-shop.cc\/pl\/wp-json\/wp\/v2\/product\/68261344\/revisions"}],"wp:featuredmedia":[{"embeddable":true,"href":"https:\/\/kraftwerk-shop.cc\/pl\/wp-json\/wp\/v2\/media\/68278010"}],"wp:attachment":[{"href":"https:\/\/kraftwerk-shop.cc\/pl\/wp-json\/wp\/v2\/media?parent=68261344"}],"wp:term":[{"taxonomy":"product_brand","embeddable":true,"href":"https:\/\/kraftwerk-shop.cc\/pl\/wp-json\/wp\/v2\/product_brand?post=68261344"},{"taxonomy":"product_cat","embeddable":true,"href":"https:\/\/kraftwerk-shop.cc\/pl\/wp-json\/wp\/v2\/product_cat?post=68261344"},{"taxonomy":"product_tag","embeddable":true,"href":"https:\/\/kraftwerk-shop.cc\/pl\/wp-json\/wp\/v2\/product_tag?post=68261344"}],"curies":[{"name":"wp","href":"https:\/\/api.w.org\/{rel}","templated":true}]}}