{"id":68261387,"date":"2022-01-29T22:26:46","date_gmt":"2022-01-29T21:26:46","guid":{"rendered":"https:\/\/kraftwerk-shop.cc\/?post_type=product&#038;p=68261387"},"modified":"2026-02-15T00:47:46","modified_gmt":"2026-02-14T23:47:46","slug":"qtp-turn-down-tailpipe","status":"publish","type":"product","link":"https:\/\/kraftwerk-shop.cc\/pl\/produkt\/qtp-turn-down-endrohr\/","title":{"rendered":"3\u2033 Odwracany element ko\u0144cowy dla klap wydechowych QTP"},"content":{"rendered":"<h1>3\u2033 Odwracany element ko\u0144cowy dla klap wydechowych QTP<\/h1>\n<p>&nbsp;<\/p>\n<p>Uniwersalny element ko\u0144cowy prowadzony w d\u00f3\u0142 zosta\u0142 zaprojektowany tak, aby mo\u017cna go by\u0142o przykr\u0119ci\u0107 za elektrycznym wyci\u0119ciem wydechu QTP.<br \/>\nW ten spos\u00f3b gazy spalinowe s\u0105 odprowadzane w d\u00f3\u0142 z wyci\u0119cia w kontrolowany spos\u00f3b.<br \/>\nWykonany jest z polerowanej stali nierdzewnej.<\/p>\n<p>&nbsp;<\/p>\n<ul>\n<li>Z\u0142\u0105cze 3,0 cala<\/li>\n<li>Polerowana stal nierdzewna<\/li>\n<li>Materia\u0142 monta\u017cowy nie wchodzi w sk\u0142ad zestawu<\/li>\n<\/ul>\n<p>&nbsp;<\/p>\n<p>&nbsp;<\/p>","protected":false},"excerpt":{"rendered":"<p>&nbsp;<\/p>\n<p>&nbsp;<\/p>","protected":false},"featured_media":68277984,"comment_status":"open","ping_status":"closed","template":"","meta":{"_acf_changed":false},"product_brand":[],"product_cat":[6623],"product_tag":[3384,1035,3381,3385,3378,546,2993,3382,49,3388,1043,3034,692,549,126,34,186,3379,7223,3380,3055,547,3387,3386],"class_list":{"0":"post-68261387","1":"product","2":"type-product","3":"status-publish","4":"has-post-thumbnail","6":"product_cat-1500-57-dt-abgasanlage-catback","7":"product_tag-3384","8":"product_tag-abgasanlage","9":"product_tag-abgasklappen","10":"product_tag-abzweig","11":"product_tag-aggressor","12":"product_tag-auspuff","13":"product_tag-auspuffklappen","14":"product_tag-cutout","15":"product_tag-dodge","16":"product_tag-down","17":"product_tag-endrohr","18":"product_tag-endstueck","19":"product_tag-ersatzteil","20":"product_tag-header","21":"product_tag-hemi","22":"product_tag-original","23":"product_tag-performance","24":"product_tag-qtp","25":"product_tag-qtp10","26":"product_tag-quick-time-performance","27":"product_tag-sportabgasanlage","28":"product_tag-sportauspuff","29":"product_tag-turn","30":"product_tag-turndown","32":"first","33":"onbackorder","34":"taxable","35":"shipping-taxable","36":"purchasable","37":"product-type-simple"},"bundled_by":[],"bundle_stock_status":"onbackorder","bundle_stock_quantity":0,"bundle_virtual":false,"bundle_layout":"","bundle_add_to_cart_form_location":"","bundle_editable_in_cart":false,"bundle_sold_individually_context":"","bundle_item_grouping":"","bundle_min_size":"","bundle_max_size":"","bundle_price":[],"bundled_items":[],"bundle_sell_ids":[],"exclude_global_add_ons":[],"addons":[],"acf":[],"_links":{"self":[{"href":"https:\/\/kraftwerk-shop.cc\/pl\/wp-json\/wp\/v2\/product\/68261387","targetHints":{"allow":["GET"]}}],"collection":[{"href":"https:\/\/kraftwerk-shop.cc\/pl\/wp-json\/wp\/v2\/product"}],"about":[{"href":"https:\/\/kraftwerk-shop.cc\/pl\/wp-json\/wp\/v2\/types\/product"}],"replies":[{"embeddable":true,"href":"https:\/\/kraftwerk-shop.cc\/pl\/wp-json\/wp\/v2\/comments?post=68261387"}],"version-history":[{"count":0,"href":"https:\/\/kraftwerk-shop.cc\/pl\/wp-json\/wp\/v2\/product\/68261387\/revisions"}],"wp:featuredmedia":[{"embeddable":true,"href":"https:\/\/kraftwerk-shop.cc\/pl\/wp-json\/wp\/v2\/media\/68277984"}],"wp:attachment":[{"href":"https:\/\/kraftwerk-shop.cc\/pl\/wp-json\/wp\/v2\/media?parent=68261387"}],"wp:term":[{"taxonomy":"product_brand","embeddable":true,"href":"https:\/\/kraftwerk-shop.cc\/pl\/wp-json\/wp\/v2\/product_brand?post=68261387"},{"taxonomy":"product_cat","embeddable":true,"href":"https:\/\/kraftwerk-shop.cc\/pl\/wp-json\/wp\/v2\/product_cat?post=68261387"},{"taxonomy":"product_tag","embeddable":true,"href":"https:\/\/kraftwerk-shop.cc\/pl\/wp-json\/wp\/v2\/product_tag?post=68261387"}],"curies":[{"name":"wp","href":"https:\/\/api.w.org\/{rel}","templated":true}]}}