{"id":68261714,"date":"2022-02-04T22:22:42","date_gmt":"2022-02-04T21:22:42","guid":{"rendered":"https:\/\/kraftwerk-shop.cc\/?post_type=product&#038;p=68261714"},"modified":"2026-02-15T00:00:07","modified_gmt":"2026-02-14T23:00:07","slug":"cometic-5-warstwowa-uszczelka-glowicy-cylindrow-61srt-54","status":"publish","type":"product","link":"https:\/\/kraftwerk-shop.cc\/pl\/produkt\/cometic-5-schichtige-zylinderkopfdichtung-61srt-058\/","title":{"rendered":"5-warstwowe uszczelki g\u0142owicy cylindr\u00f3w Cometic 6.1"},"content":{"rendered":"<h1>5-warstwowe uszczelki g\u0142owicy cylindr\u00f3w Cometic do Chrysler 300C, Dodge Challenger, Charger, Magnum i Jeep Grand Cherokee 6.1<\/h1>\n<p>&nbsp;<\/p>\n<p>Uszczelki Cometic MLX sk\u0142adaj\u0105 si\u0119 z kilku warstw stali nierdzewnej, kt\u00f3ra charakteryzuje si\u0119 wi\u0119ksz\u0105 wytrzyma\u0142o\u015bci\u0105, spr\u0119\u017cysto\u015bci\u0105 i odporno\u015bci\u0105 na korozj\u0119.<br \/>\nZewn\u0119trzne warstwy uszczelek s\u0105 wyt\u0142aczane i obustronnie powlekane Vitonem - materia\u0142em na bazie kauczuku fluoroelastomerowego, kt\u00f3ry jest odporny na temperatur\u0119 do 250 \u00b0C. Viton zosta\u0142 zaprojektowany tak, aby spe\u0142nia\u0107 wymagania szerokiego zakresu trudnych \u015brodowisk uszczelniania, warunk\u00f3w obci\u0105\u017cenia i wyko\u0144czenia powierzchni.<br \/>\nWarstwa \u015brodkowa lub warstwa po\u015brednia to niepowlekana warstwa ze stali nierdzewnej, kt\u00f3ra jest sk\u0142adana z powrotem na siebie, tworz\u0105c cz\u0119\u015b\u0107 blokuj\u0105c\u0105 uszczelnienia otworu.<\/p>\n<p>&nbsp;<\/p>\n<p><strong>Zakres dostawy:<\/strong><\/p>\n<ul>\n<li>2 uszczelki g\u0142owicy cylindr\u00f3w, grubo\u015b\u0107 uszczelki 0,058\u2033<\/li>\n<\/ul>\n<p>&nbsp;<\/p>\n<p><strong>Odpowiedni dla:<\/strong><\/p>\n<table width=\"437\">\n<tbody>\n<tr>\n<td width=\"83\"><strong>Marka<\/strong><\/td>\n<td width=\"122\"><strong>Model<\/strong><\/td>\n<td width=\"136\"><strong>Silnik<\/strong><\/td>\n<td width=\"96\"><strong>Rok<\/strong><\/td>\n<\/tr>\n<tr>\n<td>Chrysler<\/td>\n<td>300C<\/td>\n<td>6.1<\/td>\n<td>2005\u20132010<\/td>\n<\/tr>\n<tr>\n<td>Dodge<\/td>\n<td>Challenger<\/td>\n<td>6.1<\/td>\n<td>2008\u20132010<\/td>\n<\/tr>\n<tr>\n<td>Dodge<\/td>\n<td>Charger<\/td>\n<td>6.1<\/td>\n<td>2005\u20132010<\/td>\n<\/tr>\n<tr>\n<td>Dodge<\/td>\n<td>Magnum<\/td>\n<td>6.1<\/td>\n<td>2006\u20132008<\/td>\n<\/tr>\n<tr>\n<td>Jeep<\/td>\n<td>Grand Cherokee<\/td>\n<td>6.1<\/td>\n<td>2006\u20132010<\/td>\n<\/tr>\n<\/tbody>\n<\/table>\n<p>&nbsp;<\/p>\n<p><strong>UWAGA:<\/strong> Zdecydowanie zalecamy stosowanie \u015brub g\u0142owicy ARP do monta\u017cu tych wielowarstwowych uszczelek g\u0142owicy cylindr\u00f3w.<\/p>","protected":false},"excerpt":{"rendered":"<p>0,058\u2033 Grubo\u015b\u0107 uszczelki<\/p>","protected":false},"featured_media":68278151,"comment_status":"open","ping_status":"closed","template":"","meta":{"_acf_changed":false},"product_brand":[19063],"product_cat":[6685,6681,6690,6686,6695,6691,6699,6705,6704,6700],"product_tag":[3439,52,92,54,53,48,536,3438,604,7222,571,49,3853,3854,56,50,4425,608,36,382,55,3432,3433,391,607,609,610],"class_list":{"0":"post-68261714","1":"product","2":"type-product","3":"status-publish","4":"has-post-thumbnail","6":"product_brand-cometic","7":"product_cat-300c-61-dichtungen-hardware","8":"product_cat-300c-61-zylinderkopf","9":"product_cat-challenger-61-dichtungen-hardware","10":"product_cat-challenger-61-zylinderkopf","11":"product_cat-charger-61-dichtungen-hardware","12":"product_cat-charger-61-zylinderkopf","13":"product_cat-magnum-61-dichtungen-hardware","14":"product_cat-magnum-61-zylinderkopf","15":"product_cat-grand-cherokee-61-dichtungen-hardware","16":"product_cat-grand-cherokee-61-zylinderkopf","17":"product_tag-0-058","18":"product_tag-300c","19":"product_tag-6-1","20":"product_tag-challenger","21":"product_tag-charger","22":"product_tag-chrysler","23":"product_tag-chrysler-300c","24":"product_tag-cmt-5lyrgskt-61058","25":"product_tag-cometic","26":"product_tag-cometic10","27":"product_tag-dichtung","28":"product_tag-dodge","29":"product_tag-dodge-challenger","30":"product_tag-dodge-charger","31":"product_tag-grand-cherokee","32":"product_tag-jeep","33":"product_tag-jeep-grand-cherokee","34":"product_tag-kopf","35":"product_tag-kraftwerk","36":"product_tag-ladedruck","37":"product_tag-magnum","38":"product_tag-mehrschichtig","39":"product_tag-metalldichtung","40":"product_tag-verstaerkt","41":"product_tag-zylinder","42":"product_tag-zylinderkopf","43":"product_tag-zylinderkopfdichtung","45":"first","46":"onbackorder","47":"taxable","48":"shipping-taxable","49":"purchasable","50":"product-type-simple"},"bundled_by":[],"bundle_stock_status":"onbackorder","bundle_stock_quantity":0,"bundle_virtual":false,"bundle_layout":"","bundle_add_to_cart_form_location":"","bundle_editable_in_cart":false,"bundle_sold_individually_context":"","bundle_item_grouping":"","bundle_min_size":"","bundle_max_size":"","bundle_price":[],"bundled_items":[],"bundle_sell_ids":[],"exclude_global_add_ons":[],"addons":[],"acf":[],"_links":{"self":[{"href":"https:\/\/kraftwerk-shop.cc\/pl\/wp-json\/wp\/v2\/product\/68261714","targetHints":{"allow":["GET"]}}],"collection":[{"href":"https:\/\/kraftwerk-shop.cc\/pl\/wp-json\/wp\/v2\/product"}],"about":[{"href":"https:\/\/kraftwerk-shop.cc\/pl\/wp-json\/wp\/v2\/types\/product"}],"replies":[{"embeddable":true,"href":"https:\/\/kraftwerk-shop.cc\/pl\/wp-json\/wp\/v2\/comments?post=68261714"}],"version-history":[{"count":0,"href":"https:\/\/kraftwerk-shop.cc\/pl\/wp-json\/wp\/v2\/product\/68261714\/revisions"}],"wp:featuredmedia":[{"embeddable":true,"href":"https:\/\/kraftwerk-shop.cc\/pl\/wp-json\/wp\/v2\/media\/68278151"}],"wp:attachment":[{"href":"https:\/\/kraftwerk-shop.cc\/pl\/wp-json\/wp\/v2\/media?parent=68261714"}],"wp:term":[{"taxonomy":"product_brand","embeddable":true,"href":"https:\/\/kraftwerk-shop.cc\/pl\/wp-json\/wp\/v2\/product_brand?post=68261714"},{"taxonomy":"product_cat","embeddable":true,"href":"https:\/\/kraftwerk-shop.cc\/pl\/wp-json\/wp\/v2\/product_cat?post=68261714"},{"taxonomy":"product_tag","embeddable":true,"href":"https:\/\/kraftwerk-shop.cc\/pl\/wp-json\/wp\/v2\/product_tag?post=68261714"}],"curies":[{"name":"wp","href":"https:\/\/api.w.org\/{rel}","templated":true}]}}