{"id":68261747,"date":"2022-02-04T23:31:43","date_gmt":"2022-02-04T22:31:43","guid":{"rendered":"https:\/\/kraftwerk-shop.cc\/?post_type=product&#038;p=68261747"},"modified":"2026-02-15T00:46:23","modified_gmt":"2026-02-14T23:46:23","slug":"cometic-5-warstwowe-uszczelki-glowicy-cylindrow-64srt-054","status":"publish","type":"product","link":"https:\/\/kraftwerk-shop.cc\/pl\/produkt\/cometic-5-schichtige-zylinderkopfdichtungen-64srt-054\/","title":{"rendered":"5-warstwowe uszczelki g\u0142owicy cylindr\u00f3w Cometic 6.4"},"content":{"rendered":"<h1>5-warstwowe uszczelki g\u0142owicy cylindr\u00f3w Cometic do Chrysler 300C, Dodge Challenger, Charger, Durango, Jeep Grand Cherokee, Wrangler i RAM 6.4<\/h1>\n<p>&nbsp;<\/p>\n<p>Uszczelki Cometic MLX sk\u0142adaj\u0105 si\u0119 z kilku warstw stali nierdzewnej, kt\u00f3ra charakteryzuje si\u0119 wi\u0119ksz\u0105 wytrzyma\u0142o\u015bci\u0105, spr\u0119\u017cysto\u015bci\u0105 i odporno\u015bci\u0105 na korozj\u0119.<br \/>\nZewn\u0119trzne warstwy uszczelek s\u0105 wyt\u0142aczane i obustronnie powlekane Vitonem - materia\u0142em na bazie kauczuku fluoroelastomerowego, kt\u00f3ry jest odporny na temperatur\u0119 do 250 \u00b0C. Viton zosta\u0142 zaprojektowany tak, aby spe\u0142nia\u0107 wymagania szerokiego zakresu trudnych \u015brodowisk uszczelniania, warunk\u00f3w obci\u0105\u017cenia i wyko\u0144czenia powierzchni.<br \/>\nWarstwa \u015brodkowa lub warstwa po\u015brednia to niepowlekana warstwa ze stali nierdzewnej, kt\u00f3ra jest sk\u0142adana z powrotem na siebie, tworz\u0105c cz\u0119\u015b\u0107 blokuj\u0105c\u0105 uszczelnienia otworu.<\/p>\n<p>&nbsp;<\/p>\n<p><strong>Zakres dostawy:<\/strong><\/p>\n<ul>\n<li>2 uszczelki g\u0142owicy cylindr\u00f3w, grubo\u015b\u0107 uszczelki 0,054\u2033<\/li>\n<\/ul>\n<p>&nbsp;<\/p>\n<p><strong>Odpowiedni dla:<\/strong><\/p>\n<table width=\"646\">\n<tbody>\n<tr>\n<td width=\"136\">Chrysler<\/td>\n<td width=\"230\">300C<\/td>\n<td width=\"196\">6.4 SRT<\/td>\n<td width=\"84\">2011\u20132023<\/td>\n<\/tr>\n<tr>\n<td width=\"136\">Dodge<\/td>\n<td width=\"230\">Charger<\/td>\n<td width=\"196\">6.4 SRT<\/td>\n<td>2011\u20132023<\/td>\n<\/tr>\n<tr>\n<td width=\"136\">Dodge<\/td>\n<td width=\"230\">Challenger<\/td>\n<td width=\"196\">6.4 SRT<\/td>\n<td>2011\u20132023<\/td>\n<\/tr>\n<tr>\n<td width=\"136\">Dodge<\/td>\n<td width=\"230\">Durango<\/td>\n<td width=\"196\">6.4 SRT<\/td>\n<td>2011\u20132024<\/td>\n<\/tr>\n<tr>\n<td width=\"136\">Jeep<\/td>\n<td width=\"230\">Grand Cherokee<\/td>\n<td width=\"196\">6.4 SRT<\/td>\n<td>2011\u20132021<\/td>\n<\/tr>\n<tr>\n<td>Jeep<\/td>\n<td>Wrangler<\/td>\n<td width=\"196\">6.4<\/td>\n<td>2021\u20132025<\/td>\n<\/tr>\n<tr>\n<td width=\"136\">RAM<\/td>\n<td width=\"230\">2500 \/ 3500 \/ 4500 \/ 5500<\/td>\n<td width=\"196\">6.4<\/td>\n<td>2014\u20132024<\/td>\n<\/tr>\n<\/tbody>\n<\/table>\n<p>&nbsp;<\/p>\n<p><strong>UWAGA:<\/strong> Zdecydowanie zalecamy stosowanie \u015brub g\u0142owicy ARP do monta\u017cu tych wielowarstwowych uszczelek g\u0142owicy cylindr\u00f3w.<\/p>","protected":false},"excerpt":{"rendered":"<p>0,054\u2033 Grubo\u015b\u0107 uszczelki<\/p>","protected":false},"featured_media":68278151,"comment_status":"open","ping_status":"closed","template":"","meta":{"_acf_changed":false},"product_brand":[19063],"product_cat":[6492,6489,6486,6485,6497,6494,6502,6499,6507,6504,6512,6509,19351,19355],"product_tag":[3444,506,52,54,53,48,536,3445,604,7222,571,49,3853,3854,95,56,50,4425,608,36,382,55,3432,3433,86,391,175,607,609,610],"class_list":{"0":"post-68261747","1":"product","2":"type-product","3":"status-publish","4":"has-post-thumbnail","6":"product_brand-cometic","7":"product_cat-300c-64-dichtungen-hardware","8":"product_cat-300c-64-zylinderkopf","9":"product_cat-challenger-64-dichtungen-hardware","10":"product_cat-challenger-64-zylinderkopf","11":"product_cat-charger-64-dichtungen-hardware","12":"product_cat-charger-64-zylinderkopf","13":"product_cat-durango-64-dichtungen-hardware","14":"product_cat-durango-64-zylinderkopf","15":"product_cat-grand-cherokee-64-dichtungen-hardware","16":"product_cat-grand-cherokee-64-zylinderkopf","17":"product_cat-wrangler-64-dichtungen-hardware","18":"product_cat-wrangler-64-zylinderkopf","19":"product_cat-2500-3500-64-dichtungen-hardware","20":"product_cat-2500-3500-64-zylinderkopf","21":"product_tag-0-054","22":"product_tag-506","23":"product_tag-300c","24":"product_tag-challenger","25":"product_tag-charger","26":"product_tag-chrysler","27":"product_tag-chrysler-300c","28":"product_tag-cmt-5lyrgskt-64054","29":"product_tag-cometic","30":"product_tag-cometic10","31":"product_tag-dichtung","32":"product_tag-dodge","33":"product_tag-dodge-challenger","34":"product_tag-dodge-charger","35":"product_tag-durango","36":"product_tag-grand-cherokee","37":"product_tag-jeep","38":"product_tag-jeep-grand-cherokee","39":"product_tag-kopf","40":"product_tag-kraftwerk","41":"product_tag-ladedruck","42":"product_tag-magnum","43":"product_tag-mehrschichtig","44":"product_tag-metalldichtung","45":"product_tag-ram","46":"product_tag-verstaerkt","47":"product_tag-wrangler","48":"product_tag-zylinder","49":"product_tag-zylinderkopf","50":"product_tag-zylinderkopfdichtung","52":"first","53":"onbackorder","54":"taxable","55":"shipping-taxable","56":"purchasable","57":"product-type-simple"},"bundled_by":[],"bundle_stock_status":"onbackorder","bundle_stock_quantity":0,"bundle_virtual":false,"bundle_layout":"","bundle_add_to_cart_form_location":"","bundle_editable_in_cart":false,"bundle_sold_individually_context":"","bundle_item_grouping":"","bundle_min_size":"","bundle_max_size":"","bundle_price":[],"bundled_items":[],"bundle_sell_ids":[],"exclude_global_add_ons":[],"addons":[],"acf":[],"_links":{"self":[{"href":"https:\/\/kraftwerk-shop.cc\/pl\/wp-json\/wp\/v2\/product\/68261747","targetHints":{"allow":["GET"]}}],"collection":[{"href":"https:\/\/kraftwerk-shop.cc\/pl\/wp-json\/wp\/v2\/product"}],"about":[{"href":"https:\/\/kraftwerk-shop.cc\/pl\/wp-json\/wp\/v2\/types\/product"}],"replies":[{"embeddable":true,"href":"https:\/\/kraftwerk-shop.cc\/pl\/wp-json\/wp\/v2\/comments?post=68261747"}],"version-history":[{"count":0,"href":"https:\/\/kraftwerk-shop.cc\/pl\/wp-json\/wp\/v2\/product\/68261747\/revisions"}],"wp:featuredmedia":[{"embeddable":true,"href":"https:\/\/kraftwerk-shop.cc\/pl\/wp-json\/wp\/v2\/media\/68278151"}],"wp:attachment":[{"href":"https:\/\/kraftwerk-shop.cc\/pl\/wp-json\/wp\/v2\/media?parent=68261747"}],"wp:term":[{"taxonomy":"product_brand","embeddable":true,"href":"https:\/\/kraftwerk-shop.cc\/pl\/wp-json\/wp\/v2\/product_brand?post=68261747"},{"taxonomy":"product_cat","embeddable":true,"href":"https:\/\/kraftwerk-shop.cc\/pl\/wp-json\/wp\/v2\/product_cat?post=68261747"},{"taxonomy":"product_tag","embeddable":true,"href":"https:\/\/kraftwerk-shop.cc\/pl\/wp-json\/wp\/v2\/product_tag?post=68261747"}],"curies":[{"name":"wp","href":"https:\/\/api.w.org\/{rel}","templated":true}]}}